{"id":7855,"date":"2016-12-09T14:28:46","date_gmt":"2016-12-09T13:28:46","guid":{"rendered":"https:\/\/www.creaearredanegozi.it\/shop\/vetrine\/termovetrina-calda-su-banchetto-vetri-piani-modello-aperto\/"},"modified":"2023-07-03T20:05:02","modified_gmt":"2023-07-03T18:05:02","slug":"heises-fenster-auf-flacher-glastheke-offenes-modell","status":"publish","type":"product","link":"https:\/\/www.creaearredanegozi.it\/de\/heises-fenster-auf-flacher-glastheke-offenes-modell\/","title":{"rendered":"Warmglas-Thermofenster auf Flachglas-Theke offenes Modell"},"content":{"rendered":"<h3>Serie von Warmhaltevitrinen auf Banketten f\u00fcr Pizzeria, Rotisserie und Patisserie.<\/h3>\n<p style=\"text-align: justify;\">Hochwertige, hochfeste Konstruktion aus rostfreiem Stahl AISI 304. Scotch Brite Oberfl\u00e4che. Warme, technologisch sch\u00f6ne und funktionelle Vitrine, mit Steigrohr aus geh\u00e4rtetem Glas und Befeuchter.<\/p>\n<p style=\"text-align: justify;\">Die gesamte Linie unserer hei\u00dfen Theken besteht aus geh\u00e4rtetem Glas, das unseren Produkten die 6-7-fache Bruchfestigkeit einer Glasplatte verleiht. Unsere Produkte k\u00f6nnen hei\u00df oder neutral sein.<\/p>\n<p style=\"text-align: justify;\">Es ist m\u00f6glich, die \u00c4sthetik zu individualisieren, indem Sie die Vitrine oder das Thermofenster so gestalten k\u00f6nnen, wie es Ihren Bed\u00fcrfnissen am besten entspricht. Die Warmhaltevitrinen haben einen unteren geschlitzten Edelstahlboden, der leicht vom Warmhalteboden absteht, um das Entweichen von Feuchtigkeit zu erleichtern. In der Mitte der Vitrine befindet sich dann ein weiterer Edelstahlboden, der nach vorne geneigt ist, um die Sichtbarkeit der dort platzierten Produkte zu erleichtern. Au\u00dferdem kann man aus Tausenden von Kombinationsm\u00f6glichkeiten der Theke in Bezug auf Farbe, Form, Art der Verkleidung und Gr\u00f6\u00dfe w\u00e4hlen. All dies verleiht unseren Produkten die Vielseitigkeit, alle Arten von Thekenarbeiten zu pr\u00e4sentieren, von s\u00fc\u00df bis herzhaft.<\/p>\n<ul>\n<li>Thermostatische Steuerung zur Vermeidung von \u00dcberhitzung und f\u00fcr erhebliche Energieeinsparungen;<\/li>\n<li>Temperaturleser auf der \u00f6ffentlichen Seite;<\/li>\n<li>Inklusive Innenbeleuchtung;<\/li>\n<li>Inklusive 4-Rad-Kit;<\/li>\n<li>Stromversorgung 240V 1N<\/li>\n<li>Max. Temperatur 90 \u00b0C<\/li>\n<\/ul>\n<hr \/>\n<table class=\"table table-striped mtr-table mtr-tr-td\">\n<tbody>\n<tr>\n<td width=\"64\" data-mtr-content=\"Codice\" class=\"mtr-td-tag\"><div class=\"mtr-cell-content\">Code<\/div><\/td>\n<td width=\"25\" data-mtr-content=\"L\" class=\"mtr-td-tag\"><div class=\"mtr-cell-content\"><strong><em>L<\/em><\/strong><\/div><\/td>\n<td width=\"20\" data-mtr-content=\"P\" class=\"mtr-td-tag\"><div class=\"mtr-cell-content\"><strong><em>P<\/em><\/strong><\/div><\/td>\n<td width=\"47\" data-mtr-content=\"H\" class=\"mtr-td-tag\"><div class=\"mtr-cell-content\"><strong><em>H<\/em><\/strong><\/div><\/td>\n<td width=\"37\" data-mtr-content=\"n\u00b0 Vass.\" class=\"mtr-td-tag\"><div class=\"mtr-cell-content\"><strong><em>Nein. Vass.<\/em><\/strong><\/div><\/td>\n<td width=\"47\" data-mtr-content=\"Vassoi\" class=\"mtr-td-tag\"><div class=\"mtr-cell-content\"><strong><em>Tabletts<\/em><\/strong><\/div><\/td>\n<td width=\"48\" data-mtr-content=\"W Max\" class=\"mtr-td-tag\"><div class=\"mtr-cell-content\"><strong><em>W Max<\/em><\/strong><\/div><\/td>\n<\/tr>\n<tr>\n<td width=\"64\" data-mtr-content=\"Codice\" class=\"mtr-td-tag\"><div class=\"mtr-cell-content\">BA-80<\/div><\/td>\n<td width=\"25\" data-mtr-content=\"L\" class=\"mtr-td-tag\"><div class=\"mtr-cell-content\">80<\/div><\/td>\n<td width=\"20\" data-mtr-content=\"P\" class=\"mtr-td-tag\"><div class=\"mtr-cell-content\">53<\/div><\/td>\n<td width=\"47\" data-mtr-content=\"H\" class=\"mtr-td-tag\"><div class=\"mtr-cell-content\">125<\/div><\/td>\n<td width=\"37\" data-mtr-content=\"n\u00b0 Vass.\" class=\"mtr-td-tag\"><div class=\"mtr-cell-content\">2<\/div><\/td>\n<td width=\"47\" data-mtr-content=\"Vassoi\" class=\"mtr-td-tag\"><div class=\"mtr-cell-content\">35X45<\/div><\/td>\n<td width=\"48\" data-mtr-content=\"W Max\" class=\"mtr-td-tag\"><div class=\"mtr-cell-content\">600<\/div><\/td>\n<\/tr>\n<tr>\n<td width=\"64\" data-mtr-content=\"Codice\" class=\"mtr-td-tag\"><div class=\"mtr-cell-content\">BA-100<\/div><\/td>\n<td width=\"25\" data-mtr-content=\"L\" class=\"mtr-td-tag\"><div class=\"mtr-cell-content\">100<\/div><\/td>\n<td width=\"20\" data-mtr-content=\"P\" class=\"mtr-td-tag\"><div class=\"mtr-cell-content\">53<\/div><\/td>\n<td width=\"47\" data-mtr-content=\"H\" class=\"mtr-td-tag\"><div class=\"mtr-cell-content\">135<\/div><\/td>\n<td width=\"37\" data-mtr-content=\"n\u00b0 Vass.\" class=\"mtr-td-tag\"><div class=\"mtr-cell-content\">3<\/div><\/td>\n<td width=\"47\" data-mtr-content=\"Vassoi\" class=\"mtr-td-tag\"><div class=\"mtr-cell-content\">30X45<\/div><\/td>\n<td width=\"48\" data-mtr-content=\"W Max\" class=\"mtr-td-tag\"><div class=\"mtr-cell-content\">1000<\/div><\/td>\n<\/tr>\n<tr>\n<td width=\"64\" data-mtr-content=\"Codice\" class=\"mtr-td-tag\"><div class=\"mtr-cell-content\">BA-100E<\/div><\/td>\n<td width=\"25\" data-mtr-content=\"L\" class=\"mtr-td-tag\"><div class=\"mtr-cell-content\">100<\/div><\/td>\n<td width=\"20\" data-mtr-content=\"P\" class=\"mtr-td-tag\"><div class=\"mtr-cell-content\">70<\/div><\/td>\n<td width=\"47\" data-mtr-content=\"H\" class=\"mtr-td-tag\"><div class=\"mtr-cell-content\">135<\/div><\/td>\n<td width=\"37\" data-mtr-content=\"n\u00b0 Vass.\" class=\"mtr-td-tag\"><div class=\"mtr-cell-content\">2<\/div><\/td>\n<td width=\"47\" data-mtr-content=\"Vassoi\" class=\"mtr-td-tag\"><div class=\"mtr-cell-content\">40X60<\/div><\/td>\n<td width=\"48\" data-mtr-content=\"W Max\" class=\"mtr-td-tag\"><div class=\"mtr-cell-content\">1000<\/div><\/td>\n<\/tr>\n<tr>\n<td width=\"64\" data-mtr-content=\"Codice\" class=\"mtr-td-tag\"><div class=\"mtr-cell-content\">BA-120<\/div><\/td>\n<td width=\"25\" data-mtr-content=\"L\" class=\"mtr-td-tag\"><div class=\"mtr-cell-content\">120<\/div><\/td>\n<td width=\"20\" data-mtr-content=\"P\" class=\"mtr-td-tag\"><div class=\"mtr-cell-content\">53<\/div><\/td>\n<td width=\"47\" data-mtr-content=\"H\" class=\"mtr-td-tag\"><div class=\"mtr-cell-content\">135<\/div><\/td>\n<td width=\"37\" data-mtr-content=\"n\u00b0 Vass.\" class=\"mtr-td-tag\"><div class=\"mtr-cell-content\">3<\/div><\/td>\n<td width=\"47\" data-mtr-content=\"Vassoi\" class=\"mtr-td-tag\"><div class=\"mtr-cell-content\">35X45<\/div><\/td>\n<td width=\"48\" data-mtr-content=\"W Max\" class=\"mtr-td-tag\"><div class=\"mtr-cell-content\">1300<\/div><\/td>\n<\/tr>\n<tr>\n<td width=\"64\" data-mtr-content=\"Codice\" class=\"mtr-td-tag\"><div class=\"mtr-cell-content\">BA-120E<\/div><\/td>\n<td width=\"25\" data-mtr-content=\"L\" class=\"mtr-td-tag\"><div class=\"mtr-cell-content\">120<\/div><\/td>\n<td width=\"20\" data-mtr-content=\"P\" class=\"mtr-td-tag\"><div class=\"mtr-cell-content\">70<\/div><\/td>\n<td width=\"47\" data-mtr-content=\"H\" class=\"mtr-td-tag\"><div class=\"mtr-cell-content\">135<\/div><\/td>\n<td width=\"37\" data-mtr-content=\"n\u00b0 Vass.\" class=\"mtr-td-tag\"><div class=\"mtr-cell-content\">2<\/div><\/td>\n<td width=\"47\" data-mtr-content=\"Vassoi\" class=\"mtr-td-tag\"><div class=\"mtr-cell-content\">40X60<\/div><\/td>\n<td width=\"48\" data-mtr-content=\"W Max\" class=\"mtr-td-tag\"><div class=\"mtr-cell-content\">1300<\/div><\/td>\n<\/tr>\n<tr>\n<td width=\"64\" data-mtr-content=\"Codice\" class=\"mtr-td-tag\"><div class=\"mtr-cell-content\">BA-130<\/div><\/td>\n<td width=\"25\" data-mtr-content=\"L\" class=\"mtr-td-tag\"><div class=\"mtr-cell-content\">130<\/div><\/td>\n<td width=\"20\" data-mtr-content=\"P\" class=\"mtr-td-tag\"><div class=\"mtr-cell-content\">53<\/div><\/td>\n<td width=\"47\" data-mtr-content=\"H\" class=\"mtr-td-tag\"><div class=\"mtr-cell-content\">135<\/div><\/td>\n<td width=\"37\" data-mtr-content=\"n\u00b0 Vass.\" class=\"mtr-td-tag\"><div class=\"mtr-cell-content\">3<\/div><\/td>\n<td width=\"47\" data-mtr-content=\"Vassoi\" class=\"mtr-td-tag\"><div class=\"mtr-cell-content\">35X45<\/div><\/td>\n<td width=\"48\" data-mtr-content=\"W Max\" class=\"mtr-td-tag\"><div class=\"mtr-cell-content\">1300<\/div><\/td>\n<\/tr>\n<tr>\n<td width=\"64\" data-mtr-content=\"Codice\" class=\"mtr-td-tag\"><div class=\"mtr-cell-content\">BA-130E<\/div><\/td>\n<td width=\"25\" data-mtr-content=\"L\" class=\"mtr-td-tag\"><div class=\"mtr-cell-content\">130<\/div><\/td>\n<td width=\"20\" data-mtr-content=\"P\" class=\"mtr-td-tag\"><div class=\"mtr-cell-content\">70<\/div><\/td>\n<td width=\"47\" data-mtr-content=\"H\" class=\"mtr-td-tag\"><div class=\"mtr-cell-content\">135<\/div><\/td>\n<td width=\"37\" data-mtr-content=\"n\u00b0 Vass.\" class=\"mtr-td-tag\"><div class=\"mtr-cell-content\">3<\/div><\/td>\n<td width=\"47\" data-mtr-content=\"Vassoi\" class=\"mtr-td-tag\"><div class=\"mtr-cell-content\">40X60<\/div><\/td>\n<td width=\"48\" data-mtr-content=\"W Max\" class=\"mtr-td-tag\"><div class=\"mtr-cell-content\">1300<\/div><\/td>\n<\/tr>\n<tr>\n<td width=\"64\" data-mtr-content=\"Codice\" class=\"mtr-td-tag\"><div class=\"mtr-cell-content\">BA-150<\/div><\/td>\n<td width=\"25\" data-mtr-content=\"L\" class=\"mtr-td-tag\"><div class=\"mtr-cell-content\">150<\/div><\/td>\n<td width=\"20\" data-mtr-content=\"P\" class=\"mtr-td-tag\"><div class=\"mtr-cell-content\">53<\/div><\/td>\n<td width=\"47\" data-mtr-content=\"H\" class=\"mtr-td-tag\"><div class=\"mtr-cell-content\">135<\/div><\/td>\n<td width=\"37\" data-mtr-content=\"n\u00b0 Vass.\" class=\"mtr-td-tag\"><div class=\"mtr-cell-content\">4<\/div><\/td>\n<td width=\"47\" data-mtr-content=\"Vassoi\" class=\"mtr-td-tag\"><div class=\"mtr-cell-content\">35X45<\/div><\/td>\n<td width=\"48\" data-mtr-content=\"W Max\" class=\"mtr-td-tag\"><div class=\"mtr-cell-content\">1600<\/div><\/td>\n<\/tr>\n<tr>\n<td width=\"64\" data-mtr-content=\"Codice\" class=\"mtr-td-tag\"><div class=\"mtr-cell-content\">BA-150E<\/div><\/td>\n<td width=\"25\" data-mtr-content=\"L\" class=\"mtr-td-tag\"><div class=\"mtr-cell-content\">150<\/div><\/td>\n<td width=\"20\" data-mtr-content=\"P\" class=\"mtr-td-tag\"><div class=\"mtr-cell-content\">70<\/div><\/td>\n<td width=\"47\" data-mtr-content=\"H\" class=\"mtr-td-tag\"><div class=\"mtr-cell-content\">135<\/div><\/td>\n<td width=\"37\" data-mtr-content=\"n\u00b0 Vass.\" class=\"mtr-td-tag\"><div class=\"mtr-cell-content\">3<\/div><\/td>\n<td width=\"47\" data-mtr-content=\"Vassoi\" class=\"mtr-td-tag\"><div class=\"mtr-cell-content\">40X60<\/div><\/td>\n<td width=\"48\" data-mtr-content=\"W Max\" class=\"mtr-td-tag\"><div class=\"mtr-cell-content\">1600<\/div><\/td>\n<\/tr>\n<tr>\n<td width=\"64\" data-mtr-content=\"Codice\" class=\"mtr-td-tag\"><div class=\"mtr-cell-content\">BA-170<\/div><\/td>\n<td width=\"25\" data-mtr-content=\"L\" class=\"mtr-td-tag\"><div class=\"mtr-cell-content\">170<\/div><\/td>\n<td width=\"20\" data-mtr-content=\"P\" class=\"mtr-td-tag\"><div class=\"mtr-cell-content\">53<\/div><\/td>\n<td width=\"47\" data-mtr-content=\"H\" class=\"mtr-td-tag\"><div class=\"mtr-cell-content\">135<\/div><\/td>\n<td width=\"37\" data-mtr-content=\"n\u00b0 Vass.\" class=\"mtr-td-tag\"><div class=\"mtr-cell-content\">4<\/div><\/td>\n<td width=\"47\" data-mtr-content=\"Vassoi\" class=\"mtr-td-tag\"><div class=\"mtr-cell-content\">35X45<\/div><\/td>\n<td width=\"48\" data-mtr-content=\"W Max\" class=\"mtr-td-tag\"><div class=\"mtr-cell-content\">1800<\/div><\/td>\n<\/tr>\n<tr>\n<td width=\"64\" data-mtr-content=\"Codice\" class=\"mtr-td-tag\"><div class=\"mtr-cell-content\">BA-170E<\/div><\/td>\n<td width=\"25\" data-mtr-content=\"L\" class=\"mtr-td-tag\"><div class=\"mtr-cell-content\">170<\/div><\/td>\n<td width=\"20\" data-mtr-content=\"P\" class=\"mtr-td-tag\"><div class=\"mtr-cell-content\">70<\/div><\/td>\n<td width=\"47\" data-mtr-content=\"H\" class=\"mtr-td-tag\"><div class=\"mtr-cell-content\">135<\/div><\/td>\n<td width=\"37\" data-mtr-content=\"n\u00b0 Vass.\" class=\"mtr-td-tag\"><div class=\"mtr-cell-content\">4<\/div><\/td>\n<td width=\"47\" data-mtr-content=\"Vassoi\" class=\"mtr-td-tag\"><div class=\"mtr-cell-content\">40X60<\/div><\/td>\n<td width=\"48\" data-mtr-content=\"W Max\" class=\"mtr-td-tag\"><div class=\"mtr-cell-content\">1800<\/div><\/td>\n<\/tr>\n<tr>\n<td width=\"64\" data-mtr-content=\"Codice\" class=\"mtr-td-tag\"><div class=\"mtr-cell-content\">BA-180<\/div><\/td>\n<td width=\"25\" data-mtr-content=\"L\" class=\"mtr-td-tag\"><div class=\"mtr-cell-content\">180<\/div><\/td>\n<td width=\"20\" data-mtr-content=\"P\" class=\"mtr-td-tag\"><div class=\"mtr-cell-content\">53<\/div><\/td>\n<td width=\"47\" data-mtr-content=\"H\" class=\"mtr-td-tag\"><div class=\"mtr-cell-content\">135<\/div><\/td>\n<td width=\"37\" data-mtr-content=\"n\u00b0 Vass.\" class=\"mtr-td-tag\"><div class=\"mtr-cell-content\">5<\/div><\/td>\n<td width=\"47\" data-mtr-content=\"Vassoi\" class=\"mtr-td-tag\"><div class=\"mtr-cell-content\">35X45<\/div><\/td>\n<td width=\"48\" data-mtr-content=\"W Max\" class=\"mtr-td-tag\"><div class=\"mtr-cell-content\">1800<\/div><\/td>\n<\/tr>\n<tr>\n<td width=\"64\" data-mtr-content=\"Codice\" class=\"mtr-td-tag\"><div class=\"mtr-cell-content\">BA-200<\/div><\/td>\n<td width=\"25\" data-mtr-content=\"L\" class=\"mtr-td-tag\"><div class=\"mtr-cell-content\">200<\/div><\/td>\n<td width=\"20\" data-mtr-content=\"P\" class=\"mtr-td-tag\"><div class=\"mtr-cell-content\">53<\/div><\/td>\n<td width=\"47\" data-mtr-content=\"H\" class=\"mtr-td-tag\"><div class=\"mtr-cell-content\">135<\/div><\/td>\n<td width=\"37\" data-mtr-content=\"n\u00b0 Vass.\" class=\"mtr-td-tag\"><div class=\"mtr-cell-content\">5<\/div><\/td>\n<td width=\"47\" data-mtr-content=\"Vassoi\" class=\"mtr-td-tag\"><div class=\"mtr-cell-content\">35X45<\/div><\/td>\n<td width=\"48\" data-mtr-content=\"W Max\" class=\"mtr-td-tag\"><div class=\"mtr-cell-content\">2000<\/div><\/td>\n<\/tr>\n<tr>\n<td width=\"64\" data-mtr-content=\"Codice\" class=\"mtr-td-tag\"><div class=\"mtr-cell-content\">BA-200E<\/div><\/td>\n<td width=\"25\" data-mtr-content=\"L\" class=\"mtr-td-tag\"><div class=\"mtr-cell-content\">200<\/div><\/td>\n<td width=\"20\" data-mtr-content=\"P\" class=\"mtr-td-tag\"><div class=\"mtr-cell-content\">70<\/div><\/td>\n<td width=\"47\" data-mtr-content=\"H\" class=\"mtr-td-tag\"><div class=\"mtr-cell-content\">135<\/div><\/td>\n<td width=\"37\" data-mtr-content=\"n\u00b0 Vass.\" class=\"mtr-td-tag\"><div class=\"mtr-cell-content\">4<\/div><\/td>\n<td width=\"47\" data-mtr-content=\"Vassoi\" class=\"mtr-td-tag\"><div class=\"mtr-cell-content\">40X60<\/div><\/td>\n<td width=\"48\" data-mtr-content=\"W Max\" class=\"mtr-td-tag\"><div class=\"mtr-cell-content\">2000<\/div><\/td>\n<\/tr>\n<\/tbody>\n<\/table>\n<p><img decoding=\"async\" class=\"aligncenter size-medium wp-image-7872\" src=\"https:\/\/www.creaearredanegozi.it\/wp-content\/uploads\/2016\/12\/Dettaglio_costruzione-500x431.jpg\" alt=\"Detail_Konstruktion\" width=\"70%\" title=\"\"><\/p>\n<p><img decoding=\"async\" class=\"aligncenter size-medium wp-image-7873\" src=\"https:\/\/www.creaearredanegozi.it\/wp-content\/uploads\/2016\/12\/Termometro-500x431.jpg\" alt=\"Thermometer\" width=\"70%\" title=\"\" srcset=\"https:\/\/www.creaearredanegozi.it\/wp-content\/uploads\/2016\/12\/Termometro.jpg 500w, https:\/\/www.creaearredanegozi.it\/wp-content\/uploads\/2016\/12\/Termometro-64x55.jpg 64w, https:\/\/www.creaearredanegozi.it\/wp-content\/uploads\/2016\/12\/Termometro-400x345.jpg 400w\" sizes=\"(max-width: 500px) 100vw, 500px\" \/><\/p>","protected":false},"excerpt":{"rendered":"<p>Serie di Termovetrine calde su banchetti per Pizzeria, Rosticceria e Pasticceria. Costruzione Inox AISI 304 di altissima qualit\u00e0 ed elevata resistenza. Finitura Scotch Brite. Vetrina Calda, tecnologica bella e funzionale, con alzata in vetri temperati ed umidificatore. Tutta la linea delle nostre vetrine che va a costituire i banchetti caldi \u00e8 realizzata in vetro temprato [&#8230;]","protected":false},"featured_media":7870,"comment_status":"closed","ping_status":"closed","template":"","meta":{"_monsterinsights_skip_tracking":false,"_monsterinsights_sitenote_active":false,"_monsterinsights_sitenote_note":"","_monsterinsights_sitenote_category":0},"product_brand":[],"product_cat":[255,28],"product_tag":[],"class_list":{"0":"post-7855","1":"product","2":"type-product","3":"status-publish","4":"has-post-thumbnail","6":"product_cat-calde","7":"product_cat-vetrine","8":"product_shipping_class-l","10":"first","11":"instock","12":"taxable","13":"shipping-taxable","14":"purchasable","15":"product-type-variable","16":"has-default-attributes"},"_links":{"self":[{"href":"https:\/\/www.creaearredanegozi.it\/de\/wp-json\/wp\/v2\/product\/7855","targetHints":{"allow":["GET"]}}],"collection":[{"href":"https:\/\/www.creaearredanegozi.it\/de\/wp-json\/wp\/v2\/product"}],"about":[{"href":"https:\/\/www.creaearredanegozi.it\/de\/wp-json\/wp\/v2\/types\/product"}],"replies":[{"embeddable":true,"href":"https:\/\/www.creaearredanegozi.it\/de\/wp-json\/wp\/v2\/comments?post=7855"}],"wp:featuredmedia":[{"embeddable":true,"href":"https:\/\/www.creaearredanegozi.it\/de\/wp-json\/wp\/v2\/media\/7870"}],"wp:attachment":[{"href":"https:\/\/www.creaearredanegozi.it\/de\/wp-json\/wp\/v2\/media?parent=7855"}],"wp:term":[{"taxonomy":"product_brand","embeddable":true,"href":"https:\/\/www.creaearredanegozi.it\/de\/wp-json\/wp\/v2\/product_brand?post=7855"},{"taxonomy":"product_cat","embeddable":true,"href":"https:\/\/www.creaearredanegozi.it\/de\/wp-json\/wp\/v2\/product_cat?post=7855"},{"taxonomy":"product_tag","embeddable":true,"href":"https:\/\/www.creaearredanegozi.it\/de\/wp-json\/wp\/v2\/product_tag?post=7855"}],"curies":[{"name":"wp","href":"https:\/\/api.w.org\/{rel}","templated":true}]}}