{"id":7906,"date":"2016-12-20T14:34:21","date_gmt":"2016-12-20T13:34:21","guid":{"rendered":"https:\/\/www.creaearredanegozi.it\/?post_type=product&#038;p=7906"},"modified":"2024-05-16T13:30:54","modified_gmt":"2024-05-16T11:30:54","slug":"tritacarne-grattugia-professionale-bocca-60mm-380-watt-tg8-fama","status":"publish","type":"product","link":"https:\/\/www.creaearredanegozi.it\/de\/tritacarne-grattugia-professionale-bocca-60mm-380-watt-tg8-fama\/","title":{"rendered":"Professioneller Fleischwolf Reibe Maul 60mm 380 Watt TG8 Fama"},"content":{"rendered":"<h3>Macchina Professionale Tritacarne + Grattugia con Produzione Oraria 30 Kg Monofase<\/h3>\n<p><strong>FLEISCHWOLF REIBE TG 8 FAME<\/strong><\/p>\n<p><strong>Beschreibung des Produkts:<\/strong><\/p>\n<p>Hervorragendes Ger\u00e4t f\u00fcr den professionellen Einsatz, geeignet f\u00fcr den Hausgebrauch und kleine Gemeinden. Sch\u00f6n und funktionell trotz seiner geringen Gr\u00f6\u00dfe, ist es in der Lage, Fleisch in den empfohlenen Mengen zu hacken, um Fleischsauce, Frikadellen, Schweizer W\u00fcrstchen zu erhalten. Der Hackblock ist leicht abnehmbar, um eine gr\u00fcndliche und einfache Reinigung zu erm\u00f6glichen. Die Version aus rostfreiem Stahl kann in der Sp\u00fclmaschine gereinigt werden. Der Reibeteil kann M\u00fcsli, Hartk\u00e4se, Kekse, Brot und Trockenfr\u00fcchte verarbeiten. Der Reibedr\u00fccker ist mit einer Sperre ausgestattet, die den Betrieb der Maschine unterbricht, wenn sie \u00fcber die Sicherheitsschwelle hinaus ge\u00f6ffnet wird.<\/p>\n<ul>\n<li>Maschinen f\u00fcr den professionellen Einsatz<\/li>\n<li>Hergestellt aus Aluminiumdruckgusslegierung<\/li>\n<li>AISI 304 Edelstahlblech am Motorgeh\u00e4use<\/li>\n<li>Stirnradgetriebesystem im \u00d6lbad<\/li>\n<li>Inl\u00e4ndische Produktion von Asynchronmotoren<\/li>\n<li>Thermischer Schutz<\/li>\n<li>Fleischwolf: Aluminium \/ Edelstahl<\/li>\n<li>Selbstsch\u00e4rfende Matrizen aus rostfreiem Stahl als Standard<\/li>\n<li>Trichter und Produktschale aus rostfreiem Stahl<\/li>\n<li>Stahlwalze mit chemisch vernickelter Beschichtung<\/li>\n<li>Optionale Walze aus rostfreiem Stahl AISI 304<\/li>\n<li>K\u00e4seschale aus Edelstahl<\/li>\n<li>Auslaufschutzgitter aus rostfreiem Stahl<\/li>\n<li>Mikro-Schutzreibe<\/li>\n<li>ABS-St\u00f6\u00dfel<\/li>\n<li>24-Volt-Steuerung<\/li>\n<li>EG-Normen<\/li>\n<li>Hergestellt in Italien<\/li>\n<\/ul>\n<p>Eigenschaften<\/p>\n<ul>\n<li>Aluminium-Schleifeinheit.<\/li>\n<li>Auslass \u00d8 60 mm.<\/li>\n<li>Einf\u00fchr\u00f6ffnung f\u00fcr Fleisch \u00d8 52 mm.<\/li>\n<li>Gestanzte Reibwalze 110\u00d760 mm.<\/li>\n<li>Ausgestattet mit W\u00e4rmeschutz (nur CE-Version).<\/li>\n<li>Die Platte wird standardm\u00e4\u00dfig mit 6 mm Bohrung geliefert.<\/li>\n<\/ul>\n<p>Optional:<\/p>\n<ul>\n<li>Schleifeinheit aus Edelstahl<\/li>\n<li>Zuschlag f\u00fcr Edelstahlwalze.<\/li>\n<\/ul>\n<table style=\"border-collapse: collapse; width: 100%; height: 315px;\">\n<tbody>\n<tr style=\"height: 21px;\">\n<td style=\"width: 50%; height: 21px;\"><strong>Technische Daten<\/strong><\/td>\n<td style=\"width: 50%; height: 21px;\"><strong>Tritacarne Grattugia TG8<\/strong><\/td>\n<\/tr>\n<tr style=\"height: 21px;\">\n<td style=\"width: 50%; height: 21px;\">Spannungsversorgung Volt\/Hz<\/td>\n<td style=\"width: 50%; height: 21px;\">230\/50<\/td>\n<\/tr>\n<tr style=\"height: 21px;\">\n<td style=\"width: 50%; height: 21px;\">Leistung Kwatt\/(Hp)<\/td>\n<td style=\"width: 50%; height: 21px;\">0,38 (0,50)<\/td>\n<\/tr>\n<tr style=\"height: 21px;\">\n<td style=\"width: 50%; height: 21px;\">Umdrehungen\/m Reibe (RPM)<\/td>\n<td style=\"width: 50%; height: 21px;\">1400<\/td>\n<\/tr>\n<tr style=\"height: 21px;\">\n<td style=\"width: 50%; height: 21px;\">Umdrehungen\/m Fleischwolf (RPM)<\/td>\n<td style=\"width: 50%; height: 21px;\">80<\/td>\n<\/tr>\n<tr style=\"height: 21px;\">\n<td style=\"width: 50%; height: 21px;\">Schleifen von Gruppen<\/td>\n<td style=\"width: 50%; height: 21px;\">Edelstahl\/Aluminium<\/td>\n<\/tr>\n<tr style=\"height: 21px;\">\n<td style=\"width: 50%; height: 21px;\">Gelieferte Platte (mm)<\/td>\n<td style=\"width: 50%; height: 21px;\">\u00f86<\/td>\n<\/tr>\n<tr style=\"height: 21px;\">\n<td style=\"width: 50%; height: 21px;\">\u00d6ffnung der Reibe (mm)<\/td>\n<td style=\"width: 50%; height: 21px;\">110&#215;65<\/td>\n<\/tr>\n<tr style=\"height: 21px;\">\n<td style=\"width: 50%; height: 21px;\">Auslass des Fleischwolfs (mm)<\/td>\n<td style=\"width: 50%; height: 21px;\">\u00f860<\/td>\n<\/tr>\n<tr style=\"height: 21px;\">\n<td style=\"width: 50%; height: 21px;\">St\u00fcndliche Leistung Reibe (kg)<\/td>\n<td style=\"width: 50%; height: 21px;\">30<\/td>\n<\/tr>\n<tr style=\"height: 21px;\">\n<td style=\"width: 50%; height: 21px;\">St\u00fcndliche Leistung Fleischwolf (kg)<\/td>\n<td style=\"width: 50%; height: 21px;\">15<\/td>\n<\/tr>\n<tr style=\"height: 21px;\">\n<td style=\"width: 50%; height: 21px;\">Einphasig Nettogewicht (kg)<\/td>\n<td style=\"width: 50%; height: 21px;\">10<\/td>\n<\/tr>\n<tr style=\"height: 21px;\">\n<td style=\"width: 50%; height: 21px;\">Einphasig Bruttogewicht (kg)<\/td>\n<td style=\"width: 50%; height: 21px;\">11<\/td>\n<\/tr>\n<tr style=\"height: 21px;\">\n<td style=\"width: 50%; height: 21px;\">Abmessungen (mm)<\/td>\n<td style=\"width: 50%; height: 21px;\">B. 260 D. 380 H. 360<\/td>\n<\/tr>\n<tr style=\"height: 21px;\">\n<td style=\"width: 50%; height: 21px;\">Verpackungsgr\u00f6\u00dfe (mm)<\/td>\n<td style=\"width: 50%; height: 21px;\">B. 300 D. 390 H. 370<\/td>\n<\/tr>\n<\/tbody>\n<\/table>\n<p>&nbsp;<\/p>\n<p>&nbsp;<\/p>","protected":false},"excerpt":{"rendered":"<p>Macchina Professionale Tritacarne + Grattugia con Produzione Oraria 30 Kg Monofase TRITACARNE GRATTUGIA TG 8 FAMA Descrizione prodotto: Eccezionale apparecchio uso professionale indicato per usi domestici e piccole comunit\u00e0. Bello e funzionale nonostante le ridotte dimensioni, \u00e8 in grado di tritare carne nelle quantit\u00e0 consigliate, per ottenere rag\u00f9, polpette, svizzere, insaccati. Il blocco macinazione \u00e8 [&#8230;]","protected":false},"featured_media":127886,"comment_status":"closed","ping_status":"closed","template":"","meta":{"_monsterinsights_skip_tracking":false,"_monsterinsights_sitenote_active":false,"_monsterinsights_sitenote_note":"","_monsterinsights_sitenote_category":0},"product_brand":[704],"product_cat":[49,56,183],"product_tag":[],"class_list":{"0":"post-7906","1":"product","2":"type-product","3":"status-publish","4":"has-post-thumbnail","6":"product_brand-fama","7":"product_cat-tritacarne","8":"product_cat-grattugie","9":"product_cat-tritacarne-ristorazione","10":"product_shipping_class-215","11":"pa_marca-fama","13":"first","14":"instock","15":"taxable","16":"shipping-taxable","17":"purchasable","18":"product-type-variable"},"_links":{"self":[{"href":"https:\/\/www.creaearredanegozi.it\/de\/wp-json\/wp\/v2\/product\/7906","targetHints":{"allow":["GET"]}}],"collection":[{"href":"https:\/\/www.creaearredanegozi.it\/de\/wp-json\/wp\/v2\/product"}],"about":[{"href":"https:\/\/www.creaearredanegozi.it\/de\/wp-json\/wp\/v2\/types\/product"}],"replies":[{"embeddable":true,"href":"https:\/\/www.creaearredanegozi.it\/de\/wp-json\/wp\/v2\/comments?post=7906"}],"wp:featuredmedia":[{"embeddable":true,"href":"https:\/\/www.creaearredanegozi.it\/de\/wp-json\/wp\/v2\/media\/127886"}],"wp:attachment":[{"href":"https:\/\/www.creaearredanegozi.it\/de\/wp-json\/wp\/v2\/media?parent=7906"}],"wp:term":[{"taxonomy":"product_brand","embeddable":true,"href":"https:\/\/www.creaearredanegozi.it\/de\/wp-json\/wp\/v2\/product_brand?post=7906"},{"taxonomy":"product_cat","embeddable":true,"href":"https:\/\/www.creaearredanegozi.it\/de\/wp-json\/wp\/v2\/product_cat?post=7906"},{"taxonomy":"product_tag","embeddable":true,"href":"https:\/\/www.creaearredanegozi.it\/de\/wp-json\/wp\/v2\/product_tag?post=7906"}],"curies":[{"name":"wp","href":"https:\/\/api.w.org\/{rel}","templated":true}]}}