{"id":7949,"date":"2016-12-30T13:09:33","date_gmt":"2016-12-30T12:09:33","guid":{"rendered":"https:\/\/www.creaearredanegozi.it\/?post_type=product&#038;p=7949"},"modified":"2025-11-15T14:37:02","modified_gmt":"2025-11-15T13:37:02","slug":"3-liter-schokoladenmaschine-weise-bhs","status":"publish","type":"product","link":"https:\/\/www.creaearredanegozi.it\/de\/3-liter-schokoladenmaschine-weise-bhs\/","title":{"rendered":"BRAS Hei\u00dfgetr\u00e4nkespender wei\u00df 3 Liter f\u00fcr Sahne, Schokolade und Hei\u00dfgetr\u00e4nke"},"content":{"rendered":"<p><strong>Getr\u00e4nkespender \/ Hei\u00dfe Schokolade Professional Chocolatier Scirocco 3<\/strong><\/p>\n<p>Elegante macchina da banco appositamente studiato per la mescita e la cottura di cioccolato, crema e di altre bevande calde pi\u00f9 o meno dense. La massima esposizione del prodotto, incrementa le vendite ed i profitti.<br \/>\nIl contenitore da 3 litri, in policarbonato antiurto per alimenti \u00e8 facilmente estraibile anche se colmo di prodotto.<br \/>\nDer Wasserhahn ist komplett abnehmbar, um eine perfekte Reinigung zu erm\u00f6glichen.<br \/>\nEinstellbare Getr\u00e4nketemperatur mit manuellem Thermostat.<\/p>\n<ul>\n<li>Thekendispenser,<\/li>\n<li>Speziell f\u00fcr das Ausgie\u00dfen und Kochen von Schokolade oder anderen Hei\u00dfgetr\u00e4nken mit unterschiedlicher Dichte entwickelt,<\/li>\n<li>Transparenter sto\u00dffester Lebensmittelbeh\u00e4lter aus Polycarbonat<\/li>\n<li>Kapazit\u00e4t lt 3<\/li>\n<li>Vollst\u00e4ndig demontierbarer Wasserhahn<\/li>\n<li>Manueller Thermostat zur Temperaturregelung<\/li>\n<li>Leistung 800 Watt.<\/li>\n<li>Erh\u00e4ltlich in Silber, Wei\u00df oder Gold.<\/li>\n<li>Abmessungen L24xP29xH41 cm<\/li>\n<li>Peso netto 5Kg<\/li>\n<\/ul>\n<hr \/>\n<p><img decoding=\"async\" class=\"aligncenter size-full wp-image-7953\" src=\"https:\/\/www.creaearredanegozi.it\/wp-content\/uploads\/2016\/12\/Contenitore.png\" alt=\"Container\" width=\"150\" height=\"150\" title=\"\" srcset=\"https:\/\/www.creaearredanegozi.it\/wp-content\/uploads\/2016\/12\/Contenitore.png 150w, https:\/\/www.creaearredanegozi.it\/wp-content\/uploads\/2016\/12\/Contenitore-100x100.png 100w, https:\/\/www.creaearredanegozi.it\/wp-content\/uploads\/2016\/12\/Contenitore-64x64.png 64w\" sizes=\"(max-width: 150px) 100vw, 150px\" \/><\/p>\n<p style=\"text-align: center;\">Herausnehmbarer Tank auch mit Produkt im Inneren<\/p>\n<hr \/>\n<p style=\"text-align: center;\"><img decoding=\"async\" class=\"aligncenter wp-image-7956 size-medium\" title=\"crema e cioccolato\" src=\"https:\/\/www.creaearredanegozi.it\/wp-content\/uploads\/2016\/12\/Scirocco-3-5_1200-500x259.jpg\" alt=\"syrinx-3-5_1200\" width=\"500\" height=\"259\" srcset=\"https:\/\/www.creaearredanegozi.it\/wp-content\/uploads\/2016\/12\/Scirocco-3-5_1200-500x259.jpg 500w, https:\/\/www.creaearredanegozi.it\/wp-content\/uploads\/2016\/12\/Scirocco-3-5_1200-516x267.jpg 516w, https:\/\/www.creaearredanegozi.it\/wp-content\/uploads\/2016\/12\/Scirocco-3-5_1200-64x33.jpg 64w, https:\/\/www.creaearredanegozi.it\/wp-content\/uploads\/2016\/12\/Scirocco-3-5_1200-768x397.jpg 768w, https:\/\/www.creaearredanegozi.it\/wp-content\/uploads\/2016\/12\/Scirocco-3-5_1200-1024x530.jpg 1024w, https:\/\/www.creaearredanegozi.it\/wp-content\/uploads\/2016\/12\/Scirocco-3-5_1200-510x264.jpg 510w, https:\/\/www.creaearredanegozi.it\/wp-content\/uploads\/2016\/12\/Scirocco-3-5_1200-1140x590.jpg 1140w, https:\/\/www.creaearredanegozi.it\/wp-content\/uploads\/2016\/12\/Scirocco-3-5_1200-1000x518.jpg 1000w, https:\/\/www.creaearredanegozi.it\/wp-content\/uploads\/2016\/12\/Scirocco-3-5_1200-645x334.jpg 645w, https:\/\/www.creaearredanegozi.it\/wp-content\/uploads\/2016\/12\/Scirocco-3-5_1200-560x290.jpg 560w, https:\/\/www.creaearredanegozi.it\/wp-content\/uploads\/2016\/12\/Scirocco-3-5_1200-750x388.jpg 750w, https:\/\/www.creaearredanegozi.it\/wp-content\/uploads\/2016\/12\/Scirocco-3-5_1200-400x207.jpg 400w, https:\/\/www.creaearredanegozi.it\/wp-content\/uploads\/2016\/12\/Scirocco-3-5_1200.jpg 1200w\" sizes=\"(max-width: 500px) 100vw, 500px\" \/><\/p>","protected":false},"excerpt":{"rendered":"<p>Distributore bevande \/ Cioccolata Calda professionale Cioccolatiera Scirocco 3 Elegante macchina da banco appositamente studiato per la mescita e la cottura di cioccolato, crema e di altre bevande calde pi\u00f9 o meno dense. La massima esposizione del prodotto, incrementa le vendite ed i profitti. Il contenitore da 3 litri, in policarbonato antiurto per alimenti \u00e8 [&#8230;]","protected":false},"featured_media":7951,"comment_status":"closed","ping_status":"closed","template":"","meta":{"_monsterinsights_skip_tracking":false,"_monsterinsights_sitenote_active":false,"_monsterinsights_sitenote_note":"","_monsterinsights_sitenote_category":0},"product_brand":[618],"product_cat":[207],"product_tag":[],"class_list":{"0":"post-7949","1":"product","2":"type-product","3":"status-publish","4":"has-post-thumbnail","6":"product_brand-bras","7":"product_cat-granitori","8":"product_shipping_class-f","9":"pa_marca-bras","11":"first","12":"instock","13":"taxable","14":"shipping-taxable","15":"purchasable","16":"product-type-simple"},"_links":{"self":[{"href":"https:\/\/www.creaearredanegozi.it\/de\/wp-json\/wp\/v2\/product\/7949","targetHints":{"allow":["GET"]}}],"collection":[{"href":"https:\/\/www.creaearredanegozi.it\/de\/wp-json\/wp\/v2\/product"}],"about":[{"href":"https:\/\/www.creaearredanegozi.it\/de\/wp-json\/wp\/v2\/types\/product"}],"replies":[{"embeddable":true,"href":"https:\/\/www.creaearredanegozi.it\/de\/wp-json\/wp\/v2\/comments?post=7949"}],"wp:featuredmedia":[{"embeddable":true,"href":"https:\/\/www.creaearredanegozi.it\/de\/wp-json\/wp\/v2\/media\/7951"}],"wp:attachment":[{"href":"https:\/\/www.creaearredanegozi.it\/de\/wp-json\/wp\/v2\/media?parent=7949"}],"wp:term":[{"taxonomy":"product_brand","embeddable":true,"href":"https:\/\/www.creaearredanegozi.it\/de\/wp-json\/wp\/v2\/product_brand?post=7949"},{"taxonomy":"product_cat","embeddable":true,"href":"https:\/\/www.creaearredanegozi.it\/de\/wp-json\/wp\/v2\/product_cat?post=7949"},{"taxonomy":"product_tag","embeddable":true,"href":"https:\/\/www.creaearredanegozi.it\/de\/wp-json\/wp\/v2\/product_tag?post=7949"}],"curies":[{"name":"wp","href":"https:\/\/api.w.org\/{rel}","templated":true}]}}