{"id":7954,"date":"2016-12-30T13:28:38","date_gmt":"2016-12-30T12:28:38","guid":{"rendered":"https:\/\/www.creaearredanegozi.it\/shop\/attrezzature-ristoranti-pub-cucine\/mescolatori-ristorazione\/cioccolatiera-5-litri-colore-bianco-bras\/"},"modified":"2025-12-01T02:41:51","modified_gmt":"2025-12-01T01:41:51","slug":"5-liter-schokoladenmaschine-weise-bhs","status":"publish","type":"product","link":"https:\/\/www.creaearredanegozi.it\/de\/5-liter-schokoladenmaschine-weise-bhs\/","title":{"rendered":"Professionelle hei\u00dfe Schokolade Hersteller Chocolatier 5 Liter wei\u00df BRAS"},"content":{"rendered":"<p style=\"text-align: center;\"><strong>Cioccolatiera Scirocco 5 Professionelle Maschine f\u00fcr hei\u00dfe Schokolade\u00a0<\/strong><\/p>\n<p>Elegante, professionelle Thekenmaschine, die speziell f\u00fcr das Mischen und Kochen von Schokolade, Sahne und anderen Hei\u00dfgetr\u00e4nken entwickelt wurde. Maximale Produktpr\u00e4sentation steigert Umsatz und Gewinn.<br \/>\nDer 5-Liter-Beh\u00e4lter besteht aus lebensmittelechtem, sto\u00dffestem Polycarbonat und l\u00e4sst sich auch bei voller F\u00fcllung leicht entnehmen.<br \/>\nDer Wasserhahn ist komplett abnehmbar, um eine perfekte Reinigung zu erm\u00f6glichen.<br \/>\nEinstellbare Getr\u00e4nketemperatur mit manuellem Thermostat.<\/p>\n<ul>\n<li>Thekendispenser,<\/li>\n<li>Speziell f\u00fcr das Ausgie\u00dfen und Kochen von Schokolade oder anderen Hei\u00dfgetr\u00e4nken mit unterschiedlicher Dichte entwickelt,<\/li>\n<li>Transparenter sto\u00dffester Lebensmittelbeh\u00e4lter aus Polycarbonat<\/li>\n<li>Kapazit\u00e4t lt 5<\/li>\n<li>Vollst\u00e4ndig demontierbarer Wasserhahn<\/li>\n<li>Manueller Thermostat zur Temperaturregelung<\/li>\n<li>Leistung 1100 Watt.<\/li>\n<li>Erh\u00e4ltlich in Silber, Wei\u00df oder Gold.<\/li>\n<li>Abmessungen L24xB32xH49 cm<\/li>\n<li>Nettogewicht 6 kg<\/li>\n<\/ul>\n<hr \/>\n<p><img decoding=\"async\" class=\"aligncenter size-full wp-image-7953\" src=\"https:\/\/www.creaearredanegozi.it\/wp-content\/uploads\/2016\/12\/Contenitore.png\" alt=\"Container\" width=\"150\" height=\"150\" title=\"\" srcset=\"https:\/\/www.creaearredanegozi.it\/wp-content\/uploads\/2016\/12\/Contenitore.png 150w, https:\/\/www.creaearredanegozi.it\/wp-content\/uploads\/2016\/12\/Contenitore-100x100.png 100w, https:\/\/www.creaearredanegozi.it\/wp-content\/uploads\/2016\/12\/Contenitore-64x64.png 64w\" sizes=\"(max-width: 150px) 100vw, 150px\" \/><\/p>\n<p style=\"text-align: center;\">Herausnehmbarer Tank auch mit Produkt im Inneren<\/p>\n<hr \/>\n<p style=\"text-align: center;\"><img decoding=\"async\" class=\"aligncenter size-medium wp-image-7956\" src=\"https:\/\/www.creaearredanegozi.it\/wp-content\/uploads\/2016\/12\/Scirocco-3-5_1200-500x259.jpg\" alt=\"syrinx-3-5_1200\" width=\"500\" height=\"259\" title=\"\" srcset=\"https:\/\/www.creaearredanegozi.it\/wp-content\/uploads\/2016\/12\/Scirocco-3-5_1200-500x259.jpg 500w, https:\/\/www.creaearredanegozi.it\/wp-content\/uploads\/2016\/12\/Scirocco-3-5_1200-516x267.jpg 516w, https:\/\/www.creaearredanegozi.it\/wp-content\/uploads\/2016\/12\/Scirocco-3-5_1200-64x33.jpg 64w, https:\/\/www.creaearredanegozi.it\/wp-content\/uploads\/2016\/12\/Scirocco-3-5_1200-768x397.jpg 768w, https:\/\/www.creaearredanegozi.it\/wp-content\/uploads\/2016\/12\/Scirocco-3-5_1200-1024x530.jpg 1024w, https:\/\/www.creaearredanegozi.it\/wp-content\/uploads\/2016\/12\/Scirocco-3-5_1200-510x264.jpg 510w, https:\/\/www.creaearredanegozi.it\/wp-content\/uploads\/2016\/12\/Scirocco-3-5_1200-1140x590.jpg 1140w, https:\/\/www.creaearredanegozi.it\/wp-content\/uploads\/2016\/12\/Scirocco-3-5_1200-1000x518.jpg 1000w, https:\/\/www.creaearredanegozi.it\/wp-content\/uploads\/2016\/12\/Scirocco-3-5_1200-645x334.jpg 645w, https:\/\/www.creaearredanegozi.it\/wp-content\/uploads\/2016\/12\/Scirocco-3-5_1200-560x290.jpg 560w, https:\/\/www.creaearredanegozi.it\/wp-content\/uploads\/2016\/12\/Scirocco-3-5_1200-750x388.jpg 750w, https:\/\/www.creaearredanegozi.it\/wp-content\/uploads\/2016\/12\/Scirocco-3-5_1200-400x207.jpg 400w, https:\/\/www.creaearredanegozi.it\/wp-content\/uploads\/2016\/12\/Scirocco-3-5_1200.jpg 1200w\" sizes=\"(max-width: 500px) 100vw, 500px\" \/><\/p>","protected":false},"excerpt":{"rendered":"<p>Cioccolatiera Scirocco 5 Macchina per Cioccolata Calda Professionale\u00a0 Elegante macchina professionale da banco appositamente studiato per la mescita e la cottura di cioccolato, crema e di altre bevande calde pi\u00f9 o meno dense. La massima esposizione del prodotto, incrementa le vendite ed i profitti. Il contenitore da 5 litri, in policarbonato antiurto per alimenti, facilmente [&#8230;]","protected":false},"featured_media":7957,"comment_status":"closed","ping_status":"closed","template":"","meta":{"_monsterinsights_skip_tracking":false,"_monsterinsights_sitenote_active":false,"_monsterinsights_sitenote_note":"","_monsterinsights_sitenote_category":0},"product_brand":[618],"product_cat":[207],"product_tag":[],"class_list":{"0":"post-7954","1":"product","2":"type-product","3":"status-publish","4":"has-post-thumbnail","6":"product_brand-bras","7":"product_cat-granitori","8":"product_shipping_class-f","9":"pa_marca-bras","11":"first","12":"instock","13":"taxable","14":"shipping-taxable","15":"purchasable","16":"product-type-simple"},"_links":{"self":[{"href":"https:\/\/www.creaearredanegozi.it\/de\/wp-json\/wp\/v2\/product\/7954","targetHints":{"allow":["GET"]}}],"collection":[{"href":"https:\/\/www.creaearredanegozi.it\/de\/wp-json\/wp\/v2\/product"}],"about":[{"href":"https:\/\/www.creaearredanegozi.it\/de\/wp-json\/wp\/v2\/types\/product"}],"replies":[{"embeddable":true,"href":"https:\/\/www.creaearredanegozi.it\/de\/wp-json\/wp\/v2\/comments?post=7954"}],"wp:featuredmedia":[{"embeddable":true,"href":"https:\/\/www.creaearredanegozi.it\/de\/wp-json\/wp\/v2\/media\/7957"}],"wp:attachment":[{"href":"https:\/\/www.creaearredanegozi.it\/de\/wp-json\/wp\/v2\/media?parent=7954"}],"wp:term":[{"taxonomy":"product_brand","embeddable":true,"href":"https:\/\/www.creaearredanegozi.it\/de\/wp-json\/wp\/v2\/product_brand?post=7954"},{"taxonomy":"product_cat","embeddable":true,"href":"https:\/\/www.creaearredanegozi.it\/de\/wp-json\/wp\/v2\/product_cat?post=7954"},{"taxonomy":"product_tag","embeddable":true,"href":"https:\/\/www.creaearredanegozi.it\/de\/wp-json\/wp\/v2\/product_tag?post=7954"}],"curies":[{"name":"wp","href":"https:\/\/api.w.org\/{rel}","templated":true}]}}