{"id":7974,"date":"2016-12-30T14:30:10","date_gmt":"2016-12-30T13:30:10","guid":{"rendered":"https:\/\/www.creaearredanegozi.it\/shop\/attrezzature-bar\/granitori\/cioccolatiera-3-litri-dispenser-colore-oro-beckers\/"},"modified":"2026-01-26T12:22:02","modified_gmt":"2026-01-26T11:22:02","slug":"schokoladenmaschine-3-liter-spender-silber-beckers","status":"publish","type":"product","link":"https:\/\/www.creaearredanegozi.it\/de\/schokoladenmaschine-3-liter-spender-silber-beckers\/","title":{"rendered":"Professionelle Schokoladenmaschine 3 Liter Dispenser Farbe SILVER Beckers"},"content":{"rendered":"<h2 style=\"text-align: center;\">Schokoladenspender 3 Liter<\/h2>\n<p>Eleganter Thekendispenser, der speziell f\u00fcr die Ausgabe und Zubereitung von Schokolade und anderen Hei\u00dfgetr\u00e4nken entwickelt wurde. Maximale Produktpr\u00e4sentation steigert Umsatz und Gewinn.<br \/>\n3-Liter-Beh\u00e4lter aus lebensmittelechtem, sto\u00dffestem Polycarbonat, leicht abnehmbar.<br \/>\nDer Wasserhahn ist komplett abnehmbar, um eine perfekte Reinigung zu erm\u00f6glichen.<br \/>\nEinstellbare Getr\u00e4nketemperatur mit manuellem Thermostat.<\/p>\n<p>Thekendispenser, speziell f\u00fcr die Ausgabe und Zubereitung von Schokolade oder anderen Hei\u00dfgetr\u00e4nken<\/p>\n<ul>\n<li>Transparenter sto\u00dffester Lebensmittelbeh\u00e4lter aus Polycarbonat<\/li>\n<li>Vollst\u00e4ndig demontierbarer Wasserhahn<\/li>\n<li>Direkte Beheizung mit kontinuierlichem R\u00fchren<\/li>\n<li>Ausschlie\u00dflich in Silber erh\u00e4ltlich.<\/li>\n<\/ul>\n<table>\n<tbody>\n<tr>\n<td>Leistung\/Spannung:<\/td>\n<td>1200 Watt - 230V\/50-60 Hz<\/td>\n<\/tr>\n<tr>\n<td>Container-Kapazit\u00e4t<\/td>\n<td>3 Lt<\/td>\n<\/tr>\n<tr>\n<td>Thermostat<\/td>\n<td>0 - 90\u00b0C<\/td>\n<\/tr>\n<tr>\n<td>Abmessungen der Maschine<\/td>\n<td>260x220x420h mm<\/td>\n<\/tr>\n<tr>\n<td>Gesamtabmessungen<\/td>\n<td>B38xT26xH47<\/td>\n<\/tr>\n<tr>\n<td>Nettogewicht<\/td>\n<td>5 kg<\/td>\n<\/tr>\n<\/tbody>\n<\/table>\n<p>&nbsp;<\/p>","protected":false},"excerpt":{"rendered":"<p>Cioccolatiera Dispenser cioccolato 3 litri Elegante distributore da banco appositamente studiato per la mescita e la cottura di cioccolato e di altre bevande calde pi\u00f9 o meno dense. La massima esposizione del prodotto incrementa le vendite ed i profitti. Contenitore da 3 litri, in policarbonato antiurto per alimenti, facilmente estraibile. Il rubinetto \u00e8 completamente smontabile [&#8230;]","protected":false},"featured_media":122220,"comment_status":"closed","ping_status":"closed","template":"","meta":{"_monsterinsights_skip_tracking":false,"_monsterinsights_sitenote_active":false,"_monsterinsights_sitenote_note":"","_monsterinsights_sitenote_category":0},"product_brand":[641],"product_cat":[207,10],"product_tag":[],"class_list":{"0":"post-7974","1":"product","2":"type-product","3":"status-publish","4":"has-post-thumbnail","6":"product_brand-beckers","7":"product_cat-granitori","8":"product_cat-attrezzature-bar","9":"product_shipping_class-215","10":"pa_marca-beckers","12":"first","13":"instock","14":"taxable","15":"shipping-taxable","16":"purchasable","17":"product-type-simple"},"_links":{"self":[{"href":"https:\/\/www.creaearredanegozi.it\/de\/wp-json\/wp\/v2\/product\/7974","targetHints":{"allow":["GET"]}}],"collection":[{"href":"https:\/\/www.creaearredanegozi.it\/de\/wp-json\/wp\/v2\/product"}],"about":[{"href":"https:\/\/www.creaearredanegozi.it\/de\/wp-json\/wp\/v2\/types\/product"}],"replies":[{"embeddable":true,"href":"https:\/\/www.creaearredanegozi.it\/de\/wp-json\/wp\/v2\/comments?post=7974"}],"wp:featuredmedia":[{"embeddable":true,"href":"https:\/\/www.creaearredanegozi.it\/de\/wp-json\/wp\/v2\/media\/122220"}],"wp:attachment":[{"href":"https:\/\/www.creaearredanegozi.it\/de\/wp-json\/wp\/v2\/media?parent=7974"}],"wp:term":[{"taxonomy":"product_brand","embeddable":true,"href":"https:\/\/www.creaearredanegozi.it\/de\/wp-json\/wp\/v2\/product_brand?post=7974"},{"taxonomy":"product_cat","embeddable":true,"href":"https:\/\/www.creaearredanegozi.it\/de\/wp-json\/wp\/v2\/product_cat?post=7974"},{"taxonomy":"product_tag","embeddable":true,"href":"https:\/\/www.creaearredanegozi.it\/de\/wp-json\/wp\/v2\/product_tag?post=7974"}],"curies":[{"name":"wp","href":"https:\/\/api.w.org\/{rel}","templated":true}]}}