{"id":7976,"date":"2016-12-31T12:16:53","date_gmt":"2016-12-31T11:16:53","guid":{"rendered":"https:\/\/www.creaearredanegozi.it\/?post_type=product&#038;p=7976"},"modified":"2023-11-27T19:18:59","modified_gmt":"2023-11-27T18:18:59","slug":"espositore-gondola-dogata-con-30-ganci","status":"publish","type":"product","link":"https:\/\/www.creaearredanegozi.it\/de\/espositore-gondola-dogata-con-30-ganci\/","title":{"rendered":"Low Light Gondola Lattenrost-Display mit 30 Haken"},"content":{"rendered":"<p><strong>Low Light Gondola Lattenrost-Display mit 30 Haken<\/strong><\/p>\n<p>Solide ed affidabili, le gondole dogate sono la soluzione ideale per i problemi di esposizione ed organizzazione degli showroom di vendita al pubblico.<\/p>\n<p>La gondola dell&#8217;inserzione \u00e8 disponibile in finitura Acero con una solida struttura d&#8217;acciaio colore grigio alluminio.<br \/>\nLo schienale \u00e8 composto da 2 Pannelli dogati in MDF di 18mm completi di inserti in alluminio. La distanza tra i vari inserti \u00e8 di 15cm ed \u00e8 possibile utilizzare tutti gli accessori del pannello dogato su <strong>entrambi i lati<\/strong> della gondola.<\/p>\n<table class=\"table table-striped\">\n<tbody>\n<tr>\n<td><strong>Caratteristiche Tecniche:<\/strong><\/p>\n<ul>\n<li>Struttura : Acciaio verniciato a polveri colore grigio alluminio<\/li>\n<li>Dimensione: L.121 x P.61 x H. 128<\/li>\n<li>Colore: a scelta<\/li>\n<li>Barre per ganci: N\u00b0 14 (7 per lato)<\/li>\n<li>Ganci lunghezza 30 cm<\/li>\n<\/ul>\n<\/td>\n<\/tr>\n<\/tbody>\n<\/table>\n<p><img decoding=\"async\" class=\"aligncenter size-full wp-image-119180\" src=\"https:\/\/www.creaearredanegozi.it\/wp-content\/uploads\/2016\/12\/tabella_vetrina2.jpg\" alt=\"tabella colori pannelli dogati\" width=\"100%\" height=\"auto\" title=\"\" srcset=\"https:\/\/www.creaearredanegozi.it\/wp-content\/uploads\/2016\/12\/tabella_vetrina2.jpg 992w, https:\/\/www.creaearredanegozi.it\/wp-content\/uploads\/2016\/12\/tabella_vetrina2-516x758.jpg 516w, https:\/\/www.creaearredanegozi.it\/wp-content\/uploads\/2016\/12\/tabella_vetrina2-64x94.jpg 64w, https:\/\/www.creaearredanegozi.it\/wp-content\/uploads\/2016\/12\/tabella_vetrina2-272x400.jpg 272w, https:\/\/www.creaearredanegozi.it\/wp-content\/uploads\/2016\/12\/tabella_vetrina2-545x800.jpg 545w, https:\/\/www.creaearredanegozi.it\/wp-content\/uploads\/2016\/12\/tabella_vetrina2-768x1128.jpg 768w, https:\/\/www.creaearredanegozi.it\/wp-content\/uploads\/2016\/12\/tabella_vetrina2-645x947.jpg 645w, https:\/\/www.creaearredanegozi.it\/wp-content\/uploads\/2016\/12\/tabella_vetrina2-560x823.jpg 560w, https:\/\/www.creaearredanegozi.it\/wp-content\/uploads\/2016\/12\/tabella_vetrina2-750x1102.jpg 750w, https:\/\/www.creaearredanegozi.it\/wp-content\/uploads\/2016\/12\/tabella_vetrina2-400x588.jpg 400w, https:\/\/www.creaearredanegozi.it\/wp-content\/uploads\/2016\/12\/tabella_vetrina2-510x749.jpg 510w\" sizes=\"(max-width: 992px) 100vw, 992px\" \/><\/p>","protected":false},"excerpt":{"rendered":"<p>Espositore pannello dogato a Gondola Light Bassa con 30 ganci Solide ed affidabili, le gondole dogate sono la soluzione ideale per i problemi di esposizione ed organizzazione degli showroom di vendita al pubblico. La gondola dell&#8217;inserzione \u00e8 disponibile in finitura Acero con una solida struttura d&#8217;acciaio colore grigio alluminio. Lo schienale \u00e8 composto da 2 [&#8230;]","protected":false},"featured_media":124124,"comment_status":"closed","ping_status":"closed","template":"","meta":{"_monsterinsights_skip_tracking":false,"_monsterinsights_sitenote_active":false,"_monsterinsights_sitenote_note":"","_monsterinsights_sitenote_category":0},"product_brand":[],"product_cat":[104],"product_tag":[],"class_list":{"0":"post-7976","1":"product","2":"type-product","3":"status-publish","4":"has-post-thumbnail","6":"product_cat-cesteespositori","7":"product_shipping_class-32","9":"first","10":"outofstock","11":"taxable","12":"shipping-taxable","13":"purchasable","14":"product-type-simple"},"_links":{"self":[{"href":"https:\/\/www.creaearredanegozi.it\/de\/wp-json\/wp\/v2\/product\/7976","targetHints":{"allow":["GET"]}}],"collection":[{"href":"https:\/\/www.creaearredanegozi.it\/de\/wp-json\/wp\/v2\/product"}],"about":[{"href":"https:\/\/www.creaearredanegozi.it\/de\/wp-json\/wp\/v2\/types\/product"}],"replies":[{"embeddable":true,"href":"https:\/\/www.creaearredanegozi.it\/de\/wp-json\/wp\/v2\/comments?post=7976"}],"wp:featuredmedia":[{"embeddable":true,"href":"https:\/\/www.creaearredanegozi.it\/de\/wp-json\/wp\/v2\/media\/124124"}],"wp:attachment":[{"href":"https:\/\/www.creaearredanegozi.it\/de\/wp-json\/wp\/v2\/media?parent=7976"}],"wp:term":[{"taxonomy":"product_brand","embeddable":true,"href":"https:\/\/www.creaearredanegozi.it\/de\/wp-json\/wp\/v2\/product_brand?post=7976"},{"taxonomy":"product_cat","embeddable":true,"href":"https:\/\/www.creaearredanegozi.it\/de\/wp-json\/wp\/v2\/product_cat?post=7976"},{"taxonomy":"product_tag","embeddable":true,"href":"https:\/\/www.creaearredanegozi.it\/de\/wp-json\/wp\/v2\/product_tag?post=7976"}],"curies":[{"name":"wp","href":"https:\/\/api.w.org\/{rel}","templated":true}]}}