{"id":8259,"date":"2017-03-09T13:29:12","date_gmt":"2017-03-09T12:29:12","guid":{"rendered":"https:\/\/www.creaearredanegozi.it\/shop\/arredo-acciaio-inox\/tavoli-refrigerati-lavorazione-inox\/tavolo-armadiato-neutro-con-porte-scorrevoli-profondita-70-cm\/"},"modified":"2023-07-03T20:05:13","modified_gmt":"2023-07-03T18:05:13","slug":"tavolo-armadiato-neutro-con-porte-scorrevoli-profondita-70-cm","status":"publish","type":"product","link":"https:\/\/www.creaearredanegozi.it\/de\/tavolo-armadiato-neutro-con-porte-scorrevoli-profondita-70-cm\/","title":{"rendered":"Neutraler Schranktisch mit Schiebet\u00fcren Tiefe 70 cm"},"content":{"rendered":"<p>Edelstahl beh\u00e4lt im Laufe der Zeit hervorragende Eigenschaften, die sich in jeder Umgebung auszeichnen: Haltbarkeit, Festigkeit, Rostfreiheit, einfache Wartung und Reinigung.<br \/>\nIn der Vergangenheit war die Verwendung von rostfreiem Stahl den Profik\u00fcchen in der Gastronomie vorbehalten. Aufgrund seiner Vorz\u00fcge und seines \u00e4sthetischen Reizes, der ihn zu einem Designelement macht, wird dieses Material heute jedoch auch h\u00e4ufig f\u00fcr K\u00fcchenm\u00f6bel in Privathaushalten verwendet.<\/p>\n<p><strong>Tavoli Armadiati con ante scorrevoli su un fronte profondit\u00e0 70 senza alzatina posteriore<\/strong><\/p>\n<p>Komplett mit verstellbarem Zwischenboden<\/p>\n<p>Abmessungen (BxH) 700\u00d7900 mm<\/p>\n<p><em>Ab L\u00e4nge 180 cm wird ein zus\u00e4tzlicher Mittelfu\u00df montiert<\/em><\/p>","protected":false},"excerpt":{"rendered":"<p>L&#8217;acciaio inox conserva nel tempo eccellenti qualit\u00e0 che risaltano in qualsiasi ambiente: durevolezza, resistenza, assenza di ruggine, facilit\u00e0 di manutenzione e pulizia. L&#8217;impiego dell&#8217;acciaio inox in passato era prerogativa delle cucine professionali utilizzate nei luoghi di ristorazione. Ma viste tutte le sue virt\u00f9 e la sua piacevolezza estetica che lo rende elemento di design, questo [&#8230;]","protected":false},"featured_media":8272,"comment_status":"open","ping_status":"closed","template":"","meta":{"_monsterinsights_skip_tracking":false,"_monsterinsights_sitenote_active":false,"_monsterinsights_sitenote_note":"","_monsterinsights_sitenote_category":0},"product_brand":[],"product_cat":[121],"product_tag":[],"class_list":{"0":"post-8259","1":"product","2":"type-product","3":"status-publish","4":"has-post-thumbnail","6":"product_cat-tavoli-refrigerati-lavorazione-inox","7":"product_shipping_class-i","9":"first","10":"instock","11":"taxable","12":"shipping-taxable","13":"purchasable","14":"product-type-variable"},"_links":{"self":[{"href":"https:\/\/www.creaearredanegozi.it\/de\/wp-json\/wp\/v2\/product\/8259","targetHints":{"allow":["GET"]}}],"collection":[{"href":"https:\/\/www.creaearredanegozi.it\/de\/wp-json\/wp\/v2\/product"}],"about":[{"href":"https:\/\/www.creaearredanegozi.it\/de\/wp-json\/wp\/v2\/types\/product"}],"replies":[{"embeddable":true,"href":"https:\/\/www.creaearredanegozi.it\/de\/wp-json\/wp\/v2\/comments?post=8259"}],"wp:featuredmedia":[{"embeddable":true,"href":"https:\/\/www.creaearredanegozi.it\/de\/wp-json\/wp\/v2\/media\/8272"}],"wp:attachment":[{"href":"https:\/\/www.creaearredanegozi.it\/de\/wp-json\/wp\/v2\/media?parent=8259"}],"wp:term":[{"taxonomy":"product_brand","embeddable":true,"href":"https:\/\/www.creaearredanegozi.it\/de\/wp-json\/wp\/v2\/product_brand?post=8259"},{"taxonomy":"product_cat","embeddable":true,"href":"https:\/\/www.creaearredanegozi.it\/de\/wp-json\/wp\/v2\/product_cat?post=8259"},{"taxonomy":"product_tag","embeddable":true,"href":"https:\/\/www.creaearredanegozi.it\/de\/wp-json\/wp\/v2\/product_tag?post=8259"}],"curies":[{"name":"wp","href":"https:\/\/api.w.org\/{rel}","templated":true}]}}