{"id":8414,"date":"2017-04-06T11:55:21","date_gmt":"2017-04-06T09:55:21","guid":{"rendered":"https:\/\/www.creaearredanegozi.it\/shop\/celle-e-tavoli-refrigerati\/tavoli-refrigerati\/banco-bar-refrigerato-inox-profondita-70-cm-lunghezza-200-cm-2-celle-refrigerazione-integrata\/"},"modified":"2025-02-05T16:29:00","modified_gmt":"2025-02-05T15:29:00","slug":"gekuhlte-edelstahl-theke-tiefe-70-cm-lange-200-cm-2-kammern-integrierte-kuhlung","status":"publish","type":"product","link":"https:\/\/www.creaearredanegozi.it\/de\/gekuhlte-edelstahl-theke-tiefe-70-cm-lange-200-cm-2-kammern-integrierte-kuhlung\/","title":{"rendered":"Gek\u00fchlte Theke aus Edelstahl Tiefe 70 cm L\u00e4nge 200 cm 2 Kammern Integrierte K\u00fchlung"},"content":{"rendered":"<h3 style=\"text-align: center;\">HALBVERKLEIDETE GEK\u00dcHLTE THEKE<\/h3>\n<ul>\n<li>STROMVERSORGUNG V 230\/50Hz EINPHASIG<\/li>\n<li>MIT R\u00dcCKSTELLUNG F\u00dcR Z\u00c4HLER<\/li>\n<li>MIT INTEGRIERTEM VERFL\u00dcSSIGUNGSSATZ INKLUSIVE<\/li>\n<li>Tiefe 68 x H 92\/113 cm<\/li>\n<\/ul>\n<p><strong>Gek\u00fchlte Theke<\/strong><\/p>\n<p>Alle Bartheken sind mit den folgenden technischen Merkmalen ausgestattet:<\/p>\n<ul>\n<li>Tragstruktur aus Stahlrohr, lackiert mit einbrennbarem Epoxidpulver, mit Versteifungselementen und verstellbaren F\u00fc\u00dfen.<\/li>\n<li>Sp\u00fclenplatte aus Edelstahl AISI 304 18\/10 mit Scotchbrite-Finish.<\/li>\n<li>Einteilige isolierte Zelle mit \u00f6kologischem Polyurethan, Dichte 40 kg\/m3, mit W\u00e4nden und Boden aus poliertem Edelstahl AISI 304 18\/10 mit abgerundeten Ecken.<\/li>\n<li>Zwischengitter aus rostfreiem Stahl f\u00fcr jedes K\u00fchlfach.<\/li>\n<li><em>Optionales Bodengitter.<\/em><\/li>\n<li>\u00c4u\u00dfere Seitenw\u00e4nde aus kunststoffbeschichtetem Blech.<\/li>\n<li>Statische oder ventilierte K\u00fchlung, hermetische Kompressoreinheit, automatische Abtauung, Bedienfeld<br \/>\nelektronisch in die hintere Struktur auf der Bedienerseite eingesetzt.<\/li>\n<li>Betriebstemperatur der Zelle +3 +8 \u00b0C.<\/li>\n<\/ul>\n<hr \/>\n<blockquote><p><strong>Angebot:<\/strong><\/p><\/blockquote>\n<table class=\"table table-striped\">\n<tbody>\n<tr>\n<td>\n<ul>\n<li>Bartresen Mt. 2<\/li>\n<\/ul>\n<\/td>\n<td rowspan=\"4\"><a href=\"https:\/\/www.creaearredanegozi.it\/wp-content\/uploads\/2017\/04\/IBBR00B2502442_misure.jpg\"><img decoding=\"async\" class=\"immresp alignnone wp-image-128626 size-medium\" src=\"https:\/\/www.creaearredanegozi.it\/wp-content\/uploads\/2017\/04\/IBBR00B2502442_misure-285x400.jpg\" alt=\"\" width=\"285\" height=\"400\" title=\"\" srcset=\"https:\/\/www.creaearredanegozi.it\/wp-content\/uploads\/2017\/04\/IBBR00B2502442_misure-285x400.jpg 285w, https:\/\/www.creaearredanegozi.it\/wp-content\/uploads\/2017\/04\/IBBR00B2502442_misure-64x90.jpg 64w, https:\/\/www.creaearredanegozi.it\/wp-content\/uploads\/2017\/04\/IBBR00B2502442_misure-9x12.jpg 9w, https:\/\/www.creaearredanegozi.it\/wp-content\/uploads\/2017\/04\/IBBR00B2502442_misure.jpg 491w\" sizes=\"(max-width: 285px) 100vw, 285px\" \/><\/a><\/td>\n<\/tr>\n<tr>\n<td>\n<ul>\n<li>2 Zellf\u00e4cher<\/li>\n<li>1 K\u00fchlaggregat<\/li>\n<li>1 offenes Fach<\/li>\n<\/ul>\n<\/td>\n<\/tr>\n<tr>\n<td>\n<ul>\n<li>Statische K\u00fchlung<\/li>\n<\/ul>\n<\/td>\n<\/tr>\n<tr>\n<td>\n<ul>\n<li>Abmessungen (B x T x H) 2000 x 680 x 920\/1130 mm<\/li>\n<\/ul>\n<\/td>\n<\/tr>\n<\/tbody>\n<\/table>\n<p>&nbsp;<\/p>","protected":false},"excerpt":{"rendered":"<p>BANCO BAR REFRIGERATO SEMILAVORATO DA PANNELLARE ALIMENTAZIONE V 230\/50Hz MONOFASE CON PREDISPOSIZIONE PER BANCALINA CON UNITA&#8217; CONDENSATRICE INTEGRATA INCLUSA Profondit\u00e0 68 x h 92\/113 cm Banco Bar refrigerato Tutti i banchi bar sono dotati delle seguenti caratteristiche tecniche: Struttura portante in tubolare d\u2019acciaio verniciato con polveri epossidiche a forno, con elementi di irrigidimento e piedini [&#8230;]","protected":false},"featured_media":128633,"comment_status":"open","ping_status":"closed","template":"","meta":{"_monsterinsights_skip_tracking":false,"_monsterinsights_sitenote_active":false,"_monsterinsights_sitenote_note":"","_monsterinsights_sitenote_category":0},"product_brand":[],"product_cat":[248,70,121],"product_tag":[],"class_list":{"0":"post-8414","1":"product","2":"type-product","3":"status-publish","4":"has-post-thumbnail","6":"product_cat-banchi-bar","7":"product_cat-tavoli-refrigerati","8":"product_cat-tavoli-refrigerati-lavorazione-inox","9":"product_shipping_class-367","11":"first","12":"instock","13":"taxable","14":"shipping-taxable","15":"purchasable","16":"product-type-simple"},"_links":{"self":[{"href":"https:\/\/www.creaearredanegozi.it\/de\/wp-json\/wp\/v2\/product\/8414","targetHints":{"allow":["GET"]}}],"collection":[{"href":"https:\/\/www.creaearredanegozi.it\/de\/wp-json\/wp\/v2\/product"}],"about":[{"href":"https:\/\/www.creaearredanegozi.it\/de\/wp-json\/wp\/v2\/types\/product"}],"replies":[{"embeddable":true,"href":"https:\/\/www.creaearredanegozi.it\/de\/wp-json\/wp\/v2\/comments?post=8414"}],"wp:featuredmedia":[{"embeddable":true,"href":"https:\/\/www.creaearredanegozi.it\/de\/wp-json\/wp\/v2\/media\/128633"}],"wp:attachment":[{"href":"https:\/\/www.creaearredanegozi.it\/de\/wp-json\/wp\/v2\/media?parent=8414"}],"wp:term":[{"taxonomy":"product_brand","embeddable":true,"href":"https:\/\/www.creaearredanegozi.it\/de\/wp-json\/wp\/v2\/product_brand?post=8414"},{"taxonomy":"product_cat","embeddable":true,"href":"https:\/\/www.creaearredanegozi.it\/de\/wp-json\/wp\/v2\/product_cat?post=8414"},{"taxonomy":"product_tag","embeddable":true,"href":"https:\/\/www.creaearredanegozi.it\/de\/wp-json\/wp\/v2\/product_tag?post=8414"}],"curies":[{"name":"wp","href":"https:\/\/api.w.org\/{rel}","templated":true}]}}