{"id":8424,"date":"2017-04-06T13:20:23","date_gmt":"2017-04-06T11:20:23","guid":{"rendered":"https:\/\/www.creaearredanegozi.it\/shop\/celle-e-tavoli-refrigerati\/tavoli-refrigerati\/banco-bar-refrigerato-inox-profondita-70-cm-lunghezza-250-cm-5-celle-refrigerazione-esterna\/"},"modified":"2025-02-05T17:46:46","modified_gmt":"2025-02-05T16:46:46","slug":"gekuhlte-theke-aus-edelstahl-tiefe-70-cm-lange-250-cm-5-kuhlraume-externe-kuhlung","status":"publish","type":"product","link":"https:\/\/www.creaearredanegozi.it\/de\/gekuhlte-theke-aus-edelstahl-tiefe-70-cm-lange-250-cm-5-kuhlraume-externe-kuhlung\/","title":{"rendered":"K\u00fchltheke aus Edelstahl Tiefe 70 cm L\u00e4nge 250 cm 5 K\u00fchlr\u00e4ume Remote Refrigeration"},"content":{"rendered":"<h2 style=\"text-align: center;\">HALBVERKLEIDETE GEK\u00dcHLTE THEKE<\/h2>\n<ul>\n<li>STROMVERSORGUNG V 230\/50Hz EINPHASIG<\/li>\n<li>MIT R\u00dcCKSTELLUNG F\u00dcR Z\u00c4HLER<\/li>\n<li>MIT FERNGESTEUERTEM VERFL\u00dcSSIGUNGSSATZ INKLUSIVE<\/li>\n<li>Tiefe 68 x H 92\/113 cm<\/li>\n<\/ul>\n<p><strong>Gek\u00fchlte Theke<\/strong><\/p>\n<p>Alle Bartheken sind mit den folgenden technischen Merkmalen ausgestattet:<\/p>\n<ul>\n<li>Tragstruktur aus Stahlrohr, lackiert mit einbrennbarem Epoxidpulver, mit Versteifungselementen und verstellbaren F\u00fc\u00dfen.<\/li>\n<li>Au\u00dfenseite: T\u00fcrseite aus poliertem Edelstahl AISI 304 BA; Seiten aus Edelstahl, Boden und R\u00fcckseite aus behandeltem Blech. Rohrauslass unten (rechte\/linke Seite auf Anfrage). Motorraum oder neutrale F\u00e4cher mit Aluminiumstruktur und Edelstahlblech.<\/li>\n<li>Einteilige isolierte Zelle mit \u00f6kologischem Polyurethan, Dichte 40 kg\/m3, mit W\u00e4nden und Boden aus poliertem Edelstahl AISI 304 2B mit abgerundeten Ecken.<\/li>\n<li>Zwischengitter aus rostfreiem Stahl f\u00fcr jedes K\u00fchlfach.<\/li>\n<li><em>Optionales Bodengitter.<\/em><\/li>\n<li>\u00c4u\u00dfere Seitenw\u00e4nde aus kunststoffbeschichtetem Blech.<\/li>\n<li>Statische oder ventilierte K\u00fchlung, hermetische Kompressoreinheit, automatische Abtauung, Bedienfeld<br \/>\nelektronisch in die hintere Struktur auf der Bedienerseite eingesetzt.<\/li>\n<li>Betriebstemperatur der Zelle +3 +8 \u00b0C.<\/li>\n<\/ul>\n<p><strong>STANDARDAUSSTATTUNG<\/strong>Kondensatablauf, Innenregale, Regalst\u00fctzen, Zwischengitter aus kunststoffbeschichtetem Draht, Bodengitter aus Kunststoff, T\u00fcren aus Edelstahl mit Magnetverschluss und Dichtung, Schalttafel mit elektronischem Thermostat und Hauptschalter, isolierte Abdeckung, epoxidpulverbeschichtete Metallst\u00e4nder mit verstellbaren F\u00fc\u00dfen, Vorrichtung f\u00fcr Fu\u00dfst\u00fctze, mit oder ohne eingebauten Motor, Abdeckung aus Edelstahl. Innenbeleuchtung mit LED-Lampe.<\/p>\n<p><strong>STATISCHE K\u00dcHLUNG<\/strong> - Verdampfer aus Kupferrohr und Aluminiumlamellen, Ventilsystem mit abgesetzter Verfl\u00fcssigungseinheit.<\/p>\n<hr \/>\n<blockquote><p><strong>Angebot:<\/strong><\/p><\/blockquote>\n<table class=\"table table-striped\">\n<tbody>\n<tr>\n<td>\n<ul>\n<li>Bartresen Mt. 2.5<\/li>\n<\/ul>\n<\/td>\n<td rowspan=\"4\"><a href=\"https:\/\/www.creaearredanegozi.it\/wp-content\/uploads\/2017\/04\/IBBR00B2502442_misure.jpg\"><img decoding=\"async\" class=\"immresp alignnone wp-image-128626 size-medium\" src=\"https:\/\/www.creaearredanegozi.it\/wp-content\/uploads\/2017\/04\/IBBR00B2502442_misure-285x400.jpg\" alt=\"\" width=\"285\" height=\"400\" title=\"\" srcset=\"https:\/\/www.creaearredanegozi.it\/wp-content\/uploads\/2017\/04\/IBBR00B2502442_misure-285x400.jpg 285w, https:\/\/www.creaearredanegozi.it\/wp-content\/uploads\/2017\/04\/IBBR00B2502442_misure-64x90.jpg 64w, https:\/\/www.creaearredanegozi.it\/wp-content\/uploads\/2017\/04\/IBBR00B2502442_misure-9x12.jpg 9w, https:\/\/www.creaearredanegozi.it\/wp-content\/uploads\/2017\/04\/IBBR00B2502442_misure.jpg 491w\" sizes=\"(max-width: 285px) 100vw, 285px\" \/><\/a><\/td>\n<\/tr>\n<tr>\n<td>\n<ul>\n<li>5 Zellenr\u00e4ume<\/li>\n<li>1 externe K\u00fchleinheit<\/li>\n<\/ul>\n<\/td>\n<\/tr>\n<tr>\n<td>\n<ul>\n<li>Statische K\u00fchlung<\/li>\n<\/ul>\n<\/td>\n<\/tr>\n<tr>\n<td>\n<ul>\n<li>Abmessungen (B x T x H) 2500 x 680 x 920\/1130 mm<\/li>\n<\/ul>\n<\/td>\n<\/tr>\n<\/tbody>\n<\/table>\n<p>&nbsp;<\/p>","protected":false},"excerpt":{"rendered":"<p>BANCO BAR REFRIGERATO SEMILAVORATO DA PANNELLARE ALIMENTAZIONE V 230\/50Hz MONOFASE CON PREDISPOSIZIONE PER BANCALINA CON UNITA&#8217; CONDENSATRICE REMOTA INCLUSA Profondit\u00e0 68 x h 92\/113 cm Banco Bar refrigerato Tutti i banchi bar sono dotati delle seguenti caratteristiche tecniche: Struttura portante in tubolare d\u2019acciaio verniciato con polveri epossidiche a forno, con elementi di irrigidimento e piedini [&#8230;]","protected":false},"featured_media":128642,"comment_status":"open","ping_status":"closed","template":"","meta":{"_monsterinsights_skip_tracking":false,"_monsterinsights_sitenote_active":false,"_monsterinsights_sitenote_note":"","_monsterinsights_sitenote_category":0},"product_brand":[],"product_cat":[248,70,121],"product_tag":[],"class_list":{"0":"post-8424","1":"product","2":"type-product","3":"status-publish","4":"has-post-thumbnail","6":"product_cat-banchi-bar","7":"product_cat-tavoli-refrigerati","8":"product_cat-tavoli-refrigerati-lavorazione-inox","9":"product_shipping_class-372","11":"first","12":"instock","13":"taxable","14":"shipping-taxable","15":"purchasable","16":"product-type-simple"},"_links":{"self":[{"href":"https:\/\/www.creaearredanegozi.it\/de\/wp-json\/wp\/v2\/product\/8424","targetHints":{"allow":["GET"]}}],"collection":[{"href":"https:\/\/www.creaearredanegozi.it\/de\/wp-json\/wp\/v2\/product"}],"about":[{"href":"https:\/\/www.creaearredanegozi.it\/de\/wp-json\/wp\/v2\/types\/product"}],"replies":[{"embeddable":true,"href":"https:\/\/www.creaearredanegozi.it\/de\/wp-json\/wp\/v2\/comments?post=8424"}],"wp:featuredmedia":[{"embeddable":true,"href":"https:\/\/www.creaearredanegozi.it\/de\/wp-json\/wp\/v2\/media\/128642"}],"wp:attachment":[{"href":"https:\/\/www.creaearredanegozi.it\/de\/wp-json\/wp\/v2\/media?parent=8424"}],"wp:term":[{"taxonomy":"product_brand","embeddable":true,"href":"https:\/\/www.creaearredanegozi.it\/de\/wp-json\/wp\/v2\/product_brand?post=8424"},{"taxonomy":"product_cat","embeddable":true,"href":"https:\/\/www.creaearredanegozi.it\/de\/wp-json\/wp\/v2\/product_cat?post=8424"},{"taxonomy":"product_tag","embeddable":true,"href":"https:\/\/www.creaearredanegozi.it\/de\/wp-json\/wp\/v2\/product_tag?post=8424"}],"curies":[{"name":"wp","href":"https:\/\/api.w.org\/{rel}","templated":true}]}}