{"id":8768,"date":"2017-06-07T13:55:52","date_gmt":"2017-06-07T11:55:52","guid":{"rendered":"https:\/\/www.creaearredanegozi.it\/?post_type=product&#038;p=8768"},"modified":"2023-10-09T14:41:45","modified_gmt":"2023-10-09T12:41:45","slug":"banco-pizzeria-refrigerato-ventilato-2-mt-con-vetrina-10-gn14-atosa","status":"publish","type":"product","link":"https:\/\/www.creaearredanegozi.it\/de\/banco-pizzeria-refrigerato-ventilato-2-mt-con-vetrina-10-gn14-atosa\/","title":{"rendered":"Gek\u00fchlte bel\u00fcftete Pizzeria-Theke 3 T\u00fcren 2 Mt mit Vitrine 10 GN1\/4 Atosa"},"content":{"rendered":"<h2 style=\"text-align: center;\">Banco pizzeria refrigerato ventilato 3 sportelli 2 Mt con vetrina 10 GN1\/4 inclusa<\/h2>\n<div>\n<p align=\"justify\">Die innere und \u00e4u\u00dfere Struktur ist vollst\u00e4ndig aus rostfreiem Stahl AISI304 gefertigt. <strong>Top in granito<\/strong>. Refrigerazione ventilata con evaporatore ad alette trattato anticorrosione. <strong>Ricircolo aria fredda<\/strong>. Gruppo incorporato estraibile. <strong>Digitaler Thermostat<\/strong> per il controllo della temperatura e dello sbrinamento. Resistenza elettrica inserita nella cornice della porta per l\u2019eliminazione della condensa. <strong>Evaporazione automatica<\/strong> dell\u2019acqua di condensa. Spessore isolamento 60mm. Guarnizione magnetica facilmente estraibile. Interno con angoli arrotondati per facilitare la pulizia. <b>Kit ruote e griglie optional<\/b>. 7 guide per anta gi\u00e0 incluse. Guide compatibili con cassette portaimpasto 60&#215;40.<\/p>\n<p align=\"justify\"><img decoding=\"async\" class=\"size-full wp-image-125730 aligncenter\" src=\"https:\/\/www.creaearredanegozi.it\/wp-content\/uploads\/2017\/06\/EPF3485GR-SP.jpg\" alt=\"\" width=\"100%\" height=\"auto\" title=\"\" srcset=\"https:\/\/www.creaearredanegozi.it\/wp-content\/uploads\/2017\/06\/EPF3485GR-SP.jpg 1024w, https:\/\/www.creaearredanegozi.it\/wp-content\/uploads\/2017\/06\/EPF3485GR-SP-516x258.jpg 516w, https:\/\/www.creaearredanegozi.it\/wp-content\/uploads\/2017\/06\/EPF3485GR-SP-64x32.jpg 64w, https:\/\/www.creaearredanegozi.it\/wp-content\/uploads\/2017\/06\/EPF3485GR-SP-800x400.jpg 800w, https:\/\/www.creaearredanegozi.it\/wp-content\/uploads\/2017\/06\/EPF3485GR-SP-768x384.jpg 768w\" sizes=\"(max-width: 1024px) 100vw, 1024px\" \/><\/p>\n<hr \/>\n<p><strong>Technische Daten<\/strong><\/p>\n<table class=\"table table-striped\">\n<tbody>\n<tr>\n<td>\n<div align=\"left\"><strong>Klassifizierung<\/strong><\/div>\n<\/td>\n<td>\n<div align=\"left\"><strong>Frigorifero (EPF3485)<\/strong><\/div>\n<\/td>\n<\/tr>\n<tr>\n<td>\n<div align=\"left\">Abmessungen (BxTxH mm)<\/div>\n<\/td>\n<td>\n<div align=\"left\">2010 x 800 x 1000<\/div>\n<\/td>\n<\/tr>\n<tr>\n<td>\n<div align=\"left\">Fassungsverm\u00f6gen (Liter)<\/div>\n<\/td>\n<td>\n<div align=\"left\">420<\/div>\n<\/td>\n<\/tr>\n<tr>\n<td>\n<div align=\"left\">Innentemperatur (\u00baC)<\/div>\n<\/td>\n<td>\n<div align=\"left\">-2\u00baC bis +8\u00baC<\/div>\n<\/td>\n<\/tr>\n<tr>\n<td>\n<div align=\"left\">Temperatur in der Umgebung<\/div>\n<\/td>\n<td>\n<div align=\"left\">40\u00baC<\/div>\n<\/td>\n<\/tr>\n<tr>\n<td>\n<div align=\"left\">Luftfeuchtigkeit<\/div>\n<\/td>\n<td>\n<div align=\"left\">65%<\/div>\n<\/td>\n<\/tr>\n<tr>\n<td>\n<div align=\"left\">Kompressor (HP)<\/div>\n<\/td>\n<td>\n<div align=\"left\">1\/4<\/div>\n<\/td>\n<\/tr>\n<tr>\n<td>\n<div align=\"left\">Art der K\u00fchlung<\/div>\n<\/td>\n<td>\n<div align=\"left\">Bel\u00fcftet<\/div>\n<\/td>\n<\/tr>\n<tr>\n<td>\n<div align=\"left\">Typ der Temperaturregelung<\/div>\n<\/td>\n<td>\n<div align=\"left\">Digital<\/div>\n<\/td>\n<\/tr>\n<tr>\n<td>\n<div align=\"left\">Stromversorgung<\/div>\n<\/td>\n<td>\n<div align=\"left\">220v\/50hz<\/div>\n<\/td>\n<\/tr>\n<tr>\n<td>\n<div align=\"left\">Leistung (W)<\/div>\n<\/td>\n<td>\n<div align=\"left\">400<\/div>\n<\/td>\n<\/tr>\n<tr>\n<td>\n<div align=\"left\">K\u00fchlmittel<\/div>\n<\/td>\n<td>\n<div align=\"left\">R290<\/div>\n<\/td>\n<\/tr>\n<tr>\n<td>\n<div align=\"left\">Klima-Klasse<\/div>\n<\/td>\n<td>\n<div align=\"left\">5<\/div>\n<\/td>\n<\/tr>\n<tr>\n<td>\n<div align=\"left\">Classe Energetica (\u22642020)<\/div>\n<\/td>\n<td>\n<div align=\"left\">B<\/div>\n<\/td>\n<\/tr>\n<tr>\n<td>\n<div align=\"left\">Classe Energetica (&gt;2021)<\/div>\n<\/td>\n<td>\n<div align=\"left\">E<\/div>\n<\/td>\n<\/tr>\n<tr>\n<td>\n<div align=\"left\">Nettogewicht (kg)<\/div>\n<\/td>\n<td>\n<div align=\"left\">360<\/div>\n<\/td>\n<\/tr>\n<\/tbody>\n<\/table>\n<h3><strong>Vetrina porta ingredienti<\/strong>:<\/h3>\n<ul class=\"gkBullet1\">\n<li>Interni ed esterni in acciaio inox AISI 304<\/li>\n<li>Castello in Vetro incluso<\/li>\n<li>Compatibile con i contenitori a norma GN per la gastronomia (non forniti).<\/li>\n<li>Controllore elettronico Dixell con visualizzazione della temperatura<\/li>\n<li>Temperatura 0\u00b0C\/+8\u00b0C<\/li>\n<li>Automatische Abtauung<\/li>\n<li>Refrigerante R600a<\/li>\n<li>Klimaklasse 4<strong><br \/>\n<\/strong><\/li>\n<li>Potenza 180W<\/li>\n<\/ul>\n<p>Diese hochwertige VRX-Pizzatheken-Zutatenvitrine ist so konzipiert, dass sie Tag f\u00fcr Tag in allen Pizzazubereitungsbereichen au\u00dfergew\u00f6hnliche Leistungen garantiert. Ideal f\u00fcr Pizzerien, Fast-Food-Ketten, Take-away-L\u00e4den, Feinkostl\u00e4den, Sandwichshops usw. Hergestellt aus hochwertigem Edelstahl, um ein hohes Ma\u00df an Zuverl\u00e4ssigkeit, Leistung, Stil und ein ausgezeichnetes Preis-Leistungs-Verh\u00e4ltnis zu gew\u00e4hrleisten.<\/p>\n<h4 style=\"text-align: center;\">SPECIFICHE VETRINETTA:<\/h4>\n<table class=\"table table-striped mtr-table mtr-tr-td\" width=\"100%\">\n<tbody>\n<tr>\n<td style=\"text-align: center;\" width=\"33%\" data-mtr-content=\"Modello\" class=\"mtr-td-tag\"><div class=\"mtr-cell-content\">\n<div align=\"center\"><strong>Modell<\/strong><\/div>\n<\/div><\/td>\n<td style=\"text-align: center;\" width=\"33%\" data-mtr-content=\"Dimensioni (mm)\" class=\"mtr-td-tag\"><div class=\"mtr-cell-content\">\n<div align=\"center\"><strong>Abmessungen (mm)<\/strong><\/div>\n<\/div><\/td>\n<td style=\"text-align: center;\" width=\"34%\" data-mtr-content=\"N. Bacinelle\" class=\"mtr-td-tag\"><div class=\"mtr-cell-content\"><strong>N. Bacinelle<\/strong><\/div><\/td>\n<\/tr>\n<tr>\n<td style=\"text-align: center;\" data-mtr-content=\"Modello\" class=\"mtr-td-tag\"><div class=\"mtr-cell-content\">\n<div align=\"center\">VRX2000\/330<\/div>\n<\/div><\/td>\n<td style=\"text-align: center;\" data-mtr-content=\"Dimensioni (mm)\" class=\"mtr-td-tag\"><div class=\"mtr-cell-content\">\n<div align=\"center\">2000 x 335 x 435<\/div>\n<\/div><\/td>\n<td style=\"text-align: center;\" data-mtr-content=\"N. Bacinelle\" class=\"mtr-td-tag\"><div class=\"mtr-cell-content\">10 x GN 1\/4<\/div><\/td>\n<\/tr>\n<\/tbody>\n<\/table>\n<\/div>","protected":false},"excerpt":{"rendered":"<p>Banco pizzeria refrigerato ventilato 3 sportelli 2 Mt con vetrina 10 GN1\/4 inclusa Struttura interna ed esterna realizzata interamente in acciaio inox AISI304. Top in granito. Refrigerazione ventilata con evaporatore ad alette trattato anticorrosione. Ricircolo aria fredda. Gruppo incorporato estraibile. Termostato digitale per il controllo della temperatura e dello sbrinamento. Resistenza elettrica inserita nella cornice [&#8230;]","protected":false},"featured_media":125729,"comment_status":"closed","ping_status":"closed","template":"","meta":{"_monsterinsights_skip_tracking":false,"_monsterinsights_sitenote_active":false,"_monsterinsights_sitenote_note":"","_monsterinsights_sitenote_category":0},"product_brand":[626],"product_cat":[71],"product_tag":[211],"class_list":{"0":"post-8768","1":"product","2":"type-product","3":"status-publish","4":"has-post-thumbnail","6":"product_brand-atosa","7":"product_cat-banchi-pizzeria-refrigerati","8":"product_tag-spedizione-gratuita","9":"pa_classe-energetica-classe-e","11":"first","12":"instock","13":"taxable","14":"shipping-taxable","15":"purchasable","16":"product-type-simple"},"_links":{"self":[{"href":"https:\/\/www.creaearredanegozi.it\/de\/wp-json\/wp\/v2\/product\/8768","targetHints":{"allow":["GET"]}}],"collection":[{"href":"https:\/\/www.creaearredanegozi.it\/de\/wp-json\/wp\/v2\/product"}],"about":[{"href":"https:\/\/www.creaearredanegozi.it\/de\/wp-json\/wp\/v2\/types\/product"}],"replies":[{"embeddable":true,"href":"https:\/\/www.creaearredanegozi.it\/de\/wp-json\/wp\/v2\/comments?post=8768"}],"wp:featuredmedia":[{"embeddable":true,"href":"https:\/\/www.creaearredanegozi.it\/de\/wp-json\/wp\/v2\/media\/125729"}],"wp:attachment":[{"href":"https:\/\/www.creaearredanegozi.it\/de\/wp-json\/wp\/v2\/media?parent=8768"}],"wp:term":[{"taxonomy":"product_brand","embeddable":true,"href":"https:\/\/www.creaearredanegozi.it\/de\/wp-json\/wp\/v2\/product_brand?post=8768"},{"taxonomy":"product_cat","embeddable":true,"href":"https:\/\/www.creaearredanegozi.it\/de\/wp-json\/wp\/v2\/product_cat?post=8768"},{"taxonomy":"product_tag","embeddable":true,"href":"https:\/\/www.creaearredanegozi.it\/de\/wp-json\/wp\/v2\/product_tag?post=8768"}],"curies":[{"name":"wp","href":"https:\/\/api.w.org\/{rel}","templated":true}]}}