{"id":8896,"date":"2017-07-18T16:14:12","date_gmt":"2017-07-18T14:14:12","guid":{"rendered":"https:\/\/www.creaearredanegozi.it\/?post_type=product&#038;p=8896"},"modified":"2024-02-29T16:57:44","modified_gmt":"2024-02-29T15:57:44","slug":"modularer-gas-pizzaofen-mit-1-kammer-und-rustikaler-feuerfester-frontplatte-fur-6-pizzen-italforni","status":"publish","type":"product","link":"https:\/\/www.creaearredanegozi.it\/de\/modularer-gas-pizzaofen-mit-1-kammer-und-rustikaler-feuerfester-frontplatte-fur-6-pizzen-italforni\/","title":{"rendered":"Gas Modular Pizzeria Ofen 1 Kammer feuerfesten Boden f\u00fcr 4 Pizzen italforni"},"content":{"rendered":"<h2><strong>GAS-PIZZA-\u00d6FEN<\/strong><\/h2>\n<ul>\n<li>Mod. EGA<\/li>\n<li>Feuerfestes Kochfeld<\/li>\n<li>Abmessungen der Innenkammer cm B 61 x T 64 x 15 h<\/li>\n<li>N. 4 Pizzen (\u00d8 30 cm)<\/li>\n<li>Kapazit\u00e4t: Nr. 1 Backblech (cm 60\u00d740)<\/li>\n<li>Maximale Leistung Kcal.h 12000<\/li>\n<li>Max. Temperatur: 450\u00b0.<\/li>\n<li>Stromversorgung: 230V\/1F\/50-60hz<\/li>\n<li>EG-Norm<\/li>\n<\/ul>\n<p><strong>Gasherd<\/strong> modular f\u00fcr Pizzerien und Konditoreien. Rustikale oder vordere Version aus Edelstahl. Backkammer aus aluminisiertem Stahlblech. Feuerfeste Kochfl\u00e4che. T\u00fcr mit Gegengewicht zum \u00d6ffnen. Dunstabzug in der Mitte der Kammer. Interne Beleuchtung. Unabh\u00e4ngige Kammern mit elektronischer Temperaturregelung. Gaszufuhr mit Sicherheitsventilen. Brenner unter dem Deckel.<\/p>\n<p>THERMISCHE INSOLIERUNG GARANTIERT durch die Auswahl der besten Materialien auf dem Markt und \u00fcber 30 Jahre Erfahrung in der Entwicklung und Konstruktion von Hochtemperatur\u00f6fen.<\/p>\n<ul>\n<li>1 Backkammer aus aluminisiertem Stahl mit feuerfester Hochleistungsplatte<\/li>\n<li>Atmosph\u00e4rische Brenner, die unter dem feuerfesten Boden angebracht sind<\/li>\n<li>Gasversorgung mit Sicherheitsventilen<\/li>\n<li>Elektromechanisches Bedienfeld (digitale Option auf Anfrage)<\/li>\n<li>W\u00e4rmed\u00e4mmung<\/li>\n<li>Maximale Backtemperatur 420 \u00b0C<\/li>\n<li>T\u00fcr mit Fenster aus geh\u00e4rtetem Glas<\/li>\n<li>Gegengewichtige Vordert\u00fcren<\/li>\n<li>Halogenlampen mit hoher Best\u00e4ndigkeit und Lichtleistung<\/li>\n<li>Integriertes Haubenmodul (ohne Motor)<\/li>\n<li>Erh\u00e4ltlich in rostfreiem Stahl oder im rustikalen Stil<\/li>\n<\/ul>\n<hr \/>\n<table class=\"table table-striped\" width=\"100%\">\n<tbody>\n<tr>\n<td>GAS-PIZZA\u00d6FEN<\/td>\n<td>Unter dem Boden angebrachte Brenner<\/td>\n<\/tr>\n<tr>\n<td>Mod. EGA<\/td>\n<td>W\u00e4rmed\u00e4mmung<\/td>\n<\/tr>\n<tr>\n<td>Modularer Gasbackofen<\/td>\n<td>Abmessungen der Innenkammer cm B 61 x T 64 x H 15<\/td>\n<\/tr>\n<tr>\n<td>Rustikale oder Inox-Version<\/td>\n<td>Au\u00dfenma\u00dfe B 96 x T 105 x H 52 cm<\/td>\n<\/tr>\n<tr>\n<td>Brennkammer aus aluminisiertem Stahlblech<\/td>\n<td>N. 4 Pizzen (\u00d8 30 cm)<\/td>\n<\/tr>\n<tr>\n<td>Feuerfestes Kochfeld<\/td>\n<td>Kapazit\u00e4t: Nr. 1 Backblech (cm 60\u00d740)<\/td>\n<\/tr>\n<tr>\n<td>Gegenl\u00e4ufig \u00f6ffnende T\u00fcr<\/td>\n<td>Maximale Leistung Kcal.h 12000<\/td>\n<\/tr>\n<tr>\n<td>Dampfabzug in der Mitte der Kammer<\/td>\n<td>Durchschnittliche Leistungsaufnahme pro Stunde Kcal.h 6500<\/td>\n<\/tr>\n<tr>\n<td>Innenbeleuchtung<\/td>\n<td>Gewicht 120 kg<\/td>\n<\/tr>\n<tr>\n<td>Unabh\u00e4ngige R\u00e4ume mit elektronischer Temperaturregelung<\/td>\n<td>EG-Norm<\/td>\n<\/tr>\n<tr>\n<td>Gasversorgung mit Sicherheitsventilen<\/td>\n<\/tr>\n<\/tbody>\n<\/table>\n<hr \/>\n<p>Erh\u00e4ltlich in komplett rostfreier Ausf\u00fchrung<br \/>\n<img decoding=\"async\" class=\"size-full wp-image-6074 aligncenter\" src=\"https:\/\/www.creaearredanegozi.it\/wp-content\/uploads\/2015\/07\/EGB-1.jpg\" alt=\"EGB-1\" width=\"100%\" height=\"auto\" title=\"\" srcset=\"https:\/\/www.creaearredanegozi.it\/wp-content\/uploads\/2015\/07\/EGB-1.jpg 579w, https:\/\/www.creaearredanegozi.it\/wp-content\/uploads\/2015\/07\/EGB-1-516x224.jpg 516w, https:\/\/www.creaearredanegozi.it\/wp-content\/uploads\/2015\/07\/EGB-1-64x28.jpg 64w, https:\/\/www.creaearredanegozi.it\/wp-content\/uploads\/2015\/07\/EGB-1-500x217.jpg 500w, https:\/\/www.creaearredanegozi.it\/wp-content\/uploads\/2015\/07\/EGB-1-510x221.jpg 510w, https:\/\/www.creaearredanegozi.it\/wp-content\/uploads\/2015\/07\/EGB-1-560x243.jpg 560w, https:\/\/www.creaearredanegozi.it\/wp-content\/uploads\/2015\/07\/EGB-1-400x173.jpg 400w\" sizes=\"(max-width: 579px) 100vw, 579px\" \/><\/p>\n<p style=\"text-align: center;\"><a href=\"https:\/\/www.creaearredanegozi.it\/wp-content\/uploads\/2017\/07\/EGA-I-R-Dimensioni-Interne.png\"><img decoding=\"async\" class=\"alignnone size-medium wp-image-127002\" style=\"max-width: 800px;\" src=\"https:\/\/www.creaearredanegozi.it\/wp-content\/uploads\/2017\/07\/EGA-I-R-Dimensioni-Interne-800x293.png\" alt=\"\" width=\"100%\" height=\"auto\" title=\"\" srcset=\"https:\/\/www.creaearredanegozi.it\/wp-content\/uploads\/2017\/07\/EGA-I-R-Dimensioni-Interne-800x293.png 800w, https:\/\/www.creaearredanegozi.it\/wp-content\/uploads\/2017\/07\/EGA-I-R-Dimensioni-Interne-516x189.png 516w, https:\/\/www.creaearredanegozi.it\/wp-content\/uploads\/2017\/07\/EGA-I-R-Dimensioni-Interne-64x23.png 64w, https:\/\/www.creaearredanegozi.it\/wp-content\/uploads\/2017\/07\/EGA-I-R-Dimensioni-Interne-768x281.png 768w, https:\/\/www.creaearredanegozi.it\/wp-content\/uploads\/2017\/07\/EGA-I-R-Dimensioni-Interne.png 847w\" sizes=\"(max-width: 800px) 100vw, 800px\" \/><\/a><\/p>","protected":false},"excerpt":{"rendered":"<p>FORNO A GAS PER PIZZA Mod. EGA Piano di cottura in refrattario Dimensioni interne camera cm L 61 x P 64 x 15 h N. Pizze 4 (\u00d8 cm 30) Capacit\u00e0: N. 1 Teglia (cm 60&#215;40) Potenza massima Kcal.h 12000 Temperatura Max: 450\u00b0 Alimentazione: 230V\/1F\/50-60hz Norma CE Forno a Gas componibile per pizzeria e pasticceria. [&#8230;]","protected":false},"featured_media":8898,"comment_status":"closed","ping_status":"closed","template":"","meta":{"_monsterinsights_skip_tracking":false,"_monsterinsights_sitenote_active":false,"_monsterinsights_sitenote_note":"","_monsterinsights_sitenote_category":0},"product_brand":[734],"product_cat":[110,16,701],"product_tag":[],"class_list":{"0":"post-8896","1":"product","2":"type-product","3":"status-publish","4":"has-post-thumbnail","6":"product_brand-italforni","7":"product_cat-a-gas-forni","8":"product_cat-forni","9":"product_cat-forni-a-gas","10":"product_shipping_class-m","11":"pa_marca-italforni","13":"first","14":"instock","15":"taxable","16":"shipping-taxable","17":"purchasable","18":"product-type-variable"},"_links":{"self":[{"href":"https:\/\/www.creaearredanegozi.it\/de\/wp-json\/wp\/v2\/product\/8896","targetHints":{"allow":["GET"]}}],"collection":[{"href":"https:\/\/www.creaearredanegozi.it\/de\/wp-json\/wp\/v2\/product"}],"about":[{"href":"https:\/\/www.creaearredanegozi.it\/de\/wp-json\/wp\/v2\/types\/product"}],"replies":[{"embeddable":true,"href":"https:\/\/www.creaearredanegozi.it\/de\/wp-json\/wp\/v2\/comments?post=8896"}],"wp:featuredmedia":[{"embeddable":true,"href":"https:\/\/www.creaearredanegozi.it\/de\/wp-json\/wp\/v2\/media\/8898"}],"wp:attachment":[{"href":"https:\/\/www.creaearredanegozi.it\/de\/wp-json\/wp\/v2\/media?parent=8896"}],"wp:term":[{"taxonomy":"product_brand","embeddable":true,"href":"https:\/\/www.creaearredanegozi.it\/de\/wp-json\/wp\/v2\/product_brand?post=8896"},{"taxonomy":"product_cat","embeddable":true,"href":"https:\/\/www.creaearredanegozi.it\/de\/wp-json\/wp\/v2\/product_cat?post=8896"},{"taxonomy":"product_tag","embeddable":true,"href":"https:\/\/www.creaearredanegozi.it\/de\/wp-json\/wp\/v2\/product_tag?post=8896"}],"curies":[{"name":"wp","href":"https:\/\/api.w.org\/{rel}","templated":true}]}}