{"id":8989,"date":"2017-09-05T18:29:54","date_gmt":"2017-09-05T16:29:54","guid":{"rendered":"https:\/\/www.creaearredanegozi.it\/?post_type=product&#038;p=8989"},"modified":"2023-07-03T19:50:30","modified_gmt":"2023-07-03T17:50:30","slug":"gn21-tn-28-610lt-kuhlmobel-mit-glastur-fur-pfannen","status":"publish","type":"product","link":"https:\/\/www.creaearredanegozi.it\/de\/gn21-tn-28-610lt-kuhlmobel-mit-glastur-fur-pfannen\/","title":{"rendered":"K\u00fchlm\u00f6bel mit Glast\u00fcr f\u00fcr GN2\/1 TN 0\/+8 610Lt Pfannen"},"content":{"rendered":"<p class=\"blocco_pag\"><strong>Professionelle K\u00fchlvitrine,<\/strong><\/p>\n<ul class=\"gkBullet1\">\n<li>\u00c4u\u00dferes und inneres Material: farbig lackierter Stahl<\/li>\n<li>Material des Innenbodens: rostfreier Stahl 304<\/li>\n<li>Kompressor: Embraco<\/li>\n<li>Fan: EBM<\/li>\n<li>Regulierungsbeh\u00f6rde: Dixell<\/li>\n<li><strong>LED-Leuchten auf dem Dach und an jeder T\u00fcr<\/strong><\/li>\n<li>Selbstschlie\u00dfende T\u00fcr<\/li>\n<li>Tropenkompressor +43\u00b0C (Embraco)<\/li>\n<li>Bel\u00fcftete K\u00fchlung<\/li>\n<li><strong>R\u00e4der mit Bremse inklusive<\/strong><\/li>\n<li>T\u00fcr mit Sicherheitsschl\u00fcssel<\/li>\n<li>Auf Schienen montierte Gitterroste<\/li>\n<li><strong>K\u00e4ltemittelgas R134<\/strong><\/li>\n<\/ul>\n<p>STANDARDAUSR\u00dcSTUNG: 4 kunststoffbeschichtete Gitter 597 x 625 mm<\/p>\n<hr \/>\n<p><strong>Technische Daten<\/strong><\/p>\n<table class=\"table table-striped\">\n<tbody>\n<tr>\n<td>\n<div align=\"left\"><strong>Klassifizierung<\/strong><\/div>\n<\/td>\n<td>\n<div align=\"left\"><strong>K\u00fchlschrank (MBF8604)<\/strong><\/div>\n<\/td>\n<\/tr>\n<tr>\n<td>\n<div align=\"left\">Abmessungen (BxTxH mm)<\/div>\n<\/td>\n<td>\n<div align=\"left\">730 x 845 x 2130<\/div>\n<\/td>\n<\/tr>\n<tr>\n<td>\n<div align=\"left\">Fassungsverm\u00f6gen (Liter)<\/div>\n<\/td>\n<td>\n<div align=\"left\">670<\/div>\n<\/td>\n<\/tr>\n<tr>\n<td>\n<div align=\"left\">Innentemperatur (\u00baC)<\/div>\n<\/td>\n<td>\n<div align=\"left\">0\u00baC bis +8\u00baC<\/div>\n<\/td>\n<\/tr>\n<tr>\n<td>\n<div align=\"left\">Temperatur in der Umgebung<\/div>\n<\/td>\n<td>\n<div align=\"left\">+43\u00baC<\/div>\n<\/td>\n<\/tr>\n<tr>\n<td>\n<div align=\"left\">Luftfeuchtigkeit<\/div>\n<\/td>\n<td>\n<div align=\"left\">85%<\/div>\n<\/td>\n<\/tr>\n<tr>\n<td>\n<div align=\"left\">Kompressor (HP)<\/div>\n<\/td>\n<td>\n<div align=\"left\">1\/4<\/div>\n<\/td>\n<\/tr>\n<tr>\n<td>\n<div align=\"left\">Art der K\u00fchlung<\/div>\n<\/td>\n<td>\n<div align=\"left\">Bel\u00fcftet<\/div>\n<\/td>\n<\/tr>\n<tr>\n<td>\n<div align=\"left\">Typ der Temperaturregelung<\/div>\n<\/td>\n<td>\n<div align=\"left\">Digital (Carel)<\/div>\n<\/td>\n<\/tr>\n<tr>\n<td>\n<div align=\"left\">Ampere (A) 220v\/50hz<\/div>\n<\/td>\n<td>\n<div align=\"left\">2.3<\/div>\n<\/td>\n<\/tr>\n<tr>\n<td>\n<div align=\"left\">Leistung (W)<\/div>\n<\/td>\n<td>\n<div align=\"left\">338<\/div>\n<\/td>\n<\/tr>\n<tr>\n<td>\n<div align=\"left\">Nettogewicht (kg)<\/div>\n<\/td>\n<td>\n<div align=\"left\">120<\/div>\n<\/td>\n<\/tr>\n<\/tbody>\n<\/table>","protected":false},"excerpt":{"rendered":"<p>Vetrina frigo professionale, Materiale esterno e interno: acciaio verniciato colorato Materiale fondo interno: acciaio inox 304 Compressore: Embraco Ventilatore: EBM Regolatore: Dixell Luci a LED sul tetto e su ogni porta Porta a chiusura automatica Compressore tropicalizzato +43\u00b0C (Embraco) Refrigerazione ventilata Ruote con freno in dotazione Porta dotata di chiave di sicurezza Griglie montate su [&#8230;]","protected":false},"featured_media":8992,"comment_status":"closed","ping_status":"closed","template":"","meta":{"_monsterinsights_skip_tracking":false,"_monsterinsights_sitenote_active":false,"_monsterinsights_sitenote_note":"","_monsterinsights_sitenote_category":0},"product_brand":[626],"product_cat":[69,27,653],"product_tag":[],"class_list":{"0":"post-8989","1":"product","2":"type-product","3":"status-publish","4":"has-post-thumbnail","6":"product_brand-atosa","7":"product_cat-armadi-refrigerati","8":"product_cat-armadi-e-tavoli-refrigerati","9":"product_cat-refrigerazione","10":"product_shipping_class-33","11":"pa_marca-atosa","13":"first","14":"instock","15":"taxable","16":"shipping-taxable","17":"purchasable","18":"product-type-simple"},"_links":{"self":[{"href":"https:\/\/www.creaearredanegozi.it\/de\/wp-json\/wp\/v2\/product\/8989","targetHints":{"allow":["GET"]}}],"collection":[{"href":"https:\/\/www.creaearredanegozi.it\/de\/wp-json\/wp\/v2\/product"}],"about":[{"href":"https:\/\/www.creaearredanegozi.it\/de\/wp-json\/wp\/v2\/types\/product"}],"replies":[{"embeddable":true,"href":"https:\/\/www.creaearredanegozi.it\/de\/wp-json\/wp\/v2\/comments?post=8989"}],"wp:featuredmedia":[{"embeddable":true,"href":"https:\/\/www.creaearredanegozi.it\/de\/wp-json\/wp\/v2\/media\/8992"}],"wp:attachment":[{"href":"https:\/\/www.creaearredanegozi.it\/de\/wp-json\/wp\/v2\/media?parent=8989"}],"wp:term":[{"taxonomy":"product_brand","embeddable":true,"href":"https:\/\/www.creaearredanegozi.it\/de\/wp-json\/wp\/v2\/product_brand?post=8989"},{"taxonomy":"product_cat","embeddable":true,"href":"https:\/\/www.creaearredanegozi.it\/de\/wp-json\/wp\/v2\/product_cat?post=8989"},{"taxonomy":"product_tag","embeddable":true,"href":"https:\/\/www.creaearredanegozi.it\/de\/wp-json\/wp\/v2\/product_tag?post=8989"}],"curies":[{"name":"wp","href":"https:\/\/api.w.org\/{rel}","templated":true}]}}