{"id":8993,"date":"2017-09-05T20:15:37","date_gmt":"2017-09-05T18:15:37","guid":{"rendered":"https:\/\/www.creaearredanegozi.it\/?post_type=product&#038;p=8993"},"modified":"2025-12-03T22:02:25","modified_gmt":"2025-12-03T21:02:25","slug":"professionelle-beluftete-kuhltheke-gn1-1-tn-2-turen-temperatur-2-8-c","status":"publish","type":"product","link":"https:\/\/www.creaearredanegozi.it\/de\/professionelle-beluftete-kuhltheke-gn1-1-tn-2-turen-temperatur-2-8-c\/","title":{"rendered":"Bel\u00fcftete Profi-K\u00fchltheke GN1\/1 TN 2 T\u00fcren Temperatur -2\u00b0 \/ +8\u00b0 C"},"content":{"rendered":"<h3>GN1\/1 BEL\u00dcFTETE GEK\u00dcHLTE GASTRONOMIETISCHE TISCHE<\/h3>\n<p>Herausnehmbare Einbaueinheit f\u00fcr einfache Wartung - Kaltluftzirkulationsmuster, um nicht direkt mit dem<br \/>\nProdukt - elektronische Temperaturregelung mit digitalem Thermostat - elektrisches Heizelement um den T\u00fcrrahmen zur Vermeidung von<br \/>\nKondensation - automatische Abtauung mit elektrischem Heizelement und automatischer Abtautemperaturregelung - Verdunstung<br \/>\nautomatisches Kondenswasser - Verdampfer mit Korrosionsschutzbehandlung.<br \/>\nT\u00fcr mit R\u00fcckholfeder - werkzeuglos abnehmbare T\u00fcrdichtung - Boden mit abgerundeten Ecken - einfache Austauschbarkeit der T\u00fcren bei zwei und drei Schubladenschr\u00e4nken - leicht ausziehbare Schubladen mit Teleskopschienen aus Edelstahl. Verstellbare F\u00fc\u00dfe aus Edelstahl<br \/>\nin der H\u00f6he - M\u00f6glichkeit der Wandabst\u00fctzung.<\/p>\n<p><strong>G-GN2100TN und G-GN2200TN-FC bel\u00fcfteter K\u00fchltisch mit Forcold-Spritzwand<\/strong><\/p>\n<p>Konstruktion aus rostfreiem Stahl. Temperaturregelung \u00fcber den <strong>Elektronisches Panel<\/strong>.<\/p>\n<hr \/>\n<p><strong>Technische Daten<\/strong><\/p>\n<table class=\"table table-striped\">\n<tbody>\n<tr>\n<td>\n<div align=\"left\"><strong>Klassifizierung<\/strong><\/div>\n<\/td>\n<td>\n<div align=\"left\"><strong>G-GN2100TN-FC \/ G-GN2200TN-FC<\/strong><\/div>\n<\/td>\n<\/tr>\n<tr>\n<td>\n<div align=\"left\">Abmessungen (BxTxH cm)<\/div>\n<\/td>\n<td>\n<div align=\"left\">136 x 70 x 85h \/95 h mit Aufkantung<\/div>\n<\/td>\n<\/tr>\n<tr>\n<td>\n<div align=\"left\">Innenma\u00dfe (cm)<\/div>\n<\/td>\n<td>\n<div align=\"left\">90x53x56 h<\/div>\n<\/td>\n<\/tr>\n<tr>\n<td>\n<div align=\"left\">Fassungsverm\u00f6gen (Liter)<\/div>\n<\/td>\n<td>\n<div align=\"left\">282<\/div>\n<\/td>\n<\/tr>\n<tr>\n<td>\n<div align=\"left\">Innentemperatur (\u00baC)<\/div>\n<\/td>\n<td>\n<div align=\"left\">-2\u00baC bis +8\u00baC<\/div>\n<\/td>\n<\/tr>\n<tr>\n<td>\n<div align=\"left\">Temperatur in der Umgebung<\/div>\n<\/td>\n<td>\n<div align=\"left\">+32\u00b0C<\/div>\n<\/td>\n<\/tr>\n<tr>\n<td>\n<div align=\"left\">Luftfeuchtigkeit<\/div>\n<\/td>\n<td>\n<div align=\"left\">55%HR<\/div>\n<\/td>\n<\/tr>\n<tr>\n<td>\n<div align=\"left\">Art des K\u00fchlmittels<\/div>\n<\/td>\n<td>\n<div align=\"left\">R600a<\/div>\n<\/td>\n<\/tr>\n<tr>\n<td>\n<div align=\"left\">Kondenswasserverdunstung<\/div>\n<\/td>\n<td>\n<div align=\"left\">Automatisch<\/div>\n<\/td>\n<\/tr>\n<tr>\n<td>\n<div align=\"left\">Temperaturkontrolle<\/div>\n<\/td>\n<td>\n<div align=\"left\">Elektrisch<\/div>\n<\/td>\n<\/tr>\n<tr>\n<td>\n<div align=\"left\">Dicke der Isolierung<\/div>\n<\/td>\n<td>\n<div align=\"left\">60 mm<\/div>\n<\/td>\n<\/tr>\n<tr>\n<td>\n<div align=\"left\">Absorption (W)<\/div>\n<\/td>\n<td>\n<div align=\"left\">275<\/div>\n<\/td>\n<\/tr>\n<tr>\n<td>\n<div align=\"left\">Spannung<\/div>\n<\/td>\n<td>\n<div align=\"left\">230V \/ 50Hz<\/div>\n<\/td>\n<\/tr>\n<tr>\n<td>\n<div align=\"left\">Material<\/div>\n<\/td>\n<td>\n<div align=\"left\">rostfreier Stahl<\/div>\n<\/td>\n<\/tr>\n<tr>\n<td>\n<div align=\"left\">Umkehrung der T\u00fcr<\/div>\n<\/td>\n<td>\n<div align=\"left\">keine<\/div>\n<\/td>\n<\/tr>\n<tr>\n<td>\n<div align=\"left\">Innenbeleuchtung<\/div>\n<\/td>\n<td>\n<div align=\"left\">keine<\/div>\n<\/td>\n<\/tr>\n<tr>\n<td>\n<div align=\"left\">Mitgeliefertes Zubeh\u00f6r<\/div>\n<\/td>\n<td>\n<div align=\"left\">2 GN1\/1-Gitter<br \/>\n2 Paare von F\u00fchrern<\/div>\n<\/td>\n<\/tr>\n<tr>\n<td>\n<div align=\"left\">Energieklasse<\/div>\n<\/td>\n<td>\n<div align=\"left\">C<\/div>\n<\/td>\n<\/tr>\n<tr>\n<td>\n<div align=\"left\">Nettogewicht (kg)<\/div>\n<\/td>\n<td>\n<div align=\"left\">92<\/div>\n<\/td>\n<\/tr>\n<\/tbody>\n<\/table>","protected":false},"excerpt":{"rendered":"<p>TAVOLI REFRIGERATI GASTRONOMIA GN1\/1 VENTILATI Gruppo incorporato estraibile per facile manutenzione &#8211; andamento circolare dell\u2019aria fredda in modo da non toccare direttamente il prodotto &#8211; controllo temperatura elettronico con termostato digitale &#8211; resistenza elettrica intorno alla cornice porta per eliminazione della condensa &#8211; sbrinamento automatico con resistenza elettrica e controllo automatico della temperatura di sbrinamento [&#8230;]","protected":false},"featured_media":125586,"comment_status":"closed","ping_status":"closed","template":"","meta":{"_monsterinsights_skip_tracking":false,"_monsterinsights_sitenote_active":false,"_monsterinsights_sitenote_note":"","_monsterinsights_sitenote_category":0},"product_brand":[757,624],"product_cat":[70,27,653],"product_tag":[],"class_list":{"0":"post-8993","1":"product","2":"type-product","3":"status-publish","4":"has-post-thumbnail","6":"product_brand-forcold","7":"product_brand-forcar","8":"product_cat-tavoli-refrigerati","9":"product_cat-armadi-e-tavoli-refrigerati","10":"product_cat-refrigerazione","11":"product_shipping_class-l","12":"pa_classe-energetica-classe-c","13":"pa_marca-forcold","15":"first","16":"instock","17":"sale","18":"taxable","19":"shipping-taxable","20":"purchasable","21":"product-type-variable"},"_links":{"self":[{"href":"https:\/\/www.creaearredanegozi.it\/de\/wp-json\/wp\/v2\/product\/8993","targetHints":{"allow":["GET"]}}],"collection":[{"href":"https:\/\/www.creaearredanegozi.it\/de\/wp-json\/wp\/v2\/product"}],"about":[{"href":"https:\/\/www.creaearredanegozi.it\/de\/wp-json\/wp\/v2\/types\/product"}],"replies":[{"embeddable":true,"href":"https:\/\/www.creaearredanegozi.it\/de\/wp-json\/wp\/v2\/comments?post=8993"}],"wp:featuredmedia":[{"embeddable":true,"href":"https:\/\/www.creaearredanegozi.it\/de\/wp-json\/wp\/v2\/media\/125586"}],"wp:attachment":[{"href":"https:\/\/www.creaearredanegozi.it\/de\/wp-json\/wp\/v2\/media?parent=8993"}],"wp:term":[{"taxonomy":"product_brand","embeddable":true,"href":"https:\/\/www.creaearredanegozi.it\/de\/wp-json\/wp\/v2\/product_brand?post=8993"},{"taxonomy":"product_cat","embeddable":true,"href":"https:\/\/www.creaearredanegozi.it\/de\/wp-json\/wp\/v2\/product_cat?post=8993"},{"taxonomy":"product_tag","embeddable":true,"href":"https:\/\/www.creaearredanegozi.it\/de\/wp-json\/wp\/v2\/product_tag?post=8993"}],"curies":[{"name":"wp","href":"https:\/\/api.w.org\/{rel}","templated":true}]}}