{"id":9032,"date":"2017-09-22T19:25:39","date_gmt":"2017-09-22T17:25:39","guid":{"rendered":"https:\/\/www.creaearredanegozi.it\/?post_type=product&#038;p=9032"},"modified":"2025-12-03T20:39:15","modified_gmt":"2025-12-03T19:39:15","slug":"professionelle-hotel-flambe-wagen-1-kochplatte-2-brenner-nussbaum-furcar-cl2750","status":"publish","type":"product","link":"https:\/\/www.creaearredanegozi.it\/de\/professionelle-hotel-flambe-wagen-1-kochplatte-2-brenner-nussbaum-furcar-cl2750\/","title":{"rendered":"Professioneller Hotel Flambierwagen 1 Platte 2 Brenner Walnuss Forcar CL2750"},"content":{"rendered":"<h3>Professioneller Hotel Flambierwagen 1 Platte 2 Brenner Walnuss Forcar CL2750<\/h3>\n<p><strong>Flammkuchenwagen CL2750 Walnuss<\/strong><\/p>\n<ul>\n<li>Tragwerk aus einlagigem Birkensperrholz<\/li>\n<li>Vert\u00e4felung aus massivem Kastanienholz<\/li>\n<li>Kochfeld aus rostfreiem Stahl<\/li>\n<li>Seitliche Klappe<\/li>\n<li>Schiebegriff aus vermessingtem Stahl<\/li>\n<li>Flaschenhalter aus vermessingtem Stahl<\/li>\n<li>2 Schubladen<\/li>\n<li>2 kg Flaschenfach<\/li>\n<li>Standardm\u00e4\u00dfige multidirektionale R\u00e4der \u00f8 100 mm.<\/li>\n<li>1 Teller<\/li>\n<li>2 Br\u00e4nde<\/li>\n<li>Abmessungen: 107\/145x58x91h.<\/li>\n<\/ul>\n<hr \/>\n<p><strong>W\u00e4hlbare Optionen:<\/strong><\/p>\n<table class=\"table table-striped\">\n<tbody>\n<tr>\n<td><img decoding=\"async\" class=\"aligncenter wp-image-9034 size-thumbnail\" src=\"https:\/\/www.creaearredanegozi.it\/wp-content\/uploads\/2017\/09\/Ruote-cromate-standard3-200x200.jpg\" alt=\"\" width=\"200\" height=\"200\" title=\"\" srcset=\"https:\/\/www.creaearredanegozi.it\/wp-content\/uploads\/2017\/09\/Ruote-cromate-standard3-200x200.jpg 200w, https:\/\/www.creaearredanegozi.it\/wp-content\/uploads\/2017\/09\/Ruote-cromate-standard3-250x250.jpg 250w, https:\/\/www.creaearredanegozi.it\/wp-content\/uploads\/2017\/09\/Ruote-cromate-standard3-100x100.jpg 100w, https:\/\/www.creaearredanegozi.it\/wp-content\/uploads\/2017\/09\/Ruote-cromate-standard3-64x64.jpg 64w, https:\/\/www.creaearredanegozi.it\/wp-content\/uploads\/2017\/09\/Ruote-cromate-standard3.jpg 400w\" sizes=\"(max-width: 200px) 100vw, 200px\" \/><\/td>\n<td style=\"text-align: center;\">Standard-Rad<\/td>\n<\/tr>\n<tr>\n<td><img decoding=\"async\" class=\"aligncenter wp-image-9033 size-thumbnail\" src=\"https:\/\/www.creaearredanegozi.it\/wp-content\/uploads\/2017\/09\/ruota-con-cuffia-cromata-optional-200x200.jpg\" alt=\"\" width=\"200\" height=\"200\" title=\"\" srcset=\"https:\/\/www.creaearredanegozi.it\/wp-content\/uploads\/2017\/09\/ruota-con-cuffia-cromata-optional-200x200.jpg 200w, https:\/\/www.creaearredanegozi.it\/wp-content\/uploads\/2017\/09\/ruota-con-cuffia-cromata-optional-250x250.jpg 250w, https:\/\/www.creaearredanegozi.it\/wp-content\/uploads\/2017\/09\/ruota-con-cuffia-cromata-optional-100x100.jpg 100w, https:\/\/www.creaearredanegozi.it\/wp-content\/uploads\/2017\/09\/ruota-con-cuffia-cromata-optional-64x64.jpg 64w, https:\/\/www.creaearredanegozi.it\/wp-content\/uploads\/2017\/09\/ruota-con-cuffia-cromata-optional.jpg 400w\" sizes=\"(max-width: 200px) 100vw, 200px\" \/><\/td>\n<td>Rad mit Chromkappe<\/p>\n<p>f\u00fcr Wenge-Version<\/td>\n<\/tr>\n<tr>\n<td><img decoding=\"async\" class=\"aligncenter wp-image-9035 size-thumbnail\" src=\"https:\/\/www.creaearredanegozi.it\/wp-content\/uploads\/2017\/09\/ruote-cuffiate-ottonate-optional-200x200.jpg\" alt=\"\" width=\"200\" height=\"200\" title=\"\" srcset=\"https:\/\/www.creaearredanegozi.it\/wp-content\/uploads\/2017\/09\/ruote-cuffiate-ottonate-optional-200x200.jpg 200w, https:\/\/www.creaearredanegozi.it\/wp-content\/uploads\/2017\/09\/ruote-cuffiate-ottonate-optional-250x250.jpg 250w, https:\/\/www.creaearredanegozi.it\/wp-content\/uploads\/2017\/09\/ruote-cuffiate-ottonate-optional-100x100.jpg 100w, https:\/\/www.creaearredanegozi.it\/wp-content\/uploads\/2017\/09\/ruote-cuffiate-ottonate-optional-64x64.jpg 64w, https:\/\/www.creaearredanegozi.it\/wp-content\/uploads\/2017\/09\/ruote-cuffiate-ottonate-optional.jpg 400w\" sizes=\"(max-width: 200px) 100vw, 200px\" \/><\/td>\n<td>Rad mit Goldkappe<br \/>\nf\u00fcr die Version Walnuss<\/td>\n<\/tr>\n<\/tbody>\n<\/table>\n<p>&nbsp;<\/p>\n<p><img decoding=\"async\" class=\"alignnone size-full wp-image-122807\" src=\"https:\/\/www.creaearredanegozi.it\/wp-content\/uploads\/2017\/09\/bombola.jpg\" alt=\"\" width=\"250\" height=\"326\" title=\"\" srcset=\"https:\/\/www.creaearredanegozi.it\/wp-content\/uploads\/2017\/09\/bombola.jpg 250w, https:\/\/www.creaearredanegozi.it\/wp-content\/uploads\/2017\/09\/bombola-64x83.jpg 64w\" sizes=\"(max-width: 250px) 100vw, 250px\" \/><\/p>","protected":false},"excerpt":{"rendered":"<p>Carrello Flamb\u00e9 Professionale per Hotel 1 Piastra 2 Fuochi Noce Forcar CL2750 Carrello Flamb\u00e8 CL2750 Noce Struttura portante in legno multistrato di betulla monocorpo Rivestimento in legno massello di castagno Piano di cottura in acciaio inox Ribaltina laterale Maniglia di spinta in acciaio ottonato Portabottiglie in acciaio ottonato 2 cassetti Vano porta bombola da 2 [&#8230;]","protected":false},"featured_media":122808,"comment_status":"closed","ping_status":"closed","template":"","meta":{"_monsterinsights_skip_tracking":false,"_monsterinsights_sitenote_active":false,"_monsterinsights_sitenote_note":"","_monsterinsights_sitenote_category":0},"product_brand":[624],"product_cat":[276,29],"product_tag":[],"class_list":{"0":"post-9032","1":"product","2":"type-product","3":"status-publish","4":"has-post-thumbnail","6":"product_brand-forcar","7":"product_cat-carrelli-di-servizio","8":"product_cat-cesteria-e-carrelli","9":"product_shipping_class-i","11":"first","12":"instock","13":"sale","14":"taxable","15":"shipping-taxable","16":"purchasable","17":"product-type-simple"},"_links":{"self":[{"href":"https:\/\/www.creaearredanegozi.it\/de\/wp-json\/wp\/v2\/product\/9032","targetHints":{"allow":["GET"]}}],"collection":[{"href":"https:\/\/www.creaearredanegozi.it\/de\/wp-json\/wp\/v2\/product"}],"about":[{"href":"https:\/\/www.creaearredanegozi.it\/de\/wp-json\/wp\/v2\/types\/product"}],"replies":[{"embeddable":true,"href":"https:\/\/www.creaearredanegozi.it\/de\/wp-json\/wp\/v2\/comments?post=9032"}],"wp:featuredmedia":[{"embeddable":true,"href":"https:\/\/www.creaearredanegozi.it\/de\/wp-json\/wp\/v2\/media\/122808"}],"wp:attachment":[{"href":"https:\/\/www.creaearredanegozi.it\/de\/wp-json\/wp\/v2\/media?parent=9032"}],"wp:term":[{"taxonomy":"product_brand","embeddable":true,"href":"https:\/\/www.creaearredanegozi.it\/de\/wp-json\/wp\/v2\/product_brand?post=9032"},{"taxonomy":"product_cat","embeddable":true,"href":"https:\/\/www.creaearredanegozi.it\/de\/wp-json\/wp\/v2\/product_cat?post=9032"},{"taxonomy":"product_tag","embeddable":true,"href":"https:\/\/www.creaearredanegozi.it\/de\/wp-json\/wp\/v2\/product_tag?post=9032"}],"curies":[{"name":"wp","href":"https:\/\/api.w.org\/{rel}","templated":true}]}}