{"id":913,"date":"2015-03-19T18:55:56","date_gmt":"2015-03-19T17:55:56","guid":{"rendered":"http:\/\/52.11.64.91\/?post_type=product&#038;p=913"},"modified":"2023-07-03T19:49:12","modified_gmt":"2023-07-03T17:49:12","slug":"rollbretter-und-rollwagen","status":"publish","type":"product","link":"https:\/\/www.creaearredanegozi.it\/de\/rollbretter-und-rollwagen\/","title":{"rendered":"Schranke f\u00fcr die Zugangskontrolle zum Supermarkt"},"content":{"rendered":"<p>Edelstahl - 500 mm bis 3000 mm (mit Preisabweichungen) - \u00d8 45 mm<br \/>\nAusf\u00fchrung: 1000 mm<\/p>\n<p>Der Preis bezieht sich auf eine einzelne Stange von 1000 mm L\u00e4nge.<\/p>\n<p>&nbsp;<\/p>\n<blockquote><p><em>Die Schranken sind ein modulares System f\u00fcr die Zugangskontrolle. Der oben genannte Preis gilt f\u00fcr eine einzelne Edelstahlstange von 1000 mm L\u00e4nge. F\u00fcr einen Kostenvoranschlag senden Sie uns bitte eine E-Mail mit den von Ihnen gew\u00fcnschten Ma\u00dfen; senden Sie uns auch eine Entwurfsskizze, wir werden den Kostenvoranschlag mit dem maximal m\u00f6glichen Rabatt ausarbeiten. Oder rufen Sie uns an und erkl\u00e4ren Sie uns, wie Ihre Schranke aufgebaut sein soll.<\/em><\/p><\/blockquote>","protected":false},"excerpt":{"rendered":"<p>In acciaio inox \u2013 da 500 mm a 3000 mm (con variazioni di prezzo) \u2013 \u00d8 45 mm Versione: 1000 mm Il prezzo si riferisce ad una sola Sbarra di lunghezza 1000 mm &nbsp; Le transenne sono un sistema componibile per il controllo degli accessi. Il prezzo su indicato \u00e8 per una sola Sbarra in [&#8230;]","protected":false},"featured_media":0,"comment_status":"closed","ping_status":"closed","template":"","meta":{"_monsterinsights_skip_tracking":false,"_monsterinsights_sitenote_active":false,"_monsterinsights_sitenote_note":"","_monsterinsights_sitenote_category":0},"product_brand":[],"product_cat":[105],"product_tag":[],"class_list":{"0":"post-913","1":"product","2":"type-product","3":"status-publish","5":"product_cat-passapersone","6":"product_shipping_class-38","8":"first","9":"instock","10":"taxable","11":"shipping-taxable","12":"purchasable","13":"product-type-simple"},"_links":{"self":[{"href":"https:\/\/www.creaearredanegozi.it\/de\/wp-json\/wp\/v2\/product\/913","targetHints":{"allow":["GET"]}}],"collection":[{"href":"https:\/\/www.creaearredanegozi.it\/de\/wp-json\/wp\/v2\/product"}],"about":[{"href":"https:\/\/www.creaearredanegozi.it\/de\/wp-json\/wp\/v2\/types\/product"}],"replies":[{"embeddable":true,"href":"https:\/\/www.creaearredanegozi.it\/de\/wp-json\/wp\/v2\/comments?post=913"}],"wp:attachment":[{"href":"https:\/\/www.creaearredanegozi.it\/de\/wp-json\/wp\/v2\/media?parent=913"}],"wp:term":[{"taxonomy":"product_brand","embeddable":true,"href":"https:\/\/www.creaearredanegozi.it\/de\/wp-json\/wp\/v2\/product_brand?post=913"},{"taxonomy":"product_cat","embeddable":true,"href":"https:\/\/www.creaearredanegozi.it\/de\/wp-json\/wp\/v2\/product_cat?post=913"},{"taxonomy":"product_tag","embeddable":true,"href":"https:\/\/www.creaearredanegozi.it\/de\/wp-json\/wp\/v2\/product_tag?post=913"}],"curies":[{"name":"wp","href":"https:\/\/api.w.org\/{rel}","templated":true}]}}