{"id":921,"date":"2015-03-19T19:04:19","date_gmt":"2015-03-19T18:04:19","guid":{"rendered":"http:\/\/52.11.64.91\/?post_type=product&#038;p=921"},"modified":"2026-04-08T15:19:17","modified_gmt":"2026-04-08T13:19:17","slug":"rollcontainerwagen-fur-den-transport-von-kartons-oder-wasche","status":"publish","type":"product","link":"https:\/\/www.creaearredanegozi.it\/de\/rollcontainerwagen-fur-den-transport-von-kartons-oder-wasche\/","title":{"rendered":"Rollcontainer \/ Wagen f\u00fcr den Transport von Kartons oder W\u00e4sche"},"content":{"rendered":"<div class=\"std\">\n<h2 style=\"text-align: center;\">Rollcontainerwagen<\/h2>\n<p>Die <strong>Rollcontainer <\/strong>ist ein n\u00fctzliches Hilfsmittel zum Sammeln von verschmutzter W\u00e4sche in Hotels, Krankenh\u00e4usern und Altenheimen oder zum Transport von Waren in Lagerhallen. Robuste Konstruktion bestehend aus einem<strong> Sockel und zwei Seitenschienen<\/strong> aus elektrolytisch glanzverzinkten Rohren und St\u00e4ben hergestellt.<\/p>\n<p>Der Rollcontainerwagen ist mit zwei komfortablen Gurten ausgestattet, <strong>zwei feststehende R\u00e4der <\/strong>e <strong>zwei richtungsgebundene R\u00e4der <\/strong>um ihre Bewegung zu erleichtern.<\/p>\n<p><em><strong>Technische Merkmale:<\/strong><\/em><\/p>\n<ul>\n<li>Material: elektrolytisch blank verzinkte Rohre und St\u00e4be<\/li>\n<li>Aufbau: 1 Rollsockel + 2 Seitengitter + 2 verstellbare Gurte<\/li>\n<li>R\u00e4der aus Polypropylen \u00d8 10 cm<\/li>\n<li>Anzahl der R\u00e4der: 4 (2 feste und 2 lenkbare, schwarz oder wei\u00df)<\/li>\n<li>Maximale Tragf\u00e4higkeit: 600 kg<\/li>\n<li>Maximale Gesamtabmessungen: L.720 x T.810 x H.1800 mm<\/li>\n<li>Werkzeugloses Schnellkupplungssystem<\/li>\n<\/ul>\n<p>Optional:<\/p>\n<ul>\n<li>Heckklappe<\/li>\n<li>Zwischenablage (max. 3)<\/li>\n<li>Vordert\u00fcr kann zu 2\/3 ge\u00f6ffnet werden<\/li>\n<\/ul>\n<p>Weitere Informationen<\/p>\n<\/div>\n<table class=\"table table--striped\" width=\"100%\">\n<colgroup>\n<col \/>\n<col \/><\/colgroup>\n<tbody>\n<tr>\n<th width=\"50%\">H\u00f6he<\/th>\n<td style=\"text-align: center;\" width=\"50%\">180 cm<\/td>\n<\/tr>\n<tr>\n<th>Breite<\/th>\n<td style=\"text-align: center;\">72 cm<\/td>\n<\/tr>\n<tr>\n<th>Tiefe<\/th>\n<td style=\"text-align: center;\">81 cm<\/td>\n<\/tr>\n<tr>\n<th>Material<\/th>\n<td style=\"text-align: center;\">Metall<\/td>\n<\/tr>\n<\/tbody>\n<\/table>\n<p>&nbsp;<\/p>","protected":false},"excerpt":{"rendered":"<p>Carrello roll container Il roll container \u00e8 uno strumento utile per il ritiro della biancheria sporca all&#8217;interno di alberghi, ospedali e case di riposo o per il trasporto di merci all&#8217;interno dei magazzini. Struttura robusta composta da una base e due sponde laterali realizzate in tubo e tondini trattati con zincatura elettrolitica brillante. Il carrello [&#8230;]","protected":false},"featured_media":128353,"comment_status":"closed","ping_status":"closed","template":"","meta":{"_monsterinsights_skip_tracking":false,"_monsterinsights_sitenote_active":false,"_monsterinsights_sitenote_note":"","_monsterinsights_sitenote_category":0},"product_brand":[],"product_cat":[276,29],"product_tag":[],"class_list":{"0":"post-921","1":"product","2":"type-product","3":"status-publish","4":"has-post-thumbnail","6":"product_cat-carrelli-di-servizio","7":"product_cat-cesteria-e-carrelli","8":"product_shipping_class-i","9":"pa_marca-metalcarrelli","11":"first","12":"instock","13":"taxable","14":"shipping-taxable","15":"purchasable","16":"product-type-simple"},"_links":{"self":[{"href":"https:\/\/www.creaearredanegozi.it\/de\/wp-json\/wp\/v2\/product\/921","targetHints":{"allow":["GET"]}}],"collection":[{"href":"https:\/\/www.creaearredanegozi.it\/de\/wp-json\/wp\/v2\/product"}],"about":[{"href":"https:\/\/www.creaearredanegozi.it\/de\/wp-json\/wp\/v2\/types\/product"}],"replies":[{"embeddable":true,"href":"https:\/\/www.creaearredanegozi.it\/de\/wp-json\/wp\/v2\/comments?post=921"}],"wp:featuredmedia":[{"embeddable":true,"href":"https:\/\/www.creaearredanegozi.it\/de\/wp-json\/wp\/v2\/media\/128353"}],"wp:attachment":[{"href":"https:\/\/www.creaearredanegozi.it\/de\/wp-json\/wp\/v2\/media?parent=921"}],"wp:term":[{"taxonomy":"product_brand","embeddable":true,"href":"https:\/\/www.creaearredanegozi.it\/de\/wp-json\/wp\/v2\/product_brand?post=921"},{"taxonomy":"product_cat","embeddable":true,"href":"https:\/\/www.creaearredanegozi.it\/de\/wp-json\/wp\/v2\/product_cat?post=921"},{"taxonomy":"product_tag","embeddable":true,"href":"https:\/\/www.creaearredanegozi.it\/de\/wp-json\/wp\/v2\/product_tag?post=921"}],"curies":[{"name":"wp","href":"https:\/\/api.w.org\/{rel}","templated":true}]}}