{"id":9212,"date":"2017-10-27T10:23:31","date_gmt":"2017-10-27T08:23:31","guid":{"rendered":"https:\/\/www.creaearredanegozi.it\/?post_type=product&#038;p=9212"},"modified":"2026-01-26T12:21:51","modified_gmt":"2026-01-26T11:21:51","slug":"affettatrice-lama-350-automatica-obliqua-a-gravita-ce-professionale","status":"publish","type":"product","link":"https:\/\/www.creaearredanegozi.it\/de\/affettatrice-lama-350-automatica-obliqua-a-gravita-ce-professionale\/","title":{"rendered":"Professionelle CE Automatische Schr\u00e4gklingenschneidemaschine 350"},"content":{"rendered":"<h3>Affettatrice automatica lama 35 a gravit\u00e0<\/h3>\n<p><strong>Automatische Schneidemaschine<\/strong> Professionell konzipiert f\u00fcr das Schneiden von Wurst, K\u00e4se, Brot und Fisch. Der automatische Vorschubmechanismus wird durch einen Hebel unter der flachen St\u00fctze, die der Bediener zu entscheiden, ob die Schneidemaschine auch manuell zu betreiben erlaubt betrieben<\/p>\n<ul>\n<li>Eloxierter Aluminiumrahmen<\/li>\n<li>Spessore taglio: 0 ~ 15 mm<\/li>\n<li>Fester Anspitzer<\/li>\n<li>Automatische Motorleistung: 350 W<\/li>\n<li>Herkunft: Europ\u00e4ische Gemeinschaft<\/li>\n<li>Platte mit verstellbarer Stange<\/li>\n<li>Taglio al minuto: 60 fette<\/li>\n<li>Possibilit\u00e0 uso manuale o automatico (accensione indipendente dell&#8217;affettatrice e dell&#8217;automatismo)<\/li>\n<\/ul>\n<hr \/>\n<p><strong>Technische Daten<\/strong><\/p>\n<table class=\"table table-striped\">\n<tbody>\n<tr>\n<td><strong>Modell<\/strong><\/td>\n<td><strong>AU S 350 FR CEP<\/strong><\/td>\n<\/tr>\n<tr>\n<td>Code<\/td>\n<td>AFF01775<\/td>\n<\/tr>\n<tr>\n<td>Leistung (W)<\/td>\n<td>300<\/td>\n<\/tr>\n<tr>\n<td>Potenza automatismo (W)<\/td>\n<td>350<\/td>\n<\/tr>\n<tr>\n<td>Klinge \u00d8 (mm)<\/td>\n<td>350<\/td>\n<\/tr>\n<tr>\n<td>Nutzbarer Schnitt (mm)<\/td>\n<td>280&#215;220<\/td>\n<\/tr>\n<tr>\n<td>Spessore Taglio (mm)<\/td>\n<td>0-15<\/td>\n<\/tr>\n<tr>\n<td>Taglio al minuto<\/td>\n<td>60 fette<\/td>\n<\/tr>\n<tr>\n<td>Hub des Schlittens (mm)<\/td>\n<td>310<\/td>\n<\/tr>\n<tr>\n<td>Nettogewicht (kg)<\/td>\n<td>63<\/td>\n<\/tr>\n<tr>\n<td>Bruttogewicht (kg)<\/td>\n<td>67<\/td>\n<\/tr>\n<tr>\n<td>Abmessungen (BxTxH)<\/td>\n<td>680 x 515 x 660<\/td>\n<\/tr>\n<\/tbody>\n<\/table>","protected":false},"excerpt":{"rendered":"<p>Affettatrice automatica lama 35 a gravit\u00e0 Affettatrice Automatica professionale studiata per tagliare salumi, formaggi, pane e pesce. Il meccanismo d&#8217;avanzamento automatico \u00e8 azionato da una levetta sotto il supporto piatto, che permette all&#8217;operatore di decidere se comandare l&#8217;affettatrice anche manualmente Telaio in alluminio anodizzato Spessore taglio: 0 ~ 15 mm Affilatoio fisso Potenza motore automatismo: [&#8230;]","protected":false},"featured_media":123701,"comment_status":"closed","ping_status":"closed","template":"","meta":{"_monsterinsights_skip_tracking":false,"_monsterinsights_sitenote_active":false,"_monsterinsights_sitenote_note":"","_monsterinsights_sitenote_category":0},"product_brand":[641],"product_cat":[51,677,678],"product_tag":[],"class_list":{"0":"post-9212","1":"product","2":"type-product","3":"status-publish","4":"has-post-thumbnail","6":"product_brand-beckers","7":"product_cat-affettatrici","8":"product_cat-affettatrici-professionali","9":"product_cat-affettatrici-salumi","10":"product_shipping_class-33","11":"pa_marca-beckers","13":"first","14":"instock","15":"taxable","16":"shipping-taxable","17":"purchasable","18":"product-type-simple"},"_links":{"self":[{"href":"https:\/\/www.creaearredanegozi.it\/de\/wp-json\/wp\/v2\/product\/9212","targetHints":{"allow":["GET"]}}],"collection":[{"href":"https:\/\/www.creaearredanegozi.it\/de\/wp-json\/wp\/v2\/product"}],"about":[{"href":"https:\/\/www.creaearredanegozi.it\/de\/wp-json\/wp\/v2\/types\/product"}],"replies":[{"embeddable":true,"href":"https:\/\/www.creaearredanegozi.it\/de\/wp-json\/wp\/v2\/comments?post=9212"}],"wp:featuredmedia":[{"embeddable":true,"href":"https:\/\/www.creaearredanegozi.it\/de\/wp-json\/wp\/v2\/media\/123701"}],"wp:attachment":[{"href":"https:\/\/www.creaearredanegozi.it\/de\/wp-json\/wp\/v2\/media?parent=9212"}],"wp:term":[{"taxonomy":"product_brand","embeddable":true,"href":"https:\/\/www.creaearredanegozi.it\/de\/wp-json\/wp\/v2\/product_brand?post=9212"},{"taxonomy":"product_cat","embeddable":true,"href":"https:\/\/www.creaearredanegozi.it\/de\/wp-json\/wp\/v2\/product_cat?post=9212"},{"taxonomy":"product_tag","embeddable":true,"href":"https:\/\/www.creaearredanegozi.it\/de\/wp-json\/wp\/v2\/product_tag?post=9212"}],"curies":[{"name":"wp","href":"https:\/\/api.w.org\/{rel}","templated":true}]}}