{"id":9230,"date":"2017-11-03T11:07:03","date_gmt":"2017-11-03T10:07:03","guid":{"rendered":"https:\/\/www.creaearredanegozi.it\/?post_type=product&#038;p=9230"},"modified":"2026-01-26T15:35:00","modified_gmt":"2026-01-26T14:35:00","slug":"schokoladenmaschine-6-liter-dispenser-farbe-schwarz-beckers","status":"publish","type":"product","link":"https:\/\/www.creaearredanegozi.it\/de\/schokoladenmaschine-6-liter-dispenser-farbe-schwarz-beckers\/","title":{"rendered":"Chocolatier 6 Liter Spender Farbe Schwarz C-02 Beckers"},"content":{"rendered":"<p><strong>Schokoladenspender 6 Liter<\/strong><\/p>\n<p>Eleganter Thekendispenser, der speziell f\u00fcr die Ausgabe und Zubereitung von Schokolade und anderen Hei\u00dfgetr\u00e4nken entwickelt wurde. Maximale Produktpr\u00e4sentation steigert Umsatz und Gewinn.<br \/>\n6-Liter-Beh\u00e4lter aus lebensmittelechtem, sto\u00dffestem Polycarbonat, leicht abnehmbar.<br \/>\nDer Wasserhahn ist komplett abnehmbar, um eine perfekte Reinigung zu erm\u00f6glichen.<br \/>\nEinstellbare Getr\u00e4nketemperatur mit manuellem Thermostat.<\/p>\n<ul>\n<li>Thekendispenser,<\/li>\n<li>Speziell f\u00fcr das Ausgie\u00dfen und Kochen von Schokolade oder anderen Hei\u00dfgetr\u00e4nken mit unterschiedlicher Dichte entwickelt,<\/li>\n<li>Transparenter sto\u00dffester Lebensmittelbeh\u00e4lter aus Polycarbonat<\/li>\n<li>Kapazit\u00e4t lt 6<\/li>\n<li>Vollst\u00e4ndig demontierbarer Wasserhahn<\/li>\n<li>Thermostat 0\u00b0- 90\u00b0c<\/li>\n<li>Direkte Beheizung mit kontinuierlichem R\u00fchren<\/li>\n<li>Ausschlie\u00dflich in Schwarz erh\u00e4ltlich.<\/li>\n<\/ul>\n<table style=\"border-collapse: collapse; width: 100%;\">\n<tbody>\n<tr>\n<td style=\"width: 50%;\">Leistung\/Spannung:<\/td>\n<td style=\"width: 50%;\">1200 Watt - 230V\/50-60 Hz<\/td>\n<\/tr>\n<tr>\n<td style=\"width: 50%;\">Abmessungen der Maschine<\/td>\n<td style=\"width: 50%;\">B26xT26xH47 cm<\/td>\n<\/tr>\n<tr>\n<td style=\"width: 50%;\">Gesamtabmessungen<\/td>\n<td style=\"width: 50%;\">B38xT26xH47<\/td>\n<\/tr>\n<tr>\n<td style=\"width: 50%;\">Nettogewicht<\/td>\n<td style=\"width: 50%;\">5 kg<\/td>\n<\/tr>\n<\/tbody>\n<\/table>\n<p>&nbsp;<\/p>\n<hr \/>\n<p style=\"text-align: center;\"><iframe loading=\"lazy\" src=\"https:\/\/www.youtube-nocookie.com\/embed\/bHXJhsYuOE0\" width=\"100%\" height=\"auto\" frameborder=\"0\" allowfullscreen=\"allowfullscreen\"><span data-mce-type=\"bookmark\" style=\"display: inline-block; width: 0px; overflow: hidden; line-height: 0;\" class=\"mce_SELRES_start\"><\/span><\/iframe><\/p>","protected":false},"excerpt":{"rendered":"<p>Cioccolatiera Dispenser cioccolato 6 litri Elegante distributore da banco appositamente studiato per la mescita e la cottura di cioccolato e di altre bevande calde pi\u00f9 o meno dense. La massima esposizione del prodotto, incrementa le vendite ed i profitti. Contenitore da 6 litri, in policarbonato antiurto per alimenti, facilmente estraibile. Il rubinetto \u00e8 completamente smontabile [&#8230;]","protected":false},"featured_media":9232,"comment_status":"closed","ping_status":"closed","template":"","meta":{"_monsterinsights_skip_tracking":false,"_monsterinsights_sitenote_active":false,"_monsterinsights_sitenote_note":"","_monsterinsights_sitenote_category":0},"product_brand":[641],"product_cat":[207],"product_tag":[],"class_list":{"0":"post-9230","1":"product","2":"type-product","3":"status-publish","4":"has-post-thumbnail","6":"product_brand-beckers","7":"product_cat-granitori","8":"product_shipping_class-f","9":"pa_marca-beckers","11":"first","12":"instock","13":"taxable","14":"shipping-taxable","15":"purchasable","16":"product-type-simple"},"_links":{"self":[{"href":"https:\/\/www.creaearredanegozi.it\/de\/wp-json\/wp\/v2\/product\/9230","targetHints":{"allow":["GET"]}}],"collection":[{"href":"https:\/\/www.creaearredanegozi.it\/de\/wp-json\/wp\/v2\/product"}],"about":[{"href":"https:\/\/www.creaearredanegozi.it\/de\/wp-json\/wp\/v2\/types\/product"}],"replies":[{"embeddable":true,"href":"https:\/\/www.creaearredanegozi.it\/de\/wp-json\/wp\/v2\/comments?post=9230"}],"wp:featuredmedia":[{"embeddable":true,"href":"https:\/\/www.creaearredanegozi.it\/de\/wp-json\/wp\/v2\/media\/9232"}],"wp:attachment":[{"href":"https:\/\/www.creaearredanegozi.it\/de\/wp-json\/wp\/v2\/media?parent=9230"}],"wp:term":[{"taxonomy":"product_brand","embeddable":true,"href":"https:\/\/www.creaearredanegozi.it\/de\/wp-json\/wp\/v2\/product_brand?post=9230"},{"taxonomy":"product_cat","embeddable":true,"href":"https:\/\/www.creaearredanegozi.it\/de\/wp-json\/wp\/v2\/product_cat?post=9230"},{"taxonomy":"product_tag","embeddable":true,"href":"https:\/\/www.creaearredanegozi.it\/de\/wp-json\/wp\/v2\/product_tag?post=9230"}],"curies":[{"name":"wp","href":"https:\/\/api.w.org\/{rel}","templated":true}]}}