{"id":924,"date":"2015-03-19T19:09:56","date_gmt":"2015-03-19T18:09:56","guid":{"rendered":"http:\/\/52.11.64.91\/?post_type=product&#038;p=924"},"modified":"2025-02-19T18:19:53","modified_gmt":"2025-02-19T17:19:53","slug":"leichte-4-rad-plattform-mit-150-kg-tragfahigkeit","status":"publish","type":"product","link":"https:\/\/www.creaearredanegozi.it\/de\/leichte-4-rad-plattform-mit-150-kg-tragfahigkeit\/","title":{"rendered":"Leichte 4-Rad-Plattform Tragf\u00e4higkeit 150 kg"},"content":{"rendered":"<h2>Pritsche f\u00fcr Warentransport mit Klappgriff<\/h2>\n<p>R\u00c4DER: 4 R\u00e4der, \u00d8 125 mm Gummi<br \/>\nGEWICHT: 150 kg<br \/>\nMit Drahtladefl\u00e4che<br \/>\nAbmessungen: BxTxH 460x1000x980<br \/>\nAusf\u00fchrung: Verzinkung + transparente Polyesterfarbe - Rote Kappe<\/p>","protected":false},"excerpt":{"rendered":"<p>Verf\u00fcgbarkeit: 15\/20 Tage<\/p>","protected":false},"featured_media":125817,"comment_status":"closed","ping_status":"closed","template":"","meta":{"_monsterinsights_skip_tracking":false,"_monsterinsights_sitenote_active":false,"_monsterinsights_sitenote_note":"","_monsterinsights_sitenote_category":0},"product_brand":[],"product_cat":[103,29],"product_tag":[],"class_list":{"0":"post-924","1":"product","2":"type-product","3":"status-publish","4":"has-post-thumbnail","6":"product_cat-carrellicestelli","7":"product_cat-cesteria-e-carrelli","8":"product_shipping_class-d","10":"first","11":"instock","12":"taxable","13":"shipping-taxable","14":"purchasable","15":"product-type-simple"},"_links":{"self":[{"href":"https:\/\/www.creaearredanegozi.it\/de\/wp-json\/wp\/v2\/product\/924","targetHints":{"allow":["GET"]}}],"collection":[{"href":"https:\/\/www.creaearredanegozi.it\/de\/wp-json\/wp\/v2\/product"}],"about":[{"href":"https:\/\/www.creaearredanegozi.it\/de\/wp-json\/wp\/v2\/types\/product"}],"replies":[{"embeddable":true,"href":"https:\/\/www.creaearredanegozi.it\/de\/wp-json\/wp\/v2\/comments?post=924"}],"wp:featuredmedia":[{"embeddable":true,"href":"https:\/\/www.creaearredanegozi.it\/de\/wp-json\/wp\/v2\/media\/125817"}],"wp:attachment":[{"href":"https:\/\/www.creaearredanegozi.it\/de\/wp-json\/wp\/v2\/media?parent=924"}],"wp:term":[{"taxonomy":"product_brand","embeddable":true,"href":"https:\/\/www.creaearredanegozi.it\/de\/wp-json\/wp\/v2\/product_brand?post=924"},{"taxonomy":"product_cat","embeddable":true,"href":"https:\/\/www.creaearredanegozi.it\/de\/wp-json\/wp\/v2\/product_cat?post=924"},{"taxonomy":"product_tag","embeddable":true,"href":"https:\/\/www.creaearredanegozi.it\/de\/wp-json\/wp\/v2\/product_tag?post=924"}],"curies":[{"name":"wp","href":"https:\/\/api.w.org\/{rel}","templated":true}]}}