{"id":925,"date":"2015-03-19T19:10:33","date_gmt":"2015-03-19T18:10:33","guid":{"rendered":"http:\/\/52.11.64.91\/?post_type=product&#038;p=925"},"modified":"2025-03-17T10:25:30","modified_gmt":"2025-03-17T09:25:30","slug":"gartenpritsche-mit-kippkorb","status":"publish","type":"product","link":"https:\/\/www.creaearredanegozi.it\/de\/gartenpritsche-mit-kippkorb\/","title":{"rendered":"Abf\u00fcllbare Gartenplattform mit kippbarem Korb"},"content":{"rendered":"<h2>Abf\u00fcllbares \"brico\"-Brett<\/h2>\n<ul>\n<li>mit kippbarem Oberkorb f\u00fcr den Transport von Waren<\/li>\n<li>Konstruktion aus Metallrohr und verzinktem Draht<\/li>\n<li>Gitterrostauflagefl\u00e4che<\/li>\n<\/ul>\n<p>R\u00c4DER: 4 schwenkbare Gummir\u00e4der \u00d8 125 mm<br \/>\nLASTF\u00c4HIGKEIT: 250 kg<br \/>\nMit kippbarem Oberkorb (Tragf\u00e4higkeit 32 kg)<br \/>\nAbmessungen: BxTxH 1080 x 540 x 935 mm<\/p>\n<p>Abmessungen des Korbes: 65x49x13 cm<br \/>\nAusf\u00fchrung: Verzinkung + transparente Polyesterfarbe<\/p>\n<p><img decoding=\"async\" class=\"alignnone size-full wp-image-123401\" src=\"https:\/\/www.creaearredanegozi.it\/wp-content\/uploads\/2015\/03\/pianetta_portassi_dimensioni.jpg\" alt=\"\" width=\"100%\" height=\"auto\" title=\"\" srcset=\"https:\/\/www.creaearredanegozi.it\/wp-content\/uploads\/2015\/03\/pianetta_portassi_dimensioni.jpg 808w, https:\/\/www.creaearredanegozi.it\/wp-content\/uploads\/2015\/03\/pianetta_portassi_dimensioni-250x250.jpg 250w, https:\/\/www.creaearredanegozi.it\/wp-content\/uploads\/2015\/03\/pianetta_portassi_dimensioni-100x100.jpg 100w, https:\/\/www.creaearredanegozi.it\/wp-content\/uploads\/2015\/03\/pianetta_portassi_dimensioni-516x516.jpg 516w, https:\/\/www.creaearredanegozi.it\/wp-content\/uploads\/2015\/03\/pianetta_portassi_dimensioni-64x64.jpg 64w, https:\/\/www.creaearredanegozi.it\/wp-content\/uploads\/2015\/03\/pianetta_portassi_dimensioni-400x400.jpg 400w, https:\/\/www.creaearredanegozi.it\/wp-content\/uploads\/2015\/03\/pianetta_portassi_dimensioni-800x800.jpg 800w, https:\/\/www.creaearredanegozi.it\/wp-content\/uploads\/2015\/03\/pianetta_portassi_dimensioni-280x280.jpg 280w, https:\/\/www.creaearredanegozi.it\/wp-content\/uploads\/2015\/03\/pianetta_portassi_dimensioni-768x768.jpg 768w\" sizes=\"(max-width: 808px) 100vw, 808px\" \/> <img decoding=\"async\" class=\"alignnone size-full wp-image-123402\" src=\"https:\/\/www.creaearredanegozi.it\/wp-content\/uploads\/2015\/03\/pianetta_portassi_impilabile.jpg\" alt=\"\" width=\"100%\" height=\"auto\" title=\"\" srcset=\"https:\/\/www.creaearredanegozi.it\/wp-content\/uploads\/2015\/03\/pianetta_portassi_impilabile.jpg 815w, https:\/\/www.creaearredanegozi.it\/wp-content\/uploads\/2015\/03\/pianetta_portassi_impilabile-516x403.jpg 516w, https:\/\/www.creaearredanegozi.it\/wp-content\/uploads\/2015\/03\/pianetta_portassi_impilabile-64x50.jpg 64w, https:\/\/www.creaearredanegozi.it\/wp-content\/uploads\/2015\/03\/pianetta_portassi_impilabile-512x400.jpg 512w, https:\/\/www.creaearredanegozi.it\/wp-content\/uploads\/2015\/03\/pianetta_portassi_impilabile-768x600.jpg 768w\" sizes=\"(max-width: 815px) 100vw, 815px\" \/><\/p>","protected":false},"excerpt":{"rendered":"<p>Pianetta &#8220;brico&#8221; imbottigliabile con cesto superiore ribaltabile per il trasporto di merci Costruzione in tubolare metallico e filo zincato piano di appoggio a griglia RUOTE: 4 girevoli \u00d8 125 mm in gomma PORTATA: 250 kg Con cesto superiore ribaltabile (portata 32 kg) Dimensioni: LxPxH 1080 x 540 x 935 mm Dimensioni Cesto: 65x49x13 cm Finitura: [&#8230;]","protected":false},"featured_media":123404,"comment_status":"closed","ping_status":"closed","template":"","meta":{"_monsterinsights_skip_tracking":false,"_monsterinsights_sitenote_active":false,"_monsterinsights_sitenote_note":"","_monsterinsights_sitenote_category":0},"product_brand":[],"product_cat":[103,29],"product_tag":[],"class_list":{"0":"post-925","1":"product","2":"type-product","3":"status-publish","4":"has-post-thumbnail","6":"product_cat-carrellicestelli","7":"product_cat-cesteria-e-carrelli","8":"product_shipping_class-m","10":"first","11":"instock","12":"taxable","13":"shipping-taxable","14":"purchasable","15":"product-type-simple"},"_links":{"self":[{"href":"https:\/\/www.creaearredanegozi.it\/de\/wp-json\/wp\/v2\/product\/925","targetHints":{"allow":["GET"]}}],"collection":[{"href":"https:\/\/www.creaearredanegozi.it\/de\/wp-json\/wp\/v2\/product"}],"about":[{"href":"https:\/\/www.creaearredanegozi.it\/de\/wp-json\/wp\/v2\/types\/product"}],"replies":[{"embeddable":true,"href":"https:\/\/www.creaearredanegozi.it\/de\/wp-json\/wp\/v2\/comments?post=925"}],"wp:featuredmedia":[{"embeddable":true,"href":"https:\/\/www.creaearredanegozi.it\/de\/wp-json\/wp\/v2\/media\/123404"}],"wp:attachment":[{"href":"https:\/\/www.creaearredanegozi.it\/de\/wp-json\/wp\/v2\/media?parent=925"}],"wp:term":[{"taxonomy":"product_brand","embeddable":true,"href":"https:\/\/www.creaearredanegozi.it\/de\/wp-json\/wp\/v2\/product_brand?post=925"},{"taxonomy":"product_cat","embeddable":true,"href":"https:\/\/www.creaearredanegozi.it\/de\/wp-json\/wp\/v2\/product_cat?post=925"},{"taxonomy":"product_tag","embeddable":true,"href":"https:\/\/www.creaearredanegozi.it\/de\/wp-json\/wp\/v2\/product_tag?post=925"}],"curies":[{"name":"wp","href":"https:\/\/api.w.org\/{rel}","templated":true}]}}