{"id":926,"date":"2015-03-19T19:11:43","date_gmt":"2015-03-19T18:11:43","guid":{"rendered":"http:\/\/52.11.64.91\/?post_type=product&#038;p=926"},"modified":"2025-09-19T11:09:05","modified_gmt":"2025-09-19T09:09:05","slug":"plattform-4-rader-kapazitat-300-kg","status":"publish","type":"product","link":"https:\/\/www.creaearredanegozi.it\/de\/plattform-4-rader-kapazitat-300-kg\/","title":{"rendered":"Drahtb\u00fchne 4 R\u00e4der Kapazit\u00e4t 300 kg"},"content":{"rendered":"<h2>4-Rad-Plattform max. Tragf\u00e4higkeit 300 kg<\/h2>\n<p>4 Versionen verf\u00fcgbar:<\/p>\n<ul>\n<li>mit 2 Bock- und 2 Lenkrollen<\/li>\n<li>mit 4 Lenkrollen<\/li>\n<li>beide k\u00f6nnen mit einem klappbaren oberen Drahtboden ausgestattet werden<\/li>\n<\/ul>\n<p>R\u00c4DER: 4 R\u00e4der, \u00d8 160 mm Gummi<br \/>\nGEWICHT: 300 kg<br \/>\nMit Drahtladefl\u00e4che<br \/>\nAbmessungen: BxTxH 460x800x955<br \/>\nAusf\u00fchrung: Lackierter Rahmen und verzinkte, klar beschichtete Platte<\/p>\n<hr \/>\n<p>Hier sind einige Vorteile der Verwendung einer Pritsche f\u00fcr den Transport von G\u00fctern:<\/p>\n<ol>\n<li><strong>Tragf\u00e4higkeit<\/strong>Die Pritschen haben eine gro\u00dfe Ladefl\u00e4che, so dass auch gro\u00dfe und schwere Gegenst\u00e4nde transportiert werden k\u00f6nnen.<\/li>\n<li><strong>Erreichbarkeit<\/strong>Die offene Struktur erleichtert das Be- und Entladen von Waren und beschleunigt den Prozess.<\/li>\n<li><strong>Vielseitigkeit<\/strong>Sie k\u00f6nnen f\u00fcr eine Vielzahl von Waren verwendet werden, von Baumaterialien \u00fcber Industrieprodukte bis hin zu Handelswaren.<\/li>\n<li><strong>Stabilit\u00e4t<\/strong>Eine gut konzipierte Plattform sorgt f\u00fcr Stabilit\u00e4t w\u00e4hrend des Transports und verringert das Risiko von Sch\u00e4den an der Ladung.<\/li>\n<li><strong>Leichtes Man\u00f6vrieren<\/strong>Die mit Lenkrollen ausgestatteten Paletten k\u00f6nnen auch leicht von Hand bewegt werden, was die Arbeit in Lagern oder Ladebereichen erleichtert.<\/li>\n<li><strong>Zeitoptimierung<\/strong>Der Einsatz einer Plattform verk\u00fcrzt die Be- und Entladezeiten, da sie einfach zu bedienen und zug\u00e4nglich ist, und erh\u00f6ht so die betriebliche Gesamteffizienz.<\/li>\n<li><strong>Flexibilit\u00e4t<\/strong>Sie k\u00f6nnen in verschiedenen Bereichen eingesetzt werden, von der Industrie bis zur Logistik, und passen sich den unterschiedlichen Transportanforderungen an.<\/li>\n<li><strong>Dauerhaftigkeit<\/strong>Die Flachbetten sind aus langlebigen Materialien gefertigt, die auch unter intensiven Arbeitsbedingungen eine lange Lebensdauer gew\u00e4hrleisten.<\/li>\n<\/ol>\n<p>Der Einsatz einer Pritsche kann den Transport und die Lagerung von G\u00fctern erheblich vereinfachen!<\/p>\n<hr \/>\n<table style=\"border-collapse: collapse; width: 100%; height: 52px;\">\n<tbody>\n<tr style=\"height: 21px;\">\n<td style=\"width: 27.066%; height: 10px; text-align: center;\"><strong>Version<\/strong><\/td>\n<td style=\"width: 1.12108%; height: 10px; text-align: center;\"><strong>A<\/strong><\/td>\n<td style=\"width: 1.12108%; height: 10px; text-align: center;\"><strong>B<\/strong><\/td>\n<td style=\"width: 1.12108%; height: 10px; text-align: center;\"><strong>D<\/strong><\/td>\n<td style=\"width: 1.12108%; height: 10px; text-align: center;\"><strong>H<\/strong><\/td>\n<td style=\"height: 10px; width: 60.8744%; text-align: center;\">Ma\u00dfe in mm.<\/td>\n<\/tr>\n<tr style=\"height: 21px;\">\n<td style=\"width: 27.066%; height: 21px; text-align: center;\">Standardausf\u00fchrung<\/td>\n<td style=\"width: 1.12108%; height: 21px; text-align: center;\">460<\/td>\n<td style=\"width: 1.12108%; height: 21px; text-align: center;\">800<\/td>\n<td style=\"width: 1.12108%; height: 21px; text-align: center;\">&#8211;<\/td>\n<td style=\"width: 1.12108%; height: 21px; text-align: center;\">955<\/td>\n<td style=\"width: 60.8744%; height: 42px;\" rowspan=\"2\"><img decoding=\"async\" class=\"alignnone size-full wp-image-124671\" src=\"https:\/\/www.creaearredanegozi.it\/wp-content\/uploads\/2015\/03\/pianetta_300kg_schema.jpg\" alt=\"\" width=\"500\" height=\"370\" title=\"\" srcset=\"https:\/\/www.creaearredanegozi.it\/wp-content\/uploads\/2015\/03\/pianetta_300kg_schema.jpg 500w, https:\/\/www.creaearredanegozi.it\/wp-content\/uploads\/2015\/03\/pianetta_300kg_schema-64x47.jpg 64w\" sizes=\"(max-width: 500px) 100vw, 500px\" \/><\/td>\n<\/tr>\n<tr style=\"height: 21px;\">\n<td style=\"width: 27.066%; height: 21px; text-align: center;\">Version mit Drahtaufsatz<\/td>\n<td style=\"width: 1.12108%; height: 21px; text-align: center;\">460<\/td>\n<td style=\"width: 1.12108%; height: 21px; text-align: center;\">800<\/td>\n<td style=\"width: 1.12108%; height: 21px; text-align: center;\">695<\/td>\n<td style=\"width: 1.12108%; height: 21px; text-align: center;\">955<\/td>\n<\/tr>\n<\/tbody>\n<\/table>","protected":false},"excerpt":{"rendered":"<p>Verf\u00fcgbarkeit: 4\/5 Wochen<\/p>","protected":false},"featured_media":124670,"comment_status":"closed","ping_status":"closed","template":"","meta":{"_monsterinsights_skip_tracking":false,"_monsterinsights_sitenote_active":false,"_monsterinsights_sitenote_note":"","_monsterinsights_sitenote_category":0},"product_brand":[772],"product_cat":[103,29],"product_tag":[],"class_list":{"0":"post-926","1":"product","2":"type-product","3":"status-publish","4":"has-post-thumbnail","6":"product_brand-crea-e-arreda-negozi","7":"product_cat-carrellicestelli","8":"product_cat-cesteria-e-carrelli","9":"product_shipping_class-d","10":"pa_marca-imola-filo","12":"first","13":"instock","14":"taxable","15":"shipping-taxable","16":"purchasable","17":"product-type-variable"},"_links":{"self":[{"href":"https:\/\/www.creaearredanegozi.it\/de\/wp-json\/wp\/v2\/product\/926","targetHints":{"allow":["GET"]}}],"collection":[{"href":"https:\/\/www.creaearredanegozi.it\/de\/wp-json\/wp\/v2\/product"}],"about":[{"href":"https:\/\/www.creaearredanegozi.it\/de\/wp-json\/wp\/v2\/types\/product"}],"replies":[{"embeddable":true,"href":"https:\/\/www.creaearredanegozi.it\/de\/wp-json\/wp\/v2\/comments?post=926"}],"wp:featuredmedia":[{"embeddable":true,"href":"https:\/\/www.creaearredanegozi.it\/de\/wp-json\/wp\/v2\/media\/124670"}],"wp:attachment":[{"href":"https:\/\/www.creaearredanegozi.it\/de\/wp-json\/wp\/v2\/media?parent=926"}],"wp:term":[{"taxonomy":"product_brand","embeddable":true,"href":"https:\/\/www.creaearredanegozi.it\/de\/wp-json\/wp\/v2\/product_brand?post=926"},{"taxonomy":"product_cat","embeddable":true,"href":"https:\/\/www.creaearredanegozi.it\/de\/wp-json\/wp\/v2\/product_cat?post=926"},{"taxonomy":"product_tag","embeddable":true,"href":"https:\/\/www.creaearredanegozi.it\/de\/wp-json\/wp\/v2\/product_tag?post=926"}],"curies":[{"name":"wp","href":"https:\/\/api.w.org\/{rel}","templated":true}]}}