{"id":9289,"date":"2017-11-16T20:04:40","date_gmt":"2017-11-16T19:04:40","guid":{"rendered":"https:\/\/www.creaearredanegozi.it\/?post_type=product&#038;p=9289"},"modified":"2025-09-19T11:16:07","modified_gmt":"2025-09-19T09:16:07","slug":"zuckerpasta-ausrollmaschine-60-cm","status":"publish","type":"product","link":"https:\/\/www.creaearredanegozi.it\/de\/zuckerpasta-ausrollmaschine-60-cm\/","title":{"rendered":"Tischausrollmaschine f\u00fcr Zucker- und Schokoladenteig 60 cm"},"content":{"rendered":"<h2>Zuckerteigausrollmaschine<\/h2>\n<p>Die Ausrollmaschine f\u00fcr Zuckerkuchen ist f\u00fcr die Verarbeitung von Kunststoffschokolade, Zuckerkuchen, Mandelteig und vielen anderen Teigsorten von Marzipan bis M\u00fcrbeteig geeignet.<\/p>\n<ul>\n<li>Das robuste Geh\u00e4use besteht vollst\u00e4ndig aus Stahl AISI 304.<\/li>\n<li><strong>Zuckerteigausrollmaschine<\/strong> einfaches und kompaktes Design.<\/li>\n<li>60 cm lange Rollen aus Acetalharz.<\/li>\n<li>Millimetergenaue Dickeneinstellung zur Erzielung sehr d\u00fcnner Bleche: minimale Walzen\u00f6ffnung mm 0, maximale mm 4,5.<\/li>\n<li>Geformter und teflonbeschichteter Schlitten mit Rollen aus Harz, die das Gleiten von Zuckerpaste erleichtern<\/li>\n<li>Ein Paar einstellbarer Walzen f\u00fcr die millimetergenaue Einstellung der gew\u00fcnschten Dicke.<\/li>\n<li><strong>Entwickelt f\u00fcr die Verarbeitung von Zuckerpasten, plastischer Schokolade und Mandelpaste<\/strong><\/li>\n<li>Teigzufuhrsystem auf den unteren Walzen, das durch eine weitere Umlenkrolle erleichtert wird.<\/li>\n<li>Rollenschutz<\/li>\n<li>Getrieber\u00e4der aus speziellen, gegossenen, unverzahnten Harzen f\u00fcr die f\u00fcnffache normale Lebensdauer<\/li>\n<li>Ganzstahlgeh\u00e4use (einschlie\u00dflich Rollentr\u00e4gerwellen)<\/li>\n<li>Interne Verst\u00e4rkungen, um ein Durchbiegen der Karkasse zu verhindern.<\/li>\n<\/ul>\n<table class=\"table table-striped\">\n<tbody>\n<tr>\n<td>Einphasiger Motor<\/td>\n<td>370W - 230V 50Hz<\/td>\n<\/tr>\n<tr>\n<td>Breite<\/td>\n<td>72 cm<\/td>\n<\/tr>\n<tr>\n<td>Tiefe<\/td>\n<td>56 cm<\/td>\n<\/tr>\n<tr>\n<td>H\u00f6he<\/td>\n<td>44 cm<\/td>\n<\/tr>\n<tr>\n<td>Nettogewicht<\/td>\n<td>41 kg<\/td>\n<\/tr>\n<tr>\n<td>Bruttogewicht<\/td>\n<td>60 kg<\/td>\n<\/tr>\n<\/tbody>\n<\/table>\n<p>&nbsp;<\/p>\n<p>DIE EINHALTUNG ALLER GELTENDEN HYGIENE- UND SICHERHEITSSTANDARDS<\/p>","protected":false},"excerpt":{"rendered":"<p>Sfogliatrice per pasta di zucchero La sfogliatrice per pasta di zucchero \u00e8 progettata per la lavorazione del cioccolato plastico, paste zuccherine, pasta di mandorle e per tanti altri tipi di sfoglie dal marzapane alla pasta frolla. Carcassa robusta completamente in acciaio AISI 304. Sfogliatrice per pasta di zucchero dal design semplice e compatto. Rulli lunghezza [&#8230;]","protected":false},"featured_media":9290,"comment_status":"closed","ping_status":"closed","template":"","meta":{"_monsterinsights_skip_tracking":false,"_monsterinsights_sitenote_active":false,"_monsterinsights_sitenote_note":"","_monsterinsights_sitenote_category":0},"product_brand":[771],"product_cat":[713,708,182],"product_tag":[],"class_list":{"0":"post-9289","1":"product","2":"type-product","3":"status-publish","4":"has-post-thumbnail","6":"product_brand-igf","7":"product_cat-sfogliatrici-pasticceria","8":"product_cat-pasticcerie","9":"product_cat-tirasfoglia","10":"pa_marca-igf","12":"first","13":"instock","14":"taxable","15":"shipping-taxable","16":"purchasable","17":"product-type-simple"},"_links":{"self":[{"href":"https:\/\/www.creaearredanegozi.it\/de\/wp-json\/wp\/v2\/product\/9289","targetHints":{"allow":["GET"]}}],"collection":[{"href":"https:\/\/www.creaearredanegozi.it\/de\/wp-json\/wp\/v2\/product"}],"about":[{"href":"https:\/\/www.creaearredanegozi.it\/de\/wp-json\/wp\/v2\/types\/product"}],"replies":[{"embeddable":true,"href":"https:\/\/www.creaearredanegozi.it\/de\/wp-json\/wp\/v2\/comments?post=9289"}],"wp:featuredmedia":[{"embeddable":true,"href":"https:\/\/www.creaearredanegozi.it\/de\/wp-json\/wp\/v2\/media\/9290"}],"wp:attachment":[{"href":"https:\/\/www.creaearredanegozi.it\/de\/wp-json\/wp\/v2\/media?parent=9289"}],"wp:term":[{"taxonomy":"product_brand","embeddable":true,"href":"https:\/\/www.creaearredanegozi.it\/de\/wp-json\/wp\/v2\/product_brand?post=9289"},{"taxonomy":"product_cat","embeddable":true,"href":"https:\/\/www.creaearredanegozi.it\/de\/wp-json\/wp\/v2\/product_cat?post=9289"},{"taxonomy":"product_tag","embeddable":true,"href":"https:\/\/www.creaearredanegozi.it\/de\/wp-json\/wp\/v2\/product_tag?post=9289"}],"curies":[{"name":"wp","href":"https:\/\/api.w.org\/{rel}","templated":true}]}}