{"id":9293,"date":"2017-11-17T09:25:51","date_gmt":"2017-11-17T08:25:51","guid":{"rendered":"https:\/\/www.creaearredanegozi.it\/?post_type=product&#038;p=9293"},"modified":"2025-11-01T01:41:23","modified_gmt":"2025-11-01T00:41:23","slug":"zuckerpasta-ausrollmaschine-40-cm","status":"publish","type":"product","link":"https:\/\/www.creaearredanegozi.it\/de\/zuckerpasta-ausrollmaschine-40-cm\/","title":{"rendered":"Ausrollmaschine f\u00fcr Zuckerkuchen aus Kunststoff, Schokolade und Mandelpaste, 40 cm"},"content":{"rendered":"<p>Maschine <strong>sfogliatrice per pasta di zucchero<\/strong>, progettata per la lavorazione del cioccolato plastico, pasta di zucchero, pasta di mandorle e per tanti altri tipi di sfoglie dal marzapane alla pasta frolla.<\/p>\n<ul>\n<li>Das robuste Geh\u00e4use besteht vollst\u00e4ndig aus Stahl AISI 304.<\/li>\n<li>Einfaches und kompaktes Design.<\/li>\n<li>Zuckerteigausrollmaschine mit 40 cm langen Walzen aus Acetalharz.<\/li>\n<li>Millimetergenaue Dickeneinstellung zur Erzielung sehr d\u00fcnner Bleche: minimale Walzen\u00f6ffnung mm 0, maximale mm 5.<\/li>\n<li>Geformte und teflonbeschichtete Rutsche mit Rollen aus Harz, die das Gleiten des Bogens erleichtern.<\/li>\n<li>Ein Paar einstellbarer Walzen f\u00fcr die millimetergenaue Einstellung der gew\u00fcnschten Dicke.<\/li>\n<li><strong>Ausrollmaschine f\u00fcr die Verarbeitung von Zuckergeb\u00e4ck, plastischer Schokolade und Mandelteig<\/strong><\/li>\n<li>Teigzufuhrsystem auf den unteren Walzen, das durch eine weitere Umlenkrolle erleichtert wird.<\/li>\n<li>Rollenschutz<\/li>\n<li>Getrieber\u00e4der aus speziellen, gegossenen, unverzahnten Harzen f\u00fcr die f\u00fcnffache normale Lebensdauer<\/li>\n<li>Ganzstahlgeh\u00e4use (einschlie\u00dflich Rollentr\u00e4gerwellen)<\/li>\n<li>Interne Verst\u00e4rkungen, um ein Durchbiegen der Karkasse zu verhindern.<\/li>\n<\/ul>\n<table class=\"table table-striped\">\n<tbody>\n<tr>\n<td>Einphasiger Motor<\/td>\n<td>370W - 230V 50Hz<\/td>\n<\/tr>\n<tr>\n<td>Breite<\/td>\n<td>52 cm<\/td>\n<\/tr>\n<tr>\n<td>Tiefe<\/td>\n<td>48 cm<\/td>\n<\/tr>\n<tr>\n<td>H\u00f6he<\/td>\n<td>42 cm<\/td>\n<\/tr>\n<tr>\n<td>Gewicht<\/td>\n<td>~ 25 kg<\/td>\n<\/tr>\n<\/tbody>\n<\/table>\n<p>&nbsp;<\/p>\n<p>DIE EINHALTUNG ALLER GELTENDEN HYGIENE- UND SICHERHEITSSTANDARDS<\/p>","protected":false},"excerpt":{"rendered":"<p>Macchina sfogliatrice per pasta di zucchero, progettata per la lavorazione del cioccolato plastico, pasta di zucchero, pasta di mandorle e per tanti altri tipi di sfoglie dal marzapane alla pasta frolla. Carcassa robusta completamente in acciaio AISI 304. Design semplice e compatto. Sfogliatrice per pasta di zucchero con rulli lunghezza 40cm realizzati in resina acetalica. [&#8230;]","protected":false},"featured_media":9290,"comment_status":"closed","ping_status":"closed","template":"","meta":{"_monsterinsights_skip_tracking":false,"_monsterinsights_sitenote_active":false,"_monsterinsights_sitenote_note":"","_monsterinsights_sitenote_category":0},"product_brand":[771],"product_cat":[713,708,182],"product_tag":[],"class_list":{"0":"post-9293","1":"product","2":"type-product","3":"status-publish","4":"has-post-thumbnail","6":"product_brand-igf","7":"product_cat-sfogliatrici-pasticceria","8":"product_cat-pasticcerie","9":"product_cat-tirasfoglia","10":"product_shipping_class-gratuita","11":"pa_marca-igf","13":"first","14":"instock","15":"taxable","16":"shipping-taxable","17":"purchasable","18":"product-type-simple"},"_links":{"self":[{"href":"https:\/\/www.creaearredanegozi.it\/de\/wp-json\/wp\/v2\/product\/9293","targetHints":{"allow":["GET"]}}],"collection":[{"href":"https:\/\/www.creaearredanegozi.it\/de\/wp-json\/wp\/v2\/product"}],"about":[{"href":"https:\/\/www.creaearredanegozi.it\/de\/wp-json\/wp\/v2\/types\/product"}],"replies":[{"embeddable":true,"href":"https:\/\/www.creaearredanegozi.it\/de\/wp-json\/wp\/v2\/comments?post=9293"}],"wp:featuredmedia":[{"embeddable":true,"href":"https:\/\/www.creaearredanegozi.it\/de\/wp-json\/wp\/v2\/media\/9290"}],"wp:attachment":[{"href":"https:\/\/www.creaearredanegozi.it\/de\/wp-json\/wp\/v2\/media?parent=9293"}],"wp:term":[{"taxonomy":"product_brand","embeddable":true,"href":"https:\/\/www.creaearredanegozi.it\/de\/wp-json\/wp\/v2\/product_brand?post=9293"},{"taxonomy":"product_cat","embeddable":true,"href":"https:\/\/www.creaearredanegozi.it\/de\/wp-json\/wp\/v2\/product_cat?post=9293"},{"taxonomy":"product_tag","embeddable":true,"href":"https:\/\/www.creaearredanegozi.it\/de\/wp-json\/wp\/v2\/product_tag?post=9293"}],"curies":[{"name":"wp","href":"https:\/\/api.w.org\/{rel}","templated":true}]}}