{"id":9315,"date":"2017-11-27T18:20:38","date_gmt":"2017-11-27T17:20:38","guid":{"rendered":"https:\/\/www.creaearredanegozi.it\/?post_type=product&#038;p=9315"},"modified":"2023-07-03T19:50:38","modified_gmt":"2023-07-03T17:50:38","slug":"gekuhlte-statische-zweiturige-gekuhlte-salatbar","status":"publish","type":"product","link":"https:\/\/www.creaearredanegozi.it\/de\/gekuhlte-statische-zweiturige-gekuhlte-salatbar\/","title":{"rendered":"Saladette Statische K\u00fchltheke zwei T\u00fcren"},"content":{"rendered":"<h3>Statisches K\u00fchlregal mit zwei T\u00fcren<\/h3>\n<p>Kompakter gek\u00fchlter Tisch. Struktur aus rostfreiem Stahl AISI 304. Automatische Abtauung. Dreiseitig gesch\u00e4umter Verdampfer mit Ventilator. Arbeitsfl\u00e4che aus rostfreiem Stahl. Ein Zwischengitter pro T\u00fcr. Elektronischer Thermostat. Pfannen ausgeschlossen. Nr. 1 GN 1\/1 Gitter pro T\u00fcr.<\/p>\n<ul class=\"gkBullet1\">\n<li>Hochwertiger Edelstahl AISI 304 innen und au\u00dfen<\/li>\n<li>Gas: R600a<\/li>\n<li>Isolierschaum: C5H10, ODP, null Emissionen<\/li>\n<li>38\u00baC Raumtemperatur.<\/li>\n<li>Geeignet f\u00fcr alle hei\u00dfen Umgebungen und Arbeiten.<\/li>\n<li>Huayi-Verdichter, EBM-L\u00fcftermotor<\/li>\n<li>Digitaler Regler von Carrel oder Dixell<\/li>\n<li>Mitgeliefert\n<ul class=\"gkBullet1\">\n<li>2 Gitter mit den Ma\u00dfen 335\u00d7590\/340\u00d7590, Tragf\u00e4higkeit 20 kg<\/li>\n<li>F\u00fc\u00dfe<\/li>\n<li>R\u00e4der<\/li>\n<\/ul>\n<\/li>\n<li>Bel\u00fcftete K\u00fchlung<\/li>\n<li><strong>Energieklasse A<\/strong><\/li>\n<\/ul>\n<hr \/>\n<h3>Technisches Datenblatt<\/h3>\n<table class=\"table table-striped\">\n<tbody>\n<tr>\n<td>\n<div><strong>Klassifizierung<\/strong><\/div>\n<\/td>\n<td>\n<div><strong>K\u00fchlschrank Z\u00e4hler<\/strong><\/div>\n<\/td>\n<\/tr>\n<tr>\n<td>\n<div>Abmessungen (BxTxH mm)<\/div>\n<\/td>\n<td>\n<div>900 x 700 x 943<\/div>\n<\/td>\n<\/tr>\n<tr>\n<td>\n<div>Fassungsverm\u00f6gen (Liter)<\/div>\n<\/td>\n<td>\n<div align=\"left\">300<\/div>\n<\/td>\n<\/tr>\n<tr>\n<td>\n<div align=\"left\">Innentemperatur (\u00baC)<\/div>\n<\/td>\n<td>\n<div align=\"left\">-2\u00baC bis +8\u00baC<\/div>\n<\/td>\n<\/tr>\n<tr>\n<td>\n<div align=\"left\">Temperatur in der Umgebung<\/div>\n<\/td>\n<td>\n<div align=\"left\">38\u00baC<\/div>\n<\/td>\n<\/tr>\n<tr>\n<td>\n<div align=\"left\">Luftfeuchtigkeit<\/div>\n<\/td>\n<td>\n<div align=\"left\">85%<\/div>\n<\/td>\n<\/tr>\n<tr>\n<td>\n<div align=\"left\">Kompressor (HP)<\/div>\n<\/td>\n<td>\n<div align=\"left\">1\/4<\/div>\n<\/td>\n<\/tr>\n<tr>\n<td>\n<div align=\"left\">Art der K\u00fchlung<\/div>\n<\/td>\n<td>\n<div align=\"left\">Bel\u00fcftet<\/div>\n<\/td>\n<\/tr>\n<tr>\n<td>\n<div align=\"left\">Typ der Temperaturregelung<\/div>\n<\/td>\n<td>\n<div align=\"left\">Digital (Carel)<\/div>\n<\/td>\n<\/tr>\n<tr>\n<td>\n<div align=\"left\">Dicke der Isolierung<\/div>\n<\/td>\n<td>\n<div align=\"left\">35 mm<\/div>\n<\/td>\n<\/tr>\n<tr>\n<td>\n<div align=\"left\">Stromversorgung<\/div>\n<\/td>\n<td>\n<div align=\"left\">220V\/50hz<\/div>\n<\/td>\n<\/tr>\n<tr>\n<td>\n<div align=\"left\">Leistung (W)<\/div>\n<\/td>\n<td>\n<div align=\"left\">220<\/div>\n<\/td>\n<\/tr>\n<tr>\n<td>\n<div align=\"left\">Nettogewicht (kg)<\/div>\n<\/td>\n<td>\n<div align=\"left\">72<\/div>\n<\/td>\n<\/tr>\n<\/tbody>\n<\/table>","protected":false},"excerpt":{"rendered":"<p><span style=\"color: #555555;\">\n\t\t<div class=\"icon-box featured-box icon-box-right text-right\"  >\n\t\t\t\t\t<div class=\"icon-box-img\" style=\"width: 50px\">\n\t\t\t\t<div class=\"icon\">\n\t\t\t\t\t<div class=\"icon-inner\" >\n\t\t\t\t\t\t<img decoding=\"async\" src=\"https:\/\/www.creaearredanegozi.it\/wp-content\/uploads\/2018\/01\/free_truck.png\" alt=\"Kostenloser Versand nur innerhalb Italiens\"\/>\t\t\t\t\t<\/div>\n\t\t\t\t<\/div>\n\t\t\t<\/div>\n\t\t\t\t<div class=\"icon-box-text last-reset\">\n\t\t\t<h5 class=\"uppercase\">Kostenloser Versand nur innerhalb Italiens<\/h5>\t\t\t\t\t\t<\/span><span style=\"color: #555555;\">\t\t<\/div>\n\t<\/div>\n\t\n\t<\/span><\/p>","protected":false},"featured_media":123421,"comment_status":"closed","ping_status":"closed","template":"","meta":{"_monsterinsights_skip_tracking":false,"_monsterinsights_sitenote_active":false,"_monsterinsights_sitenote_note":"","_monsterinsights_sitenote_category":0},"product_brand":[626],"product_cat":[27,653,72],"product_tag":[211],"class_list":{"0":"post-9315","1":"product","2":"type-product","3":"status-publish","4":"has-post-thumbnail","6":"product_brand-atosa","7":"product_cat-armadi-e-tavoli-refrigerati","8":"product_cat-refrigerazione","9":"product_cat-saladette","10":"product_tag-spedizione-gratuita","11":"pa_marca-atosa","13":"first","14":"instock","15":"taxable","16":"shipping-taxable","17":"purchasable","18":"product-type-simple"},"_links":{"self":[{"href":"https:\/\/www.creaearredanegozi.it\/de\/wp-json\/wp\/v2\/product\/9315","targetHints":{"allow":["GET"]}}],"collection":[{"href":"https:\/\/www.creaearredanegozi.it\/de\/wp-json\/wp\/v2\/product"}],"about":[{"href":"https:\/\/www.creaearredanegozi.it\/de\/wp-json\/wp\/v2\/types\/product"}],"replies":[{"embeddable":true,"href":"https:\/\/www.creaearredanegozi.it\/de\/wp-json\/wp\/v2\/comments?post=9315"}],"wp:featuredmedia":[{"embeddable":true,"href":"https:\/\/www.creaearredanegozi.it\/de\/wp-json\/wp\/v2\/media\/123421"}],"wp:attachment":[{"href":"https:\/\/www.creaearredanegozi.it\/de\/wp-json\/wp\/v2\/media?parent=9315"}],"wp:term":[{"taxonomy":"product_brand","embeddable":true,"href":"https:\/\/www.creaearredanegozi.it\/de\/wp-json\/wp\/v2\/product_brand?post=9315"},{"taxonomy":"product_cat","embeddable":true,"href":"https:\/\/www.creaearredanegozi.it\/de\/wp-json\/wp\/v2\/product_cat?post=9315"},{"taxonomy":"product_tag","embeddable":true,"href":"https:\/\/www.creaearredanegozi.it\/de\/wp-json\/wp\/v2\/product_tag?post=9315"}],"curies":[{"name":"wp","href":"https:\/\/api.w.org\/{rel}","templated":true}]}}