{"id":932,"date":"2015-03-19T19:16:24","date_gmt":"2015-03-19T18:16:24","guid":{"rendered":"http:\/\/52.11.64.91\/?post_type=product&#038;p=932"},"modified":"2023-07-03T19:49:12","modified_gmt":"2023-07-03T17:49:12","slug":"laufkatzen-und-wagen-20","status":"publish","type":"product","link":"https:\/\/www.creaearredanegozi.it\/de\/laufkatzen-und-wagen-20\/","title":{"rendered":"Vision Filomarket Ausstellungsstand"},"content":{"rendered":"<p>R\u00e4der: \u00d8 100 mm 2 drehbar mit Bremse + 2 fest<br \/>\nVerzinkte Ausf\u00fchrung, (auch in gr\u00fcner Farbe RAL 6018 erh\u00e4ltlich)<br \/>\nAbmessungen: 520x1200x1443<\/p>","protected":false},"excerpt":{"rendered":"<p>R\u00e4der: \u00d8 100 mm 2 schwenkbare R\u00e4der mit Bremse + 2 feste R\u00e4der Verzinkte Ausf\u00fchrung, (auch gr\u00fcn lackiert RAL 6018 erh\u00e4ltlich) Abmessungen: 520x1200x1443<\/p>","protected":false},"featured_media":0,"comment_status":"closed","ping_status":"closed","template":"","meta":{"_monsterinsights_skip_tracking":false,"_monsterinsights_sitenote_active":false,"_monsterinsights_sitenote_note":"","_monsterinsights_sitenote_category":0},"product_brand":[],"product_cat":[104],"product_tag":[],"class_list":{"0":"post-932","1":"product","2":"type-product","3":"status-publish","5":"product_cat-cesteespositori","6":"product_shipping_class-38","8":"first","9":"outofstock","10":"taxable","11":"shipping-taxable","12":"purchasable","13":"product-type-simple"},"_links":{"self":[{"href":"https:\/\/www.creaearredanegozi.it\/de\/wp-json\/wp\/v2\/product\/932","targetHints":{"allow":["GET"]}}],"collection":[{"href":"https:\/\/www.creaearredanegozi.it\/de\/wp-json\/wp\/v2\/product"}],"about":[{"href":"https:\/\/www.creaearredanegozi.it\/de\/wp-json\/wp\/v2\/types\/product"}],"replies":[{"embeddable":true,"href":"https:\/\/www.creaearredanegozi.it\/de\/wp-json\/wp\/v2\/comments?post=932"}],"wp:attachment":[{"href":"https:\/\/www.creaearredanegozi.it\/de\/wp-json\/wp\/v2\/media?parent=932"}],"wp:term":[{"taxonomy":"product_brand","embeddable":true,"href":"https:\/\/www.creaearredanegozi.it\/de\/wp-json\/wp\/v2\/product_brand?post=932"},{"taxonomy":"product_cat","embeddable":true,"href":"https:\/\/www.creaearredanegozi.it\/de\/wp-json\/wp\/v2\/product_cat?post=932"},{"taxonomy":"product_tag","embeddable":true,"href":"https:\/\/www.creaearredanegozi.it\/de\/wp-json\/wp\/v2\/product_tag?post=932"}],"curies":[{"name":"wp","href":"https:\/\/api.w.org\/{rel}","templated":true}]}}