{"id":9440,"date":"2017-12-22T11:15:28","date_gmt":"2017-12-22T10:15:28","guid":{"rendered":"https:\/\/www.creaearredanegozi.it\/?post_type=product&#038;p=9440"},"modified":"2024-12-01T00:00:06","modified_gmt":"2024-11-30T23:00:06","slug":"planetenmischer-5-liter-mit-zubehor-slb5-easyline-fimar","status":"publish","type":"product","link":"https:\/\/www.creaearredanegozi.it\/de\/planetenmischer-5-liter-mit-zubehor-slb5-easyline-fimar\/","title":{"rendered":"Planetenmischer 5 Liter mit Zubeh\u00f6r SLB5 Easyline Fimar"},"content":{"rendered":"<p><strong>Profi-Planetenmischer 5 Liter<\/strong><\/p>\n<div>Planetenmischer f\u00fcr verschiedene Teigsorten wie Pizza, Brot, Kekse, Croissants, Brioches, Beignets, Biskuit, M\u00fcrbeteig, Baiser, P\u00fcrees, verschiedene So\u00dfen, Schlagsahne.<\/div>\n<ul>\n<li>Rahmen aus geb\u00fcrstetem Edelstahl<\/li>\n<li>1 Tank mit 5 Litern.<\/li>\n<li>3 Utensilien aus rostfreiem Stahl im Lieferumfang: Haken, Spachtel und Schneebesen, alle aus rostfreiem Stahl<\/li>\n<li>Drehzahlregler<\/li>\n<\/ul>\n<p>Zubeh\u00f6r: Zus\u00e4tzliche Wanne.<\/p>\n<h3>Benchtop-Planetarium<\/h3>\n<p>Der Planetenmischer ist ein vielseitiges Ger\u00e4t, das dank seiner 3 Werkzeuge f\u00fcr alle Arten von Teigen geeignet ist: fl\u00fcssige, weiche und dicke Teige, aber nicht f\u00fcr Teige, die am Ende des Prozesses sehr hart sein werden.<\/p>\n<h3>Planetenkneter<\/h3>\n<p>Dank der M\u00f6glichkeit, die Geschwindigkeit des Werkzeugs zu variieren und dank der gleichzeitigen Drehung des Werkzeugs um die Sch\u00fcssel und um sich selbst, wird es m\u00f6glich sein, jedes Produkt zu kneten und zu verschmelzen, das von Hand bearbeitet werden muss, was die Produktion erleichtert.<\/p>\n<hr \/>\n<p><strong>TECHNISCHE MERKMALE<\/strong><\/p>\n<table class=\"table table-striped\">\n<tbody>\n<tr>\n<td>MODELL<\/td>\n<td>SLB5<\/td>\n<\/tr>\n<tr>\n<td>POWER<\/td>\n<td>500 W<\/td>\n<\/tr>\n<tr>\n<td>DREHGESCHWINDIGKEIT:<\/td>\n<td>0-1000 U\/MIN<\/td>\n<\/tr>\n<tr>\n<td>PLANETARISCHE GESCHWINDIGKEIT:<\/td>\n<td>0-302 U\/MIN<\/td>\n<\/tr>\n<tr>\n<td>SUPPLY<\/td>\n<td>220-240V\/1N\/50-60Hz<\/td>\n<\/tr>\n<tr>\n<td>WERKZEUGE (NO.)<\/td>\n<td>3<\/td>\n<\/tr>\n<tr>\n<td>TANKKAPAZIT\u00c4T<\/td>\n<td>5 Liter.<\/td>\n<\/tr>\n<tr>\n<td>ABMESSUNGEN<\/td>\n<td>380 x 240 x 350\/500 h (mm)<\/td>\n<\/tr>\n<tr>\n<td>NETTOGEWICHT<\/td>\n<td>13 kg<\/td>\n<\/tr>\n<tr>\n<td>BRUTTOGEWICHT<\/td>\n<td>14 kg<\/td>\n<\/tr>\n<tr>\n<td>VERPACKUNGSMASSE<\/td>\n<td>450 x 330 x 460 h (mm)<\/td>\n<\/tr>\n<tr>\n<td>VERPACKUNGSVOLUMEN<\/td>\n<td>0,069 m\u00b3<\/td>\n<\/tr>\n<\/tbody>\n<\/table>","protected":false},"excerpt":{"rendered":"<p>Impiastratrice planetaria professionale 5 litri Planetaria da banco per diversi tipi di impasto quali pizza, pane, biscotti, croissant, brioches, bign\u00e8, pan di spagna, pasta frolla, meringhe, puree, salse varie, panna montata. Struttura in acciaio inox satinato 1 vasca da 5 Lt. 3 utensili inox in dotazione: uncino, spatola e frusta, tutti in acciaio inox Regolatore [&#8230;]","protected":false},"featured_media":120848,"comment_status":"closed","ping_status":"closed","template":"","meta":{"_monsterinsights_skip_tracking":false,"_monsterinsights_sitenote_active":false,"_monsterinsights_sitenote_note":"","_monsterinsights_sitenote_category":0},"product_brand":[623,628],"product_cat":[300,17],"product_tag":[],"class_list":{"0":"post-9440","1":"product","2":"type-product","3":"status-publish","4":"has-post-thumbnail","6":"product_brand-easyline","7":"product_brand-fimar","8":"product_cat-planetarie","9":"product_cat-impastatrici","10":"product_shipping_class-38","11":"pa_marca-easyline-by-fimar","13":"first","14":"instock","15":"taxable","16":"shipping-taxable","17":"purchasable","18":"product-type-simple"},"_links":{"self":[{"href":"https:\/\/www.creaearredanegozi.it\/de\/wp-json\/wp\/v2\/product\/9440","targetHints":{"allow":["GET"]}}],"collection":[{"href":"https:\/\/www.creaearredanegozi.it\/de\/wp-json\/wp\/v2\/product"}],"about":[{"href":"https:\/\/www.creaearredanegozi.it\/de\/wp-json\/wp\/v2\/types\/product"}],"replies":[{"embeddable":true,"href":"https:\/\/www.creaearredanegozi.it\/de\/wp-json\/wp\/v2\/comments?post=9440"}],"wp:featuredmedia":[{"embeddable":true,"href":"https:\/\/www.creaearredanegozi.it\/de\/wp-json\/wp\/v2\/media\/120848"}],"wp:attachment":[{"href":"https:\/\/www.creaearredanegozi.it\/de\/wp-json\/wp\/v2\/media?parent=9440"}],"wp:term":[{"taxonomy":"product_brand","embeddable":true,"href":"https:\/\/www.creaearredanegozi.it\/de\/wp-json\/wp\/v2\/product_brand?post=9440"},{"taxonomy":"product_cat","embeddable":true,"href":"https:\/\/www.creaearredanegozi.it\/de\/wp-json\/wp\/v2\/product_cat?post=9440"},{"taxonomy":"product_tag","embeddable":true,"href":"https:\/\/www.creaearredanegozi.it\/de\/wp-json\/wp\/v2\/product_tag?post=9440"}],"curies":[{"name":"wp","href":"https:\/\/api.w.org\/{rel}","templated":true}]}}