{"id":9456,"date":"2017-12-22T13:39:46","date_gmt":"2017-12-22T12:39:46","guid":{"rendered":"https:\/\/www.creaearredanegozi.it\/?post_type=product&#038;p=9456"},"modified":"2025-12-07T03:41:05","modified_gmt":"2025-12-07T02:41:05","slug":"professionelles-kuhlregal-mit-edelstahlturen-und-gittern-gn2-1-tn-2-8-1300-lt","status":"publish","type":"product","link":"https:\/\/www.creaearredanegozi.it\/de\/professionelles-kuhlregal-mit-edelstahlturen-und-gittern-gn2-1-tn-2-8-1300-lt\/","title":{"rendered":"Professionelles K\u00fchlregal mit Doppelt\u00fcr und Edelstahlgitter GN2\/1 TN -2\/+8 1300 Lt"},"content":{"rendered":"<h3>Professionelles K\u00fchlregal mit Doppelt\u00fcr und Edelstahlgitter GN2\/1 TN -2\/+8 1300 Lt<\/h3>\n<p><strong>GN2\/1 BEL\u00dcFTETE K\u00dcHLTRUHE -G-GN1410TN-FC<\/strong><\/p>\n<p class=\"blocco_pag\">Bel\u00fcftete K\u00fchltruhe aus Edelstahl. Modell \"<strong>GN1410TN-FC<\/strong>\"2-t\u00fcrig mit nicht umkehrbarer R\u00fcckholfeder. Geeignet f\u00fcr GN2\/1-Roste, Anpassungssatz f\u00fcr 60\u00d740 cm-Roste auf Anfrage.<\/p>\n<p class=\"blocco_pag\">Innenma\u00dfe: Cm 136 x 70 x 139,7 h. Auch perfekt in Pizzerien, wo es m\u00f6glich ist, Teigbeh\u00e4lter Cm. 60 x 40 zu stapeln.<\/p>\n<p class=\"blocco_pag\">Ausgestattet mit 6er Rosten und 12er Schienen, LED-Innenbeleuchtung, T\u00fcrschloss mit Schl\u00fcssel und verstellbaren F\u00fc\u00dfen.<\/p>\n<p><strong>Produktmerkmale:<\/strong><\/p>\n<ul>\n<li>GN2\/1 Edelstahl-K\u00fchlm\u00f6bel<\/li>\n<li>Bel\u00fcftete K\u00fchlung<\/li>\n<li>Eingebettete Gruppe<\/li>\n<li>Automatische Abtauung mit elektrischem Heizelement und automatischer Abtautemperaturregelung<\/li>\n<li>Motorraum mit isolierten Seiten<\/li>\n<li>Elektronische Temperaturregelung mit digitalem Thermostat<\/li>\n<li>Elektrische Heizung um den T\u00fcrrahmen zur Vermeidung von Kondenswasser<\/li>\n<li>Verdeckter Verdampfer f\u00fcr maximalen Platzbedarf<\/li>\n<li>T\u00fcr mit elektrischem Widerstand zur Vermeidung von Kondenswasser<\/li>\n<li>Automatische Steuerung der Abtautemperatur<\/li>\n<li>Automatische Verdunstung von Kondenswasser<\/li>\n<li>Anti-Korrosions-behandelter Verdampfer<\/li>\n<li>T\u00fcrschloss mit Schl\u00fcssel<\/li>\n<li>Abnehmbare T\u00fcrdichtungen ohne Werkzeug<\/li>\n<li>Innenbeleuchtung<\/li>\n<li>Unten mit abgerundeten Ecken<\/li>\n<li>Au\u00dfenboden und R\u00fcckwand aus verzinktem Blech.<\/li>\n<li>H\u00f6henverstellbare F\u00fc\u00dfe aus Edelstahl.<\/li>\n<\/ul>\n<hr \/>\n<p><strong>Technische Daten<\/strong><\/p>\n<table class=\"table table-striped\">\n<tbody>\n<tr>\n<td>\n<div align=\"left\"><strong>Eigenschaften<\/strong><\/div>\n<\/td>\n<td>\n<div align=\"left\"><strong>G-GN1410TN-FC<\/strong><\/div>\n<\/td>\n<\/tr>\n<tr>\n<td>\n<div align=\"left\">Abmessungen (BxTxH cm)<\/div>\n<\/td>\n<td>\n<div align=\"left\">148 x 83 x 201<\/div>\n<\/td>\n<\/tr>\n<tr>\n<td>\n<div align=\"left\">Innenma\u00dfe cm<\/div>\n<\/td>\n<td>\n<div align=\"left\">136 x 70 x 139,7(h)<\/div>\n<\/td>\n<\/tr>\n<tr>\n<td>\n<div align=\"left\">Fassungsverm\u00f6gen (Liter)<\/div>\n<\/td>\n<td>\n<div align=\"left\">1300<\/div>\n<\/td>\n<\/tr>\n<tr>\n<td>\n<div align=\"left\">Innentemperatur (\u00baC)<\/div>\n<\/td>\n<td>\n<div align=\"left\">-2\u00baC bis +8\u00baC<\/div>\n<\/td>\n<\/tr>\n<tr>\n<td>\n<div align=\"left\">Temperatur in der Umgebung<\/div>\n<\/td>\n<td>\n<div align=\"left\">35\u00baC<\/div>\n<\/td>\n<\/tr>\n<tr>\n<td>\n<div align=\"left\">Luftfeuchtigkeit<\/div>\n<\/td>\n<td>\n<div align=\"left\">50%<\/div>\n<\/td>\n<\/tr>\n<tr>\n<td>\n<div align=\"left\">K\u00e4ltemittel Gas<\/div>\n<\/td>\n<td>\n<div align=\"left\">R290<\/div>\n<\/td>\n<\/tr>\n<tr>\n<td>\n<div align=\"left\">Absorption<\/div>\n<\/td>\n<td>\n<div align=\"left\">508W @ 230V<\/div>\n<\/td>\n<\/tr>\n<tr>\n<td>\n<div align=\"left\">Art der K\u00fchlung<\/div>\n<\/td>\n<td>\n<div align=\"left\">Bel\u00fcftet<\/div>\n<\/td>\n<\/tr>\n<tr>\n<td>\n<div align=\"left\">Typ Abtauen<\/div>\n<\/td>\n<td>\n<div align=\"left\">Elektrisch<\/div>\n<\/td>\n<\/tr>\n<tr>\n<td>\n<div align=\"left\">Dicke der Isolierung<\/div>\n<\/td>\n<td>\n<div align=\"left\">60 mm<\/div>\n<\/td>\n<\/tr>\n<tr>\n<td>\n<div align=\"left\">Leistung (W)<\/div>\n<\/td>\n<td>\n<div align=\"left\">508<\/div>\n<\/td>\n<\/tr>\n<tr>\n<td>\n<div align=\"left\">Kondenswasserverdunstung<\/div>\n<\/td>\n<td>\n<div align=\"left\">Automatisch<\/div>\n<\/td>\n<\/tr>\n<tr>\n<td>\n<div align=\"left\">Temperaturkontrolle<\/div>\n<\/td>\n<td>\n<div align=\"left\">Elektronisch<\/div>\n<\/td>\n<\/tr>\n<tr>\n<td>\n<div align=\"left\">Baumaterial<\/div>\n<\/td>\n<td>\n<div align=\"left\">Rostfreier Stahl<\/div>\n<\/td>\n<\/tr>\n<tr>\n<td>\n<div align=\"left\">Umkehrung der T\u00fcr<\/div>\n<\/td>\n<td>\n<div align=\"left\">Nein<\/div>\n<\/td>\n<\/tr>\n<tr>\n<td>\n<div align=\"left\">Innenbeleuchtung<\/div>\n<\/td>\n<td>\n<div align=\"left\">Nein<\/div>\n<\/td>\n<\/tr>\n<tr>\n<td>\n<div align=\"left\">Mitgeliefertes Zubeh\u00f6r<\/div>\n<\/td>\n<td>\n<div align=\"left\">6 GN2\/1-Gitter 6 Schienenpaare<\/div>\n<\/td>\n<\/tr>\n<tr>\n<td>\n<div align=\"left\">Energieklasse<\/div>\n<\/td>\n<td>\n<div align=\"left\">D<\/div>\n<\/td>\n<\/tr>\n<tr>\n<td>\n<div align=\"left\">Nettogewicht (kg)<\/div>\n<\/td>\n<td>\n<div align=\"left\">190<\/div>\n<\/td>\n<\/tr>\n<\/tbody>\n<\/table>","protected":false},"excerpt":{"rendered":"<p>Armadio Refrigerato Professionale Frigo con Doppia Porta Inox Griglie GN2\/1 TN -2\/+8 1300 Lt ARMADIO REFRIGERATO GN2\/1 VENTILATO -G-GN1410TN-FC Armadio Refrigerato Ventilato costruito in Acciaio Inox. Modello &#8220;GN1410TN-FC&#8221; a 2 ante con molla di ritorno non reversibili. Adatto per Griglie GN2\/1, su richiesta kit di adattamento per griglie 60&#215;40 cm. Dimensioni Interne: Cm 136 x [&#8230;]","protected":false},"featured_media":9454,"comment_status":"closed","ping_status":"closed","template":"","meta":{"_monsterinsights_skip_tracking":false,"_monsterinsights_sitenote_active":false,"_monsterinsights_sitenote_note":"","_monsterinsights_sitenote_category":0},"product_brand":[757,624],"product_cat":[69,27,102,653],"product_tag":[],"class_list":{"0":"post-9456","1":"product","2":"type-product","3":"status-publish","4":"has-post-thumbnail","6":"product_brand-forcold","7":"product_brand-forcar","8":"product_cat-armadi-refrigerati","9":"product_cat-armadi-e-tavoli-refrigerati","10":"product_cat-murali","11":"product_cat-refrigerazione","12":"product_shipping_class-373","13":"pa_classe-energetica-classe-d","14":"pa_marca-forcold","16":"first","17":"instock","18":"taxable","19":"shipping-taxable","20":"purchasable","21":"product-type-simple"},"_links":{"self":[{"href":"https:\/\/www.creaearredanegozi.it\/de\/wp-json\/wp\/v2\/product\/9456","targetHints":{"allow":["GET"]}}],"collection":[{"href":"https:\/\/www.creaearredanegozi.it\/de\/wp-json\/wp\/v2\/product"}],"about":[{"href":"https:\/\/www.creaearredanegozi.it\/de\/wp-json\/wp\/v2\/types\/product"}],"replies":[{"embeddable":true,"href":"https:\/\/www.creaearredanegozi.it\/de\/wp-json\/wp\/v2\/comments?post=9456"}],"wp:featuredmedia":[{"embeddable":true,"href":"https:\/\/www.creaearredanegozi.it\/de\/wp-json\/wp\/v2\/media\/9454"}],"wp:attachment":[{"href":"https:\/\/www.creaearredanegozi.it\/de\/wp-json\/wp\/v2\/media?parent=9456"}],"wp:term":[{"taxonomy":"product_brand","embeddable":true,"href":"https:\/\/www.creaearredanegozi.it\/de\/wp-json\/wp\/v2\/product_brand?post=9456"},{"taxonomy":"product_cat","embeddable":true,"href":"https:\/\/www.creaearredanegozi.it\/de\/wp-json\/wp\/v2\/product_cat?post=9456"},{"taxonomy":"product_tag","embeddable":true,"href":"https:\/\/www.creaearredanegozi.it\/de\/wp-json\/wp\/v2\/product_tag?post=9456"}],"curies":[{"name":"wp","href":"https:\/\/api.w.org\/{rel}","templated":true}]}}