{"id":9485,"date":"2018-01-03T13:24:03","date_gmt":"2018-01-03T12:24:03","guid":{"rendered":"https:\/\/www.creaearredanegozi.it\/?post_type=product&#038;p=9485"},"modified":"2025-12-07T03:41:05","modified_gmt":"2025-12-07T02:41:05","slug":"armadio-refrigerato-professionale-frigo-con-doppia-porta-inox-griglie-gn2-1-bt-18-22-c-1300-lt","status":"publish","type":"product","link":"https:\/\/www.creaearredanegozi.it\/de\/armadio-refrigerato-professionale-frigo-con-doppia-porta-inox-griglie-gn2-1-bt-18-22-c-1300-lt\/","title":{"rendered":"Professionelles K\u00fchlregal mit Doppelt\u00fcr und Edelstahl-Grill GN2\/1 BT -18\/-22 C 1300 Lt"},"content":{"rendered":"<h3>Professionelles K\u00fchlregal mit Doppelt\u00fcr und Edelstahl-Grill GN2\/1 BT -18\/-22 C 1300 Lt<\/h3>\n<p><strong>ARMADIO REFRIGERATO GN2\/1 VENTILATO &#8211; G-GN1410BT-FC<\/strong><\/p>\n<p class=\"blocco_pag\">Bel\u00fcftete K\u00fchltruhe aus Edelstahl. Modell \"<strong>GN1410BT-FC<\/strong>&#8221; a 2 ante con molla di ritorno non reversibile. Adatto per Griglie GN2\/1. Dimensioni interne (L x P x H): 1360x702x1414 mm, adatto ad impilare cassette 60&#215;40 per ogni porta<\/p>\n<p class=\"blocco_pag\">Dotato di n\u00b06 griglie e n\u00b012 guide, luce interna, chiusura porta con chiave e piedini regolabili.<\/p>\n<p><strong>Produktmerkmale:<\/strong><\/p>\n<ul>\n<li>GN2\/1 Edelstahl-K\u00fchlm\u00f6bel<\/li>\n<li>Bel\u00fcftete K\u00fchlung<\/li>\n<li>Eingebettete Gruppe<\/li>\n<li>Automatische Abtauung mit elektrischem Heizelement und automatischer Abtautemperaturregelung<\/li>\n<li>Motorraum mit isolierten Seiten<\/li>\n<li>Elektronische Temperaturregelung mit digitalem Thermostat<\/li>\n<li>Elektrische Heizung um den T\u00fcrrahmen zur Vermeidung von Kondenswasser<\/li>\n<li>Verdeckter Verdampfer f\u00fcr maximalen Platzbedarf<\/li>\n<li>T\u00fcr mit elektrischem Widerstand zur Vermeidung von Kondenswasser<\/li>\n<li>Automatische Steuerung der Abtautemperatur<\/li>\n<li>Automatische Verdunstung von Kondenswasser<\/li>\n<li>Anti-Korrosions-behandelter Verdampfer<\/li>\n<li>T\u00fcrschloss mit Schl\u00fcssel<\/li>\n<li>Abnehmbare T\u00fcrdichtungen ohne Werkzeug<\/li>\n<li>Innenbeleuchtung<\/li>\n<li>Unten mit abgerundeten Ecken<\/li>\n<li>Au\u00dfenboden und R\u00fcckwand aus verzinktem Blech.<\/li>\n<li>H\u00f6henverstellbare F\u00fc\u00dfe aus Edelstahl.<\/li>\n<\/ul>\n<hr \/>\n<p><strong>Technische Daten<\/strong><\/p>\n<table class=\"table table-striped\">\n<tbody>\n<tr>\n<td>\n<div align=\"left\"><strong>Klassifizierung<\/strong><\/div>\n<\/td>\n<td>\n<div align=\"left\"><strong>G-GN1410BT-FC<\/strong><\/div>\n<\/td>\n<\/tr>\n<tr>\n<td>\n<div align=\"left\">Abmessungen (BxTxH cm)<\/div>\n<\/td>\n<td>\n<div align=\"left\">148 x 83 x 201<\/div>\n<\/td>\n<\/tr>\n<tr>\n<td>\n<div align=\"left\">Innenma\u00dfe cm<\/div>\n<\/td>\n<td>\n<div align=\"left\">136 x 70 x 139,7(h)<\/div>\n<\/td>\n<\/tr>\n<tr>\n<td>\n<div align=\"left\">Fassungsverm\u00f6gen (Liter)<\/div>\n<\/td>\n<td>\n<div align=\"left\">1300<\/div>\n<\/td>\n<\/tr>\n<tr>\n<td>\n<div align=\"left\">Innentemperatur (\u00baC)<\/div>\n<\/td>\n<td>\n<div align=\"left\">-18\u00baC bis -22\u00baC<\/div>\n<\/td>\n<\/tr>\n<tr>\n<td>\n<div align=\"left\">Temperatur in der Umgebung<\/div>\n<\/td>\n<td>\n<div align=\"left\">35\u00baC max<\/div>\n<\/td>\n<\/tr>\n<tr>\n<td>\n<div align=\"left\">Luftfeuchtigkeit<\/div>\n<\/td>\n<td>\n<div align=\"left\">50%<\/div>\n<\/td>\n<\/tr>\n<tr>\n<td>\n<div align=\"left\">Art des K\u00e4ltemittels<\/div>\n<\/td>\n<td>\n<div align=\"left\">R290<\/div>\n<\/td>\n<\/tr>\n<tr>\n<td>\n<div align=\"left\">Art der K\u00fchlung<\/div>\n<\/td>\n<td>\n<div align=\"left\">Bel\u00fcftet<\/div>\n<\/td>\n<\/tr>\n<tr>\n<td>\n<div align=\"left\">Typ Abtauen<\/div>\n<\/td>\n<td>\n<div align=\"left\">Elektrisch<\/div>\n<\/td>\n<\/tr>\n<tr>\n<td>\n<div align=\"left\">Dicke der Isolierung<\/div>\n<\/td>\n<td>\n<div align=\"left\">60 mm<\/div>\n<\/td>\n<\/tr>\n<tr>\n<td>\n<div align=\"left\">Leistung (W)<\/div>\n<\/td>\n<td>\n<div align=\"left\">815 @ 230V<\/div>\n<\/td>\n<\/tr>\n<tr>\n<td>\n<div align=\"left\">Kondenswasserverdunstung<\/div>\n<\/td>\n<td>\n<div align=\"left\">Automatisch<\/div>\n<\/td>\n<\/tr>\n<tr>\n<td>\n<div align=\"left\">Temperaturkontrolle<\/div>\n<\/td>\n<td>\n<div align=\"left\">Elektrisch<\/div>\n<\/td>\n<\/tr>\n<tr>\n<td>\n<div align=\"left\">Baumaterial<\/div>\n<\/td>\n<td>\n<div align=\"left\">Rostfreier Stahl<\/div>\n<\/td>\n<\/tr>\n<tr>\n<td>\n<div align=\"left\">Umkehrung der T\u00fcr<\/div>\n<\/td>\n<td>\n<div align=\"left\">Nein<\/div>\n<\/td>\n<\/tr>\n<tr>\n<td>\n<div align=\"left\">Innenbeleuchtung<\/div>\n<\/td>\n<td>\n<div align=\"left\">Led<\/div>\n<\/td>\n<\/tr>\n<tr>\n<td>\n<div align=\"left\">Mitgeliefertes Zubeh\u00f6r<\/div>\n<\/td>\n<td>\n<div align=\"left\">6 GN2\/1-Gitter 6 Schienenpaare<\/div>\n<\/td>\n<\/tr>\n<tr>\n<td>\n<div align=\"left\">Energieklasse<\/div>\n<\/td>\n<td>\n<div align=\"left\">E<\/div>\n<\/td>\n<\/tr>\n<tr>\n<td>\n<div align=\"left\">Nettogewicht (kg)<\/div>\n<\/td>\n<td>\n<div align=\"left\">196<\/div>\n<\/td>\n<\/tr>\n<\/tbody>\n<\/table>","protected":false},"excerpt":{"rendered":"<p>Armadio Refrigerato Professionale Frigo con Doppia Porta Inox Griglie GN2\/1 BT -18\/-22 C 1300 Lt ARMADIO REFRIGERATO GN2\/1 VENTILATO &#8211; G-GN1410BT-FC Armadio Refrigerato Ventilato costruito in Acciaio Inox. Modello &#8220;GN1410BT-FC&#8221; a 2 ante con molla di ritorno non reversibile. Adatto per Griglie GN2\/1. Dimensioni interne (L x P x H): 1360x702x1414 mm, adatto ad impilare [&#8230;]","protected":false},"featured_media":9454,"comment_status":"closed","ping_status":"closed","template":"","meta":{"_monsterinsights_skip_tracking":false,"_monsterinsights_sitenote_active":false,"_monsterinsights_sitenote_note":"","_monsterinsights_sitenote_category":0},"product_brand":[757,624],"product_cat":[69,27,31,102,653],"product_tag":[],"class_list":{"0":"post-9485","1":"product","2":"type-product","3":"status-publish","4":"has-post-thumbnail","6":"product_brand-forcold","7":"product_brand-forcar","8":"product_cat-armadi-refrigerati","9":"product_cat-armadi-e-tavoli-refrigerati","10":"product_cat-banchi-e-murali-alimentari","11":"product_cat-murali","12":"product_cat-refrigerazione","13":"product_shipping_class-373","14":"pa_classe-energetica-classe-e","15":"pa_marca-forcar","16":"pa_marca-forcold","18":"first","19":"instock","20":"taxable","21":"shipping-taxable","22":"purchasable","23":"product-type-simple"},"_links":{"self":[{"href":"https:\/\/www.creaearredanegozi.it\/de\/wp-json\/wp\/v2\/product\/9485","targetHints":{"allow":["GET"]}}],"collection":[{"href":"https:\/\/www.creaearredanegozi.it\/de\/wp-json\/wp\/v2\/product"}],"about":[{"href":"https:\/\/www.creaearredanegozi.it\/de\/wp-json\/wp\/v2\/types\/product"}],"replies":[{"embeddable":true,"href":"https:\/\/www.creaearredanegozi.it\/de\/wp-json\/wp\/v2\/comments?post=9485"}],"wp:featuredmedia":[{"embeddable":true,"href":"https:\/\/www.creaearredanegozi.it\/de\/wp-json\/wp\/v2\/media\/9454"}],"wp:attachment":[{"href":"https:\/\/www.creaearredanegozi.it\/de\/wp-json\/wp\/v2\/media?parent=9485"}],"wp:term":[{"taxonomy":"product_brand","embeddable":true,"href":"https:\/\/www.creaearredanegozi.it\/de\/wp-json\/wp\/v2\/product_brand?post=9485"},{"taxonomy":"product_cat","embeddable":true,"href":"https:\/\/www.creaearredanegozi.it\/de\/wp-json\/wp\/v2\/product_cat?post=9485"},{"taxonomy":"product_tag","embeddable":true,"href":"https:\/\/www.creaearredanegozi.it\/de\/wp-json\/wp\/v2\/product_tag?post=9485"}],"curies":[{"name":"wp","href":"https:\/\/api.w.org\/{rel}","templated":true}]}}