{"id":9486,"date":"2018-01-03T15:56:18","date_gmt":"2018-01-03T14:56:18","guid":{"rendered":"https:\/\/www.creaearredanegozi.it\/?post_type=product&#038;p=9486"},"modified":"2025-12-07T03:41:05","modified_gmt":"2025-12-07T02:41:05","slug":"professionelle-kuhltruhe-aus-edelstahl-gn2-1-tn-2-8-650-lt","status":"publish","type":"product","link":"https:\/\/www.creaearredanegozi.it\/de\/professionelle-kuhltruhe-aus-edelstahl-gn2-1-tn-2-8-650-lt\/","title":{"rendered":"Profi-Edelstahl-K\u00fchlm\u00f6bel GN2\/1 TN +2\/+8 650 Lt"},"content":{"rendered":"<h2 style=\"text-align: center;\">Edelstahl-K\u00fchlschrank mit positiven Temperaturgittern +2\/+8 650 Lt<\/h2>\n<p><strong>GN2\/1 BEL\u00dcFTETE K\u00dcHLTRUHE<\/strong><\/p>\n<p class=\"blocco_pag\">Bel\u00fcfteter Edelstahl-K\u00fchlschrank. Modell \"<strong>GN650TN-FC<\/strong>\"1-fl\u00fcgelig mit R\u00fcckholfeder und umkehrbar. Geeignet f\u00fcr GN2\/1-Grills. Innenma\u00dfe (B x T x H): 620x700x1396 mm, geeignet zum Stapeln von 60\u00d740 Kassetten.<\/p>\n<p class=\"blocco_pag\">Ausgestattet mit Nr. 3 Rosten und Nr. 6 Schienen, Innenbeleuchtung, T\u00fcrschloss mit Schl\u00fcssel und verstellbaren F\u00fc\u00dfen.<\/p>\n<p><strong>Produktmerkmale:<\/strong><\/p>\n<ul>\n<li>Bel\u00fcftete K\u00fchlung<\/li>\n<li>Eingebettete Gruppe<\/li>\n<li>Automatische Abtauung mit elektrischem Heizelement und automatischer Abtautemperaturregelung<\/li>\n<li>Motorraum mit isolierten Seiten<\/li>\n<li>Verdeckter Verdampfer f\u00fcr maximalen Platzbedarf<\/li>\n<li>T\u00fcr mit elektrischem Widerstand zur Vermeidung von Kondenswasser<\/li>\n<li>Automatische Steuerung der Abtautemperatur<\/li>\n<li>Elektronische Temperaturregelung mit digitalem Thermostat<\/li>\n<li>Automatische Verdunstung von Kondenswasser<\/li>\n<li>Anti-Korrosions-behandelter Verdampfer<\/li>\n<li>T\u00fcrschloss mit Schl\u00fcssel<\/li>\n<li>Abnehmbare T\u00fcrdichtungen ohne Werkzeug<\/li>\n<li>Innenbeleuchtung<\/li>\n<li>Unten mit abgerundeten Ecken<\/li>\n<li>Au\u00dfenboden und R\u00fcckwand aus verzinktem Blech<\/li>\n<li>H\u00f6henverstellbare F\u00fc\u00dfe aus Edelstahl.<\/li>\n<\/ul>\n<hr \/>\n<p><strong>Technische Daten<\/strong><\/p>\n<table class=\"table table-striped\" style=\"width: 100%;\">\n<tbody>\n<tr>\n<td width=\"50%\">\n<div align=\"left\"><strong>Klassifizierung<\/strong><\/div>\n<\/td>\n<td width=\"50%\">\n<div align=\"left\"><strong>K\u00fchlschrank<\/strong><\/div>\n<\/td>\n<\/tr>\n<tr>\n<td>\n<div align=\"left\">Abmessungen (BxTxH cm)<\/div>\n<\/td>\n<td>\n<div align=\"left\">74 x 83 x 201<\/div>\n<\/td>\n<\/tr>\n<tr>\n<td>\n<div align=\"left\">Innenma\u00dfe (cm)<\/div>\n<\/td>\n<td>\n<div align=\"left\">62x70x139,6<\/div>\n<\/td>\n<\/tr>\n<tr>\n<td>\n<div align=\"left\">Fassungsverm\u00f6gen (Liter)<\/div>\n<\/td>\n<td>\n<div align=\"left\">650<\/div>\n<\/td>\n<\/tr>\n<tr>\n<td>\n<div align=\"left\">Innentemperatur (\u00baC)<\/div>\n<\/td>\n<td>\n<div align=\"left\">+2\u00baC bis +8\u00baC<\/div>\n<\/td>\n<\/tr>\n<tr>\n<td>\n<div align=\"left\">Temperatur in der Umgebung<\/div>\n<\/td>\n<td>\n<div align=\"left\">35\u00baC<\/div>\n<\/td>\n<\/tr>\n<tr>\n<td>\n<div align=\"left\">Luftfeuchtigkeit<\/div>\n<\/td>\n<td>\n<div align=\"left\">55%HR<\/div>\n<\/td>\n<\/tr>\n<tr>\n<td>\n<div align=\"left\">Art des K\u00e4ltemittelgases<\/div>\n<\/td>\n<td>\n<div align=\"left\">R290<\/div>\n<\/td>\n<\/tr>\n<tr>\n<td>\n<div align=\"left\">Art der K\u00fchlung<\/div>\n<\/td>\n<td>\n<div align=\"left\">Bel\u00fcftet<\/div>\n<\/td>\n<\/tr>\n<tr>\n<td>\n<div align=\"left\">Typ Abtauen<\/div>\n<\/td>\n<td>\n<div align=\"left\">Automatisch<\/div>\n<\/td>\n<\/tr>\n<tr>\n<td>\n<div align=\"left\">Kondenswasserverdunstung<\/div>\n<\/td>\n<td>\n<div align=\"left\">Automatisch<\/div>\n<\/td>\n<\/tr>\n<tr>\n<td>\n<div align=\"left\">Temperaturkontrolle<\/div>\n<\/td>\n<td>\n<div align=\"left\">Elektronisch<\/div>\n<\/td>\n<\/tr>\n<tr>\n<td>\n<div align=\"left\">Dicke der Isolierung<\/div>\n<\/td>\n<td>\n<div align=\"left\">60 mm<\/div>\n<\/td>\n<\/tr>\n<tr>\n<td>\n<div align=\"left\">Leistung (W)<\/div>\n<\/td>\n<td>\n<div align=\"left\">305 @ 230V<\/div>\n<\/td>\n<\/tr>\n<tr>\n<td>\n<div align=\"left\">Baumaterial<\/div>\n<\/td>\n<td>\n<div align=\"left\">Rostfreier Stahl AISI 201<\/div>\n<\/td>\n<\/tr>\n<tr>\n<td>\n<div align=\"left\">Umkehrung der T\u00fcr<\/div>\n<\/td>\n<td>\n<div align=\"left\">Ja<\/div>\n<\/td>\n<\/tr>\n<tr>\n<td>\n<div align=\"left\">Innenbeleuchtung<\/div>\n<\/td>\n<td>\n<div align=\"left\">Led<\/div>\n<\/td>\n<\/tr>\n<tr>\n<td>\n<div align=\"left\">Mitgeliefertes Zubeh\u00f6r<\/div>\n<\/td>\n<td>\n<div align=\"left\">3 Raster \/ 3 Schienenpaare<\/div>\n<\/td>\n<\/tr>\n<tr>\n<td>\n<div align=\"left\">Energieklasse<\/div>\n<\/td>\n<td>\n<div align=\"left\">D<\/div>\n<\/td>\n<\/tr>\n<tr>\n<td>\n<div align=\"left\">Nettogewicht (kg)<\/div>\n<\/td>\n<td>\n<div align=\"left\">120<\/div>\n<\/td>\n<\/tr>\n<\/tbody>\n<\/table>","protected":false},"excerpt":{"rendered":"<p>Armadio frigo acciaio inox griglie temperatura positiva +2\/+8 650 Lt ARMADIO REFRIGERATO GN2\/1 VENTILATO Armadio frigo Ventilato costruito in Acciaio Inox. Modello &#8220;GN650TN-FC&#8221; a 1 anta con molla di ritorno e reversibile. Adatto per Griglie GN2\/1. Dimensioni interne (L x P x H): 620x700x1396 mm, adatto ad impilare cassette 60&#215;40 Dotato di n\u00b03 griglie e [&#8230;]","protected":false},"featured_media":9459,"comment_status":"closed","ping_status":"closed","template":"","meta":{"_monsterinsights_skip_tracking":false,"_monsterinsights_sitenote_active":false,"_monsterinsights_sitenote_note":"","_monsterinsights_sitenote_category":0},"product_brand":[757,624],"product_cat":[69,27,31,102,653],"product_tag":[],"class_list":{"0":"post-9486","1":"product","2":"type-product","3":"status-publish","4":"has-post-thumbnail","6":"product_brand-forcold","7":"product_brand-forcar","8":"product_cat-armadi-refrigerati","9":"product_cat-armadi-e-tavoli-refrigerati","10":"product_cat-banchi-e-murali-alimentari","11":"product_cat-murali","12":"product_cat-refrigerazione","13":"product_shipping_class-m","14":"pa_classe-energetica-classe-d","15":"pa_marca-forcold","17":"first","18":"instock","19":"featured","20":"taxable","21":"shipping-taxable","22":"purchasable","23":"product-type-simple"},"_links":{"self":[{"href":"https:\/\/www.creaearredanegozi.it\/de\/wp-json\/wp\/v2\/product\/9486","targetHints":{"allow":["GET"]}}],"collection":[{"href":"https:\/\/www.creaearredanegozi.it\/de\/wp-json\/wp\/v2\/product"}],"about":[{"href":"https:\/\/www.creaearredanegozi.it\/de\/wp-json\/wp\/v2\/types\/product"}],"replies":[{"embeddable":true,"href":"https:\/\/www.creaearredanegozi.it\/de\/wp-json\/wp\/v2\/comments?post=9486"}],"wp:featuredmedia":[{"embeddable":true,"href":"https:\/\/www.creaearredanegozi.it\/de\/wp-json\/wp\/v2\/media\/9459"}],"wp:attachment":[{"href":"https:\/\/www.creaearredanegozi.it\/de\/wp-json\/wp\/v2\/media?parent=9486"}],"wp:term":[{"taxonomy":"product_brand","embeddable":true,"href":"https:\/\/www.creaearredanegozi.it\/de\/wp-json\/wp\/v2\/product_brand?post=9486"},{"taxonomy":"product_cat","embeddable":true,"href":"https:\/\/www.creaearredanegozi.it\/de\/wp-json\/wp\/v2\/product_cat?post=9486"},{"taxonomy":"product_tag","embeddable":true,"href":"https:\/\/www.creaearredanegozi.it\/de\/wp-json\/wp\/v2\/product_tag?post=9486"}],"curies":[{"name":"wp","href":"https:\/\/api.w.org\/{rel}","templated":true}]}}