{"id":9497,"date":"2018-01-04T12:37:38","date_gmt":"2018-01-04T11:37:38","guid":{"rendered":"https:\/\/www.creaearredanegozi.it\/?post_type=product&#038;p=9497"},"modified":"2025-12-03T22:02:26","modified_gmt":"2025-12-03T21:02:26","slug":"professionelle-beluftete-gefriertheke-gn1-1-bt-4-turen-temperatur-18-22-c","status":"publish","type":"product","link":"https:\/\/www.creaearredanegozi.it\/de\/professionelle-beluftete-gefriertheke-gn1-1-bt-4-turen-temperatur-18-22-c\/","title":{"rendered":"Professionelle bel\u00fcftete Gefriertheke GN1\/1 BT 4 T\u00fcren Temperatur -18\u00b0 \/ -22\u00b0 C"},"content":{"rendered":"<h3>Professionelle bel\u00fcftete Gefriertheke GN1\/1 BT 4 T\u00fcren Temperatur -18\u00b0 \/ -22\u00b0 C<\/h3>\n<p>Herausnehmbare Einbaugruppe f\u00fcr einfache Wartung - Kaltluftzirkulation, um das Produkt nicht direkt zu ber\u00fchren - elektronische Temperaturregelung mit digitalem Thermostat - elektrisches Heizelement um den T\u00fcrrahmen zur Beseitigung von Kondenswasser - automatische Abtauung mit elektrischem Heizelement und automatischer Abtautemperaturregelung - automatische Verdunstung von Tauwasser - korrosionsfrei behandelter Verdampfer. T\u00fcr mit R\u00fcckholfeder - T\u00fcrdichtung kann ohne Werkzeug entfernt werden - Boden mit abgerundeten Ecken - einfache Austauschbarkeit der T\u00fcren bei Ger\u00e4ten mit zwei und drei Schubladen - leicht ausziehbare Schubladen mit Teleskopf\u00fchrungen aus Edelstahl. H\u00f6henverstellbare F\u00fc\u00dfe aus Edelstahl - kann an die Wand gestellt werden.<\/p>\n<p><strong>GEK\u00dcHLTER GASTRONOMIE-TISCH GN1\/1 - BEL\u00dcFTET G-GN4100BT-FC und G-GN4200BT-FC mit Aufkantung Forcold<\/strong><\/p>\n<p><strong>Gefriertisch<\/strong> Bel\u00fcfteter GN1\/1 mit 4 T\u00fcren Modell \"<strong>GN4100BT-FC<\/strong>\" aus rostfreiem Stahl. Zirkul\u00e4re Zirkulation der kalten Luft, um das Produkt nicht direkt zu ber\u00fchren.<\/p>\n<ul>\n<li class=\"blocco_pag\">Modelle: ohne Steigrohr oder mit 10 cm Steigrohr hinten.<\/li>\n<\/ul>\n<hr \/>\n<p><strong>Technische Daten<\/strong><\/p>\n<table class=\"table table-striped\">\n<tbody>\n<tr>\n<td>\n<div align=\"left\"><strong>Klassifizierung<\/strong><\/div>\n<\/td>\n<td>\n<div align=\"left\"><strong>G-GN4100BT-FC \/ G-GN4200BT-FC<\/strong><\/div>\n<\/td>\n<\/tr>\n<tr>\n<td>\n<div align=\"left\">Abmessungen (BxTxH cm)<\/div>\n<\/td>\n<td>\n<div align=\"left\">223 x 70 x 85h \/95 h mit Aufkantung<\/div>\n<\/td>\n<\/tr>\n<tr>\n<td>\n<div align=\"left\">Innenma\u00dfe cm<\/div>\n<\/td>\n<td>\n<div align=\"left\">177,2 x 63 x 56(h) mm<\/div>\n<\/td>\n<\/tr>\n<tr>\n<td>\n<div align=\"left\">Fassungsverm\u00f6gen (Liter)<\/div>\n<\/td>\n<td>\n<div align=\"left\">553<\/div>\n<\/td>\n<\/tr>\n<tr>\n<td>\n<div align=\"left\">Innentemperatur (\u00baC)<\/div>\n<\/td>\n<td>\n<div align=\"left\">-18\u00baC bis -22\u00baC<\/div>\n<\/td>\n<\/tr>\n<tr>\n<td>\n<div align=\"left\">Maximale Arbeitstemperatur<\/div>\n<\/td>\n<td>\n<div align=\"left\">+35\u00b0C \/ 50%HR<\/div>\n<\/td>\n<\/tr>\n<tr>\n<td>\n<div align=\"left\">Art des K\u00fchlmittels<\/div>\n<\/td>\n<td>\n<div align=\"left\">R 290<\/div>\n<\/td>\n<\/tr>\n<tr>\n<td>\n<div align=\"left\">Art der K\u00fchlung<\/div>\n<\/td>\n<td>\n<div align=\"left\">Bel\u00fcftet<\/div>\n<\/td>\n<\/tr>\n<tr>\n<td>\n<div align=\"left\">Typ Abtauen<\/div>\n<\/td>\n<td>\n<div align=\"left\">Elektrisch<\/div>\n<\/td>\n<\/tr>\n<tr>\n<td>\n<div align=\"left\">Dicke der Isolierung<\/div>\n<\/td>\n<td>\n<div align=\"left\">60 mm<\/div>\n<\/td>\n<\/tr>\n<tr>\n<td>\n<div align=\"left\">Absorption W<\/div>\n<\/td>\n<td>\n<div align=\"left\">675<\/div>\n<\/td>\n<\/tr>\n<tr>\n<td>\n<div align=\"left\">Spannung<\/div>\n<\/td>\n<td>\n<div align=\"left\">230V \/ 50Hz<\/div>\n<\/td>\n<\/tr>\n<tr>\n<td>\n<div align=\"left\">Baumaterial<\/div>\n<\/td>\n<td>\n<div align=\"left\">Rostfreier Stahl<\/div>\n<\/td>\n<\/tr>\n<tr>\n<td>\n<div align=\"left\">Umkehrung der T\u00fcr<\/div>\n<\/td>\n<td>\n<div align=\"left\">keine<\/div>\n<\/td>\n<\/tr>\n<tr>\n<td>\n<div align=\"left\">Innenbeleuchtung<\/div>\n<\/td>\n<td>\n<div align=\"left\">keine<\/div>\n<\/td>\n<\/tr>\n<tr>\n<td>\n<div align=\"left\">Mitgeliefertes Zubeh\u00f6r<\/div>\n<\/td>\n<td>\n<div align=\"left\">4 GN1\/1-Raster 4 Schienenpaare<\/div>\n<\/td>\n<\/tr>\n<tr>\n<td>\n<div align=\"left\">Energieklasse<\/div>\n<\/td>\n<td>\n<div align=\"left\">E<\/div>\n<\/td>\n<\/tr>\n<tr>\n<td>\n<div align=\"left\">Nettogewicht (kg)<\/div>\n<\/td>\n<td>\n<div align=\"left\">147<\/div>\n<\/td>\n<\/tr>\n<\/tbody>\n<\/table>","protected":false},"excerpt":{"rendered":"<p>Banco Congelatore Ventilato Professionale GN1\/1 BT 4 Porte Temperatura -18\u00b0 \/ -22\u00b0 C Gruppo incorporato estraibile per facile manutenzione &#8211; andamento circolare dell\u2019aria fredda in modo da non toccare direttamente il prodotto &#8211; controllo temperatura elettronico con termostato digitale &#8211; resistenza elettrica intorno alla cornice porta per eliminazione della condensa &#8211; sbrinamento automatico con resistenza [&#8230;]","protected":false},"featured_media":125603,"comment_status":"closed","ping_status":"closed","template":"","meta":{"_monsterinsights_skip_tracking":false,"_monsterinsights_sitenote_active":false,"_monsterinsights_sitenote_note":"","_monsterinsights_sitenote_category":0},"product_brand":[757,624],"product_cat":[70,27,653],"product_tag":[],"class_list":{"0":"post-9497","1":"product","2":"type-product","3":"status-publish","4":"has-post-thumbnail","6":"product_brand-forcold","7":"product_brand-forcar","8":"product_cat-tavoli-refrigerati","9":"product_cat-armadi-e-tavoli-refrigerati","10":"product_cat-refrigerazione","11":"product_shipping_class-n","12":"pa_classe-energetica-classe-e","13":"pa_marca-forcold","15":"first","16":"instock","17":"sale","18":"taxable","19":"shipping-taxable","20":"purchasable","21":"product-type-variable"},"_links":{"self":[{"href":"https:\/\/www.creaearredanegozi.it\/de\/wp-json\/wp\/v2\/product\/9497","targetHints":{"allow":["GET"]}}],"collection":[{"href":"https:\/\/www.creaearredanegozi.it\/de\/wp-json\/wp\/v2\/product"}],"about":[{"href":"https:\/\/www.creaearredanegozi.it\/de\/wp-json\/wp\/v2\/types\/product"}],"replies":[{"embeddable":true,"href":"https:\/\/www.creaearredanegozi.it\/de\/wp-json\/wp\/v2\/comments?post=9497"}],"wp:featuredmedia":[{"embeddable":true,"href":"https:\/\/www.creaearredanegozi.it\/de\/wp-json\/wp\/v2\/media\/125603"}],"wp:attachment":[{"href":"https:\/\/www.creaearredanegozi.it\/de\/wp-json\/wp\/v2\/media?parent=9497"}],"wp:term":[{"taxonomy":"product_brand","embeddable":true,"href":"https:\/\/www.creaearredanegozi.it\/de\/wp-json\/wp\/v2\/product_brand?post=9497"},{"taxonomy":"product_cat","embeddable":true,"href":"https:\/\/www.creaearredanegozi.it\/de\/wp-json\/wp\/v2\/product_cat?post=9497"},{"taxonomy":"product_tag","embeddable":true,"href":"https:\/\/www.creaearredanegozi.it\/de\/wp-json\/wp\/v2\/product_tag?post=9497"}],"curies":[{"name":"wp","href":"https:\/\/api.w.org\/{rel}","templated":true}]}}