{"id":9503,"date":"2018-01-04T16:57:39","date_gmt":"2018-01-04T15:57:39","guid":{"rendered":"https:\/\/www.creaearredanegozi.it\/?post_type=product&#038;p=9503"},"modified":"2024-05-31T19:03:51","modified_gmt":"2024-05-31T17:03:51","slug":"vetrina-refrigerata-statica-professionale-per-pizzeria-2-8-c-6-vaschette-gn-1-4","status":"publish","type":"product","link":"https:\/\/www.creaearredanegozi.it\/de\/vetrina-refrigerata-statica-professionale-per-pizzeria-2-8-c-6-vaschette-gn-1-4\/","title":{"rendered":"Professionelle statische K\u00fchlvitrine f\u00fcr Pizzeria +2\u00b0 +8\u00b0 C 6 GN 1\/4 Tabletts"},"content":{"rendered":"<h3 class=\"blocco_pag\">Professionelle statische K\u00fchlvitrine f\u00fcr Pizzeria +2\u00b0 +8\u00b0 C 6 GN 1\/4 Tabletts<\/h3>\n<div><strong>Vetrina Refrigerata Statica G-VRX1400-330 Forcold<\/strong><\/div>\n<div><\/div>\n<ul>\n<li>Edelstahl-K\u00fchlvitrinen f\u00fcr Pizza mit statischer K\u00fchlung.<\/li>\n<li>Sch\u00fctzendes Glas<\/li>\n<li>Einbauger\u00e4t nur rechte Seite Gas R600a.<\/li>\n<li>Geeignet zur Aufnahme von Gastronorm-, Edelstahl- oder Polycarbonatschalen<\/li>\n<li>Becken ausgeschlossen.<\/li>\n<\/ul>\n<p>Geeignet f\u00fcr die Aufnahme von 6 Gastronormschalen 1\/4 aus Edelstahl oder Polycarbonat mit einer maximalen Tiefe von 150 mm.<\/p>\n<p>Optional erh\u00e4ltliche Extras:<\/p>\n<ul>\n<li>Paar Wandhalterungen<\/li>\n<li>Paar Konsolen mit F\u00fc\u00dfen h 100\/150\/200 mm.<\/li>\n<\/ul>\n<hr \/>\n<p><strong>Technische Daten<\/strong><\/p>\n<table class=\"table table-striped\">\n<tbody>\n<tr>\n<td>Macht:<\/td>\n<td>145 W<\/td>\n<\/tr>\n<tr>\n<td>Stromversorgung:<\/td>\n<td>230V\/1N50Hz<\/td>\n<\/tr>\n<tr>\n<td>Temperatur:<\/td>\n<td>+2 \/+8 \u00b0C<\/td>\n<\/tr>\n<tr>\n<td>K\u00fchlmittel:<\/td>\n<td>R600a<\/td>\n<\/tr>\n<tr>\n<td>Au\u00dfenma\u00dfe mit Verglasung (mm):<\/td>\n<td>1400 x 330 x 435(h) mm<\/td>\n<\/tr>\n<tr>\n<td>Au\u00dfenma\u00dfe ohne Glas (mm)<\/td>\n<td>1400 x 330 x 230(h) mm<\/td>\n<\/tr>\n<tr>\n<td>Innere Abmessungen (mm):<\/td>\n<td>1050 x 245 x 150(h) mm<\/td>\n<\/tr>\n<tr>\n<td>Dicke der Isolierung:<\/td>\n<td>45 mm<\/td>\n<\/tr>\n<tr>\n<td>Baumaterial:<\/td>\n<td>ACCIAIO INOX<\/td>\n<\/tr>\n<tr>\n<td>Kapazit\u00e4t:<\/td>\n<td>6x GN1\/4 &#8211; 24 L<\/td>\n<\/tr>\n<tr>\n<td>Art der K\u00fchlung:<\/td>\n<td>Statik<\/td>\n<\/tr>\n<tr>\n<td>Art der Abtauung:<\/td>\n<td>A sosta compressore<\/td>\n<\/tr>\n<tr>\n<td>Max. Umgebungstemperatur\/Luftfeuchtigkeit<\/td>\n<td>+35\u00b0C \/ 50%HR<\/td>\n<\/tr>\n<tr>\n<td>Kondenswasserverdampfer:<\/td>\n<td>Handbuch<\/td>\n<\/tr>\n<tr>\n<td>Temperaturkontrolle<\/td>\n<td>Elektronisch<\/td>\n<\/tr>\n<tr>\n<td>Umkehrung der T\u00fcr<\/td>\n<td>Nein<\/td>\n<\/tr>\n<tr>\n<td>Innenbeleuchtung<\/td>\n<td>Nein<\/td>\n<\/tr>\n<tr>\n<td>Mitgeliefertes Zubeh\u00f6r<\/td>\n<td>Glas-Bausatz<\/td>\n<\/tr>\n<tr>\n<td>Nettogewicht:<\/td>\n<td>38 kg<\/td>\n<\/tr>\n<\/tbody>\n<\/table>\n<p>&nbsp;<\/p>\n<p><img decoding=\"async\" class=\"alignnone wp-image-125677 size-medium\" src=\"https:\/\/www.creaearredanegozi.it\/wp-content\/uploads\/2018\/01\/series330-400x400.jpg\" alt=\"\" width=\"400\" height=\"400\" title=\"\" srcset=\"https:\/\/www.creaearredanegozi.it\/wp-content\/uploads\/2018\/01\/series330-400x400.jpg 400w, https:\/\/www.creaearredanegozi.it\/wp-content\/uploads\/2018\/01\/series330-250x250.jpg 250w, https:\/\/www.creaearredanegozi.it\/wp-content\/uploads\/2018\/01\/series330-100x100.jpg 100w, https:\/\/www.creaearredanegozi.it\/wp-content\/uploads\/2018\/01\/series330-516x516.jpg 516w, https:\/\/www.creaearredanegozi.it\/wp-content\/uploads\/2018\/01\/series330-64x64.jpg 64w, https:\/\/www.creaearredanegozi.it\/wp-content\/uploads\/2018\/01\/series330-280x280.jpg 280w, https:\/\/www.creaearredanegozi.it\/wp-content\/uploads\/2018\/01\/series330.jpg 700w\" sizes=\"(max-width: 400px) 100vw, 400px\" \/><\/p>","protected":false},"excerpt":{"rendered":"<p>Vetrina Refrigerata Statica Professionale per Pizzeria +2\u00b0 +8\u00b0 C 6 Vaschette GN 1\/4 Vetrina Refrigerata Statica G-VRX1400-330 Forcold Vetrine refrigerate pizza in acciaio inox con refrigerazione statica. Vetri di protezione Gruppo incorporato solo lato destro gas R600a. Adatte per il contenimento di bacinelle gastronorm, inox o in policarbonato Bacinelle escluse. Idonea a contenere 6 bacinelle [&#8230;]","protected":false},"featured_media":125682,"comment_status":"closed","ping_status":"closed","template":"","meta":{"_monsterinsights_skip_tracking":false,"_monsterinsights_sitenote_active":false,"_monsterinsights_sitenote_note":"","_monsterinsights_sitenote_category":0},"product_brand":[757],"product_cat":[189],"product_tag":[],"class_list":{"0":"post-9503","1":"product","2":"type-product","3":"status-publish","4":"has-post-thumbnail","6":"product_brand-forcold","7":"product_cat-vetrine-refrigerate-porta-ingredienti-pizzeria","8":"product_shipping_class-38","9":"pa_marca-forcold","11":"first","12":"instock","13":"taxable","14":"shipping-taxable","15":"purchasable","16":"product-type-simple"},"_links":{"self":[{"href":"https:\/\/www.creaearredanegozi.it\/de\/wp-json\/wp\/v2\/product\/9503","targetHints":{"allow":["GET"]}}],"collection":[{"href":"https:\/\/www.creaearredanegozi.it\/de\/wp-json\/wp\/v2\/product"}],"about":[{"href":"https:\/\/www.creaearredanegozi.it\/de\/wp-json\/wp\/v2\/types\/product"}],"replies":[{"embeddable":true,"href":"https:\/\/www.creaearredanegozi.it\/de\/wp-json\/wp\/v2\/comments?post=9503"}],"wp:featuredmedia":[{"embeddable":true,"href":"https:\/\/www.creaearredanegozi.it\/de\/wp-json\/wp\/v2\/media\/125682"}],"wp:attachment":[{"href":"https:\/\/www.creaearredanegozi.it\/de\/wp-json\/wp\/v2\/media?parent=9503"}],"wp:term":[{"taxonomy":"product_brand","embeddable":true,"href":"https:\/\/www.creaearredanegozi.it\/de\/wp-json\/wp\/v2\/product_brand?post=9503"},{"taxonomy":"product_cat","embeddable":true,"href":"https:\/\/www.creaearredanegozi.it\/de\/wp-json\/wp\/v2\/product_cat?post=9503"},{"taxonomy":"product_tag","embeddable":true,"href":"https:\/\/www.creaearredanegozi.it\/de\/wp-json\/wp\/v2\/product_tag?post=9503"}],"curies":[{"name":"wp","href":"https:\/\/api.w.org\/{rel}","templated":true}]}}