{"id":9513,"date":"2018-01-04T19:48:21","date_gmt":"2018-01-04T18:48:21","guid":{"rendered":"https:\/\/www.creaearredanegozi.it\/?post_type=product&#038;p=9513"},"modified":"2024-05-31T19:02:49","modified_gmt":"2024-05-31T17:02:49","slug":"statische-kuhlvitrine-fur-professionelle-pizzeria-200cm-28-c-10-tabletts-gn-1-4","status":"publish","type":"product","link":"https:\/\/www.creaearredanegozi.it\/de\/statische-kuhlvitrine-fur-professionelle-pizzeria-200cm-28-c-10-tabletts-gn-1-4\/","title":{"rendered":"Statische K\u00fchlvitrine f\u00fcr professionelle Pizzeria 200cm +2\u00b0+8\u00b0 C 10 GN 1\/4 Tabletts"},"content":{"rendered":"<h3 class=\"blocco_pag\">Statische K\u00fchlvitrine f\u00fcr professionelle Pizzeria 200cm +2\u00b0+8\u00b0 C 10 GN 1\/4 Tabletts<\/h3>\n<div><strong>Statische K\u00fchlvitrine G-VRX2000-330 Forcold<\/strong><\/div>\n<div><\/div>\n<ul>\n<li>Edelstahl-K\u00fchlvitrinen f\u00fcr Pizza mit statischer K\u00fchlung.<\/li>\n<li>Sch\u00fctzendes Glas<\/li>\n<li>Einbauger\u00e4t nur rechte Seite Gas R600a.<\/li>\n<li>Geeignet zur Aufnahme von Gastronorm-, Edelstahl- oder Polycarbonatschalen<\/li>\n<li>Becken ausgeschlossen.<\/li>\n<\/ul>\n<div>Optional erh\u00e4ltliche Extras:<\/div>\n<ul>\n<li>Paar Wandhalterungen<\/li>\n<li>Paar Konsolen mit F\u00fc\u00dfen h 100\/150\/200 mm.<\/li>\n<\/ul>\n<p>Geeignet zur Aufnahme von 10 Gastronorm 1\/4 Schalen aus Edelstahl oder Polycarbonat mit einer maximalen Tiefe von 150 mm<\/p>\n<p>Statischer K\u00fchler f\u00fcr Pizzerien, komplett aus Edelstahl und Glas. Artikel konform mit CE-Norm.<\/p>\n<hr \/>\n<p><strong>Technische Daten<\/strong><\/p>\n<table class=\"table table-striped\">\n<tbody>\n<tr>\n<td>Macht:<\/td>\n<td>145 W<\/td>\n<\/tr>\n<tr>\n<td>Stromversorgung:<\/td>\n<td>230V\/1N50Hz<\/td>\n<\/tr>\n<tr>\n<td>Temperatur:<\/td>\n<td>+2 \/+8 \u00b0C<\/td>\n<\/tr>\n<tr>\n<td>K\u00fchlmittel:<\/td>\n<td>R600a<\/td>\n<\/tr>\n<tr>\n<td>Au\u00dfenma\u00dfe mit Verglasung (mm):<\/td>\n<td>2000 x 330 x 435(h)<\/td>\n<\/tr>\n<tr>\n<td>Au\u00dfenma\u00dfe ohne Glas (mm)<\/td>\n<td>2000 x 330 x 230(h)<\/td>\n<\/tr>\n<tr>\n<td>Innere Abmessungen (mm):<\/td>\n<td>1650 x 245 x 150(h) mm<\/td>\n<\/tr>\n<tr>\n<td>Dicke der Isolierung:<\/td>\n<td>45 mm<\/td>\n<\/tr>\n<tr>\n<td>Baumaterial:<\/td>\n<td>Rostfreier Stahl<\/td>\n<\/tr>\n<tr>\n<td>Kapazit\u00e4t:<\/td>\n<td>10x GN1\/4 - 40 L<\/td>\n<\/tr>\n<tr>\n<td>Art der K\u00fchlung:<\/td>\n<td>Statik<\/td>\n<\/tr>\n<tr>\n<td>Art der Abtauung:<\/td>\n<td>Eine Pause<\/td>\n<\/tr>\n<tr>\n<td>Max. Umgebungstemperatur\/Luftfeuchtigkeit<\/td>\n<td>+35\u00b0C \/ 50%HR<\/td>\n<\/tr>\n<tr>\n<td>Kondenswasserverdampfer:<\/td>\n<td>Handbuch<\/td>\n<\/tr>\n<tr>\n<td>Temperaturkontrolle<\/td>\n<td>Elektronisch<\/td>\n<\/tr>\n<tr>\n<td>Umkehrung der T\u00fcr<\/td>\n<td>Nein<\/td>\n<\/tr>\n<tr>\n<td>Innenbeleuchtung<\/td>\n<td>Nein<\/td>\n<\/tr>\n<tr>\n<td>Mitgeliefertes Zubeh\u00f6r<\/td>\n<td>Glas-Bausatz<\/td>\n<\/tr>\n<tr>\n<td>Nettogewicht:<\/td>\n<td>59 kg<\/td>\n<\/tr>\n<\/tbody>\n<\/table>\n<p>&nbsp;<\/p>","protected":false},"excerpt":{"rendered":"<p>Vetrina Refrigerata Statica per Pizzeria Professionale 200cm +2\u00b0+8\u00b0 C 10 Vaschette GN 1\/4 Vetrina Refrigerata Statica G-VRX2000-330 Forcold Vetrine refrigerate pizza in acciaio inox con refrigerazione statica. Vetri di protezione Gruppo incorporato solo lato destro gas R600a. Adatte per il contenimento di bacinelle gastronorm, inox o in policarbonato Bacinelle escluse. Optional acquistabili: Coppia supporto a [&#8230;]","protected":false},"featured_media":125692,"comment_status":"closed","ping_status":"closed","template":"","meta":{"_monsterinsights_skip_tracking":false,"_monsterinsights_sitenote_active":false,"_monsterinsights_sitenote_note":"","_monsterinsights_sitenote_category":0},"product_brand":[757],"product_cat":[189,46],"product_tag":[],"class_list":{"0":"post-9513","1":"product","2":"type-product","3":"status-publish","4":"has-post-thumbnail","6":"product_brand-forcold","7":"product_cat-vetrine-refrigerate-porta-ingredienti-pizzeria","8":"product_cat-attrezzature-per-pizzeria-attrezzi-pizzaiolo","9":"product_shipping_class-32","10":"pa_marca-forcold","12":"first","13":"instock","14":"taxable","15":"shipping-taxable","16":"purchasable","17":"product-type-simple"},"_links":{"self":[{"href":"https:\/\/www.creaearredanegozi.it\/de\/wp-json\/wp\/v2\/product\/9513","targetHints":{"allow":["GET"]}}],"collection":[{"href":"https:\/\/www.creaearredanegozi.it\/de\/wp-json\/wp\/v2\/product"}],"about":[{"href":"https:\/\/www.creaearredanegozi.it\/de\/wp-json\/wp\/v2\/types\/product"}],"replies":[{"embeddable":true,"href":"https:\/\/www.creaearredanegozi.it\/de\/wp-json\/wp\/v2\/comments?post=9513"}],"wp:featuredmedia":[{"embeddable":true,"href":"https:\/\/www.creaearredanegozi.it\/de\/wp-json\/wp\/v2\/media\/125692"}],"wp:attachment":[{"href":"https:\/\/www.creaearredanegozi.it\/de\/wp-json\/wp\/v2\/media?parent=9513"}],"wp:term":[{"taxonomy":"product_brand","embeddable":true,"href":"https:\/\/www.creaearredanegozi.it\/de\/wp-json\/wp\/v2\/product_brand?post=9513"},{"taxonomy":"product_cat","embeddable":true,"href":"https:\/\/www.creaearredanegozi.it\/de\/wp-json\/wp\/v2\/product_cat?post=9513"},{"taxonomy":"product_tag","embeddable":true,"href":"https:\/\/www.creaearredanegozi.it\/de\/wp-json\/wp\/v2\/product_tag?post=9513"}],"curies":[{"name":"wp","href":"https:\/\/api.w.org\/{rel}","templated":true}]}}