{"id":9517,"date":"2018-01-05T16:04:38","date_gmt":"2018-01-05T15:04:38","guid":{"rendered":"https:\/\/www.creaearredanegozi.it\/?post_type=product&#038;p=9517"},"modified":"2024-11-12T11:30:18","modified_gmt":"2024-11-12T10:30:18","slug":"zuckerpastenausroller-30-cm-rolle","status":"publish","type":"product","link":"https:\/\/www.creaearredanegozi.it\/de\/zuckerpastenausroller-30-cm-rolle\/","title":{"rendered":"Ausrollmaschine f\u00fcr Zuckerkuchen aus Kunststoff Schokolade und Mandelpaste 30 cm"},"content":{"rendered":"<p>Ausstechmaschine f\u00fcr Zuckerkuchen, die f\u00fcr die Verarbeitung von plastischer Schokolade, Zuckerkuchen, Mandelteig und vielen anderen Geb\u00e4ckarten von Marzipan bis M\u00fcrbeteig konzipiert ist.<\/p>\n<ul>\n<li>Das robuste Geh\u00e4use besteht vollst\u00e4ndig aus Stahl AISI 304.<\/li>\n<li>Einfaches und kompaktes Design.<\/li>\n<li>Zuckerteigausrollmaschine mit 30 cm langen Rollen aus Acetalharz.<\/li>\n<li>Millimetergenaue Dickeneinstellung zur Erzielung sehr d\u00fcnner Bleche: minimale Walzen\u00f6ffnung mm 0, maximale mm 5.<\/li>\n<li>Geformte und teflonbeschichtete Rutsche mit Rollen aus Harz, die das Gleiten des Bogens erleichtern.<\/li>\n<li>Ein Paar einstellbarer Walzen f\u00fcr die millimetergenaue Einstellung der gew\u00fcnschten Dicke.<\/li>\n<li><strong>Entwickelt f\u00fcr die Verarbeitung von Zuckerpasten, plastischer Schokolade und Mandelpaste<\/strong><\/li>\n<li>Teigzufuhrsystem auf den unteren Walzen, das durch eine weitere Umlenkrolle erleichtert wird.<\/li>\n<li>Rollenschutz<\/li>\n<li>Getrieber\u00e4der aus speziellen, gegossenen, unverzahnten Harzen f\u00fcr die f\u00fcnffache normale Lebensdauer<\/li>\n<li>Ganzstahlgeh\u00e4use (einschlie\u00dflich Rollentr\u00e4gerwellen)<\/li>\n<li>Interne Verst\u00e4rkungen, um ein Durchbiegen der Karkasse zu verhindern.<\/li>\n<\/ul>\n<table class=\"table table-striped\">\n<tbody>\n<tr>\n<td>Einphasiger Motor<\/td>\n<td>0,37 kW - 230V 50Hz<\/td>\n<\/tr>\n<tr>\n<td>Breite<\/td>\n<td>42 cm<\/td>\n<\/tr>\n<tr>\n<td>Tiefe<\/td>\n<td>48 cm<\/td>\n<\/tr>\n<tr>\n<td>H\u00f6he<\/td>\n<td>42 cm<\/td>\n<\/tr>\n<tr>\n<td>Gewicht<\/td>\n<td>~22 kg<\/td>\n<\/tr>\n<\/tbody>\n<\/table>\n<p>&nbsp;<\/p>\n<p>DIE EINHALTUNG ALLER WELTWEIT GELTENDEN HYGIENE- UND SICHERHEITSSTANDARDS<\/p>","protected":false},"excerpt":{"rendered":"<p>Sfogliatrice per pasta di zucchero progettata per la lavorazione del cioccolato plastico, paste zuccherine, pasta di mandorle e per tanti altri tipi di sfoglie dal marzapane alla pasta frolla. Carcassa robusta completamente in acciaio AISI 304. Design semplice e compatto. Sfogliatrice per pasta di zucchero con rulli lunghezza 30cm realizzati in resina acetalica. Regolazione dello [&#8230;]","protected":false},"featured_media":9290,"comment_status":"closed","ping_status":"closed","template":"","meta":{"_monsterinsights_skip_tracking":false,"_monsterinsights_sitenote_active":false,"_monsterinsights_sitenote_note":"","_monsterinsights_sitenote_category":0},"product_brand":[771],"product_cat":[713,708,182],"product_tag":[],"class_list":{"0":"post-9517","1":"product","2":"type-product","3":"status-publish","4":"has-post-thumbnail","6":"product_brand-igf","7":"product_cat-sfogliatrici-pasticceria","8":"product_cat-pasticcerie","9":"product_cat-tirasfoglia","10":"pa_marca-igf","12":"first","13":"instock","14":"taxable","15":"shipping-taxable","16":"purchasable","17":"product-type-simple"},"_links":{"self":[{"href":"https:\/\/www.creaearredanegozi.it\/de\/wp-json\/wp\/v2\/product\/9517","targetHints":{"allow":["GET"]}}],"collection":[{"href":"https:\/\/www.creaearredanegozi.it\/de\/wp-json\/wp\/v2\/product"}],"about":[{"href":"https:\/\/www.creaearredanegozi.it\/de\/wp-json\/wp\/v2\/types\/product"}],"replies":[{"embeddable":true,"href":"https:\/\/www.creaearredanegozi.it\/de\/wp-json\/wp\/v2\/comments?post=9517"}],"wp:featuredmedia":[{"embeddable":true,"href":"https:\/\/www.creaearredanegozi.it\/de\/wp-json\/wp\/v2\/media\/9290"}],"wp:attachment":[{"href":"https:\/\/www.creaearredanegozi.it\/de\/wp-json\/wp\/v2\/media?parent=9517"}],"wp:term":[{"taxonomy":"product_brand","embeddable":true,"href":"https:\/\/www.creaearredanegozi.it\/de\/wp-json\/wp\/v2\/product_brand?post=9517"},{"taxonomy":"product_cat","embeddable":true,"href":"https:\/\/www.creaearredanegozi.it\/de\/wp-json\/wp\/v2\/product_cat?post=9517"},{"taxonomy":"product_tag","embeddable":true,"href":"https:\/\/www.creaearredanegozi.it\/de\/wp-json\/wp\/v2\/product_tag?post=9517"}],"curies":[{"name":"wp","href":"https:\/\/api.w.org\/{rel}","templated":true}]}}