{"id":9524,"date":"2018-01-08T13:16:01","date_gmt":"2018-01-08T12:16:01","guid":{"rendered":"https:\/\/www.creaearredanegozi.it\/?post_type=product&#038;p=9524"},"modified":"2024-11-18T13:04:53","modified_gmt":"2024-11-18T12:04:53","slug":"professionelle-beluftete-gekuhlte-pizzatheke-150cm-2c-8c-forcold","status":"publish","type":"product","link":"https:\/\/www.creaearredanegozi.it\/de\/professionelle-beluftete-gekuhlte-pizzatheke-150cm-2c-8c-forcold\/","title":{"rendered":"Professionelle gek\u00fchlte bel\u00fcftete Pizzatheke 150cm -2\u00b0C +8\u00b0C Tiefk\u00fchlung"},"content":{"rendered":"<p>&nbsp;<\/p>\n<h3>Professionelle gek\u00fchlte und bel\u00fcftete Pizzatheke -2\u00b0C\/+8\u00b0C 151cm Tiefk\u00fchlung<\/h3>\n<p><strong>Pizzatheke gek\u00fchlt -bel\u00fcftet G-PZ2600TN-FC Tiefk\u00fchlung<\/strong><\/p>\n<ul>\n<li>Gek\u00fchlte Pizzatheke mit bel\u00fcfteter K\u00fchlung.<\/li>\n<li>Struktur aus rostfreiem Stahl.<\/li>\n<li>Herausnehmbare Einbaueinheit f\u00fcr einfache Wartung.<\/li>\n<li>Umw\u00e4lzung der kalten Luft, damit sie nicht direkt auf das Produkt trifft.<\/li>\n<li>Elektronische Temperaturregelung mit digitalem Thermostat.<\/li>\n<li>Elektrische Heizung um den T\u00fcrrahmen herum, um Kondensation zu vermeiden.<\/li>\n<li>Automatische Abtauung mit elektrischem Heizelement und automatischer Abtautemperaturregelung.<\/li>\n<li>Automatische Verdunstung von Kondenswasser.<\/li>\n<li>Verdampfer gegen Korrosion behandelt.<\/li>\n<li>T\u00fcr mit R\u00fcckholfeder.<\/li>\n<li>T\u00fcrdichtung ohne Werkzeug abnehmbar.<\/li>\n<li>Unten mit abgerundeten Ecken.<\/li>\n<li>H\u00f6henverstellbare F\u00fc\u00dfe aus Edelstahl.<\/li>\n<li>R\u00fcckenlehne aus rostfreiem Stahl.<\/li>\n<li>M\u00f6glichkeit der Wandmontage.<\/li>\n<\/ul>\n<hr \/>\n<p><strong>Technische Daten:<\/strong><\/p>\n<table class=\"table table-striped\">\n<tbody>\n<tr>\n<td>\n<div align=\"left\"><strong>Modell<\/strong><\/div>\n<\/td>\n<td>\n<div align=\"left\"><strong>G-PZ2600TN-FC<\/strong><\/div>\n<\/td>\n<\/tr>\n<tr>\n<td>\n<div align=\"left\">Arbeitstemperatur<\/div>\n<\/td>\n<td>\n<div align=\"left\">-2\u00b0C\/+8\u00b0C<\/div>\n<\/td>\n<\/tr>\n<tr>\n<td>\n<div align=\"left\">Au\u00dfenabmessungen (ohne Vitrine) mm<\/div>\n<\/td>\n<td>\n<div align=\"left\">1510 x 800 x 1000h<\/div>\n<\/td>\n<\/tr>\n<tr>\n<td>\n<div align=\"left\">Innenma\u00dfe mm<\/div>\n<\/td>\n<td>\n<div align=\"left\">1052 x 630 x 580h<\/div>\n<\/td>\n<\/tr>\n<tr>\n<td>\n<div align=\"left\">Kapazit\u00e4t<\/div>\n<\/td>\n<td>\n<div align=\"left\">390 Lt<\/div>\n<\/td>\n<\/tr>\n<tr>\n<td>\n<div align=\"left\">Maximale Arbeitstemperatur<\/div>\n<\/td>\n<td>\n<div align=\"left\">+35\u00b0C\/50%HR<\/div>\n<\/td>\n<\/tr>\n<tr>\n<td>\n<div align=\"left\">Art der K\u00fchlung<\/div>\n<\/td>\n<td>\n<div align=\"left\">Bel\u00fcftet<\/div>\n<\/td>\n<\/tr>\n<tr>\n<td>\n<div align=\"left\">Art der Abtauung<\/div>\n<\/td>\n<td>\n<div align=\"left\">Elektrisch<\/div>\n<\/td>\n<\/tr>\n<tr>\n<td>\n<div align=\"left\">Art des K\u00e4ltemittelgases<\/div>\n<\/td>\n<td>\n<div align=\"left\">R600a<\/div>\n<\/td>\n<\/tr>\n<tr>\n<td>\n<div align=\"left\">Kondenswasserverdunstung<\/div>\n<\/td>\n<td>Automatisch<\/td>\n<\/tr>\n<tr>\n<td>\n<div align=\"left\">Temperaturkontrolle<\/div>\n<\/td>\n<td>\n<div align=\"left\">Elektronisch<\/div>\n<\/td>\n<\/tr>\n<tr>\n<td>\n<div align=\"left\">Isolierung<\/div>\n<\/td>\n<td>\n<div align=\"left\">60 mm<\/div>\n<\/td>\n<\/tr>\n<tr>\n<td>\n<div align=\"left\">Absorption<\/div>\n<\/td>\n<td>\n<div align=\"left\">275 W<\/div>\n<\/td>\n<\/tr>\n<tr>\n<td>\n<div align=\"left\">Spannung<\/div>\n<\/td>\n<td>\n<div align=\"left\">230V \/ 50 Hz<\/div>\n<\/td>\n<\/tr>\n<tr>\n<td>\n<div align=\"left\">Baumaterial<\/div>\n<\/td>\n<td>\n<div align=\"left\">Rostfreier Stahl<\/div>\n<\/td>\n<\/tr>\n<tr>\n<td>\n<div align=\"left\">Umkehrung der T\u00fcr<\/div>\n<\/td>\n<td>Nein<\/td>\n<\/tr>\n<tr>\n<td>\n<div align=\"left\">Innenbeleuchtung<\/div>\n<\/td>\n<td>\n<div align=\"left\">Nein<\/div>\n<\/td>\n<\/tr>\n<tr>\n<td>\n<div align=\"left\">Mitgeliefertes Zubeh\u00f6r<\/div>\n<\/td>\n<td>\n<div align=\"left\">7 Paar T\u00fcrschienen<\/div>\n<\/td>\n<\/tr>\n<tr>\n<td>\n<div align=\"left\">Energieklasse<\/div>\n<\/td>\n<td>\n<div align=\"left\">C<\/div>\n<\/td>\n<\/tr>\n<tr>\n<td>\n<div align=\"left\">Nettogewicht<\/div>\n<\/td>\n<td>\n<div align=\"left\">304 kg<\/div>\n<\/td>\n<\/tr>\n<tr>\n<td>\n<div align=\"left\">Bruttogewicht<\/div>\n<\/td>\n<td>\n<div align=\"left\">321 kg<\/div>\n<\/td>\n<\/tr>\n<\/tbody>\n<\/table>\n<p>Optional erh\u00e4ltliche Extras:<\/p>\n<ul>\n<li>G-VRX1500-330 Vitrine f\u00fcr Inhaltsstoffe<\/li>\n<li>G-VRX1500-380 Vitrine f\u00fcr Inhaltsstoffe<\/li>\n<li>F\u00fchrungspaare f\u00fcr Tabletts<\/li>\n<li>Paar Kippschutzf\u00fchrungen f\u00fcr Gitter<\/li>\n<li>Kunststoffbeschichtetes Gitter<\/li>\n<li>Radsatz \u00f8120 mm, davon 2 mit Bremse.<\/li>\n<\/ul>\n<p><img decoding=\"async\" class=\"alignnone wp-image-125718 size-medium\" src=\"https:\/\/www.creaearredanegozi.it\/wp-content\/uploads\/2019\/11\/abbinamento-G-PZ1610TN-FC-G-PZ2600TN-FC-586x400.jpg\" alt=\"\" width=\"586\" height=\"400\" title=\"\" srcset=\"https:\/\/www.creaearredanegozi.it\/wp-content\/uploads\/2019\/11\/abbinamento-G-PZ1610TN-FC-G-PZ2600TN-FC-586x400.jpg 586w, https:\/\/www.creaearredanegozi.it\/wp-content\/uploads\/2019\/11\/abbinamento-G-PZ1610TN-FC-G-PZ2600TN-FC-516x353.jpg 516w, https:\/\/www.creaearredanegozi.it\/wp-content\/uploads\/2019\/11\/abbinamento-G-PZ1610TN-FC-G-PZ2600TN-FC-64x44.jpg 64w, https:\/\/www.creaearredanegozi.it\/wp-content\/uploads\/2019\/11\/abbinamento-G-PZ1610TN-FC-G-PZ2600TN-FC-768x525.jpg 768w, https:\/\/www.creaearredanegozi.it\/wp-content\/uploads\/2019\/11\/abbinamento-G-PZ1610TN-FC-G-PZ2600TN-FC.jpg 890w\" sizes=\"(max-width: 586px) 100vw, 586px\" \/><\/p>\n<p>&nbsp;<\/p>","protected":false},"excerpt":{"rendered":"<p>&nbsp; Banco Pizza Refrigerato Professionale Ventilato -2\u00b0C\/+8\u00b0C 151cm Forcold Banchi Pizza Refrigerato -Ventilato G-PZ2600TN-FC Forcold Banco pizza refrigerato con refrigerazione ventilata. Struttura in acciaio inox. Gruppo incorporato estraibile per facile manutenzione. Andamento circolare dell&#8217;aria fredda in modo da non investire direttamente il prodotto. Controllo temperatura elettronico con termostato digitale. Resistenza elettrica intorno alla cornice porta [&#8230;]","protected":false},"featured_media":125732,"comment_status":"closed","ping_status":"closed","template":"","meta":{"_monsterinsights_skip_tracking":false,"_monsterinsights_sitenote_active":false,"_monsterinsights_sitenote_note":"","_monsterinsights_sitenote_category":0},"product_brand":[757],"product_cat":[71,27,653],"product_tag":[],"class_list":{"0":"post-9524","1":"product","2":"type-product","3":"status-publish","4":"has-post-thumbnail","6":"product_brand-forcold","7":"product_cat-banchi-pizzeria-refrigerati","8":"product_cat-armadi-e-tavoli-refrigerati","9":"product_cat-refrigerazione","10":"product_shipping_class-n","11":"pa_classe-energetica-classe-c","12":"pa_marca-forcold","14":"first","15":"instock","16":"sale","17":"taxable","18":"shipping-taxable","19":"purchasable","20":"product-type-simple"},"_links":{"self":[{"href":"https:\/\/www.creaearredanegozi.it\/de\/wp-json\/wp\/v2\/product\/9524","targetHints":{"allow":["GET"]}}],"collection":[{"href":"https:\/\/www.creaearredanegozi.it\/de\/wp-json\/wp\/v2\/product"}],"about":[{"href":"https:\/\/www.creaearredanegozi.it\/de\/wp-json\/wp\/v2\/types\/product"}],"replies":[{"embeddable":true,"href":"https:\/\/www.creaearredanegozi.it\/de\/wp-json\/wp\/v2\/comments?post=9524"}],"wp:featuredmedia":[{"embeddable":true,"href":"https:\/\/www.creaearredanegozi.it\/de\/wp-json\/wp\/v2\/media\/125732"}],"wp:attachment":[{"href":"https:\/\/www.creaearredanegozi.it\/de\/wp-json\/wp\/v2\/media?parent=9524"}],"wp:term":[{"taxonomy":"product_brand","embeddable":true,"href":"https:\/\/www.creaearredanegozi.it\/de\/wp-json\/wp\/v2\/product_brand?post=9524"},{"taxonomy":"product_cat","embeddable":true,"href":"https:\/\/www.creaearredanegozi.it\/de\/wp-json\/wp\/v2\/product_cat?post=9524"},{"taxonomy":"product_tag","embeddable":true,"href":"https:\/\/www.creaearredanegozi.it\/de\/wp-json\/wp\/v2\/product_tag?post=9524"}],"curies":[{"name":"wp","href":"https:\/\/api.w.org\/{rel}","templated":true}]}}