{"id":9561,"date":"2018-01-12T18:21:09","date_gmt":"2018-01-12T17:21:09","guid":{"rendered":"https:\/\/www.creaearredanegozi.it\/?post_type=product&#038;p=9561"},"modified":"2024-07-09T09:40:20","modified_gmt":"2024-07-09T07:40:20","slug":"trolley-eimer-aus-edelstahl-fur-die-kuche-wasserdicht-pedaloffnung","status":"publish","type":"product","link":"https:\/\/www.creaearredanegozi.it\/de\/trolley-eimer-aus-edelstahl-fur-die-kuche-wasserdicht-pedaloffnung\/","title":{"rendered":"Edelstahl-Wageneimer f\u00fcr den K\u00fcchengebrauch wasserdichte Pedal\u00f6ffnung"},"content":{"rendered":"<h2 style=\"text-align: center;\">M\u00fclltonnen auf R\u00e4dern<\/h2>\n<p><strong>M\u00fclltonne aus Edelstahl auf R\u00e4dern<\/strong>, geb\u00fcrstet<\/p>\n<ul>\n<li>Geformter, wasserdichter Boden mit Radius, ohne Kanten<\/li>\n<li>Deckel mit Fu\u00dfpedal\u00f6ffnung<\/li>\n<li>Auf R\u00e4dern montiert<\/li>\n<\/ul>\n<p>Maximale Gesamtabmessungen<\/p>\n<ul>\n<li>50 Liter: cm \u00d8 39 x 61 h<\/li>\n<li>75 Liter: cm \u00d8 45 x 61 h<\/li>\n<li>90 Liter: cm \u00d8 45 x 69 h<\/li>\n<\/ul>","protected":false},"excerpt":{"rendered":"<p>Pattumiere carrellate Pattumiera carrellata in acciaio inox, finitura spazzolata Fondo stampato raggiato a tenuta stagna, privo di spigoli Coperchio con apertura a pedale Montata su ruote Dimensioni massime di ingombro 50 litri: cm \u00d8 39 x 61 h 75 litri: cm \u00d8 45 x 61 h 90 litri: cm \u00d8 45 x 69 h<\/p>","protected":false},"featured_media":9565,"comment_status":"closed","ping_status":"closed","template":"","meta":{"_monsterinsights_skip_tracking":false,"_monsterinsights_sitenote_active":false,"_monsterinsights_sitenote_note":"","_monsterinsights_sitenote_category":0},"product_brand":[],"product_cat":[285],"product_tag":[],"class_list":{"0":"post-9561","1":"product","2":"type-product","3":"status-publish","4":"has-post-thumbnail","6":"product_cat-tramogge-e-pattumiere","7":"product_shipping_class-f","8":"pa_marca-metalcarrelli","10":"first","11":"instock","12":"taxable","13":"shipping-taxable","14":"purchasable","15":"product-type-variable"},"_links":{"self":[{"href":"https:\/\/www.creaearredanegozi.it\/de\/wp-json\/wp\/v2\/product\/9561","targetHints":{"allow":["GET"]}}],"collection":[{"href":"https:\/\/www.creaearredanegozi.it\/de\/wp-json\/wp\/v2\/product"}],"about":[{"href":"https:\/\/www.creaearredanegozi.it\/de\/wp-json\/wp\/v2\/types\/product"}],"replies":[{"embeddable":true,"href":"https:\/\/www.creaearredanegozi.it\/de\/wp-json\/wp\/v2\/comments?post=9561"}],"wp:featuredmedia":[{"embeddable":true,"href":"https:\/\/www.creaearredanegozi.it\/de\/wp-json\/wp\/v2\/media\/9565"}],"wp:attachment":[{"href":"https:\/\/www.creaearredanegozi.it\/de\/wp-json\/wp\/v2\/media?parent=9561"}],"wp:term":[{"taxonomy":"product_brand","embeddable":true,"href":"https:\/\/www.creaearredanegozi.it\/de\/wp-json\/wp\/v2\/product_brand?post=9561"},{"taxonomy":"product_cat","embeddable":true,"href":"https:\/\/www.creaearredanegozi.it\/de\/wp-json\/wp\/v2\/product_cat?post=9561"},{"taxonomy":"product_tag","embeddable":true,"href":"https:\/\/www.creaearredanegozi.it\/de\/wp-json\/wp\/v2\/product_tag?post=9561"}],"curies":[{"name":"wp","href":"https:\/\/api.w.org\/{rel}","templated":true}]}}