{"id":9643,"date":"2018-01-23T17:39:36","date_gmt":"2018-01-23T16:39:36","guid":{"rendered":"https:\/\/www.creaearredanegozi.it\/?post_type=product&#038;p=9643"},"modified":"2023-07-03T19:50:41","modified_gmt":"2023-07-03T17:50:41","slug":"kuhlschrank-mit-zwei-turen-gn-2-1-edelstahl-2-8-1300l-atosa","status":"publish","type":"product","link":"https:\/\/www.creaearredanegozi.it\/de\/kuhlschrank-mit-zwei-turen-gn-2-1-edelstahl-2-8-1300l-atosa\/","title":{"rendered":"GN 2\/1 Doppelt\u00fcriger Edelstahl-K\u00fchlschrank -2\/+8 1300L ATOSA"},"content":{"rendered":"<div style=\"text-align: left;\"><span style=\"font-size: 20.16px;\">GN 2\/1 Edelstahl-K\u00fchlregal -2\/+8 1300 Liter<\/span><\/div>\n<div>\n<ul class=\"gkBullet1\">\n<li>Konstruktion aus rostfreiem Stahl AISI 304<\/li>\n<li>Gas: R600a<\/li>\n<li>Tropentaugliche Artikel, 43\u00baC Umgebungstemperatur. Gut geeignet f\u00fcr alle hei\u00dfen Umgebungen und Arbeiten.<\/li>\n<li>Bereits mit R\u00e4dern ausgestattet (zwei davon mit Bremsen)<\/li>\n<li>Selbstschlie\u00dfende T\u00fcr mit Schloss nach au\u00dfen<\/li>\n<li>T\u00fcr mit Sicherheitsschl\u00fcssel<\/li>\n<li>HUAYI'-Kompressor<\/li>\n<li>EBM\"-L\u00fcfterbaugruppe<\/li>\n<li>Automatische Abtauung<\/li>\n<li>Anti-Korrosions-Verdampfer<\/li>\n<li>Digitaler Thermostat \"Carel\/Dixell<\/li>\n<li>Innenbeleuchtung (Serie MBF)<\/li>\n<li>Glast\u00fcr mit integrierter LED-Beleuchtung (Serie MCF)<\/li>\n<li>Kompatibel mit 600*400 Tabletts (MBF-Serie) mit zus\u00e4tzlichem Zubeh\u00f6r<\/li>\n<li>Abgerundete Kanten f\u00fcr einfache Reinigung<\/li>\n<li>Leicht zu reinigende und austauschbare, ineinander greifende T\u00fcrdichtungen<\/li>\n<li>Netto Fassungsverm\u00f6gen 1240lt<\/li>\n<li>Nr. 6 mitgelieferte Gitter GN 2\\1 (650\u00d7530 mm), Kapazit\u00e4t je 60Kg.<\/li>\n<li>Innenma\u00dfe: B1194xT635xH1540 mm<\/li>\n<\/ul>\n<hr \/>\n<p><strong>Technische Daten<\/strong><\/p>\n<table class=\"table table-striped\">\n<tbody>\n<tr>\n<td>\n<div align=\"left\"><strong>Klassifizierung<\/strong><\/div>\n<\/td>\n<td>\n<div align=\"left\"><strong>K\u00fchlschrank<\/strong><\/div>\n<\/td>\n<\/tr>\n<tr>\n<td>\n<div align=\"left\">Abmessungen (BxTxH mm)<\/div>\n<\/td>\n<td>\n<div align=\"left\">1314 x 805 x 2065<\/div>\n<\/td>\n<\/tr>\n<tr>\n<td>\n<div align=\"left\">Nettokapazit\u00e4t (Liter)<\/div>\n<\/td>\n<td>\n<div align=\"left\">1240<\/div>\n<\/td>\n<\/tr>\n<tr>\n<td>\n<div align=\"left\">Innentemperatur (\u00baC)<\/div>\n<\/td>\n<td>\n<div align=\"left\">-2\u00baC bis +8\u00baC<\/div>\n<\/td>\n<\/tr>\n<tr>\n<td>\n<div align=\"left\">Temperatur in der Umgebung<\/div>\n<\/td>\n<td>\n<div align=\"left\">43\u00baC<\/div>\n<\/td>\n<\/tr>\n<tr>\n<td>\n<div align=\"left\">Luftfeuchtigkeit<\/div>\n<\/td>\n<td>\n<div align=\"left\">85%<\/div>\n<\/td>\n<\/tr>\n<tr>\n<td>\n<div align=\"left\">Kompressor (HP)<\/div>\n<\/td>\n<td>\n<div align=\"left\">1\/4<\/div>\n<\/td>\n<\/tr>\n<tr>\n<td>\n<div align=\"left\">Art der K\u00fchlung<\/div>\n<\/td>\n<td>\n<div align=\"left\">Bel\u00fcftet<\/div>\n<\/td>\n<\/tr>\n<tr>\n<td>\n<div align=\"left\">Entfrosten<\/div>\n<\/td>\n<td>\n<div align=\"left\">Luft<\/div>\n<\/td>\n<\/tr>\n<tr>\n<td>\n<div align=\"left\">Typ der Temperaturregelung<\/div>\n<\/td>\n<td>\n<div align=\"left\">Digital (Carel)<\/div>\n<\/td>\n<\/tr>\n<tr>\n<td>\n<div align=\"left\">Ampere (A) 220v\/50hz<\/div>\n<\/td>\n<td>\n<div align=\"left\">2.8<\/div>\n<\/td>\n<\/tr>\n<tr>\n<td>\n<div align=\"left\">Leistung (W)<\/div>\n<\/td>\n<td>\n<div align=\"left\">350<\/div>\n<\/td>\n<\/tr>\n<tr>\n<td>\n<div align=\"left\">Dicke der Isolierung<\/div>\n<\/td>\n<td>\n<div align=\"left\">60 mm<\/div>\n<\/td>\n<\/tr>\n<tr>\n<td>\n<div align=\"left\"><strong>Energieklasse<\/strong><\/div>\n<\/td>\n<td>\n<div align=\"left\"><strong>B<\/strong><\/div>\n<\/td>\n<\/tr>\n<tr>\n<td>\n<div align=\"left\">Klima-Klasse<\/div>\n<\/td>\n<td>\n<div align=\"left\">5<\/div>\n<\/td>\n<\/tr>\n<tr>\n<td>\n<div align=\"left\">Nettogewicht (kg)<\/div>\n<\/td>\n<td>\n<div align=\"left\">171<\/div>\n<\/td>\n<\/tr>\n<\/tbody>\n<\/table>\n<hr \/>\n<p><strong>Optional<\/strong><\/p>\n<p>F\u00fc\u00dfe aus rostfreiem Stahl<\/p>\n<p>Bausatz Gitter + 2 Gleitschienen<\/p>\n<p>Bausatz 2 Schienen zum Einschieben von Kunststoffkassetten 60\u00d740 (mit den Schienen 60\u00d740 ist es m\u00f6glich, bis zu 9 F\u00e4cher einzurichten, Achsabstand 5 cm)<\/p>\n<p>Satz mit 4 Gitterklammern (zu kombinieren mit dem Kauf eines Gitters und als Alternative zu den F\u00fchrungen, indem das Gitter befestigt wird)<\/p>\n<\/div>","protected":false},"excerpt":{"rendered":"<p><span style=\"color: #555555;\">\n\t\t<div class=\"icon-box featured-box icon-box-right text-right\"  >\n\t\t\t\t\t<div class=\"icon-box-img\" style=\"width: 50px\">\n\t\t\t\t<div class=\"icon\">\n\t\t\t\t\t<div class=\"icon-inner\" >\n\t\t\t\t\t\t<img decoding=\"async\" src=\"https:\/\/www.creaearredanegozi.it\/wp-content\/uploads\/2018\/01\/free_truck.png\" alt=\"Kostenloser Versand nur innerhalb Italiens\"\/>\t\t\t\t\t<\/div>\n\t\t\t\t<\/div>\n\t\t\t<\/div>\n\t\t\t\t<div class=\"icon-box-text last-reset\">\n\t\t\t<h5 class=\"uppercase\">Kostenloser Versand nur innerhalb Italiens<\/h5>\t\t\t\t\t\t<\/span><span style=\"color: #555555;\">\t\t<\/div>\n\t<\/div>\n\t\n\t<\/span><\/p>","protected":false},"featured_media":121819,"comment_status":"closed","ping_status":"closed","template":"","meta":{"_monsterinsights_skip_tracking":false,"_monsterinsights_sitenote_active":false,"_monsterinsights_sitenote_note":"","_monsterinsights_sitenote_category":0},"product_brand":[626],"product_cat":[69],"product_tag":[211],"class_list":{"0":"post-9643","1":"product","2":"type-product","3":"status-publish","4":"has-post-thumbnail","6":"product_brand-atosa","7":"product_cat-armadi-refrigerati","8":"product_tag-spedizione-gratuita","9":"pa_classe-energetica-classe-b","10":"pa_marca-atosa","12":"first","13":"instock","14":"featured","15":"taxable","16":"shipping-taxable","17":"purchasable","18":"product-type-simple"},"_links":{"self":[{"href":"https:\/\/www.creaearredanegozi.it\/de\/wp-json\/wp\/v2\/product\/9643","targetHints":{"allow":["GET"]}}],"collection":[{"href":"https:\/\/www.creaearredanegozi.it\/de\/wp-json\/wp\/v2\/product"}],"about":[{"href":"https:\/\/www.creaearredanegozi.it\/de\/wp-json\/wp\/v2\/types\/product"}],"replies":[{"embeddable":true,"href":"https:\/\/www.creaearredanegozi.it\/de\/wp-json\/wp\/v2\/comments?post=9643"}],"wp:featuredmedia":[{"embeddable":true,"href":"https:\/\/www.creaearredanegozi.it\/de\/wp-json\/wp\/v2\/media\/121819"}],"wp:attachment":[{"href":"https:\/\/www.creaearredanegozi.it\/de\/wp-json\/wp\/v2\/media?parent=9643"}],"wp:term":[{"taxonomy":"product_brand","embeddable":true,"href":"https:\/\/www.creaearredanegozi.it\/de\/wp-json\/wp\/v2\/product_brand?post=9643"},{"taxonomy":"product_cat","embeddable":true,"href":"https:\/\/www.creaearredanegozi.it\/de\/wp-json\/wp\/v2\/product_cat?post=9643"},{"taxonomy":"product_tag","embeddable":true,"href":"https:\/\/www.creaearredanegozi.it\/de\/wp-json\/wp\/v2\/product_tag?post=9643"}],"curies":[{"name":"wp","href":"https:\/\/api.w.org\/{rel}","templated":true}]}}