{"id":9655,"date":"2018-01-27T12:52:44","date_gmt":"2018-01-27T11:52:44","guid":{"rendered":"https:\/\/www.creaearredanegozi.it\/?post_type=product&#038;p=9655"},"modified":"2025-12-18T18:23:48","modified_gmt":"2025-12-18T17:23:48","slug":"sammic-sv-308t-vakuumkammermaschine","status":"publish","type":"product","link":"https:\/\/www.creaearredanegozi.it\/de\/sammic-sv-308t-vakuumkammermaschine\/","title":{"rendered":"Tisch-Vakuumkammermaschine bar 32 cm Sammic 300 Serie"},"content":{"rendered":"<div class=\"tab_title\"><strong>Benchtop-Vakuumkammer-Maschine bar 32 cm Sammic<\/strong><\/div>\n<div>\n<p>Die SE-Reihe der Vakuumkammermaschinen von Sammic umfasst eine neue Platte, die ein einziges Programm zur prozentualen Einstellung des Vakuums verwendet und die M\u00f6glichkeit bietet, ein 10-Sekunden-Vakuum-'Plus'-Programm zu w\u00e4hlen.<\/p>\n<p>Mit den professionellen Vakuumverpackungsmaschinen von Sammic k\u00f6nnen Sie die Haltbarkeit von rohen oder gekochten Lebensmitteln verl\u00e4ngern, ohne dass diese an Gewicht verlieren, austrocknen oder sich Aromen und Ger\u00fcche vermischen. Sowohl der Rahmen als auch der Tank sind aus Edelstahl gefertigt und die kabellose Schwei\u00dfleiste erm\u00f6glicht eine einfache und bequeme Reinigung des Tanks. Alle Modelle sind mit Busch-Pumpen ausgestattet und bieten eine doppelte Versiegelung oder eine doppelte Schnurversiegelung, um die Haltbarkeit der verpackten Waren zu gew\u00e4hrleisten.<\/p>\n<p>Ausgestattet mit einem digitalen Bedienfeld wird das Vakuum mit einem hochpr\u00e4zisen Sensor oder einem Mikroprozessor gesteuert, wodurch zeitliche Anpassungen und unn\u00f6tige Verpackungsversuche vermieden werden: Die f\u00fcr das Erreichen des Vakuums erforderliche Zeit ist die beste f\u00fcr das zu verpackende Produkt, unabh\u00e4ngig von dessen Volumen. Aus diesem Grund entf\u00e4llt das Manometer und wird durch ein Paneel mit einem Display ersetzt, das den Prozentsatz genau anzeigt.<\/p>\n<p>Die SE-Verpackungsmaschinen bieten Sicherheit bei der Verpackung von Fl\u00fcssigkeiten, da sie die Einstellung eines angemessenen Vakuums f\u00fcr die Verpackung von Fl\u00fcssigkeiten bei Raumtemperatur ohne das Risiko von Spritzern oder Versch\u00fcttungen erm\u00f6glichen. Dar\u00fcber hinaus sind alle Modelle f\u00fcr den Anschluss des externen Vac-Norm-Vakuumkits f\u00fcr die Vakuumverpackung in speziell f\u00fcr diesen Zweck vorgesehenen Beh\u00e4ltern vorbereitet.<br \/>\nAlle Modelle bieten Sonderfunktionen wie die M\u00f6glichkeit, Verpackungszyklen ausschlie\u00dflich f\u00fcr das Verschlie\u00dfen von Beh\u00e4ltern durchzuf\u00fchren, indem ein niedrigeres Vakuum eingestellt wird, oder Produkte zu marinieren, indem die Pausentaste gedr\u00fcckt wird, die es erm\u00f6glicht, die Vakuumphase zu stoppen und an derselben Stelle wieder zu beginnen.<\/p>\n<p>Alle Modelle der SENSOR-Reihe verf\u00fcgen \u00fcber eine Impulsdekompression, die das zu verpackende Produkt sch\u00fctzt und ein Brechen des Vakuumbeh\u00e4lters verhindert.<\/p>\n<p>Die professionellen Vakuumverpackungsmaschinen von Sammic verf\u00fcgen \u00fcber ein Pumptrocknungsprogramm, das ihre Lebensdauer verl\u00e4ngert, sowie \u00fcber einen Arbeitsz\u00e4hler, der Ihnen anzeigt, wann das \u00d6l gewechselt werden muss.<\/p>\n<p><strong>Technische Daten:<\/strong><\/p>\n<p>Pumpenleistung: 8 - 10 - 16 m3 \/ h<br \/>\nL\u00e4nge der L\u00f6tleiste: 320 mm<br \/>\nLeistung der Pumpe: 370W<br \/>\nVakuumdruck (maximal): 2 mbar<br \/>\nGewicht: 40,3 kg<br \/>\nStromversorgung: 230v \/ 50-60hz \/ einphasig<\/p>\n<p><strong>Abmessungen des Tanks:<\/strong><br \/>\nBreite: 330 mm<br \/>\nTiefe: 360 mm<br \/>\nH\u00f6he: 155 mm<\/p>\n<div class=\"clear\"><strong>\u00c4u\u00dfere Abmessungen:<\/strong><\/div>\n<div class=\"clear\">Breite: 384 mm<br \/>\nTiefe: 465 mm<br \/>\nH\u00f6he: 403 mm<\/div>\n<\/div>","protected":false},"excerpt":{"rendered":"<p>Macchina sottovuoto a campana da banco barra 32 cm Sammic La gamma SE di sottovuoto a campana della Sammic includono una nuova piastra che utilizza un unico programma per regolare il vuoto in percentuale e con l&#8217;opzione di programma fino a 10 sec. di vuoto &#8220;plus&#8221;. Le confezionatrici sottovuoto professionali Sammic consentono di prolungare la [&#8230;]","protected":false},"featured_media":118624,"comment_status":"closed","ping_status":"closed","template":"","meta":{"_monsterinsights_skip_tracking":false,"_monsterinsights_sitenote_active":false,"_monsterinsights_sitenote_note":"","_monsterinsights_sitenote_category":0},"product_brand":[736],"product_cat":[14,106],"product_tag":[],"class_list":{"0":"post-9655","1":"product","2":"type-product","3":"status-publish","4":"has-post-thumbnail","6":"product_brand-sammic","7":"product_cat-confezionamento","8":"product_cat-sottovuoto","10":"first","11":"instock","12":"taxable","13":"shipping-taxable","14":"purchasable","15":"product-type-variable"},"_links":{"self":[{"href":"https:\/\/www.creaearredanegozi.it\/de\/wp-json\/wp\/v2\/product\/9655","targetHints":{"allow":["GET"]}}],"collection":[{"href":"https:\/\/www.creaearredanegozi.it\/de\/wp-json\/wp\/v2\/product"}],"about":[{"href":"https:\/\/www.creaearredanegozi.it\/de\/wp-json\/wp\/v2\/types\/product"}],"replies":[{"embeddable":true,"href":"https:\/\/www.creaearredanegozi.it\/de\/wp-json\/wp\/v2\/comments?post=9655"}],"wp:featuredmedia":[{"embeddable":true,"href":"https:\/\/www.creaearredanegozi.it\/de\/wp-json\/wp\/v2\/media\/118624"}],"wp:attachment":[{"href":"https:\/\/www.creaearredanegozi.it\/de\/wp-json\/wp\/v2\/media?parent=9655"}],"wp:term":[{"taxonomy":"product_brand","embeddable":true,"href":"https:\/\/www.creaearredanegozi.it\/de\/wp-json\/wp\/v2\/product_brand?post=9655"},{"taxonomy":"product_cat","embeddable":true,"href":"https:\/\/www.creaearredanegozi.it\/de\/wp-json\/wp\/v2\/product_cat?post=9655"},{"taxonomy":"product_tag","embeddable":true,"href":"https:\/\/www.creaearredanegozi.it\/de\/wp-json\/wp\/v2\/product_tag?post=9655"}],"curies":[{"name":"wp","href":"https:\/\/api.w.org\/{rel}","templated":true}]}}