{"id":9732,"date":"2018-02-12T17:04:03","date_gmt":"2018-02-12T16:04:03","guid":{"rendered":"https:\/\/www.creaearredanegozi.it\/?post_type=product&#038;p=9732"},"modified":"2024-12-01T00:00:06","modified_gmt":"2024-11-30T23:00:06","slug":"professionelle-kuhlvitrine-fur-pizzeria-zutaten-2-8c-120cm-3xgn1-3-1x1-2","status":"publish","type":"product","link":"https:\/\/www.creaearredanegozi.it\/de\/professionelle-kuhlvitrine-fur-pizzeria-zutaten-2-8c-120cm-3xgn1-3-1x1-2\/","title":{"rendered":"Professionelle K\u00fchlvitrine f\u00fcr Pizzeria Zutaten +2\/+8\u00b0C 120cm 3xGN1\/3 +1\u00d71\/2"},"content":{"rendered":"<h3>Professionelle K\u00fchlvitrine f\u00fcr Pizzeria Zutaten 120cm 3 GN1\/3+1 1\/2 Tabletts<\/h3>\n<div><strong>Statische K\u00fchlvitrine G-VRX1200-380 Forcold<\/strong><\/div>\n<div><\/div>\n<ul>\n<li>Edelstahl-K\u00fchlvitrinen f\u00fcr Pizza mit statischer K\u00fchlung.<\/li>\n<li>Sch\u00fctzendes Glas<\/li>\n<li>Einbauger\u00e4t nur rechte Seite Gas R600a.<\/li>\n<li>Geeignet zur Aufnahme von Gastronorm-, Edelstahl- oder Polycarbonatschalen<\/li>\n<li>Becken ausgeschlossen.<\/li>\n<\/ul>\n<div><\/div>\n<div>Optional erh\u00e4ltliche Extras:<\/div>\n<ul>\n<li>Paar Wandhalterungen<\/li>\n<li>Paar Konsolen mit F\u00fc\u00dfen h 100\/150\/200 mm.<\/li>\n<\/ul>\n<hr \/>\n<p><strong>Technische Daten<\/strong><\/p>\n<table class=\"table table-striped\">\n<tbody>\n<tr>\n<td>\n<div align=\"left\"><strong><span style=\"font-size: 14.4px;\">Eigenschaften<\/span><\/strong><\/div>\n<\/td>\n<td>\n<div align=\"left\"><strong>G-VRX1200-380 -FC<\/strong><\/div>\n<\/td>\n<\/tr>\n<tr>\n<td>\n<div align=\"left\"><span style=\"font-size: 14.4px;\">Au\u00dfenma\u00dfe mit Glas mm<\/span><\/div>\n<\/td>\n<td>\n<div align=\"left\"><span style=\"font-size: 14.4px;\">1200 x 380 x 435h<\/span><\/div>\n<\/td>\n<\/tr>\n<tr>\n<td>\n<div align=\"left\"><span style=\"font-size: 14.4px;\">Au\u00dfenma\u00dfe ohne Glas mm<\/span><\/div>\n<\/td>\n<td>\n<div align=\"left\"><span style=\"font-size: 14.4px;\">1200 x 380 x 230h<\/span><\/div>\n<\/td>\n<\/tr>\n<tr>\n<td>\n<div align=\"left\"><span style=\"font-size: 14.4px;\">Innenma\u00dfe mm<\/span><\/div>\n<\/td>\n<td>\n<div align=\"left\"><span style=\"font-size: 14.4px;\">850 x 305 x 150h<\/span><\/div>\n<\/td>\n<\/tr>\n<tr>\n<td>\n<div align=\"left\"><span style=\"font-size: 14.4px;\">Fassungsverm\u00f6gen (Liter)<\/span><\/div>\n<\/td>\n<td>\n<div align=\"left\">3 x GN1\/3 +1x GN1\/2 - 20 L<\/div>\n<\/td>\n<\/tr>\n<tr>\n<td>\n<div align=\"left\"><span style=\"font-size: 14.4px;\">Innentemperatur (\u00baC)<\/span><\/div>\n<\/td>\n<td>\n<div align=\"left\"><span style=\"font-size: 14.4px;\">+2\u00baC bis +8\u00baC<\/span><\/div>\n<\/td>\n<\/tr>\n<tr>\n<td>\n<div align=\"left\"><span style=\"font-size: 14.4px;\">Max. Arbeitstemperatur<\/span><\/div>\n<\/td>\n<td>\n<div align=\"left\">+35\u00b0C \/ 50%HR<\/div>\n<\/td>\n<\/tr>\n<tr>\n<td>\n<div align=\"left\"><span style=\"font-size: 14.4px;\">Typ K\u00e4ltemittel<\/span><\/div>\n<\/td>\n<td>\n<div align=\"left\">R600a<\/div>\n<\/td>\n<\/tr>\n<tr>\n<td>\n<div align=\"left\"><span style=\"font-size: 14.4px;\">Art der K\u00fchlung<\/span><\/div>\n<\/td>\n<td>\n<div align=\"left\"><span style=\"font-size: 14.4px;\">Statik<\/span><\/div>\n<\/td>\n<\/tr>\n<tr>\n<td>\n<div align=\"left\"><span style=\"font-size: 14.4px;\">Typ Abtauen<\/span><\/div>\n<\/td>\n<td>\n<div align=\"left\"><span style=\"font-size: 14.4px;\">Ein Zwischenstopp<\/span><\/div>\n<\/td>\n<\/tr>\n<tr>\n<td>\n<div align=\"left\"><span style=\"font-size: 14.4px;\">Kondenswasserverdunstung<\/span><\/div>\n<\/td>\n<td>\n<div align=\"left\"><span style=\"font-size: 14.4px;\">Handbuch<\/span><\/div>\n<\/td>\n<\/tr>\n<tr>\n<td>\n<div align=\"left\"><span style=\"font-size: 14.4px;\">Temperaturkontrolle<\/span><\/div>\n<\/td>\n<td>\n<div align=\"left\"><span style=\"font-size: 14.4px;\">Elektronisch<\/span><\/div>\n<\/td>\n<\/tr>\n<tr>\n<td>\n<div align=\"left\"><span style=\"font-size: 14.4px;\">Dicke der Isolierung<\/span><\/div>\n<\/td>\n<td>\n<div align=\"left\"><span style=\"font-size: 14.4px;\">45 mm<\/span><\/div>\n<\/td>\n<\/tr>\n<tr>\n<td>\n<div align=\"left\"><span style=\"font-size: 14.4px;\">Absorption W<\/span><\/div>\n<\/td>\n<td>\n<div align=\"left\"><span style=\"font-size: 14.4px;\">145<\/span><\/div>\n<\/td>\n<\/tr>\n<tr>\n<td>\n<div align=\"left\"><span style=\"font-size: 14.4px;\">Spannung<\/span><\/div>\n<\/td>\n<td>\n<div align=\"left\"><span style=\"font-size: 14.4px;\">230V \/ 50Hz<\/span><\/div>\n<\/td>\n<\/tr>\n<tr>\n<td>\n<div align=\"left\"><span style=\"font-size: 14.4px;\">Baumaterial<\/span><\/div>\n<\/td>\n<td>\n<div align=\"left\"><span style=\"font-size: 14.4px;\">Rostfreier Stahl<\/span><\/div>\n<\/td>\n<\/tr>\n<tr>\n<td>\n<div align=\"left\"><span style=\"font-size: 14.4px;\">Umkehrung der T\u00fcr<\/span><\/div>\n<\/td>\n<td>\n<div align=\"left\"><span style=\"font-size: 14.4px;\">Nein<\/span><\/div>\n<\/td>\n<\/tr>\n<tr>\n<td>\n<div align=\"left\"><span style=\"font-size: 14.4px;\">Innenbeleuchtung<\/span><\/div>\n<\/td>\n<td>\n<div align=\"left\"><span style=\"font-size: 14.4px;\">Nein<\/span><\/div>\n<\/td>\n<\/tr>\n<tr>\n<td>\n<div align=\"left\"><span style=\"font-size: 14.4px;\">Mitgeliefertes Zubeh\u00f6r<\/span><\/div>\n<\/td>\n<td>\n<div align=\"left\"><span style=\"font-size: 14.4px;\">Glas-Bausatz<\/span><\/div>\n<\/td>\n<\/tr>\n<tr>\n<td>\n<div align=\"left\"><span style=\"font-size: 14.4px;\">Nettogewicht (kg)<\/span><\/div>\n<\/td>\n<td>\n<div align=\"left\"><span style=\"font-size: 14.4px;\">38<\/span><\/div>\n<\/td>\n<\/tr>\n<\/tbody>\n<\/table>\n<p><img decoding=\"async\" class=\"alignnone wp-image-125697 size-medium\" src=\"https:\/\/www.creaearredanegozi.it\/wp-content\/uploads\/2018\/02\/schema-serie-380-347x400.jpg\" alt=\"\" width=\"347\" height=\"400\" title=\"\" srcset=\"https:\/\/www.creaearredanegozi.it\/wp-content\/uploads\/2018\/02\/schema-serie-380-347x400.jpg 347w, https:\/\/www.creaearredanegozi.it\/wp-content\/uploads\/2018\/02\/schema-serie-380-516x594.jpg 516w, https:\/\/www.creaearredanegozi.it\/wp-content\/uploads\/2018\/02\/schema-serie-380-64x74.jpg 64w, https:\/\/www.creaearredanegozi.it\/wp-content\/uploads\/2018\/02\/schema-serie-380.jpg 647w\" sizes=\"(max-width: 347px) 100vw, 347px\" \/><\/p>","protected":false},"excerpt":{"rendered":"<p>Vetrina Refrigerata Professionale Porta Ingredienti Pizzeria 120cm 3 Vaschette GN1\/3+1 1\/2 Vetrina Refrigerata Statica G-VRX1200-380 Forcold Vetrine refrigerate pizza in acciaio inox con refrigerazione statica. Vetri di protezione Gruppo incorporato solo lato destro gas R600a. Adatte per il contenimento di bacinelle gastronorm, inox o in policarbonato Bacinelle escluse. Optional acquistabili: Coppia supporto a muro Coppia [&#8230;]","protected":false},"featured_media":125698,"comment_status":"closed","ping_status":"closed","template":"","meta":{"_monsterinsights_skip_tracking":false,"_monsterinsights_sitenote_active":false,"_monsterinsights_sitenote_note":"","_monsterinsights_sitenote_category":0},"product_brand":[757],"product_cat":[189,46],"product_tag":[],"class_list":{"0":"post-9732","1":"product","2":"type-product","3":"status-publish","4":"has-post-thumbnail","6":"product_brand-forcold","7":"product_cat-vetrine-refrigerate-porta-ingredienti-pizzeria","8":"product_cat-attrezzature-per-pizzeria-attrezzi-pizzaiolo","9":"product_shipping_class-38","10":"pa_marca-forcold","12":"first","13":"instock","14":"taxable","15":"shipping-taxable","16":"purchasable","17":"product-type-simple"},"_links":{"self":[{"href":"https:\/\/www.creaearredanegozi.it\/de\/wp-json\/wp\/v2\/product\/9732","targetHints":{"allow":["GET"]}}],"collection":[{"href":"https:\/\/www.creaearredanegozi.it\/de\/wp-json\/wp\/v2\/product"}],"about":[{"href":"https:\/\/www.creaearredanegozi.it\/de\/wp-json\/wp\/v2\/types\/product"}],"replies":[{"embeddable":true,"href":"https:\/\/www.creaearredanegozi.it\/de\/wp-json\/wp\/v2\/comments?post=9732"}],"wp:featuredmedia":[{"embeddable":true,"href":"https:\/\/www.creaearredanegozi.it\/de\/wp-json\/wp\/v2\/media\/125698"}],"wp:attachment":[{"href":"https:\/\/www.creaearredanegozi.it\/de\/wp-json\/wp\/v2\/media?parent=9732"}],"wp:term":[{"taxonomy":"product_brand","embeddable":true,"href":"https:\/\/www.creaearredanegozi.it\/de\/wp-json\/wp\/v2\/product_brand?post=9732"},{"taxonomy":"product_cat","embeddable":true,"href":"https:\/\/www.creaearredanegozi.it\/de\/wp-json\/wp\/v2\/product_cat?post=9732"},{"taxonomy":"product_tag","embeddable":true,"href":"https:\/\/www.creaearredanegozi.it\/de\/wp-json\/wp\/v2\/product_tag?post=9732"}],"curies":[{"name":"wp","href":"https:\/\/api.w.org\/{rel}","templated":true}]}}