{"id":9754,"date":"2018-02-14T12:55:58","date_gmt":"2018-02-14T11:55:58","guid":{"rendered":"https:\/\/www.creaearredanegozi.it\/?post_type=product&#038;p=9754"},"modified":"2023-10-10T09:52:24","modified_gmt":"2023-10-10T07:52:24","slug":"banco-refrigerato-statico-per-pizzeria-140cm-con-cassettiera-per-impasto-pizza-g-s903pzcas","status":"publish","type":"product","link":"https:\/\/www.creaearredanegozi.it\/de\/banco-refrigerato-statico-per-pizzeria-140cm-con-cassettiera-per-impasto-pizza-g-s903pzcas\/","title":{"rendered":"Statische gek\u00fchlte Pizzatheke 140cm mit Pizzateigschublade G-S903PZCAS"},"content":{"rendered":"<h3 class=\"blocco_pag\">Banco refrigerato per pizzeria statico con cassettiera per impasto pizza.<\/h3>\n<p><strong>PROFESSIONAL K\u00dcHLGETR\u00c4NKTE PIZZA-THEKE G-S903PZCAS-FC Forcold<\/strong><\/p>\n<ul>\n<li>Konstruktion aus rostfreiem Stahl<\/li>\n<li>Herausnehmbare Einbaueinheit f\u00fcr einfache Wartung<\/li>\n<li>Elektronische Temperaturregelung mit digitalem Thermostat<\/li>\n<li>Elektrische Heizung um den T\u00fcrrahmen zur Vermeidung von Kondenswasser<br \/>\nAutomatische Verdunstung von Kondenswasser.<\/li>\n<li>T\u00fcr mit R\u00fcckholfeder<\/li>\n<li>Abnehmbare T\u00fcrdichtung ohne Werkzeug<\/li>\n<li>Unten mit abgerundeten Ecken<\/li>\n<li>H\u00f6henverstellbare F\u00fc\u00dfe aus Edelstahl<\/li>\n<li>R\u00fcckenlehne aus rostfreiem Stahl<\/li>\n<li>M\u00f6glichkeit der Wandmontage.<\/li>\n<li class=\"blocco_pag\">Pianetto di lavoro in granito.<\/li>\n<li class=\"blocco_pag\">Elektronischer Thermostat.<\/li>\n<li>Con cassettiera per impasto pizza<\/li>\n<\/ul>\n<blockquote>\n<p class=\"blocco_pag\">Showcase ausgeschlossen.<\/p>\n<\/blockquote>\n<p>Optional erh\u00e4ltliche Extras:<\/p>\n<ul>\n<li>Paar Grillf\u00fchrungen<\/li>\n<li>Kunststoffbeschichtetes Gitter.<\/li>\n<\/ul>\n<p>Abbinabile con vetrina ( non inclusa):<\/p>\n<ul>\n<li>L= 1400 mm G-VRX1400330<\/li>\n<li>L= 1400 mm G-VRX1400380.<\/li>\n<\/ul>\n<p><img decoding=\"async\" class=\"alignnone wp-image-125756 size-medium\" src=\"https:\/\/www.creaearredanegozi.it\/wp-content\/uploads\/2018\/02\/1400-607x400.jpg\" alt=\"\" width=\"607\" height=\"400\" title=\"\" srcset=\"https:\/\/www.creaearredanegozi.it\/wp-content\/uploads\/2018\/02\/1400-607x400.jpg 607w, https:\/\/www.creaearredanegozi.it\/wp-content\/uploads\/2018\/02\/1400-516x340.jpg 516w, https:\/\/www.creaearredanegozi.it\/wp-content\/uploads\/2018\/02\/1400-64x42.jpg 64w, https:\/\/www.creaearredanegozi.it\/wp-content\/uploads\/2018\/02\/1400-768x506.jpg 768w, https:\/\/www.creaearredanegozi.it\/wp-content\/uploads\/2018\/02\/1400.jpg 944w\" sizes=\"(max-width: 607px) 100vw, 607px\" \/><\/p>\n<hr \/>\n<p><strong>Technische Daten<\/strong><\/p>\n<table class=\"table table-striped\">\n<tbody>\n<tr>\n<td>\n<div align=\"left\"><strong>Klassifizierung<\/strong><\/div>\n<\/td>\n<td>\n<div align=\"left\"><strong>G-S903PZCAS-FC<\/strong><\/div>\n<\/td>\n<\/tr>\n<tr>\n<td>\n<div align=\"left\">Au\u00dfenma\u00dfe ohne Vitrine mm<\/div>\n<\/td>\n<td>\n<div align=\"left\">1400 x 700 x 1020h<\/div>\n<\/td>\n<\/tr>\n<tr>\n<td>\n<div align=\"left\">Dimensioni interne\u00a0 mm<\/div>\n<\/td>\n<td>\n<div align=\"left\">1420 x 700 x 1020h<\/div>\n<\/td>\n<\/tr>\n<tr>\n<td>\n<div align=\"left\">Fassungsverm\u00f6gen (Liter)<\/div>\n<\/td>\n<td>\n<div align=\"left\">257<\/div>\n<\/td>\n<\/tr>\n<tr>\n<td>\n<div align=\"left\">Innentemperatur (\u00baC)<\/div>\n<\/td>\n<td>\n<div align=\"left\">+2\u00baC bis +8\u00baC<\/div>\n<\/td>\n<\/tr>\n<tr>\n<td>\n<div align=\"left\">Temperatura max. di lavoro<\/div>\n<\/td>\n<td>\n<div align=\"left\">+35\u00b0C \/ 50%HR<\/div>\n<\/td>\n<\/tr>\n<tr>\n<td>\n<div align=\"left\">Typ K\u00e4ltemittel<\/div>\n<\/td>\n<td>\n<div align=\"left\">R600a<\/div>\n<\/td>\n<\/tr>\n<tr>\n<td>\n<div align=\"left\">Art der K\u00fchlung<\/div>\n<\/td>\n<td>\n<div align=\"left\">Statik<\/div>\n<\/td>\n<\/tr>\n<tr>\n<td>\n<div align=\"left\">Typ Abtauen<\/div>\n<\/td>\n<td>\n<div align=\"left\">Ein Zwischenstopp<\/div>\n<\/td>\n<\/tr>\n<tr>\n<td>\n<div align=\"left\">Kondenswasserverdunstung<\/div>\n<\/td>\n<td>\n<div align=\"left\">automatisch<\/div>\n<\/td>\n<\/tr>\n<tr>\n<td>\n<div align=\"left\">Temperaturkontrolle<\/div>\n<\/td>\n<td>\n<div align=\"left\">elektronisch<\/div>\n<\/td>\n<\/tr>\n<tr>\n<td>\n<div align=\"left\">Dicke der Isolierung<\/div>\n<\/td>\n<td>\n<div align=\"left\">45 mm<\/div>\n<\/td>\n<\/tr>\n<tr>\n<td>\n<div align=\"left\">Absorption (W)<\/div>\n<\/td>\n<td>\n<div align=\"left\">235<\/div>\n<\/td>\n<\/tr>\n<tr>\n<td>\n<div align=\"left\">Spannung<\/div>\n<\/td>\n<td>\n<div align=\"left\">230V\/50HZ<\/div>\n<\/td>\n<\/tr>\n<tr>\n<td>\n<div align=\"left\">Nettogewicht (kg)<\/div>\n<\/td>\n<td>\n<div align=\"left\">198<\/div>\n<\/td>\n<\/tr>\n<tr>\n<td>\n<div align=\"left\">Baumaterial<\/div>\n<\/td>\n<td>\n<div align=\"left\">rostfreier Stahl<\/div>\n<\/td>\n<\/tr>\n<tr>\n<td>\n<div align=\"left\">Umkehrung der T\u00fcr<\/div>\n<\/td>\n<td>\n<div align=\"left\">keine<\/div>\n<\/td>\n<\/tr>\n<tr>\n<td>\n<div align=\"left\">Innenbeleuchtung<\/div>\n<\/td>\n<td>\n<div align=\"left\">keine<\/div>\n<\/td>\n<\/tr>\n<tr>\n<td>\n<div align=\"left\">Energieklasse<\/div>\n<\/td>\n<td>\n<div align=\"left\">E<\/div>\n<\/td>\n<\/tr>\n<tr>\n<td>\n<div align=\"left\">Mitgeliefertes Zubeh\u00f6r<\/div>\n<\/td>\n<td>\n<div align=\"left\">3 griglie GN1\/1 \/ 6 coppie di guide \/<br \/>\n6 cassetti<\/div>\n<\/td>\n<\/tr>\n<\/tbody>\n<\/table>","protected":false},"excerpt":{"rendered":"<p>Banco refrigerato per pizzeria statico con cassettiera per impasto pizza. BANCO PIZZA REFRIGERATO STATICO PROFESSIONALE G-S903PZCAS-FC Forcold Struttura in acciaio inox Gruppo incorporato estraibile per facile manutenzione Controllo temperatura elettronico con termostato digitale Resistenza elettrica intorno alla cornice porta per eliminazione della condensa Evaporazione automatica dell\u2019acqua di condensa. Porta con molla di ritorno Guarnizione porta [&#8230;]","protected":false},"featured_media":125757,"comment_status":"closed","ping_status":"closed","template":"","meta":{"_monsterinsights_skip_tracking":false,"_monsterinsights_sitenote_active":false,"_monsterinsights_sitenote_note":"","_monsterinsights_sitenote_category":0},"product_brand":[757],"product_cat":[71],"product_tag":[],"class_list":{"0":"post-9754","1":"product","2":"type-product","3":"status-publish","4":"has-post-thumbnail","6":"product_brand-forcold","7":"product_cat-banchi-pizzeria-refrigerati","8":"product_shipping_class-e","9":"pa_classe-energetica-classe-e","10":"pa_marca-forcold","12":"first","13":"instock","14":"taxable","15":"shipping-taxable","16":"purchasable","17":"product-type-simple"},"_links":{"self":[{"href":"https:\/\/www.creaearredanegozi.it\/de\/wp-json\/wp\/v2\/product\/9754","targetHints":{"allow":["GET"]}}],"collection":[{"href":"https:\/\/www.creaearredanegozi.it\/de\/wp-json\/wp\/v2\/product"}],"about":[{"href":"https:\/\/www.creaearredanegozi.it\/de\/wp-json\/wp\/v2\/types\/product"}],"replies":[{"embeddable":true,"href":"https:\/\/www.creaearredanegozi.it\/de\/wp-json\/wp\/v2\/comments?post=9754"}],"wp:featuredmedia":[{"embeddable":true,"href":"https:\/\/www.creaearredanegozi.it\/de\/wp-json\/wp\/v2\/media\/125757"}],"wp:attachment":[{"href":"https:\/\/www.creaearredanegozi.it\/de\/wp-json\/wp\/v2\/media?parent=9754"}],"wp:term":[{"taxonomy":"product_brand","embeddable":true,"href":"https:\/\/www.creaearredanegozi.it\/de\/wp-json\/wp\/v2\/product_brand?post=9754"},{"taxonomy":"product_cat","embeddable":true,"href":"https:\/\/www.creaearredanegozi.it\/de\/wp-json\/wp\/v2\/product_cat?post=9754"},{"taxonomy":"product_tag","embeddable":true,"href":"https:\/\/www.creaearredanegozi.it\/de\/wp-json\/wp\/v2\/product_tag?post=9754"}],"curies":[{"name":"wp","href":"https:\/\/api.w.org\/{rel}","templated":true}]}}