{"id":9763,"date":"2018-02-15T09:45:05","date_gmt":"2018-02-15T08:45:05","guid":{"rendered":"https:\/\/www.creaearredanegozi.it\/?post_type=product&#038;p=9763"},"modified":"2024-05-31T18:57:48","modified_gmt":"2024-05-31T16:57:48","slug":"professionelle-gekuhlte-salatbar-statisch-2c-8c-fur-4-x-gn1-1-g-s903-fc","status":"publish","type":"product","link":"https:\/\/www.creaearredanegozi.it\/de\/professionelle-gekuhlte-salatbar-statisch-2c-8c-fur-4-x-gn1-1-g-s903-fc\/","title":{"rendered":"Professioneller gek\u00fchlter Salatstand Statisch Salatstand +2\u00b0C\/+8\u00b0C f\u00fcr 4 x GN1\/1 G-S903-FC"},"content":{"rendered":"<h3>Gek\u00fchlte Salatbar mit statischer K\u00fchlung<\/h3>\n<p><strong>Professionelle gek\u00fchlte Saladette G-S903-FC Forcold<\/strong><\/p>\n<ul>\n<li>\u00c4u\u00dfere Struktur aus rostfreiem Stahl<\/li>\n<li>Automatische Abtauung<\/li>\n<li>Statischer, dreiseitig gesch\u00e4umter Verdampfer mit Ventilator f\u00fcr gleichm\u00e4\u00dfige Temperaturverteilung<\/li>\n<li>Deckel mit Teleskop\u00f6ffnung<\/li>\n<li>Elektronischer Thermostat<\/li>\n<li>Arbeitsfl\u00e4che aus lebensmittelechtem Polyethylen<\/li>\n<li>1 Zwischengitter f\u00fcr GN1\/1-T\u00fcr<\/li>\n<li>Becken ausgeschlossen.<\/li>\n<\/ul>\n<p>Optional erh\u00e4ltliche Extras:<\/p>\n<ul>\n<li>Paar Grillf\u00fchrungen<\/li>\n<li>Kunststoffbeschichtetes Gitter<\/li>\n<li>Satz von 4 R\u00e4dern mit Bremse \u00f8 50 mm.<\/li>\n<\/ul>\n<hr \/>\n<p><strong>Technische Daten<\/strong><\/p>\n<table class=\"table table-striped\" style=\"width: 306px;\">\n<tbody>\n<tr>\n<td style=\"width: 165px;\">\n<div align=\"left\"><strong>Eigenschaften<\/strong><\/div>\n<\/td>\n<td style=\"width: 141px;\">\n<div align=\"left\"><strong>G - S903 - FC<\/strong><\/div>\n<\/td>\n<\/tr>\n<tr>\n<td style=\"width: 165px;\">\n<div align=\"left\">Innentemperatur (\u00baC)<\/div>\n<\/td>\n<td style=\"width: 141px;\">\n<div align=\"left\">+2\u00baC bis +8\u00baC<\/div>\n<\/td>\n<\/tr>\n<tr>\n<td style=\"width: 165px;\">\n<div align=\"left\">Au\u00dfenabmessungen (BxTxH mm)<\/div>\n<\/td>\n<td style=\"width: 141px;\">\n<div align=\"left\">1365 x 700 x 865 h<\/div>\n<\/td>\n<\/tr>\n<tr>\n<td style=\"width: 165px;\">\n<div align=\"left\">Innenma\u00dfe mm<\/div>\n<\/td>\n<td style=\"width: 141px;\">\n<div align=\"left\">1293 x 515 x 500 h<\/div>\n<\/td>\n<\/tr>\n<tr>\n<td style=\"width: 165px;\">\n<div align=\"left\">Fassungsverm\u00f6gen (Liter)<\/div>\n<\/td>\n<td style=\"width: 141px;\">\n<div align=\"left\">4x GN1\/1 \/ 368 L<\/div>\n<\/td>\n<\/tr>\n<tr>\n<td style=\"width: 165px;\">\n<div align=\"left\">Max. Arbeitstemperatur<\/div>\n<\/td>\n<td style=\"width: 141px;\">\n<div align=\"left\">+35\u00b0C \/ 50%HR<\/div>\n<\/td>\n<\/tr>\n<tr>\n<td style=\"width: 165px;\">\n<div align=\"left\"><\/div>\n<\/td>\n<td style=\"width: 141px;\">\n<div align=\"left\"><\/div>\n<\/td>\n<\/tr>\n<tr>\n<td style=\"width: 165px;\">\n<div align=\"left\">Typ K\u00e4ltemittel<\/div>\n<\/td>\n<td style=\"width: 141px;\">\n<div align=\"left\">R600a<\/div>\n<\/td>\n<\/tr>\n<tr>\n<td style=\"width: 165px;\">\n<div align=\"left\">Art der K\u00fchlung<\/div>\n<\/td>\n<td style=\"width: 141px;\">\n<div align=\"left\">Statik<\/div>\n<\/td>\n<\/tr>\n<tr>\n<td style=\"width: 165px;\">\n<div align=\"left\">Typ Abtauen<\/div>\n<\/td>\n<td style=\"width: 141px;\">\n<div align=\"left\">Ein Zwischenstopp<\/div>\n<\/td>\n<\/tr>\n<tr>\n<td style=\"width: 165px;\">\n<div align=\"left\">Kondenswasserverdunstung<\/div>\n<\/td>\n<td style=\"width: 141px;\">\n<div align=\"left\">Automatisch<\/div>\n<\/td>\n<\/tr>\n<tr>\n<td style=\"width: 165px;\">\n<div align=\"left\">Temperaturkontrolle<\/div>\n<\/td>\n<td style=\"width: 141px;\">\n<div align=\"left\">Elektronisch<\/div>\n<\/td>\n<\/tr>\n<tr>\n<td style=\"width: 165px;\">\n<div align=\"left\">Dicke der Isolierung<\/div>\n<\/td>\n<td style=\"width: 141px;\">\n<div align=\"left\">35 mm<\/div>\n<\/td>\n<\/tr>\n<tr>\n<td style=\"width: 165px;\">\n<div align=\"left\">Absorption (W)<\/div>\n<\/td>\n<td style=\"width: 141px;\">\n<div align=\"left\">305<\/div>\n<\/td>\n<\/tr>\n<tr>\n<td style=\"width: 165px;\">\n<div align=\"left\">Spannung<\/div>\n<\/td>\n<td style=\"width: 141px;\">\n<div align=\"left\">230V\/50HZ<\/div>\n<\/td>\n<\/tr>\n<tr>\n<td style=\"width: 165px;\">\n<div align=\"left\">Baumaterial<\/div>\n<\/td>\n<td style=\"width: 141px;\">\n<div align=\"left\">Rostfreier Stahl<\/div>\n<\/td>\n<\/tr>\n<tr>\n<td style=\"width: 165px;\">\n<div align=\"left\">Umkehrung der T\u00fcr<\/div>\n<\/td>\n<td style=\"width: 141px;\">\n<div align=\"left\">Nein<\/div>\n<\/td>\n<\/tr>\n<tr>\n<td style=\"width: 165px;\">\n<div align=\"left\">Innenbeleuchtung<\/div>\n<\/td>\n<td style=\"width: 141px;\">\n<div align=\"left\">Nein<\/div>\n<\/td>\n<\/tr>\n<tr>\n<td style=\"width: 165px;\">\n<div align=\"left\">Mitgeliefertes Zubeh\u00f6r<\/div>\n<\/td>\n<td style=\"width: 141px;\">\n<div align=\"left\">3 Grills \/ GN1\/1<br \/>\n3 Paare von F\u00fchrern<\/div>\n<\/td>\n<\/tr>\n<tr>\n<td style=\"width: 165px;\">\n<div align=\"left\">Nettogewicht (kg)<\/div>\n<\/td>\n<td style=\"width: 141px;\">\n<div align=\"left\">104<\/div>\n<\/td>\n<\/tr>\n<\/tbody>\n<\/table>","protected":false},"excerpt":{"rendered":"<p>Saladette refrigerata per insalate con refrigerazione statica Saladette Refrigerata Professionale G-S903-FC Forcold Struttura esterna in acciaio inox Sbrinamento automatico Evaporatore statico schiumato su tre lati con ventola per uniformare la temperatura Coperchio ad apertura telescopica Termostato elettronico Pianetto di lavoro in polietilene alimentare 1 griglia intermedia per porta GN1\/1 Bacinelle escluse. Optional acquistabili: Coppia guide [&#8230;]","protected":false},"featured_media":125767,"comment_status":"closed","ping_status":"closed","template":"","meta":{"_monsterinsights_skip_tracking":false,"_monsterinsights_sitenote_active":false,"_monsterinsights_sitenote_note":"","_monsterinsights_sitenote_category":0},"product_brand":[757],"product_cat":[72,27,653],"product_tag":[],"class_list":{"0":"post-9763","1":"product","2":"type-product","3":"status-publish","4":"has-post-thumbnail","6":"product_brand-forcold","7":"product_cat-saladette","8":"product_cat-armadi-e-tavoli-refrigerati","9":"product_cat-refrigerazione","10":"product_shipping_class-l","11":"pa_marca-forcold","13":"first","14":"instock","15":"taxable","16":"shipping-taxable","17":"purchasable","18":"product-type-simple"},"_links":{"self":[{"href":"https:\/\/www.creaearredanegozi.it\/de\/wp-json\/wp\/v2\/product\/9763","targetHints":{"allow":["GET"]}}],"collection":[{"href":"https:\/\/www.creaearredanegozi.it\/de\/wp-json\/wp\/v2\/product"}],"about":[{"href":"https:\/\/www.creaearredanegozi.it\/de\/wp-json\/wp\/v2\/types\/product"}],"replies":[{"embeddable":true,"href":"https:\/\/www.creaearredanegozi.it\/de\/wp-json\/wp\/v2\/comments?post=9763"}],"wp:featuredmedia":[{"embeddable":true,"href":"https:\/\/www.creaearredanegozi.it\/de\/wp-json\/wp\/v2\/media\/125767"}],"wp:attachment":[{"href":"https:\/\/www.creaearredanegozi.it\/de\/wp-json\/wp\/v2\/media?parent=9763"}],"wp:term":[{"taxonomy":"product_brand","embeddable":true,"href":"https:\/\/www.creaearredanegozi.it\/de\/wp-json\/wp\/v2\/product_brand?post=9763"},{"taxonomy":"product_cat","embeddable":true,"href":"https:\/\/www.creaearredanegozi.it\/de\/wp-json\/wp\/v2\/product_cat?post=9763"},{"taxonomy":"product_tag","embeddable":true,"href":"https:\/\/www.creaearredanegozi.it\/de\/wp-json\/wp\/v2\/product_tag?post=9763"}],"curies":[{"name":"wp","href":"https:\/\/api.w.org\/{rel}","templated":true}]}}