{"id":124998,"date":"2023-06-28T10:13:21","date_gmt":"2023-06-28T08:13:21","guid":{"rendered":"https:\/\/www.creaearredanegozi.it\/?post_type=product&#038;p=124998"},"modified":"2026-03-09T12:38:10","modified_gmt":"2026-03-09T11:38:10","slug":"samsung-professional-microwave-oven-26-lt-1600w-fixed-plate","status":"publish","type":"product","link":"https:\/\/www.creaearredanegozi.it\/en\/samsung-professional-microwave-oven-26-lt-1600w-fixed-plate\/","title":{"rendered":"Samsung Professional Microwave Oven 26 Lt 1600W Fixed Plate"},"content":{"rendered":"<p><strong>Samsung professional microwave oven 26 Lt.<\/strong><\/p>\n<p>Model designed particularly for small environments.<\/p>\n<p>Due to its small external dimensions and large chamber capacity, it is ideal for fast food catering where space is a factor. It can be used in snack bars, diners, fast food restaurants, etc.<\/p>\n<ul>\n<li>stainless steel outer structure and cooking chamber<\/li>\n<li>suitable for Gastro-Norm 1\/2 pans (mm.325 x 265)<\/li>\n<li>Power output 1.1 Kw deliverable in 5 levels<\/li>\n<li>manual controls<\/li>\n<li>timer up to 30 minutes<\/li>\n<li>Ceramic fixed plate<\/li>\n<li>4 power levels + 1 for defrosting<\/li>\n<\/ul>\n<p><strong>Technical data:<\/strong><\/p>\n<table class=\"table table-striped\">\n<tbody>\n<tr>\n<td>Width (mm)<\/td>\n<td>517<\/td>\n<\/tr>\n<tr>\n<td>Depth (mm)<\/td>\n<td>412<\/td>\n<\/tr>\n<tr>\n<td>Height (mm)<\/td>\n<td>297<\/td>\n<\/tr>\n<tr>\n<td>Weight (kg)<\/td>\n<td>18<\/td>\n<\/tr>\n<tr>\n<td>Inside dimensions WxDxH in mm<\/td>\n<td>336X349X225<\/td>\n<\/tr>\n<tr>\n<td>Capacity (Lt)<\/td>\n<td>26<\/td>\n<\/tr>\n<tr>\n<td>Absorption (Watts)<\/td>\n<td>1600<\/td>\n<\/tr>\n<tr>\n<td>Power output (Watts)<\/td>\n<td>1050<\/td>\n<\/tr>\n<tr>\n<td>Frequency Hz<\/td>\n<td>50<\/td>\n<\/tr>\n<tr>\n<td>Voltage Volts<\/td>\n<td>230<\/td>\n<\/tr>\n<\/tbody>\n<\/table>","protected":false},"excerpt":{"rendered":"<p>Forno a microonde professionale 26 Lt Samsung Modello ideato particolarmente per piccoli ambienti. Grazie alle ridotte dimensioni esterne ed ad una grande capacit\u00e0 della camera \u00e8 ideale per la ristorazione veloce dove lo spazio \u00e8 un elemento determinante. Pu\u00f2 essere utilizzato in snack bar, tavole calde, fast food, ecc. struttura esterna e camera cottura in [&#8230;]","protected":false},"featured_media":124999,"comment_status":"closed","ping_status":"closed","template":"","meta":{"_monsterinsights_skip_tracking":false,"_monsterinsights_sitenote_active":false,"_monsterinsights_sitenote_note":"","_monsterinsights_sitenote_category":0},"product_brand":[670],"product_cat":[666,85,9,192,16,64,83,662,10,663,665],"product_tag":[],"class_list":{"0":"post-124998","1":"product","2":"type-product","3":"status-publish","4":"has-post-thumbnail","6":"product_brand-samsung","7":"product_cat-microonde-forni","8":"product_cat-a-microonde","9":"product_cat-attrezzature-pub","10":"product_cat-cottura","11":"product_cat-forni","12":"product_cat-forni-attrezzature-bar","13":"product_cat-forni-attrezzature-pub","14":"product_cat-forni-cottura","15":"product_cat-attrezzature-bar","16":"product_cat-microonde","17":"product_cat-microonde-forni-attrezzature-bar","18":"product_shipping_class-f","19":"pa_marca-samsung","21":"first","22":"instock","23":"taxable","24":"shipping-taxable","25":"purchasable","26":"product-type-simple"},"_links":{"self":[{"href":"https:\/\/www.creaearredanegozi.it\/en\/wp-json\/wp\/v2\/product\/124998","targetHints":{"allow":["GET"]}}],"collection":[{"href":"https:\/\/www.creaearredanegozi.it\/en\/wp-json\/wp\/v2\/product"}],"about":[{"href":"https:\/\/www.creaearredanegozi.it\/en\/wp-json\/wp\/v2\/types\/product"}],"replies":[{"embeddable":true,"href":"https:\/\/www.creaearredanegozi.it\/en\/wp-json\/wp\/v2\/comments?post=124998"}],"wp:featuredmedia":[{"embeddable":true,"href":"https:\/\/www.creaearredanegozi.it\/en\/wp-json\/wp\/v2\/media\/124999"}],"wp:attachment":[{"href":"https:\/\/www.creaearredanegozi.it\/en\/wp-json\/wp\/v2\/media?parent=124998"}],"wp:term":[{"taxonomy":"product_brand","embeddable":true,"href":"https:\/\/www.creaearredanegozi.it\/en\/wp-json\/wp\/v2\/product_brand?post=124998"},{"taxonomy":"product_cat","embeddable":true,"href":"https:\/\/www.creaearredanegozi.it\/en\/wp-json\/wp\/v2\/product_cat?post=124998"},{"taxonomy":"product_tag","embeddable":true,"href":"https:\/\/www.creaearredanegozi.it\/en\/wp-json\/wp\/v2\/product_tag?post=124998"}],"curies":[{"name":"wp","href":"https:\/\/api.w.org\/{rel}","templated":true}]}}