{"id":126948,"date":"2024-02-27T12:13:14","date_gmt":"2024-02-27T11:13:14","guid":{"rendered":"https:\/\/www.creaearredanegozi.it\/?post_type=product&#038;p=126948"},"modified":"2024-12-01T00:00:11","modified_gmt":"2024-11-30T23:00:11","slug":"professional-glass-ceramic-induction-plate-stainless-steel-structure-3-5-kw-e350c-fimar-easyline","status":"publish","type":"product","link":"https:\/\/www.creaearredanegozi.it\/en\/professional-glass-ceramic-induction-plate-stainless-steel-structure-3-5-kw-e350c-fimar-easyline\/","title":{"rendered":"Professional Glass Ceramic Induction Hob Stainless Structure 3.5 kW E350C Fimar Easyline"},"content":{"rendered":"<h3>Professional Glass Ceramic Induction Hob Stainless Structure and Digital Timer<\/h3>\n<p><strong>Model E350C Fimar Easyline<\/strong><\/p>\n<p>Machine with heat induction cooking system from the plate to the container (metal type).<\/p>\n<ul>\n<li>Stainless steel structure<\/li>\n<li>Glass ceramic hob<\/li>\n<li>180-minute digital timer<\/li>\n<li>Touch control<\/li>\n<li>Up to 10 temperature levels<\/li>\n<li>17 power levels.<\/li>\n<\/ul>\n<p>&nbsp;<\/p>\n<table class=\"table table-striped\">\n<tbody>\n<tr>\n<td>\n<p class=\"dati_tecnici_label_1\"><strong>Model<\/strong><\/p>\n<\/td>\n<td><strong>E350C<\/strong><\/td>\n<\/tr>\n<tr>\n<td><strong>Power<\/strong><\/td>\n<td align=\"left\">3.5 KW<\/td>\n<\/tr>\n<tr>\n<td><strong>Power supply<\/strong><\/td>\n<td align=\"left\">230V\/1N\/50Hz<\/td>\n<\/tr>\n<tr>\n<td><b>Inductive surface<\/b><\/td>\n<td align=\"left\">\u00f8 120 \u00f7 \u00f8 260 mm<\/td>\n<\/tr>\n<tr>\n<td><b>Dimensions mm<\/b><\/td>\n<td align=\"left\">340 x 420 x 85(h) mm<\/td>\n<\/tr>\n<tr>\n<td><b>Imb. dimensions mm<\/b><\/td>\n<td align=\"left\">460 x 500 x 160(h) mm<\/td>\n<\/tr>\n<tr>\n<td><strong>Net Weight<\/strong><\/td>\n<td align=\"left\">7 kg<\/td>\n<\/tr>\n<tr>\n<td><strong>Gross Weight<\/strong><\/td>\n<td align=\"left\">8 kg<\/td>\n<\/tr>\n<\/tbody>\n<\/table>\n<p>&nbsp;<\/p>","protected":false},"excerpt":{"rendered":"<p>Piastra Induzione in Vetroceramica Professionale Struttura Inox e Timer Digitale Modello E350C Fimar Easyline Macchina con sistema di cottura ad induzione di calore dalla piastra al contenitore (di tipo metallico). Struttura in acciaio inox Piastra in vetroceramica Timer digitale da 180 minuti Touch control Fino a 10 livelli di temperatura 17 livelli di potenza. &nbsp; [&#8230;]","protected":false},"featured_media":126949,"comment_status":"closed","ping_status":"closed","template":"","meta":{"_monsterinsights_skip_tracking":false,"_monsterinsights_sitenote_active":false,"_monsterinsights_sitenote_note":"","_monsterinsights_sitenote_category":0},"product_brand":[623,628],"product_cat":[88,9,86],"product_tag":[],"class_list":{"0":"post-126948","1":"product","2":"type-product","3":"status-publish","4":"has-post-thumbnail","6":"product_brand-easyline","7":"product_brand-fimar","8":"product_cat-a-induzione","9":"product_cat-attrezzature-pub","10":"product_cat-piastre","11":"product_shipping_class-f","12":"pa_marca-easyline-by-fimar","14":"first","15":"instock","16":"taxable","17":"shipping-taxable","18":"purchasable","19":"product-type-simple"},"_links":{"self":[{"href":"https:\/\/www.creaearredanegozi.it\/en\/wp-json\/wp\/v2\/product\/126948","targetHints":{"allow":["GET"]}}],"collection":[{"href":"https:\/\/www.creaearredanegozi.it\/en\/wp-json\/wp\/v2\/product"}],"about":[{"href":"https:\/\/www.creaearredanegozi.it\/en\/wp-json\/wp\/v2\/types\/product"}],"replies":[{"embeddable":true,"href":"https:\/\/www.creaearredanegozi.it\/en\/wp-json\/wp\/v2\/comments?post=126948"}],"wp:featuredmedia":[{"embeddable":true,"href":"https:\/\/www.creaearredanegozi.it\/en\/wp-json\/wp\/v2\/media\/126949"}],"wp:attachment":[{"href":"https:\/\/www.creaearredanegozi.it\/en\/wp-json\/wp\/v2\/media?parent=126948"}],"wp:term":[{"taxonomy":"product_brand","embeddable":true,"href":"https:\/\/www.creaearredanegozi.it\/en\/wp-json\/wp\/v2\/product_brand?post=126948"},{"taxonomy":"product_cat","embeddable":true,"href":"https:\/\/www.creaearredanegozi.it\/en\/wp-json\/wp\/v2\/product_cat?post=126948"},{"taxonomy":"product_tag","embeddable":true,"href":"https:\/\/www.creaearredanegozi.it\/en\/wp-json\/wp\/v2\/product_tag?post=126948"}],"curies":[{"name":"wp","href":"https:\/\/api.w.org\/{rel}","templated":true}]}}