{"id":128173,"date":"2024-06-06T10:24:30","date_gmt":"2024-06-06T08:24:30","guid":{"rendered":"https:\/\/www.creaearredanegozi.it\/?post_type=product&#038;p=128173"},"modified":"2024-06-07T11:05:05","modified_gmt":"2024-06-07T09:05:05","slug":"professional-immersion-mixer-350-watt-variable-or-fixed-speed-heavy-fame-series-fm350vv-and-m350vf","status":"publish","type":"product","link":"https:\/\/www.creaearredanegozi.it\/en\/professional-immersion-mixer-350-watt-variable-or-fixed-speed-heavy-fame-series-fm350vv-and-m350vf\/","title":{"rendered":"Professional Immersion Mixer 350 Watt Variable or Fixed Speed Heavy Fama Series FM350VV and M350VF"},"content":{"rendered":"<h3>Professional Immersion Mixer 350 Watt Variable or Fixed Speed<\/h3>\n<p><strong>Product Mixer Line Heavy Fama<\/strong><\/p>\n<ol>\n<li>Code FM350VV: MIXER 350 W Variable Speed Motor Body<\/li>\n<li>Code FM350VF: MIXER 350 W Motor Body Fixed Speed<\/li>\n<\/ol>\n<p>Machine with ergonomic handle for fatigue-free grip. Its main body is made of stronger and more durable stainless steel, very agile and convenient as the change of accessories is made with extreme speed, Composed of ferrule block and polymer joint.<\/p>\n<p>Model with variable speed drive to obtain different products according to the tool used, a 9-speed controller with light display.<\/p>\n<p>Model without variator consisting of digital display with start button.<\/p>\n<p>Features:<\/p>\n<ul>\n<li>Machinery for professional use<\/li>\n<li>Stainless steel motor body<\/li>\n<li>Domestically manufactured ventilated motor<\/li>\n<li>Thermal protection to the motor<\/li>\n<li>Ergonomic handle for greater comfort of use<\/li>\n<li>Liquid crystal display<\/li>\n<li>9-speed regulator (VV model)<\/li>\n<li>Electronic speed and power stabilization system SRS (self-regulating-speed)<\/li>\n<li>High-strength polymer connection joints<\/li>\n<li>Stainless steel mixer available in 4 lengths: 300-400-500-600 mm<\/li>\n<li>Screw mixer coupling<\/li>\n<li>Apparatus certified by testing agency<\/li>\n<li>EC Standards<\/li>\n<li>Made in Italy.<\/li>\n<\/ul>\n<p><a href=\"https:\/\/www.creaearredanegozi.it\/wp-content\/uploads\/2024\/06\/mixer_heavy_corpo_motore.jpg\"><img decoding=\"async\" class=\"alignnone size-full wp-image-128159\" src=\"https:\/\/www.creaearredanegozi.it\/wp-content\/uploads\/2024\/06\/mixer_heavy_corpo_motore.jpg\" alt=\"\" width=\"290\" height=\"270\" title=\"\" srcset=\"https:\/\/www.creaearredanegozi.it\/wp-content\/uploads\/2024\/06\/mixer_heavy_corpo_motore.jpg 290w, https:\/\/www.creaearredanegozi.it\/wp-content\/uploads\/2024\/06\/mixer_heavy_corpo_motore-64x60.jpg 64w\" sizes=\"(max-width: 290px) 100vw, 290px\" \/><\/a><\/p>\n<p>Optional Accessories:<\/p>\n<ul>\n<li>300\/400\/500\/600 mixer<\/li>\n<li>300\/400\/500\/600 homogenizer<\/li>\n<li>300\/400\/500\/600 Mutifunction<\/li>\n<li><strong>HEAVY FRUSTER for VV only ( excluding VF model )<\/strong><\/li>\n<li>Wall bracket for Combi<\/li>\n<li>Wall bracket for single<\/li>\n<li>Holder for pot diameter from max 400\/600\/800\/1000\/1200.<\/li>\n<\/ul>\n<p>&nbsp;<\/p>\n<p><strong>Technical data:<\/strong><\/p>\n<table style=\"border-collapse: collapse; width: 100%;\">\n<tbody>\n<tr>\n<td style=\"width: 20%;\">Model<\/td>\n<td style=\"width: 20%;\">FM350VV\/VF<\/td>\n<\/tr>\n<tr>\n<td style=\"width: 20%;\"><strong>Power supply (Volts\/Hz)<\/strong><\/td>\n<td style=\"width: 20%;\">230 \/ 50-60<\/td>\n<\/tr>\n<tr>\n<td style=\"width: 20%;\"><b>Power <strong>(watts)<\/strong><\/b><\/td>\n<td style=\"width: 20%;\">0,35<\/td>\n<\/tr>\n<tr>\n<td style=\"width: 20%;\"><strong>A mm<\/strong><\/td>\n<td style=\"width: 20%;\">\u00f8130<\/td>\n<\/tr>\n<tr>\n<td style=\"width: 20%;\"><strong>B mm<\/strong><\/td>\n<td style=\"width: 20%;\">360<\/td>\n<\/tr>\n<tr>\n<td style=\"width: 20%;\"><strong>Speed RPM<\/strong><\/td>\n<td style=\"width: 20%;\">2000\/9000 max 15000<\/td>\n<\/tr>\n<tr>\n<td style=\"width: 20%;\"><strong>Net weight (Kg)<\/strong><\/td>\n<td style=\"width: 20%;\">2,9 \/ 3,1<\/td>\n<\/tr>\n<tr>\n<td style=\"width: 20%;\"><\/td>\n<td style=\"width: 20%;\"><\/td>\n<\/tr>\n<tr>\n<td style=\"width: 20%;\"><\/td>\n<td style=\"width: 20%;\"><\/td>\n<\/tr>\n<tr>\n<td style=\"width: 20%;\"><\/td>\n<td style=\"width: 20%;\"><\/td>\n<\/tr>\n<tr>\n<td style=\"width: 20%;\"><\/td>\n<td style=\"width: 20%;\"><\/td>\n<\/tr>\n<\/tbody>\n<\/table>\n<p>&nbsp;<\/p>\n<hr \/>\n<table style=\"border-collapse: collapse; width: 100%;\">\n<tbody>\n<tr>\n<td style=\"width: 50%;\">ERGONOMIC HANDLE<\/td>\n<td style=\"width: 50%;\"><a href=\"https:\/\/www.creaearredanegozi.it\/wp-content\/uploads\/2024\/06\/impugnatura-piccola.jpg\"><img decoding=\"async\" class=\"alignnone size-full wp-image-128161\" src=\"https:\/\/www.creaearredanegozi.it\/wp-content\/uploads\/2024\/06\/impugnatura-piccola.jpg\" alt=\"\" width=\"250\" height=\"250\" title=\"\" srcset=\"https:\/\/www.creaearredanegozi.it\/wp-content\/uploads\/2024\/06\/impugnatura-piccola.jpg 250w, https:\/\/www.creaearredanegozi.it\/wp-content\/uploads\/2024\/06\/impugnatura-piccola-100x100.jpg 100w, https:\/\/www.creaearredanegozi.it\/wp-content\/uploads\/2024\/06\/impugnatura-piccola-64x64.jpg 64w\" sizes=\"(max-width: 250px) 100vw, 250px\" \/><\/a><\/td>\n<\/tr>\n<tr>\n<td style=\"width: 50%;\">DIGITAL DISPLAY WITH START BUTTON (VF MODEL)<\/td>\n<td style=\"width: 50%;\"><a href=\"https:\/\/www.creaearredanegozi.it\/wp-content\/uploads\/2024\/06\/impug-vf-piccola.jpg\"><img decoding=\"async\" class=\"alignnone size-full wp-image-128178\" src=\"https:\/\/www.creaearredanegozi.it\/wp-content\/uploads\/2024\/06\/impug-vf-piccola.jpg\" alt=\"\" width=\"250\" height=\"250\" title=\"\" srcset=\"https:\/\/www.creaearredanegozi.it\/wp-content\/uploads\/2024\/06\/impug-vf-piccola.jpg 250w, https:\/\/www.creaearredanegozi.it\/wp-content\/uploads\/2024\/06\/impug-vf-piccola-100x100.jpg 100w, https:\/\/www.creaearredanegozi.it\/wp-content\/uploads\/2024\/06\/impug-vf-piccola-64x64.jpg 64w\" sizes=\"(max-width: 250px) 100vw, 250px\" \/><\/a><\/td>\n<\/tr>\n<tr>\n<td style=\"width: 50%;\">9-SPEED CONTROLLER WITH LIGHT DISPLAY<br \/>\n(MODEL VV)<\/td>\n<td style=\"width: 50%;\"><a href=\"https:\/\/www.creaearredanegozi.it\/wp-content\/uploads\/2024\/06\/velocita-piccola.jpg\"><img decoding=\"async\" class=\"alignnone size-full wp-image-128162\" src=\"https:\/\/www.creaearredanegozi.it\/wp-content\/uploads\/2024\/06\/velocita-piccola.jpg\" alt=\"\" width=\"250\" height=\"250\" title=\"\" srcset=\"https:\/\/www.creaearredanegozi.it\/wp-content\/uploads\/2024\/06\/velocita-piccola.jpg 250w, https:\/\/www.creaearredanegozi.it\/wp-content\/uploads\/2024\/06\/velocita-piccola-100x100.jpg 100w, https:\/\/www.creaearredanegozi.it\/wp-content\/uploads\/2024\/06\/velocita-piccola-64x64.jpg 64w\" sizes=\"(max-width: 250px) 100vw, 250px\" \/><\/a><\/td>\n<\/tr>\n<tr>\n<td style=\"width: 50%;\">STRONGER AND MORE DURABLE STAINLESS STEEL CENTRAL BODY<\/td>\n<td style=\"width: 50%;\"><a href=\"https:\/\/www.creaearredanegozi.it\/wp-content\/uploads\/2024\/06\/corpo-piccolo.jpg\"><img decoding=\"async\" class=\"alignnone size-full wp-image-128163\" src=\"https:\/\/www.creaearredanegozi.it\/wp-content\/uploads\/2024\/06\/corpo-piccolo.jpg\" alt=\"\" width=\"250\" height=\"250\" title=\"\" srcset=\"https:\/\/www.creaearredanegozi.it\/wp-content\/uploads\/2024\/06\/corpo-piccolo.jpg 250w, https:\/\/www.creaearredanegozi.it\/wp-content\/uploads\/2024\/06\/corpo-piccolo-100x100.jpg 100w, https:\/\/www.creaearredanegozi.it\/wp-content\/uploads\/2024\/06\/corpo-piccolo-64x64.jpg 64w\" sizes=\"(max-width: 250px) 100vw, 250px\" \/><\/a><\/td>\n<\/tr>\n<tr>\n<td style=\"width: 50%;\">EXTREME EASE OF CHANGING ACCESSORIES<\/td>\n<td style=\"width: 50%;\"><a href=\"https:\/\/www.creaearredanegozi.it\/wp-content\/uploads\/2024\/06\/cambio-acc.jpg\"><img decoding=\"async\" class=\"alignnone size-full wp-image-128164\" src=\"https:\/\/www.creaearredanegozi.it\/wp-content\/uploads\/2024\/06\/cambio-acc.jpg\" alt=\"\" width=\"250\" height=\"250\" title=\"\" srcset=\"https:\/\/www.creaearredanegozi.it\/wp-content\/uploads\/2024\/06\/cambio-acc.jpg 250w, https:\/\/www.creaearredanegozi.it\/wp-content\/uploads\/2024\/06\/cambio-acc-100x100.jpg 100w, https:\/\/www.creaearredanegozi.it\/wp-content\/uploads\/2024\/06\/cambio-acc-64x64.jpg 64w\" sizes=\"(max-width: 250px) 100vw, 250px\" \/><\/a><\/td>\n<\/tr>\n<tr>\n<td style=\"width: 50%;\">ICE BLOCK<\/td>\n<td style=\"width: 50%;\"><a href=\"https:\/\/www.creaearredanegozi.it\/wp-content\/uploads\/2024\/06\/ghiera.jpg\"><img decoding=\"async\" class=\"alignnone size-full wp-image-128165\" src=\"https:\/\/www.creaearredanegozi.it\/wp-content\/uploads\/2024\/06\/ghiera.jpg\" alt=\"\" width=\"250\" height=\"250\" title=\"\" srcset=\"https:\/\/www.creaearredanegozi.it\/wp-content\/uploads\/2024\/06\/ghiera.jpg 250w, https:\/\/www.creaearredanegozi.it\/wp-content\/uploads\/2024\/06\/ghiera-100x100.jpg 100w, https:\/\/www.creaearredanegozi.it\/wp-content\/uploads\/2024\/06\/ghiera-64x64.jpg 64w\" sizes=\"(max-width: 250px) 100vw, 250px\" \/><\/a><\/td>\n<\/tr>\n<tr>\n<td style=\"width: 50%;\">POLYMER JOINT<\/td>\n<td style=\"width: 50%;\"><a href=\"https:\/\/www.creaearredanegozi.it\/wp-content\/uploads\/2024\/06\/giunto.jpg\"><img decoding=\"async\" class=\"alignnone size-full wp-image-128166\" src=\"https:\/\/www.creaearredanegozi.it\/wp-content\/uploads\/2024\/06\/giunto.jpg\" alt=\"\" width=\"250\" height=\"250\" title=\"\" srcset=\"https:\/\/www.creaearredanegozi.it\/wp-content\/uploads\/2024\/06\/giunto.jpg 250w, https:\/\/www.creaearredanegozi.it\/wp-content\/uploads\/2024\/06\/giunto-100x100.jpg 100w, https:\/\/www.creaearredanegozi.it\/wp-content\/uploads\/2024\/06\/giunto-64x64.jpg 64w\" sizes=\"(max-width: 250px) 100vw, 250px\" \/><\/a><\/td>\n<\/tr>\n<tr>\n<td style=\"width: 50%;\"><\/td>\n<td style=\"width: 50%;\"><\/td>\n<\/tr>\n<tr>\n<td style=\"width: 50%;\"><\/td>\n<td style=\"width: 50%;\"><\/td>\n<\/tr>\n<\/tbody>\n<\/table>","protected":false},"excerpt":{"rendered":"<p>Mixer a Immersione Professionale 350 Watt Velocit\u00e0 Variabile o Fissa Prodotto Mixer Linea Heavy Fama Codice FM350VV: Corpo Motore MIXER 350 W Velocit\u00e0 Variabile Codice FM350VF: Corpo Motore MIXER 350 W Velocit\u00e0 Fissa Macchina con impugnatura ergonomica per un\u2019ottima presa senza fatica. Il suo corpo centrale \u00e8 in acciaio inox pi\u00f9 robusto e resistente, molto [&#8230;]","protected":false},"featured_media":128180,"comment_status":"closed","ping_status":"closed","template":"","meta":{"_monsterinsights_skip_tracking":false,"_monsterinsights_sitenote_active":false,"_monsterinsights_sitenote_note":"","_monsterinsights_sitenote_category":0},"product_brand":[704],"product_cat":[65,10,163,814,25],"product_tag":[],"class_list":{"0":"post-128173","1":"product","2":"type-product","3":"status-publish","4":"has-post-thumbnail","6":"product_brand-fama","7":"product_cat-frullatori","8":"product_cat-attrezzature-bar","9":"product_cat-frullatori-ristorazione","10":"product_cat-mixer-frullatori","11":"product_cat-attrezzature-ristoranti-pub-cucine","12":"product_shipping_class-f","13":"pa_marca-fama","15":"first","16":"instock","17":"taxable","18":"shipping-taxable","19":"purchasable","20":"product-type-simple"},"_links":{"self":[{"href":"https:\/\/www.creaearredanegozi.it\/en\/wp-json\/wp\/v2\/product\/128173","targetHints":{"allow":["GET"]}}],"collection":[{"href":"https:\/\/www.creaearredanegozi.it\/en\/wp-json\/wp\/v2\/product"}],"about":[{"href":"https:\/\/www.creaearredanegozi.it\/en\/wp-json\/wp\/v2\/types\/product"}],"replies":[{"embeddable":true,"href":"https:\/\/www.creaearredanegozi.it\/en\/wp-json\/wp\/v2\/comments?post=128173"}],"wp:featuredmedia":[{"embeddable":true,"href":"https:\/\/www.creaearredanegozi.it\/en\/wp-json\/wp\/v2\/media\/128180"}],"wp:attachment":[{"href":"https:\/\/www.creaearredanegozi.it\/en\/wp-json\/wp\/v2\/media?parent=128173"}],"wp:term":[{"taxonomy":"product_brand","embeddable":true,"href":"https:\/\/www.creaearredanegozi.it\/en\/wp-json\/wp\/v2\/product_brand?post=128173"},{"taxonomy":"product_cat","embeddable":true,"href":"https:\/\/www.creaearredanegozi.it\/en\/wp-json\/wp\/v2\/product_cat?post=128173"},{"taxonomy":"product_tag","embeddable":true,"href":"https:\/\/www.creaearredanegozi.it\/en\/wp-json\/wp\/v2\/product_tag?post=128173"}],"curies":[{"name":"wp","href":"https:\/\/api.w.org\/{rel}","templated":true}]}}