{"id":128197,"date":"2024-06-07T11:29:40","date_gmt":"2024-06-07T09:29:40","guid":{"rendered":"https:\/\/www.creaearredanegozi.it\/?post_type=product&#038;p=128197"},"modified":"2024-06-07T13:34:57","modified_gmt":"2024-06-07T11:34:57","slug":"professional-immersion-mixer-300-400-500-watt-variable-speed-light-fame-series-fm300vv-fm400vv-fm500vv","status":"publish","type":"product","link":"https:\/\/www.creaearredanegozi.it\/en\/professional-immersion-mixer-300-400-500-watt-variable-speed-light-fame-series-fm300vv-fm400vv-fm500vv\/","title":{"rendered":"Professional Immersion Mixer 300\/400\/500 Watt Variable Speed Light Series Fama FM300VV FM400VV FM500VV"},"content":{"rendered":"<h3>Professional Immersion Mixer 300\/400\/500 Watt Variable Speed<\/h3>\n<p><strong>Product Mixer Line Light Fama<\/strong><\/p>\n<ol>\n<li>Code FM300VV: MIXER Motor Body 300 W Variable Speed<\/li>\n<li>Code FM400VV: MIXER 400 W Variable Speed Motor Body<\/li>\n<li>Code FM500VV: MIXER Motor Body 500 W Variable Speed<\/li>\n<\/ol>\n<p>Machine with ergonomic handle for fatigue-free grip. Its central body is made of plastic with innovative design for low weight and easy operation. Featuring quick-release coupling, which simplifies the insertion of accessories.<\/p>\n<p>With optimally sized buttons, digital display and with 9-speed controller, and polymer joint.<\/p>\n<p>Model with variable speed drive to obtain different products according to the tool used.<\/p>\n<p>Useful tips: with the 400Watt mixer, combining accessories such as 400mm mixer and homogenizer, you will have a real machine for making ice cream.<\/p>\n<p>Features:<\/p>\n<ul>\n<li>Machinery for professional use<\/li>\n<li>Body made of plastic with innovative design<\/li>\n<li>Light-weight and easy-to-use machinery<\/li>\n<li>Domestically manufactured ventilated motor<\/li>\n<li>Thermal protection to the motor<\/li>\n<li>Ergonomic handle for greater comfort of use<\/li>\n<li>Liquid crystal display<\/li>\n<li>9-speed regulator<\/li>\n<li>Electronic speed and power stabilization system SRS (self-regulating-speed)<\/li>\n<li>High-strength polymer connection joints<\/li>\n<li>Mixer available in 3 sizes: 300-400-500 mm<\/li>\n<li>Bayonet mixer coupling<\/li>\n<li>Apparatus certified by testing agency<\/li>\n<li>EC Standards<\/li>\n<li>Manufactured in Italy<\/li>\n<\/ul>\n<p><a href=\"https:\/\/www.creaearredanegozi.it\/wp-content\/uploads\/2024\/06\/mixer_light_corpo_motore.jpg\"><img decoding=\"async\" class=\"alignnone wp-image-128198\" src=\"https:\/\/www.creaearredanegozi.it\/wp-content\/uploads\/2024\/06\/mixer_light_corpo_motore.jpg\" alt=\"\" width=\"300\" height=\"280\" title=\"\" srcset=\"https:\/\/www.creaearredanegozi.it\/wp-content\/uploads\/2024\/06\/mixer_light_corpo_motore.jpg 322w, https:\/\/www.creaearredanegozi.it\/wp-content\/uploads\/2024\/06\/mixer_light_corpo_motore-64x60.jpg 64w\" sizes=\"(max-width: 300px) 100vw, 300px\" \/><\/a><\/p>\n<p>Optional Accessories:<\/p>\n<ul>\n<li>300\/400\/500 mixer<\/li>\n<li>300\/400\/500 homogenizer<\/li>\n<li>300\/400\/500 Mutifunction<\/li>\n<li><strong>LIGHT FRUSTER<\/strong><\/li>\n<li>Wall bracket for Combi<\/li>\n<li>Holder for pot diameter from max 400\/600\/800\/1000\/1200.<\/li>\n<\/ul>\n<p>&nbsp;<\/p>\n<p><strong>Technical data:<\/strong><\/p>\n<table style=\"border-collapse: collapse; width: 100%;\" class=\"mtr-table mtr-tr-td\">\n<tbody>\n<tr>\n<td style=\"width: 25%;\" data-mtr-content=\"Modello\" class=\"mtr-td-tag\"><div class=\"mtr-cell-content\">Model<\/div><\/td>\n<td style=\"width: 25%;\" data-mtr-content=\"FM300VV\" class=\"mtr-td-tag\"><div class=\"mtr-cell-content\">FM300VV<\/div><\/td>\n<td style=\"width: 25%;\" data-mtr-content=\"FM400VV\" class=\"mtr-td-tag\"><div class=\"mtr-cell-content\">FM400VV<\/div><\/td>\n<td style=\"width: 25%;\" data-mtr-content=\"FM500VV\" class=\"mtr-td-tag\"><div class=\"mtr-cell-content\">FM500VV<\/div><\/td>\n<\/tr>\n<tr>\n<td style=\"width: 25%;\" data-mtr-content=\"Modello\" class=\"mtr-td-tag\"><div class=\"mtr-cell-content\"><strong>Power supply (Volts\/Hz)<\/strong><\/div><\/td>\n<td style=\"width: 25%;\" data-mtr-content=\"FM300VV\" class=\"mtr-td-tag\"><div class=\"mtr-cell-content\">230 \/ 50-60<\/div><\/td>\n<td style=\"width: 25%;\" data-mtr-content=\"FM400VV\" class=\"mtr-td-tag\"><div class=\"mtr-cell-content\">230 \/ 50-60<\/div><\/td>\n<td style=\"width: 25%;\" data-mtr-content=\"FM500VV\" class=\"mtr-td-tag\"><div class=\"mtr-cell-content\">230 \/ 50-60<\/div><\/td>\n<\/tr>\n<tr>\n<td style=\"width: 25%;\" data-mtr-content=\"Modello\" class=\"mtr-td-tag\"><div class=\"mtr-cell-content\"><b>Power <strong>(watts)<\/strong><\/b><\/div><\/td>\n<td style=\"width: 25%;\" data-mtr-content=\"FM300VV\" class=\"mtr-td-tag\"><div class=\"mtr-cell-content\">0,30<\/div><\/td>\n<td style=\"width: 25%;\" data-mtr-content=\"FM400VV\" class=\"mtr-td-tag\"><div class=\"mtr-cell-content\">0,40<\/div><\/td>\n<td style=\"width: 25%;\" data-mtr-content=\"FM500VV\" class=\"mtr-td-tag\"><div class=\"mtr-cell-content\">0,50<\/div><\/td>\n<\/tr>\n<tr>\n<td style=\"width: 25%;\" data-mtr-content=\"Modello\" class=\"mtr-td-tag\"><div class=\"mtr-cell-content\"><strong>A mm<\/strong><\/div><\/td>\n<td style=\"width: 25%;\" data-mtr-content=\"FM300VV\" class=\"mtr-td-tag\"><div class=\"mtr-cell-content\">\u00f8100<\/div><\/td>\n<td style=\"width: 25%;\" data-mtr-content=\"FM400VV\" class=\"mtr-td-tag\"><div class=\"mtr-cell-content\">\u00f8100<\/div><\/td>\n<td style=\"width: 25%;\" data-mtr-content=\"FM500VV\" class=\"mtr-td-tag\"><div class=\"mtr-cell-content\">\u00f8100<\/div><\/td>\n<\/tr>\n<tr>\n<td style=\"width: 25%;\" data-mtr-content=\"Modello\" class=\"mtr-td-tag\"><div class=\"mtr-cell-content\"><strong>B mm<\/strong><\/div><\/td>\n<td style=\"width: 25%;\" data-mtr-content=\"FM300VV\" class=\"mtr-td-tag\"><div class=\"mtr-cell-content\">350<\/div><\/td>\n<td style=\"width: 25%;\" data-mtr-content=\"FM400VV\" class=\"mtr-td-tag\"><div class=\"mtr-cell-content\">350<\/div><\/td>\n<td style=\"width: 25%;\" data-mtr-content=\"FM500VV\" class=\"mtr-td-tag\"><div class=\"mtr-cell-content\">350<\/div><\/td>\n<\/tr>\n<tr>\n<td style=\"width: 25%;\" data-mtr-content=\"Modello\" class=\"mtr-td-tag\"><div class=\"mtr-cell-content\"><strong>Speed RPM<\/strong><\/div><\/td>\n<td style=\"width: 25%;\" data-mtr-content=\"FM300VV\" class=\"mtr-td-tag\"><div class=\"mtr-cell-content\">2000\/9000 max 13000<\/div><\/td>\n<td style=\"width: 25%;\" data-mtr-content=\"FM400VV\" class=\"mtr-td-tag\"><div class=\"mtr-cell-content\">2000\/9000 max 15000<\/div><\/td>\n<td style=\"width: 25%;\" data-mtr-content=\"FM500VV\" class=\"mtr-td-tag\"><div class=\"mtr-cell-content\">2000\/9000 max 15000<\/div><\/td>\n<\/tr>\n<tr>\n<td style=\"width: 25%;\" data-mtr-content=\"Modello\" class=\"mtr-td-tag\"><div class=\"mtr-cell-content\"><strong>Net weight (Kg)<\/strong><\/div><\/td>\n<td style=\"width: 25%;\" data-mtr-content=\"FM300VV\" class=\"mtr-td-tag\"><div class=\"mtr-cell-content\">1,80<\/div><\/td>\n<td style=\"width: 25%;\" data-mtr-content=\"FM400VV\" class=\"mtr-td-tag\"><div class=\"mtr-cell-content\">2,10<\/div><\/td>\n<td style=\"width: 25%;\" data-mtr-content=\"FM500VV\" class=\"mtr-td-tag\"><div class=\"mtr-cell-content\">2,40<\/div><\/td>\n<\/tr>\n<\/tbody>\n<\/table>\n<p>&nbsp;<\/p>\n<hr \/>\n<p>\u200b<\/p>\n<table style=\"border-collapse: collapse; width: 100%;\">\n<tbody>\n<tr>\n<td style=\"width: 50%;\">BUTTON IN OPTIMAL SIZE.<\/p>\n<p>DIGITAL DISPLAY<br \/>\nWITH 9 SPEED REGULATOR<\/td>\n<td style=\"width: 50%;\"><img decoding=\"async\" class=\"alignnone size-full wp-image-128199\" style=\"color: #555555;\" src=\"https:\/\/www.creaearredanegozi.it\/wp-content\/uploads\/2024\/06\/Display-digitale-con-regolatore-9-velocita-mini.jpg\" alt=\"\" width=\"250\" height=\"250\" title=\"\" srcset=\"https:\/\/www.creaearredanegozi.it\/wp-content\/uploads\/2024\/06\/Display-digitale-con-regolatore-9-velocita-mini.jpg 250w, https:\/\/www.creaearredanegozi.it\/wp-content\/uploads\/2024\/06\/Display-digitale-con-regolatore-9-velocita-mini-100x100.jpg 100w, https:\/\/www.creaearredanegozi.it\/wp-content\/uploads\/2024\/06\/Display-digitale-con-regolatore-9-velocita-mini-64x64.jpg 64w\" sizes=\"(max-width: 250px) 100vw, 250px\" \/><\/td>\n<\/tr>\n<tr>\n<td style=\"width: 50%;\">EXTREME EASE OF CHANGING ACCESSORIES<\/td>\n<td style=\"width: 50%;\"><a href=\"https:\/\/www.creaearredanegozi.it\/wp-content\/uploads\/2024\/06\/Innesto-a-sgancio-rapido-mini.jpg\"><img decoding=\"async\" class=\"alignnone size-full wp-image-128200\" src=\"https:\/\/www.creaearredanegozi.it\/wp-content\/uploads\/2024\/06\/Innesto-a-sgancio-rapido-mini.jpg\" alt=\"\" width=\"250\" height=\"250\" title=\"\" srcset=\"https:\/\/www.creaearredanegozi.it\/wp-content\/uploads\/2024\/06\/Innesto-a-sgancio-rapido-mini.jpg 250w, https:\/\/www.creaearredanegozi.it\/wp-content\/uploads\/2024\/06\/Innesto-a-sgancio-rapido-mini-100x100.jpg 100w, https:\/\/www.creaearredanegozi.it\/wp-content\/uploads\/2024\/06\/Innesto-a-sgancio-rapido-mini-64x64.jpg 64w\" sizes=\"(max-width: 250px) 100vw, 250px\" \/><\/a><\/td>\n<\/tr>\n<tr>\n<td style=\"width: 50%;\">POLYMER JOINT<\/td>\n<td style=\"width: 50%;\"><a href=\"https:\/\/www.creaearredanegozi.it\/wp-content\/uploads\/2024\/06\/giunto-in-plomero-mini.jpg\"><img decoding=\"async\" class=\"alignnone size-full wp-image-128201\" src=\"https:\/\/www.creaearredanegozi.it\/wp-content\/uploads\/2024\/06\/giunto-in-plomero-mini.jpg\" alt=\"\" width=\"250\" height=\"250\" title=\"\" srcset=\"https:\/\/www.creaearredanegozi.it\/wp-content\/uploads\/2024\/06\/giunto-in-plomero-mini.jpg 250w, https:\/\/www.creaearredanegozi.it\/wp-content\/uploads\/2024\/06\/giunto-in-plomero-mini-100x100.jpg 100w, https:\/\/www.creaearredanegozi.it\/wp-content\/uploads\/2024\/06\/giunto-in-plomero-mini-64x64.jpg 64w\" sizes=\"(max-width: 250px) 100vw, 250px\" \/><\/a><\/td>\n<\/tr>\n<tr>\n<td style=\"width: 50%;\"><\/td>\n<td style=\"width: 50%;\"><\/td>\n<\/tr>\n<tr>\n<td style=\"width: 50%;\"><\/td>\n<td style=\"width: 50%;\"><\/td>\n<\/tr>\n<\/tbody>\n<\/table>","protected":false},"excerpt":{"rendered":"<p>Mixer a Immersione Professionale 300\/400\/500 Watt Velocit\u00e0 Variabile Prodotto Mixer Linea Light Fama Codice FM300VV: Corpo Motore MIXER 300 W Velocit\u00e0 Variabile Codice FM400VV: Corpo Motore MIXER 400 W Velocit\u00e0 Variabile Codice FM500VV: Corpo Motore MIXER 500 W Velocit\u00e0 Variabile Macchina con impugnatura ergonomica per un\u2019ottima presa senza fatica. Il suo corpo centrale \u00e8 realizzato [&#8230;]","protected":false},"featured_media":128202,"comment_status":"closed","ping_status":"closed","template":"","meta":{"_monsterinsights_skip_tracking":false,"_monsterinsights_sitenote_active":false,"_monsterinsights_sitenote_note":"","_monsterinsights_sitenote_category":0},"product_brand":[704],"product_cat":[65,10,163,814,25],"product_tag":[],"class_list":{"0":"post-128197","1":"product","2":"type-product","3":"status-publish","4":"has-post-thumbnail","6":"product_brand-fama","7":"product_cat-frullatori","8":"product_cat-attrezzature-bar","9":"product_cat-frullatori-ristorazione","10":"product_cat-mixer-frullatori","11":"product_cat-attrezzature-ristoranti-pub-cucine","12":"product_shipping_class-f","13":"pa_marca-fama","15":"first","16":"instock","17":"taxable","18":"shipping-taxable","19":"purchasable","20":"product-type-simple"},"_links":{"self":[{"href":"https:\/\/www.creaearredanegozi.it\/en\/wp-json\/wp\/v2\/product\/128197","targetHints":{"allow":["GET"]}}],"collection":[{"href":"https:\/\/www.creaearredanegozi.it\/en\/wp-json\/wp\/v2\/product"}],"about":[{"href":"https:\/\/www.creaearredanegozi.it\/en\/wp-json\/wp\/v2\/types\/product"}],"replies":[{"embeddable":true,"href":"https:\/\/www.creaearredanegozi.it\/en\/wp-json\/wp\/v2\/comments?post=128197"}],"wp:featuredmedia":[{"embeddable":true,"href":"https:\/\/www.creaearredanegozi.it\/en\/wp-json\/wp\/v2\/media\/128202"}],"wp:attachment":[{"href":"https:\/\/www.creaearredanegozi.it\/en\/wp-json\/wp\/v2\/media?parent=128197"}],"wp:term":[{"taxonomy":"product_brand","embeddable":true,"href":"https:\/\/www.creaearredanegozi.it\/en\/wp-json\/wp\/v2\/product_brand?post=128197"},{"taxonomy":"product_cat","embeddable":true,"href":"https:\/\/www.creaearredanegozi.it\/en\/wp-json\/wp\/v2\/product_cat?post=128197"},{"taxonomy":"product_tag","embeddable":true,"href":"https:\/\/www.creaearredanegozi.it\/en\/wp-json\/wp\/v2\/product_tag?post=128197"}],"curies":[{"name":"wp","href":"https:\/\/api.w.org\/{rel}","templated":true}]}}