{"id":128228,"date":"2024-06-17T11:14:32","date_gmt":"2024-06-17T09:14:32","guid":{"rendered":"https:\/\/www.creaearredanegozi.it\/?post_type=product&#038;p=128228"},"modified":"2025-06-10T19:11:02","modified_gmt":"2025-06-10T17:11:02","slug":"professional-immersion-mixer-250-watt-variable-or-fixed-speed-light-fame-series-fm250vv-and-fm250vf","status":"publish","type":"product","link":"https:\/\/www.creaearredanegozi.it\/en\/professional-immersion-mixer-250-watt-variable-or-fixed-speed-light-fame-series-fm250vv-and-fm250vf\/","title":{"rendered":"Professional Immersion Mixer 250 Watt Variable or Fixed Speed LIGHT Series Fama FM250VV and FM250VF"},"content":{"rendered":"<h3>Professional Immersion Mixer 250 Watts Variable or Fixed Speed<\/h3>\n<p><strong>Product Mixer Line Light Fama<\/strong><\/p>\n<ol>\n<li>Code FM250VV: MIXER Motor Body 250 W Variable Speed<\/li>\n<li>Code FM250VF: MIXER Motor Body 250 W Fixed Speed<\/li>\n<\/ol>\n<p>Machine with ergonomic handle for fatigue-free grip. Agile and convenient as accessories are changed with extreme speed.<\/p>\n<p>Model FM250VV with variable speed drive to obtain different products depending on the tool used.<\/p>\n<p>Model FM250VF without variator consisting of digital display with start button.<\/p>\n<p>Features:<\/p>\n<ul>\n<li>Machinery for professional use<\/li>\n<li>Body made of plastic with innovative design<\/li>\n<li>Light-weight and easy-to-use machinery<\/li>\n<li>Domestically manufactured ventilated motor<\/li>\n<li>Thermal protection to the motor<\/li>\n<li>Variable speed drive (only model FM250VV ).<\/li>\n<li>Electronic speed and power stabilization system SRS (self-regulating-speed)<\/li>\n<li>High-strength polymer connection joints<\/li>\n<li>Mixers available in two sizes: 200-250 mm<\/li>\n<li>For variable speed model available emulsifier in two sizes: 200-250 mm.<\/li>\n<li>Apparatus certified by testing agency<\/li>\n<li>EC Standards<\/li>\n<li>Made in Italy.<\/li>\n<\/ul>\n<p>Optional Accessories:<\/p>\n<ul>\n<li>200\/250 mm mixer<\/li>\n<li>Emulsifier for variable model only: 200\/250 mm<\/li>\n<li>200\/250 mm homogenizer.<\/li>\n<li>Multifunctional 200\/250 mm<\/li>\n<li><strong>LIGHT FRUSTA Mini only for Variable Version ( excluding VF model )<\/strong><\/li>\n<li>Wall bracket for Combi<\/li>\n<li>Wall bracket for single<\/li>\n<\/ul>\n<p><a href=\"https:\/\/www.creaearredanegozi.it\/wp-content\/uploads\/2024\/06\/mixer_light-250_corpo_motore.jpg\"><img decoding=\"async\" class=\"alignnone wp-image-128229\" src=\"https:\/\/www.creaearredanegozi.it\/wp-content\/uploads\/2024\/06\/mixer_light-250_corpo_motore.jpg\" alt=\"\" width=\"290\" height=\"270\" title=\"\" srcset=\"https:\/\/www.creaearredanegozi.it\/wp-content\/uploads\/2024\/06\/mixer_light-250_corpo_motore.jpg 322w, https:\/\/www.creaearredanegozi.it\/wp-content\/uploads\/2024\/06\/mixer_light-250_corpo_motore-64x60.jpg 64w\" sizes=\"(max-width: 290px) 100vw, 290px\" \/><\/a><\/p>\n<p><strong>Technical data:<\/strong><\/p>\n<table style=\"border-collapse: collapse; width: 100%; height: 147px;\">\n<tbody>\n<tr style=\"height: 21px;\">\n<td style=\"width: 20%; height: 21px;\">Model<\/td>\n<td style=\"width: 20%; height: 21px;\">FM250VV \/ VF<\/td>\n<\/tr>\n<tr style=\"height: 21px;\">\n<td style=\"width: 20%; height: 21px;\"><strong>Power supply (Volts\/Hz)<\/strong><\/td>\n<td style=\"width: 20%; height: 21px;\">230 \/ 50-60<\/td>\n<\/tr>\n<tr style=\"height: 21px;\">\n<td style=\"width: 20%; height: 21px;\"><b>Power <strong>(watts)<\/strong><\/b><\/td>\n<td style=\"width: 20%; height: 21px;\">0,25<\/td>\n<\/tr>\n<tr style=\"height: 21px;\">\n<td style=\"width: 20%; height: 21px;\"><strong>A mm<\/strong><\/td>\n<td style=\"width: 20%; height: 21px;\">\u00f875<\/td>\n<\/tr>\n<tr style=\"height: 21px;\">\n<td style=\"width: 20%; height: 21px;\"><strong>B mm<\/strong><\/td>\n<td style=\"width: 20%; height: 21px;\">285<\/td>\n<\/tr>\n<tr style=\"height: 21px;\">\n<td style=\"width: 20%; height: 21px;\"><strong>Speed RPM<\/strong><\/td>\n<td style=\"width: 20%; height: 21px;\">2500 - max 15000 \/ 15000<\/td>\n<\/tr>\n<tr style=\"height: 21px;\">\n<td style=\"width: 20%; height: 21px;\"><strong>Net weight (Kg)<\/strong><\/td>\n<td style=\"width: 20%; height: 21px;\">1<\/td>\n<\/tr>\n<\/tbody>\n<\/table>\n<p>&nbsp;<\/p>\n<hr \/>\n<table style=\"border-collapse: collapse; width: 100%;\">\n<tbody>\n<tr>\n<td style=\"width: 50%;\">EXTREME EASE OF TOOL DISASSEMBLY.<br \/>\nERGONOMIC HANDLE<\/td>\n<td style=\"width: 50%;\"><a href=\"https:\/\/www.creaearredanegozi.it\/wp-content\/uploads\/2024\/06\/grafico-light-250.jpg\"><img decoding=\"async\" class=\"alignnone size-full wp-image-128231\" src=\"https:\/\/www.creaearredanegozi.it\/wp-content\/uploads\/2024\/06\/grafico-light-250.jpg\" alt=\"\" width=\"250\" height=\"250\" title=\"\" srcset=\"https:\/\/www.creaearredanegozi.it\/wp-content\/uploads\/2024\/06\/grafico-light-250.jpg 250w, https:\/\/www.creaearredanegozi.it\/wp-content\/uploads\/2024\/06\/grafico-light-250-100x100.jpg 100w, https:\/\/www.creaearredanegozi.it\/wp-content\/uploads\/2024\/06\/grafico-light-250-64x64.jpg 64w\" sizes=\"(max-width: 250px) 100vw, 250px\" \/><\/a><\/td>\n<\/tr>\n<tr>\n<td style=\"width: 50%;\">SIMPLICITY OF USE<\/td>\n<td style=\"width: 50%;\"><a href=\"https:\/\/www.creaearredanegozi.it\/wp-content\/uploads\/2024\/06\/grafico-light-250-.jpg\"><img decoding=\"async\" class=\"alignnone size-full wp-image-128232\" src=\"https:\/\/www.creaearredanegozi.it\/wp-content\/uploads\/2024\/06\/grafico-light-250-.jpg\" alt=\"\" width=\"250\" height=\"250\" title=\"\" srcset=\"https:\/\/www.creaearredanegozi.it\/wp-content\/uploads\/2024\/06\/grafico-light-250-.jpg 250w, https:\/\/www.creaearredanegozi.it\/wp-content\/uploads\/2024\/06\/grafico-light-250--100x100.jpg 100w, https:\/\/www.creaearredanegozi.it\/wp-content\/uploads\/2024\/06\/grafico-light-250--64x64.jpg 64w\" sizes=\"(max-width: 250px) 100vw, 250px\" \/><\/a><\/td>\n<\/tr>\n<tr>\n<td style=\"width: 50%;\">ONLY FOR MIXER VV VARIABLE SPEED DRIVE<\/td>\n<td style=\"width: 50%;\"><a href=\"https:\/\/www.creaearredanegozi.it\/wp-content\/uploads\/2024\/06\/grafico-light-250-1.jpg\"><img decoding=\"async\" class=\"alignnone size-full wp-image-128233\" src=\"https:\/\/www.creaearredanegozi.it\/wp-content\/uploads\/2024\/06\/grafico-light-250-1.jpg\" alt=\"\" width=\"250\" height=\"250\" title=\"\" srcset=\"https:\/\/www.creaearredanegozi.it\/wp-content\/uploads\/2024\/06\/grafico-light-250-1.jpg 250w, https:\/\/www.creaearredanegozi.it\/wp-content\/uploads\/2024\/06\/grafico-light-250-1-100x100.jpg 100w, https:\/\/www.creaearredanegozi.it\/wp-content\/uploads\/2024\/06\/grafico-light-250-1-64x64.jpg 64w\" sizes=\"(max-width: 250px) 100vw, 250px\" \/><\/a><\/td>\n<\/tr>\n<tr>\n<td style=\"width: 50%;\"><\/td>\n<td style=\"width: 50%;\"><\/td>\n<\/tr>\n<\/tbody>\n<\/table>","protected":false},"excerpt":{"rendered":"<p>Mixer a Immersione Professionale 250 Watt Velocit\u00e0 Variabile o Fissa Prodotto Mixer Linea Light Fama Codice FM250VV: Corpo Motore MIXER 250 W Velocit\u00e0 Variabile Codice FM250VF: Corpo Motore MIXER 250 W Velocit\u00e0 Fissa Macchina con impugnatura ergonomica per un\u2019ottima presa senza fatica. Agile e comodo in quanto viene effettuato il cambio degli accessori con estrema [&#8230;]","protected":false},"featured_media":128234,"comment_status":"closed","ping_status":"closed","template":"","meta":{"_monsterinsights_skip_tracking":false,"_monsterinsights_sitenote_active":false,"_monsterinsights_sitenote_note":"","_monsterinsights_sitenote_category":0},"product_brand":[704],"product_cat":[65,10,163,814,25],"product_tag":[],"class_list":{"0":"post-128228","1":"product","2":"type-product","3":"status-publish","4":"has-post-thumbnail","6":"product_brand-fama","7":"product_cat-frullatori","8":"product_cat-attrezzature-bar","9":"product_cat-frullatori-ristorazione","10":"product_cat-mixer-frullatori","11":"product_cat-attrezzature-ristoranti-pub-cucine","12":"product_shipping_class-215","13":"pa_marca-fama","15":"first","16":"instock","17":"taxable","18":"shipping-taxable","19":"purchasable","20":"product-type-simple"},"_links":{"self":[{"href":"https:\/\/www.creaearredanegozi.it\/en\/wp-json\/wp\/v2\/product\/128228","targetHints":{"allow":["GET"]}}],"collection":[{"href":"https:\/\/www.creaearredanegozi.it\/en\/wp-json\/wp\/v2\/product"}],"about":[{"href":"https:\/\/www.creaearredanegozi.it\/en\/wp-json\/wp\/v2\/types\/product"}],"replies":[{"embeddable":true,"href":"https:\/\/www.creaearredanegozi.it\/en\/wp-json\/wp\/v2\/comments?post=128228"}],"wp:featuredmedia":[{"embeddable":true,"href":"https:\/\/www.creaearredanegozi.it\/en\/wp-json\/wp\/v2\/media\/128234"}],"wp:attachment":[{"href":"https:\/\/www.creaearredanegozi.it\/en\/wp-json\/wp\/v2\/media?parent=128228"}],"wp:term":[{"taxonomy":"product_brand","embeddable":true,"href":"https:\/\/www.creaearredanegozi.it\/en\/wp-json\/wp\/v2\/product_brand?post=128228"},{"taxonomy":"product_cat","embeddable":true,"href":"https:\/\/www.creaearredanegozi.it\/en\/wp-json\/wp\/v2\/product_cat?post=128228"},{"taxonomy":"product_tag","embeddable":true,"href":"https:\/\/www.creaearredanegozi.it\/en\/wp-json\/wp\/v2\/product_tag?post=128228"}],"curies":[{"name":"wp","href":"https:\/\/api.w.org\/{rel}","templated":true}]}}