{"id":128368,"date":"2024-08-01T20:08:34","date_gmt":"2024-08-01T18:08:34","guid":{"rendered":"https:\/\/www.creaearredanegozi.it\/?post_type=product&#038;p=128368"},"modified":"2024-11-20T13:42:10","modified_gmt":"2024-11-20T12:42:10","slug":"fimar-mx20-professional-minipimer-immersion-blender-mixer","status":"publish","type":"product","link":"https:\/\/www.creaearredanegozi.it\/en\/fimar-mx20-professional-minipimer-immersion-blender-mixer\/","title":{"rendered":"Mixer immersion blender professional minipimer Fimar MX20"},"content":{"rendered":"<h2 style=\"text-align: center;\">Fimar MX20 professional immersion blender mixer<\/h2>\n<p>Minipimer with ergonomic handle. Blender made of AISI 304 stainless steel, suitable for making minestrone, vegetable purees, sauces, batters, mayonnaise, tomato puree, pesto, etc. MX20 single-speed model is equipped with the multi-purpose knife only; MX20V2 2-speed model is equipped with the multi-purpose knife and interchangeable accessories (refiner and emulsifier); MX20VV variable-speed model is equipped with the multi-purpose knife and interchangeable accessories (refiner and emulsifier).<\/p>\n<p>Available in the following models:<\/p>\n<ul>\n<li>MX20:\u00a0<strong>Single speed<\/strong> - Is equipped with only the multi-purpose knife<\/li>\n<li>MX20V2: <strong>2 speed<\/strong> - Is equipped with multi-purpose knife and interchangeable accessories (refiner and emulsifier)<\/li>\n<li>MX20VV: <strong>A<\/strong><strong>\u00a0variable speed<\/strong> - is equipped with a multi-purpose knife and interchangeable accessories (refiner and emulsifier).<\/li>\n<\/ul>\n<hr \/>\n<p><strong>Technical Data<\/strong><\/p>\n<ul>\n<li>Power: 0.2 kW - 0.5 Hp<\/li>\n<li>Power supply: 230V\/1N\/50-60hz<\/li>\n<li>Mixer speed:\n<ul>\n<li>MX20 single speed: 13,000 RPM<\/li>\n<li>MX20V2 with 2 speeds: 6,000 and 13,000 rpm<\/li>\n<li>MX20VV variable speed: 6,000 to 13,000 rpm<\/li>\n<\/ul>\n<\/li>\n<li>Mixer length: 200 mm<\/li>\n<li>Max immersion level mixer: 165 mm<\/li>\n<li>Dimensions: 107 x 72 x 499h mm (with mixer)<\/li>\n<li>Net Weight 1.16 kg<\/li>\n<\/ul>\n<hr \/>\n<p style=\"text-align: center;\"><iframe loading=\"lazy\" title=\"YouTube video player\" src=\"https:\/\/www.youtube-nocookie.com\/embed\/oQMdYJn4mBE?si=OHrscjEdcMqWzaJ9\" width=\"560\" height=\"315\" frameborder=\"0\" allowfullscreen=\"allowfullscreen\"><\/iframe><\/p>","protected":false},"excerpt":{"rendered":"<p>Mixer frullatore a immersione professionale Fimar MX20 Minipimer con impugnatura ergonomica. Mescolatore realizzato in acciaio inox AISI 304, adatto a realizzare minestroni, puree di verdure, salse, pastelle, maionese, passato di pomodoro, pesto ecc. Il modello MX20 a singola velocit\u00e0 \u00e8 dotato del solo coltello multiuso; il modello MX20V2 a 2 velocit\u00e0 \u00e8 dotato di coltello [&#8230;]","protected":false},"featured_media":128375,"comment_status":"closed","ping_status":"closed","template":"","meta":{"_monsterinsights_skip_tracking":false,"_monsterinsights_sitenote_active":false,"_monsterinsights_sitenote_note":"","_monsterinsights_sitenote_category":0},"product_brand":[628],"product_cat":[814,163,65,655],"product_tag":[],"class_list":{"0":"post-128368","1":"product","2":"type-product","3":"status-publish","4":"has-post-thumbnail","6":"product_brand-fimar","7":"product_cat-mixer-frullatori","8":"product_cat-frullatori-ristorazione","9":"product_cat-frullatori","10":"product_cat-lavorazione","11":"product_shipping_class-48","12":"pa_marca-fimar","14":"first","15":"instock","16":"sale","17":"taxable","18":"shipping-taxable","19":"purchasable","20":"product-type-variable"},"_links":{"self":[{"href":"https:\/\/www.creaearredanegozi.it\/en\/wp-json\/wp\/v2\/product\/128368","targetHints":{"allow":["GET"]}}],"collection":[{"href":"https:\/\/www.creaearredanegozi.it\/en\/wp-json\/wp\/v2\/product"}],"about":[{"href":"https:\/\/www.creaearredanegozi.it\/en\/wp-json\/wp\/v2\/types\/product"}],"replies":[{"embeddable":true,"href":"https:\/\/www.creaearredanegozi.it\/en\/wp-json\/wp\/v2\/comments?post=128368"}],"wp:featuredmedia":[{"embeddable":true,"href":"https:\/\/www.creaearredanegozi.it\/en\/wp-json\/wp\/v2\/media\/128375"}],"wp:attachment":[{"href":"https:\/\/www.creaearredanegozi.it\/en\/wp-json\/wp\/v2\/media?parent=128368"}],"wp:term":[{"taxonomy":"product_brand","embeddable":true,"href":"https:\/\/www.creaearredanegozi.it\/en\/wp-json\/wp\/v2\/product_brand?post=128368"},{"taxonomy":"product_cat","embeddable":true,"href":"https:\/\/www.creaearredanegozi.it\/en\/wp-json\/wp\/v2\/product_cat?post=128368"},{"taxonomy":"product_tag","embeddable":true,"href":"https:\/\/www.creaearredanegozi.it\/en\/wp-json\/wp\/v2\/product_tag?post=128368"}],"curies":[{"name":"wp","href":"https:\/\/api.w.org\/{rel}","templated":true}]}}