{"id":129509,"date":"2026-02-26T16:15:00","date_gmt":"2026-02-26T15:15:00","guid":{"rendered":"https:\/\/www.creaearredanegozi.it\/prodotto-282\/"},"modified":"2026-03-20T14:07:10","modified_gmt":"2026-03-20T13:07:10","slug":"tagliapatate-manuale-da-banco-a-leva-4-tagli-intercambiabili-inclusi","status":"publish","type":"product","link":"https:\/\/www.creaearredanegozi.it\/en\/tagliapatate-manuale-da-banco-a-leva-4-tagli-intercambiabili-inclusi\/","title":{"rendered":"Manual lever-operated benchtop potato cutter 4 interchangeable cuts included"},"content":{"rendered":"<h2 style=\"text-align: center;\">TAGLIAPATATE Manuale MOD. TP5<\/h2>\n<p>Affetta patate a uso orizzontale o verticale (fissaggio a parete), in alluminio ed acciaio inox<br \/>\nInclude 4 ventose per una maggiore stabilit\u00e0 nell\u2019utilizzo su piani orizzontali. 4 Fori adatti al fissaggio con tasselli.<\/p>\n<p>Adatto ad un utilizzo professionale o domestico per la preparazione di patate con tagli e misure differenti<br \/>\nFunzionamento semplice, manutenzione e pulizia rapide<br \/>\nRealizzato in Acciaio e Alluminio<br \/>\nIn acciaio inox e alluminio<br \/>\nComprese 4 lame di cui una per tagliare agrumi e mele in 8 pezzi<\/p>\n<ul>\n<li>Misure taglio: 6,5\u00d76,5 mm; 9\u00d79 mm; 14\u00d714 mm;<\/li>\n<li>Peso: 4 Kg<\/li>\n<li>Dimensioni: 275x175x205 mm<\/li>\n<\/ul>\n<hr \/>\n<p><a href=\"https:\/\/www.creaearredanegozi.it\/wp-content\/uploads\/2026\/01\/LAME-TP5.png\"><img decoding=\"async\" class=\"aligncenter size-full wp-image-129875\" style=\"width: 100%; max-width: 600px;\" src=\"https:\/\/www.creaearredanegozi.it\/wp-content\/uploads\/2026\/01\/LAME-TP5.png\" alt=\"\" height=\"auto\" title=\"\" srcset=\"https:\/\/www.creaearredanegozi.it\/wp-content\/uploads\/2026\/01\/LAME-TP5.png 581w, https:\/\/www.creaearredanegozi.it\/wp-content\/uploads\/2026\/01\/LAME-TP5-516x274.png 516w, https:\/\/www.creaearredanegozi.it\/wp-content\/uploads\/2026\/01\/LAME-TP5-64x34.png 64w, https:\/\/www.creaearredanegozi.it\/wp-content\/uploads\/2026\/01\/LAME-TP5-18x10.png 18w\" sizes=\"(max-width: 581px) 100vw, 581px\" \/><\/a><\/p>","protected":false},"excerpt":{"rendered":"<p>TAGLIAPATATE Manuale MOD. TP5 Affetta patate a uso orizzontale o verticale (fissaggio a parete), in alluminio ed acciaio inox Include 4 ventose per una maggiore stabilit\u00e0 nell\u2019utilizzo su piani orizzontali. 4 Fori adatti al fissaggio con tasselli. Adatto ad un utilizzo professionale o domestico per la preparazione di patate con tagli e misure differenti Funzionamento [&#8230;]","protected":false},"featured_media":129874,"comment_status":"open","ping_status":"closed","template":"","meta":{"_monsterinsights_skip_tracking":false,"_monsterinsights_sitenote_active":false,"_monsterinsights_sitenote_note":"","_monsterinsights_sitenote_category":0},"product_brand":[641],"product_cat":[694,655,95,181,97],"product_tag":[],"class_list":{"0":"post-129509","1":"product","2":"type-product","3":"status-publish","4":"has-post-thumbnail","6":"product_brand-beckers","7":"product_cat-tagliaverdure-lavorazione","8":"product_cat-lavorazione","9":"product_cat-tagliatrici","10":"product_cat-tagliatrici-ristorazione","11":"product_cat-tagliaverdure","12":"product_shipping_class-215","14":"first","15":"instock","16":"taxable","17":"shipping-taxable","18":"purchasable","19":"product-type-simple"},"_links":{"self":[{"href":"https:\/\/www.creaearredanegozi.it\/en\/wp-json\/wp\/v2\/product\/129509","targetHints":{"allow":["GET"]}}],"collection":[{"href":"https:\/\/www.creaearredanegozi.it\/en\/wp-json\/wp\/v2\/product"}],"about":[{"href":"https:\/\/www.creaearredanegozi.it\/en\/wp-json\/wp\/v2\/types\/product"}],"replies":[{"embeddable":true,"href":"https:\/\/www.creaearredanegozi.it\/en\/wp-json\/wp\/v2\/comments?post=129509"}],"wp:featuredmedia":[{"embeddable":true,"href":"https:\/\/www.creaearredanegozi.it\/en\/wp-json\/wp\/v2\/media\/129874"}],"wp:attachment":[{"href":"https:\/\/www.creaearredanegozi.it\/en\/wp-json\/wp\/v2\/media?parent=129509"}],"wp:term":[{"taxonomy":"product_brand","embeddable":true,"href":"https:\/\/www.creaearredanegozi.it\/en\/wp-json\/wp\/v2\/product_brand?post=129509"},{"taxonomy":"product_cat","embeddable":true,"href":"https:\/\/www.creaearredanegozi.it\/en\/wp-json\/wp\/v2\/product_cat?post=129509"},{"taxonomy":"product_tag","embeddable":true,"href":"https:\/\/www.creaearredanegozi.it\/en\/wp-json\/wp\/v2\/product_tag?post=129509"}],"curies":[{"name":"wp","href":"https:\/\/api.w.org\/{rel}","templated":true}]}}