{"id":14391,"date":"2018-07-12T16:10:10","date_gmt":"2018-07-12T14:10:10","guid":{"rendered":"https:\/\/www.creaearredanegozi.it\/?post_type=product&#038;p=14391"},"modified":"2023-12-06T09:35:25","modified_gmt":"2023-12-06T08:35:25","slug":"230v-steel-electric-vegetable-cutter-estribile-cover-mec-vpm-300","status":"publish","type":"product","link":"https:\/\/www.creaearredanegozi.it\/en\/230v-steel-electric-vegetable-cutter-estribile-cover-mec-vpm-300\/","title":{"rendered":"Single phase 230V steel electric vegetable cutter removable lid Mec VPM 300"},"content":{"rendered":"<p><strong>Single-phase 230 V steel electric vegetable cutter removable lid Mec VPM 300:<\/strong><\/p>\n<ul>\n<li>Electric vegetable cutters for small and medium catering.<\/li>\n<li>The machine can slice, grate, cube, make sticks, fillet.<\/li>\n<li>By simply changing the disc, more than 60 different types of cuts can be achieved.<\/li>\n<li>Constructed according to EN 1678.<\/li>\n<li>Steel frame and aluminum lid, flip-up and removable lid.<\/li>\n<li>CE professional standard item.<\/li>\n<\/ul>\n<p><strong>Optional:<\/strong><\/p>\n<ul>\n<li>Disc with adjustable thickness 1 - 8 mm.<\/li>\n<li>Slicing discs 1 - 2 - 3 - 4 - 5 - 6 - 8 - 10 - 14 mm.<\/li>\n<li>Match cut discs 2.5 - 4 - 6 - 8 - 10 mm.<\/li>\n<li>Discs for fraying 2 - 3 - 4 - 7 mm.<\/li>\n<li>Mozzarella disc<\/li>\n<li>Disc for grating bread or cheese<\/li>\n<li>Cubic cutting discs 8\u00d78 - 10\u00d710 - 12\u00d712 - 16\u00d716 - 20\u00d720<\/li>\n<li>Discs for cutting sticks 6 - 8 - 10 mm.<\/li>\n<li>High ejector disk<\/li>\n<li>Low ejector disk.<\/li>\n<li>Rack for 8 discs.<\/li>\n<\/ul>\n<blockquote><p>CAUTION: To cube, it is necessary to combine the dicing discs with a slicing disc<\/p>\n<p>Example: If you want to obtain an 8x8x8mm cube, you need to buy an 8mm slicing disc and the 8\u00d78 cube disc. The maximum cube obtainable from the combinations of the discs is 20x20x14h (14mm slicing disc + 20x20mm cube disc)<\/p><\/blockquote>\n<hr \/>\n<p><strong>Technical Data<\/strong><\/p>\n<table class=\"table table-striped\">\n<tbody>\n<tr>\n<td>\n<p class=\"dati_tecnici_label_1\">Model<\/p>\n<\/td>\n<td align=\"left\"><strong>VPM 300<\/strong><\/td>\n<\/tr>\n<tr>\n<td>Power<\/td>\n<td align=\"left\">380 W - 0.51 Hp<\/td>\n<\/tr>\n<tr>\n<td>Weight<\/td>\n<td align=\"left\">8.5 kg<\/td>\n<\/tr>\n<tr>\n<td>Dimensions<\/td>\n<td align=\"left\">mm 240x570x470<\/td>\n<\/tr>\n<tr>\n<td>Voltage<\/td>\n<td align=\"left\">230 V<\/td>\n<\/tr>\n<tr>\n<td>hourly production<\/td>\n<td align=\"left\">100\/300 kg<\/td>\n<\/tr>\n<\/tbody>\n<\/table>\n<p>&nbsp;<\/p>","protected":false},"excerpt":{"rendered":"<p>Tagliaverdure elettrico in acciaio monofase 230 V coperchio estraibile Mec VPM 300: Tagliaverdure elettrici per piccola e media ristorazione. La macchina \u00e8 in grado di affettare, grattugiare, cubettare, fare bastoncini, sfilacciare. Cambiando semplicemente il disco \u00e8 possibile ottenere pi\u00f9 di 60 tipi di taglio diversi. Costruiti secondo la norma EN 1678. Struttura in acciaio e [&#8230;]","protected":false},"featured_media":123159,"comment_status":"closed","ping_status":"closed","template":"","meta":{"_monsterinsights_skip_tracking":false,"_monsterinsights_sitenote_active":false,"_monsterinsights_sitenote_note":"","_monsterinsights_sitenote_category":0},"product_brand":[625],"product_cat":[62,97,693,694],"product_tag":[],"class_list":{"0":"post-14391","1":"product","2":"type-product","3":"status-publish","4":"has-post-thumbnail","6":"product_brand-mec-europe","7":"product_cat-taglia-verdure","8":"product_cat-tagliaverdure","9":"product_cat-tagliaverdure-attrezzature-ristoranti-pub-cucine","10":"product_cat-tagliaverdure-lavorazione","11":"product_shipping_class-f","12":"pa_marca-mec","14":"first","15":"instock","16":"taxable","17":"shipping-taxable","18":"purchasable","19":"product-type-simple"},"_links":{"self":[{"href":"https:\/\/www.creaearredanegozi.it\/en\/wp-json\/wp\/v2\/product\/14391","targetHints":{"allow":["GET"]}}],"collection":[{"href":"https:\/\/www.creaearredanegozi.it\/en\/wp-json\/wp\/v2\/product"}],"about":[{"href":"https:\/\/www.creaearredanegozi.it\/en\/wp-json\/wp\/v2\/types\/product"}],"replies":[{"embeddable":true,"href":"https:\/\/www.creaearredanegozi.it\/en\/wp-json\/wp\/v2\/comments?post=14391"}],"wp:featuredmedia":[{"embeddable":true,"href":"https:\/\/www.creaearredanegozi.it\/en\/wp-json\/wp\/v2\/media\/123159"}],"wp:attachment":[{"href":"https:\/\/www.creaearredanegozi.it\/en\/wp-json\/wp\/v2\/media?parent=14391"}],"wp:term":[{"taxonomy":"product_brand","embeddable":true,"href":"https:\/\/www.creaearredanegozi.it\/en\/wp-json\/wp\/v2\/product_brand?post=14391"},{"taxonomy":"product_cat","embeddable":true,"href":"https:\/\/www.creaearredanegozi.it\/en\/wp-json\/wp\/v2\/product_cat?post=14391"},{"taxonomy":"product_tag","embeddable":true,"href":"https:\/\/www.creaearredanegozi.it\/en\/wp-json\/wp\/v2\/product_tag?post=14391"}],"curies":[{"name":"wp","href":"https:\/\/api.w.org\/{rel}","templated":true}]}}