{"id":16722,"date":"2018-10-06T09:10:23","date_gmt":"2018-10-06T07:10:23","guid":{"rendered":"https:\/\/www.creaearredanegozi.it\/?post_type=product&#038;p=16722"},"modified":"2023-10-04T10:58:26","modified_gmt":"2023-10-04T08:58:26","slug":"refrigerated-display-case-2-doors-10-19-c-15-21-c-800-lt-with-led-lighting-l-1355-cm-tecfrigo","status":"publish","type":"product","link":"https:\/\/www.creaearredanegozi.it\/en\/refrigerated-display-case-2-doors-10-19-c-15-21-c-800-lt-with-led-lighting-l-1355-cm-tecfrigo\/","title":{"rendered":"Refrigerated display case 2 doors double temperature -10\/-19 \u00b0C -15\/-21 \u00b0C 800 Lt with led lighting L. 135 cm Tecfrigo"},"content":{"rendered":"<p><strong>2 door double temperature freezer display case with led lighting L. 135 cm Tecfrigo<\/strong><\/p>\n<p>The Diva GBT-BTV is an ideal freezer display case for pastry and ice cream shops and is actually composed of 2 different display cases in the same body. In fact, it has an internal glass chamber separation and different temperatures can be set. One display case has static refrigeration with grid evaporators and the other has ventilated refrigeration with repositionable grids.<\/p>\n<ul>\n<li>The Diva line has an all-aluminum frame with a high-gloss mirror finish and a large built-in one-piece stainless steel handle along the entire length of the door.<\/li>\n<li>Ventilation grilles and laser-finished stainless steel inner bottom.<\/li>\n<li>One door with static evaporator with fixed grids (No. 5) and 1 height-adjustable flush grid (No. 1);<\/li>\n<li>A door with No. 5 height-adjustable flush grilles.<\/li>\n<li>Triple-pane double glazing on each side, framed and sealed, with dry-air insulation, for maximum insulation performance.<\/li>\n<li>LED lighting with high luminous efficiency and energy saving.<\/li>\n<li>Choice of LED color temperature: 3,000 K or 6,500 K.<\/li>\n<li>Sturdy swivel casters, with and without brake, chrome-plated stainless.<\/li>\n<li>High-efficiency R290 thermodynamics.<\/li>\n<li>Self-closing door via hydraulic hinge.<\/li>\n<li>White LED backlit touch-screen control unit with energy-saving function.<\/li>\n<\/ul>\n<p><strong>Specifications:<\/strong><\/p>\n<ul>\n<li>GBT side: Static refrigeration - Temperature -10\/-19\u00b0C - Equipment 5 fixed static evaporator grids 555\u00d7460 mm + 1 movable grid 555\u00d7450 mm.<\/li>\n<li>BTV Side: Ventilated Refrigeration - Temperature -15\/-21\u00b0C - Equipped with 5 movable grids 555\u00d7450 mm<\/li>\n<\/ul>\n<table class=\"table table-striped\">\n<tbody>\n<tr>\n<td>\n<p class=\"dati_tecnici_label_1\"><strong>Model<\/strong><\/p>\n<\/td>\n<td>\n<p class=\"dati_tecnici_label_1\"><b>DIVA 901 GBT - BTV<\/b><\/p>\n<\/td>\n<\/tr>\n<tr>\n<td><strong>Temperature <\/strong><\/td>\n<td align=\"left\">-10\/-19 \u00b0C (GBT)<\/p>\n<p>-15\/-21 \u00b0C (BTV)<\/td>\n<\/tr>\n<tr>\n<td><strong>Capacity Lt<\/strong><\/td>\n<td align=\"left\">800 (400 per door)<\/td>\n<\/tr>\n<tr>\n<td><strong>Dimensions mm<\/strong><\/td>\n<td align=\"left\">1355x680x1875<\/td>\n<\/tr>\n<tr>\n<td><strong>Weight<\/strong><\/td>\n<td align=\"left\">340 kg<\/td>\n<\/tr>\n<tr>\n<td><strong>Plans<\/strong><\/td>\n<td align=\"left\">1 mm. 555\u00d7450-5 mm. 555\u00d7450 (GBT)<\/p>\n<p>5 mm. 555\u00d7460 (BTV)<\/td>\n<\/tr>\n<tr>\n<td><strong>Absorption<\/strong><\/td>\n<td align=\"left\">950 W<\/td>\n<\/tr>\n<tr>\n<td><strong>Voltage<\/strong><\/td>\n<td align=\"left\">230 V\/1\/50Hz<\/td>\n<\/tr>\n<tr>\n<td><strong>Relative Humidity<\/strong><\/td>\n<td align=\"left\">% 40<\/td>\n<\/tr>\n<tr>\n<td><strong>Defrosting Type<\/strong><\/td>\n<td align=\"left\"><span style=\"font-family: inherit; font-size: inherit;\">Manual (GBT)<\/span><\/p>\n<p>Automatic hot gas (BTV)<\/td>\n<\/tr>\n<tr>\n<td><strong>Evaporation<\/strong><\/td>\n<td align=\"left\">Automatic<\/td>\n<\/tr>\n<tr>\n<td><strong>Refrigeration<\/strong><\/td>\n<td align=\"left\">Statics (GBT)<\/p>\n<p>Ventilated (BTV)<\/td>\n<\/tr>\n<tr>\n<td><strong>Refrigerant gas<\/strong><\/td>\n<td align=\"left\">R290<\/td>\n<\/tr>\n<tr>\n<td><strong>Lock<\/strong><\/td>\n<td align=\"left\">Optional<\/td>\n<\/tr>\n<tr>\n<td><strong>Lighting<\/strong><\/td>\n<td align=\"left\">Led - standard<\/td>\n<\/tr>\n<\/tbody>\n<\/table>\n<p>&nbsp;<\/p>","protected":false},"excerpt":{"rendered":"<p>Vetrina congelatore 2 porte doppia temperatura con illuminazione led L. 135 cm Tecfrigo La Diva GBT-BTV \u00e8 una vetrina congelatore ideale per pasticcerie e gelaterie ed \u00e8 composta, di fatto, da 2 vetrine differenti nello stesso corpo. Ha infatti una separazione interna a vetro camera ed \u00e8 possibile impostare temperature differenti. Una vetrina ha la [&#8230;]","protected":false},"featured_media":125580,"comment_status":"closed","ping_status":"closed","template":"","meta":{"_monsterinsights_skip_tracking":false,"_monsterinsights_sitenote_active":false,"_monsterinsights_sitenote_note":"","_monsterinsights_sitenote_category":0},"product_brand":[742],"product_cat":[715,256,317,708,28],"product_tag":[],"class_list":{"0":"post-16722","1":"product","2":"type-product","3":"status-publish","4":"has-post-thumbnail","6":"product_brand-tecfrigo","7":"product_cat-vetrine-pasticceria","8":"product_cat-fredde","9":"product_cat-gelaterie","10":"product_cat-pasticcerie","11":"product_cat-vetrine","12":"product_shipping_class-367","13":"pa_classe-energetica-classe-d","14":"pa_marca-tecfrigo","16":"first","17":"instock","18":"taxable","19":"shipping-taxable","20":"purchasable","21":"product-type-simple"},"_links":{"self":[{"href":"https:\/\/www.creaearredanegozi.it\/en\/wp-json\/wp\/v2\/product\/16722","targetHints":{"allow":["GET"]}}],"collection":[{"href":"https:\/\/www.creaearredanegozi.it\/en\/wp-json\/wp\/v2\/product"}],"about":[{"href":"https:\/\/www.creaearredanegozi.it\/en\/wp-json\/wp\/v2\/types\/product"}],"replies":[{"embeddable":true,"href":"https:\/\/www.creaearredanegozi.it\/en\/wp-json\/wp\/v2\/comments?post=16722"}],"wp:featuredmedia":[{"embeddable":true,"href":"https:\/\/www.creaearredanegozi.it\/en\/wp-json\/wp\/v2\/media\/125580"}],"wp:attachment":[{"href":"https:\/\/www.creaearredanegozi.it\/en\/wp-json\/wp\/v2\/media?parent=16722"}],"wp:term":[{"taxonomy":"product_brand","embeddable":true,"href":"https:\/\/www.creaearredanegozi.it\/en\/wp-json\/wp\/v2\/product_brand?post=16722"},{"taxonomy":"product_cat","embeddable":true,"href":"https:\/\/www.creaearredanegozi.it\/en\/wp-json\/wp\/v2\/product_cat?post=16722"},{"taxonomy":"product_tag","embeddable":true,"href":"https:\/\/www.creaearredanegozi.it\/en\/wp-json\/wp\/v2\/product_tag?post=16722"}],"curies":[{"name":"wp","href":"https:\/\/api.w.org\/{rel}","templated":true}]}}