{"id":17192,"date":"2018-11-09T15:52:32","date_gmt":"2018-11-09T14:52:32","guid":{"rendered":"https:\/\/www.creaearredanegozi.it\/?post_type=product&#038;p=17192"},"modified":"2024-02-02T10:44:36","modified_gmt":"2024-02-02T09:44:36","slug":"professional-400w-variable-speed-immersion-blender-mixer-for-bars-restaurants-bakeries-pubs-mx40-fimar","status":"publish","type":"product","link":"https:\/\/www.creaearredanegozi.it\/en\/professional-400w-variable-speed-immersion-blender-mixer-for-bars-restaurants-bakeries-pubs-mx40-fimar\/","title":{"rendered":"Professional 400W Immersion Mixer with Variable Speed Variator with 40 cm mixer and whisk MX40 Fimar"},"content":{"rendered":"<p><strong>Professional immersion blender 400W Variable Speed ideal for Bars Restaurants Pastry shops Pubs<\/strong><\/p>\n<p>Machine complete with mixer plus whisk with speed variator to obtain different products according to the tool used.<\/p>\n<p>Mixer made entirely of AISI 304 stainless steel, useful for making soups, vegetable purees, sauces, batters, mayonnaise, tomato puree, pesto, etc. Whisk made of AISI 304 stainless steel, useful for making whipped cream, creams, omelets, souffles, etc.<\/p>\n<p>The MX40 has: a 40-cm standard mixer for a max immersion level of up to 29 cm; a 35-cm whisk with a max immersion level of up to 20 cm; and a motor block with variable speed drive.<\/p>\n<p>Professional immersion mixer to obtain different products, ideal for Catering in general<br \/>\n<strong>MIXER<\/strong>: for making soups, vegetable purees, sauces, batters, mayonnaise, tomato puree, pesto, etc. Made of stainless steel.<\/p>\n<p>Optional MX40 add-ons<\/p>\n<p>Whip: L. 35 cm, Kg 1, max immersion 20cm.<\/p>\n<p>Mixer: 30cm, Kg 1.2, max immersion 19cm.<\/p>\n<p>Mixer: 40cm, Kg 1.4, max immersion 29cm.<\/p>\n<p>Mixer: 50cm, Kg 1.6, max immersion 39cm.<\/p>\n<p>Mixer: 60cm, 1.8, max immersion 49cm.<\/p>\n<hr \/>\n<p><strong>Technical Data<\/strong><\/p>\n<div>\n<table class=\"table table-striped\">\n<tbody>\n<tr>\n<td>POWER<\/td>\n<td>0.4 kW (0.5 HP)<\/td>\n<\/tr>\n<tr>\n<td>SUPPLY<\/td>\n<td>230V\/1N\/50-60Hz<\/td>\n<\/tr>\n<tr>\n<td>DIMENSIONS<\/td>\n<td>155 x 120 x 790 h (mm) (with mixer 40 cm \/ with mixer 400 mm)<br \/>\n155 x 120 x 710 h (mm) (with whip \/ with whip)<\/td>\n<\/tr>\n<tr>\n<td>NET WEIGHT.<\/td>\n<td>4.5 Kg (400 mm mixer\/blender + whisk\/whip)<\/td>\n<\/tr>\n<tr>\n<td>GROSS WEIGHT.<\/td>\n<td>6 Kg (mixer \/ mixer 400 mm + whisk \/ whip)<\/td>\n<\/tr>\n<tr>\n<td>PACKAGE DIMENSIONS<\/td>\n<td>490 x 390 x 170 h (mm)<\/td>\n<\/tr>\n<tr>\n<td>PACKAGE VOLUME.<\/td>\n<td>0,032 m\u00b3<\/td>\n<\/tr>\n<tr>\n<td class=\"tdbg\">TANK CAPACITY.<\/td>\n<td class=\"tdsp\">60 Lt. (mixer length \/ mixer length 400 mm)<\/td>\n<\/tr>\n<tr>\n<td class=\"tdbg\">MIXER SPEED<\/td>\n<td class=\"tdsp\">2500\u00f711000 rpm<\/td>\n<\/tr>\n<tr>\n<td class=\"tdbg\">WHIP SPEED<\/td>\n<td class=\"tdsp\">250\u00f71500 rpm<\/td>\n<\/tr>\n<tr>\n<td class=\"tdbg\">MIXER LENGTH<\/td>\n<td class=\"tdsp\">300 mm - 400 mm - 500 mm - 600 mm<\/td>\n<\/tr>\n<tr>\n<td class=\"tdbg\">WHIP LENGTH<\/td>\n<td class=\"tdsp\">350 mm<\/td>\n<\/tr>\n<tr>\n<td class=\"tdbg\">MAX IMMERSION LEVEL MIXER<\/td>\n<td class=\"tdsp\">(300mm) 190 mm - (400mm) 290 mm - (500mm) 390 mm - (600mm) 490 mm<\/td>\n<\/tr>\n<tr>\n<td class=\"tdbg\">MAX IMMERSION LEVEL WHIP<\/td>\n<td class=\"tdsp\">200 mm<\/td>\n<\/tr>\n<tr>\n<td class=\"tdbg\">MIXER WEIGHT<\/td>\n<td class=\"tdsp\">(300mm) 1.2 kg - (400mm) 1.4 kg - (500mm) 1.6 kg - (600mm) 1.8 kg<\/td>\n<\/tr>\n<tr>\n<td class=\"tdbg\">FRUSTER WEIGHT.<\/td>\n<td class=\"tdsp\">1 kg<\/td>\n<\/tr>\n<\/tbody>\n<\/table>\n<\/div>\n<hr \/>\n<p><iframe loading=\"lazy\" src=\"https:\/\/www.youtube.com\/embed\/oA6OrgWTYaE\" width=\"540\" height=\"300\" frameborder=\"0\" allowfullscreen=\"allowfullscreen\"><span data-mce-type=\"bookmark\" style=\"display: inline-block; width: 0px; overflow: hidden; line-height: 0;\" class=\"mce_SELRES_start\"><\/span><span data-mce-type=\"bookmark\" style=\"display: inline-block; width: 0px; overflow: hidden; line-height: 0;\" class=\"mce_SELRES_start\"><\/span><span data-mce-type=\"bookmark\" style=\"display: inline-block; width: 0px; overflow: hidden; line-height: 0;\" class=\"mce_SELRES_start\"><\/span><span data-mce-type=\"bookmark\" style=\"display: inline-block; width: 0px; overflow: hidden; line-height: 0;\" class=\"mce_SELRES_start\"><\/span><span data-mce-type=\"bookmark\" style=\"display: inline-block; width: 0px; overflow: hidden; line-height: 0;\" class=\"mce_SELRES_start\"><\/span><\/iframe><\/p>","protected":false},"excerpt":{"rendered":"<p>Mixer frullatore a immersione professionale 400W Velocit\u00e0 Variabile ideale per Bar Ristoranti Pasticcerie Pub Macchina completa di mescolatore pi\u00f9 frusta con variatore di velocit\u00e0 per ottenere diversi prodotti in base all\u2019utensile utilizzato. Mescolatore realizzato interamente in acciaio inox AISI 304, utile per realizzare minestroni, puree di verdure, salse, pastelle, maionese, passato di pomodoro, pesto ecc. [&#8230;]","protected":false},"featured_media":121479,"comment_status":"closed","ping_status":"closed","template":"","meta":{"_monsterinsights_skip_tracking":false,"_monsterinsights_sitenote_active":false,"_monsterinsights_sitenote_note":"","_monsterinsights_sitenote_category":0},"product_brand":[628],"product_cat":[65,46,10,163,317,814,25],"product_tag":[],"class_list":{"0":"post-17192","1":"product","2":"type-product","3":"status-publish","4":"has-post-thumbnail","6":"product_brand-fimar","7":"product_cat-frullatori","8":"product_cat-attrezzature-per-pizzeria-attrezzi-pizzaiolo","9":"product_cat-attrezzature-bar","10":"product_cat-frullatori-ristorazione","11":"product_cat-gelaterie","12":"product_cat-mixer-frullatori","13":"product_cat-attrezzature-ristoranti-pub-cucine","14":"product_shipping_class-f","16":"first","17":"instock","18":"taxable","19":"shipping-taxable","20":"purchasable","21":"product-type-simple"},"_links":{"self":[{"href":"https:\/\/www.creaearredanegozi.it\/en\/wp-json\/wp\/v2\/product\/17192","targetHints":{"allow":["GET"]}}],"collection":[{"href":"https:\/\/www.creaearredanegozi.it\/en\/wp-json\/wp\/v2\/product"}],"about":[{"href":"https:\/\/www.creaearredanegozi.it\/en\/wp-json\/wp\/v2\/types\/product"}],"replies":[{"embeddable":true,"href":"https:\/\/www.creaearredanegozi.it\/en\/wp-json\/wp\/v2\/comments?post=17192"}],"wp:featuredmedia":[{"embeddable":true,"href":"https:\/\/www.creaearredanegozi.it\/en\/wp-json\/wp\/v2\/media\/121479"}],"wp:attachment":[{"href":"https:\/\/www.creaearredanegozi.it\/en\/wp-json\/wp\/v2\/media?parent=17192"}],"wp:term":[{"taxonomy":"product_brand","embeddable":true,"href":"https:\/\/www.creaearredanegozi.it\/en\/wp-json\/wp\/v2\/product_brand?post=17192"},{"taxonomy":"product_cat","embeddable":true,"href":"https:\/\/www.creaearredanegozi.it\/en\/wp-json\/wp\/v2\/product_cat?post=17192"},{"taxonomy":"product_tag","embeddable":true,"href":"https:\/\/www.creaearredanegozi.it\/en\/wp-json\/wp\/v2\/product_tag?post=17192"}],"curies":[{"name":"wp","href":"https:\/\/api.w.org\/{rel}","templated":true}]}}